{"id":3690,"date":"2020-04-30T19:32:48","date_gmt":"2020-04-30T22:32:48","guid":{"rendered":"https:\/\/www.ufsm.br\/pro-reitorias\/proplan\/?page_id=3690"},"modified":"2022-06-01T08:49:29","modified_gmt":"2022-06-01T11:49:29","slug":"resolucao-n-019-1984","status":"publish","type":"page","link":"https:\/\/www.ufsm.br\/pro-reitorias\/proplan\/resolucao-n-019-1984","title":{"rendered":"Resolu\u00e7\u00e3o N. 019\/1984"},"content":{"rendered":"\t\t<div data-elementor-type=\"wp-page\" data-elementor-id=\"3690\" class=\"elementor elementor-3690\">\n\t\t\t\t\t\t<section class=\"elementor-section elementor-top-section elementor-element elementor-element-bc44a7f elementor-section-boxed elementor-section-height-default elementor-section-height-default\" data-id=\"bc44a7f\" data-element_type=\"section\">\n\t\t\t\t\t\t<div class=\"elementor-container elementor-column-gap-default\">\n\t\t\t\t\t<div class=\"elementor-column elementor-col-100 elementor-top-column elementor-element elementor-element-d83f620\" data-id=\"d83f620\" data-element_type=\"column\">\n\t\t\t<div class=\"elementor-widget-wrap elementor-element-populated\">\n\t\t\t\t\t\t<div class=\"elementor-element elementor-element-5bcb147 elementor-widget elementor-widget-html\" data-id=\"5bcb147\" data-element_type=\"widget\" data-widget_type=\"html.default\">\n\t\t\t\t<div class=\"elementor-widget-container\">\n\t\t\t\r\n\r\n\r\n<title><b>RESOLU\u00c7\u00c3O N. 019\/1984<\/b><\/title>\r\n\r\n\r\n<div align=\"center\"><img decoding=\"async\" src=\"https:\/\/www.ufsm.br\/pro-reitorias\/proplan\/wp-content\/uploads\/sites\/344\/2019\/09\/brasao-da-republica-do-brasil-logo.png\" alt=\"Bras\u00e3o Rep\u00fablica Federativa do Brasil\" width=\"6%\" height=\"6%\"><\/div>    \r\n<h1><font color=\"blue\"><font size=\"5\"><div align=\"center\">SERVI\u00c7O P\u00daBLICO FEDERAL<\/b><\/font><\/font><\/div><\/H1>\r\n<p><div align=\"center\"><b><a href=\"https:\/\/portal.ufsm.br\/documentos\/publico\/documento.html?id=5760038\" target=\"_blank\"><font color=\"blue\">RESOLU\u00c7\u00c3O N. 019\/1984<\/font><\/a><\/b><\/div><\/p>\r\n<br>\r\n<p><div align=\"right\"><font color=\"800000\"><strike>Extingue o Departamento de Estudos Pol\u00edticos e Sociais e cria os Departamentos de Hist\u00f3ria e de Sociologia e Pol\u00edtica.<\/strike><\/font><\/div><\/p>\r\n<br>\r\n<p><u><a href=\"https:\/\/www.ufsm.br\/pro-reitorias\/proplan\/resolucao-n-005-2004\/\" target=\"_blank\"><font color=\"blue\">Alterada pela Resolu\u00e7\u00e3o N. 005\/2004<\/font><\/a><\/u> e <a href=\"https:\/\/www.ufsm.br\/pro-reitorias\/proplan\/resolucao-ufsm-n-087-2022\/\" target=\"_blank\"><font color=\"blue\">Revogada pela Resolu\u00e7\u00e3o UFSM N. 087\/2022<\/font><\/a><\/p>\r\n<br>\r\n<br><div align=\"justify\">\r\n<strike>\r\n<p>O REITOR DA UNIVERSIDADE FEDERAL DE SANTA MARIA, no uso de suas atribui\u00e7\u00f5es legais e estatut\u00e1rias, e em vista das decis\u00f5es do Conselho de Ensino, Pesquisa e Extens\u00e3o tomadas na 264\u00aa Sess\u00e3o, realizada em 11 de setembro de 1984 e do Conselho Universit\u00e1rio, tomadas na 354\u00aa Sess\u00e3o realizada em 17 de outubro de 1984, referentes ao Processo n\u00ba 50.446\/78,<\/p>\r\n<br>\r\n<p><div align=\"center\">RESOLVE:<\/div><\/p>\r\n<br>\r\n<p>Art. 1\u00ba - Fica extinto o Departamento de Estudos Pol\u00edticos e Sociais, do Centro de Ci\u00eancias Sociais e Humanas, criando-se no mesmo Centro o Departamento de Hist\u00f3ria e o Departamento de Sociologia e Pol\u00edtica.<\/p>\r\n<p>Art. 2\u00ba - As disciplinas integrantes do Departamento de Estudos Pol\u00edticos e Sociais, ficam distribu\u00eddas nos novos Departamentos da seguinte forma:<\/p>\r\n<p>a) no Departamento de Hist\u00f3ria:<\/p>\r\n<p>EPS 103 - Hist\u00f3ria Econ\u00f4mica Geral e Forma\u00e7\u00e3o Econ\u00f4mica do Brasil<\/p>\r\n<p>EPS 104 - Introdu\u00e7\u00e3o \u00e0 Hist\u00f3ria<\/p>\r\n<p>EPS 116 - Hist\u00f3ria do Brasil<\/p>\r\n<p>EPS 117 - Hist\u00f3ria Geral I<\/p>\r\n<p>EPS 118 - Hist\u00f3ria Geral II<\/p>\r\n<p>EPS 119 - Hist\u00f3ria do Rio Grande do Sul<\/p>\r\n<p>EPS 120 - Hist\u00f3ria Geral da Am\u00e9rica<\/p>\r\n<p>EPS 124 - Historiografia Brasileira<\/p>\r\n<p>EPS 201 - Hist\u00f3ria da Am\u00e9rica I<\/p>\r\n<p>EPS 208 - Hist\u00f3ria da Cultura<\/p>\r\n<p>EPS 210 - Hist\u00f3ria do Livro e dos Arquivos<\/p>\r\n<p>EPS 211 - Hist\u00f3ria Administrativa, Econ\u00f4mica e Social do Brasil<\/p>\r\n<p>EPS 217 - Hist\u00f3ria do Pensamento Econ\u00f4mico<\/p>\r\n<p>EPS 218 - Hist\u00f3ria Antiga e Media<\/p>\r\n<p>EPS 220 - Hist\u00f3ria Regional do Brasil<\/p>\r\n<p>EPS 221 - Antropologia<\/p>\r\n<p>EPS 222 - Metodologia da Pesquisa Hist\u00f3rica<\/p>\r\n<p>EPS 223 - Hist\u00f3ria Moderna<\/p>\r\n<p>EPS 224 - Hist\u00f3ria da Am\u00e9rica II<\/p>\r\n<p>EPS 225 - Hist\u00f3ria do Brasil Contempor\u00e2neo I<\/p>\r\n<p>EPS 226 - Estudos Riograndenses (Semin\u00e1rio)<\/p>\r\n<p>EPS 305 - Hist\u00f3ria Contempor\u00e2nea II<\/p>\r\n<p>EPS 311 - Cultura Brasileira<\/p>\r\n<p>EPS 314 - Hist\u00f3ria da Am\u00e9rica III<\/p>\r\n<p>EPS 313 - Hist\u00f3ria Contempor\u00e2nea I<\/p>\r\n<p>EPS 315 - Hist\u00f3ria do Brasil Contempor\u00e2nea II<\/p>\r\n<p>EPS 316 - Hist\u00f3ria da \u00c1frica<\/p>\r\n<p>EPS 317 - Hist\u00f3ria da Arte<\/p>\r\n<p>EPS 318 - Hist\u00f3ria da Am\u00e9rica Latina Contempor\u00e2nea<\/p>\r\n<p>EPS 319 \u2013 Hist\u00f3ria da \u00c1sia<\/p>\r\n<p>EPS 802 - Temas de Hist\u00f3ria I<\/p>\r\n<p>EPS 803 - Temas de Hist\u00f3ria II<\/p>\r\n<p>EPS 805 - Antropologia Cultural<\/p>\r\n<p>b) no Departamento de Sociologia e Pol\u00edtica:<\/p>\r\n<p>EPS 101 - Estudo de Problemas Brasileiros A<\/p>\r\n<p>EPS 102 - Estudo de Problemas Brasileiros B<\/p>\r\n<p>EPS 109 - Sociologia Geral<\/p>\r\n<p>EPS 110 - Problemas Sociais e Econ\u00f4micos Contempor\u00e2neos<\/p>\r\n<p>EPS 111 - Sociologia Geral e da Comunica\u00e7\u00e3o<\/p>\r\n<p>EPS 112 - Sociologia do Desenvolvimento<\/p>\r\n<p>EPS 115 - Fundamentos das Ci\u00eancias Sociais<\/p>\r\n<p>EPS 121 - Organiza\u00e7\u00e3o Social e Pol\u00edtica do Brasil<\/p>\r\n<p>EPS 125 - Problemas S\u00f3cio-Culturais Contempor\u00e2neos<\/p> \r\n<p>EPS 219 - Hist\u00f3ria das Ideias Pol\u00edticas e Sociais<\/p>\r\n<p>EPS 227 - Introdu\u00e7\u00e3o a Ci\u00eancia Pol\u00edtica<\/p>\r\n<p>EPS 312 - Sociologia<\/p>\r\n<p>EPS 306 - Hist\u00f3ria das Ideias Pol\u00edticas e Sociais I<\/p>\r\n<p>EPS 307 - Hist\u00f3ria das Ideias Pol\u00edticas e Sociais II<\/p>\r\n<p>EPS 801 - Estudo de Problemas Brasileiros<\/p>\r\n<p>EPS 805 - Sociologia do Esporte<\/p>\r\n<p>EPS 806 - Semin\u00e1rio de Sociologia do Esporte<\/p>\r\n<p>Art. 3\u00ba - Os docentes do Departamento de Estudos Pol\u00edticos e Sociais ficam distribu\u00eddos nos novos Departamentos da seguinte forma:<\/p>\r\n<p>a) no Departamento de Hist\u00f3ria:<\/p>\r\n<p>Almir Floriano Pedroso<\/p>\r\n<p>Antonio Frederico Knoll<\/p>\r\n<p>Joel Abilio Pinto dos Santos<\/p>\r\n<p>Leni Marli Holle Louren\u00e7o<\/p>\r\n<p>Marlei Rodrigues de Almeida<\/p>\r\n<p>Nair Soveral Agne<\/p>\r\n<p>Neida Regina Ceccin Morales<\/p>\r\n<p>Neli Ribeiro<\/p>\r\n<p>Teresinha de Jesus Soares Rodrigues e<\/p>\r\n<p>Victor Hugo Oliveira da Silva<\/p>\r\n<p>b) no Departamento de Sociologia e Pol\u00edtica:<\/p>\r\n<p>Ayrton Fernandes Rodrigues<\/p>\r\n<p>Anamaria Lopes Rodrigues<\/p>\r\n<p>Eduardo Leite Veleda<\/p>\r\n<p>Helio Ribas<\/p>\r\n<p>Heloisa Helena Martins M\u00fcller<\/p>\r\n<p>Hon\u00f3rio Rosa Nascimento<\/p>\r\n<p>Humberto Gabbi Zanatta<\/p>\r\n<p>Jo\u00e3o Valdir Meneghini<\/p>\r\n<p>Jos\u00e9 Carmo Coronel<\/p>\r\n<p>Luiz Carlos Bonotto Rodrigues<\/p>\r\n<p>Maria Luiza Dias de Almeida Berger<\/p>\r\n<p>Marly Norien Machado Cassel<\/p>\r\n<p>Milo Darci Aita<\/p>\r\n<p>Osmar Armando Pohl<\/p>\r\n<p>Plauta Carolina Irion<\/p>\r\n<p>Selvino Antonio Malfatti<\/p>\r\n<p>Tarc\u00edsio Anacleto Moro e<\/p>\r\n<p>Teresinha Rohrig Zanchi<\/p>\r\n<p>Art. 4\u00ba - Enquanto for necess\u00e1rio a cada um dos novos Departamentos, os docentes dever\u00e3o atender as prioridades de encargos did\u00e1ticos vinculados a sua \u00e1rea de forma\u00e7\u00e3o especifica, independente de sua lota\u00e7\u00e3o Departamental.<\/p>\r\n<p>Art. 5\u00ba - A Dire\u00e7\u00e3o do Centro de Ci\u00eancia Sociais e Humanas providenciar\u00e1 na relota\u00e7\u00e3o de funcion\u00e1rios administrativos entre os novos Departamentos bem como a divis\u00e3o do patrim\u00f4nio existente, informando posteriormente aos \u00f3rg\u00e3os respons\u00e1veis.<\/p>\r\n<p>Art. 6\u00ba - Para todos os efeitos operacionais do sistema acad\u00eamico, enquanto n\u00e3o houver homologa\u00e7\u00e3o de novo anexo do Estatuto da UFSM, de parte do Conselho Federal de Educa\u00e7\u00e3o, ficam mantidos os atuais c\u00f3digos das disciplinas listadas no Departamento de origem.<\/p>\r\n<p>Art. 7\u00ba -  A Avalia\u00e7\u00e3o e Acompanhamento do Desempenho Docente para os docentes do extinto Departamento de Estudos Pol\u00edticos e Sociais continuar\u00e3o sendo feitos pela CAAD, j\u00e1 institu\u00edda, at\u00e9 que sejam nomeadas as novas Comiss\u00f5es.<\/p>\r\n<p>Art. 8\u00ba - At\u00e9 a aprova\u00e7\u00e3o pelo Conselho Federal de Educa\u00e7\u00e3o do novo anexo do Estatuto, o Reitor da Universidade Federal de Santa Maria designara \"Pro-tempore\" os Chefes dos novos Departamentos.<\/p>\r\n<p>Art. 9\u00ba - A presente Resolu\u00e7\u00e3o dever\u00e1 ser encaminhada aos \u00f3rg\u00e3os administrativos da UFSM para as necess\u00e1rias anota\u00e7\u00f5es.<\/p>\r\n<p>Art. 10 - Esta Resolu\u00e7\u00e3o entra em vigor nesta data, revogadas as disposi\u00e7\u00f5es em contr\u00e1rio.<\/p>\r\n<p>GABINETE DO REITOR DA UNIVERSIDADE FEDERAL DE SANTA MARIA, aos quatro dias do m\u00eas de dezembro de mil novecentos e oitenta e quatro.<\/p>\r\n<\/div>\r\n<p>Prof. Armando Vallandro,<\/p>\r\n<p>Reitor.<\/p>\r\n<\/strike>\r\n<p><font color=\"red0000\">Este texto n\u00e3o substitui o documento original, publicado no Portal de Documentos.<\/font> Dispon\u00edvel em: <a href=\"https:\/\/portal.ufsm.br\/documentos\/publico\/documento.html?id=5760038\" target=\"_blank\"><font color=\"blue\">https:\/\/portal.ufsm.br\/documentos\/publico\/documento.html?id=5760038<\/font><\/a>\r\n\r\n\t\t<\/div>\n\t\t\t\t<\/div>\n\t\t\t\t\t<\/div>\n\t\t<\/div>\n\t\t\t\t\t<\/div>\n\t\t<\/section>\n\t\t\t\t<\/div>\n\t\t","protected":false},"excerpt":{"rendered":"<p>RESOLU\u00c7\u00c3O N. 019\/1984 SERVI\u00c7O P\u00daBLICO FEDERAL RESOLU\u00c7\u00c3O N. 019\/1984 Extingue o Departamento de Estudos Pol\u00edticos e Sociais e cria os Departamentos de Hist\u00f3ria e de Sociologia e Pol\u00edtica. Alterada pela Resolu\u00e7\u00e3o N. 005\/2004 e Revogada pela Resolu\u00e7\u00e3o UFSM N. 087\/2022 O REITOR DA UNIVERSIDADE FEDERAL DE SANTA MARIA, no uso de suas atribui\u00e7\u00f5es legais e [&hellip;]<\/p>\n","protected":false},"author":205,"featured_media":0,"parent":0,"menu_order":0,"comment_status":"closed","ping_status":"closed","template":"","meta":{"footnotes":""},"categories":[],"tags":[],"class_list":["post-3690","page","type-page","status-publish","hentry"],"acf":[],"_links":{"self":[{"href":"https:\/\/www.ufsm.br\/pro-reitorias\/proplan\/wp-json\/wp\/v2\/pages\/3690","targetHints":{"allow":["GET"]}}],"collection":[{"href":"https:\/\/www.ufsm.br\/pro-reitorias\/proplan\/wp-json\/wp\/v2\/pages"}],"about":[{"href":"https:\/\/www.ufsm.br\/pro-reitorias\/proplan\/wp-json\/wp\/v2\/types\/page"}],"author":[{"embeddable":true,"href":"https:\/\/www.ufsm.br\/pro-reitorias\/proplan\/wp-json\/wp\/v2\/users\/205"}],"replies":[{"embeddable":true,"href":"https:\/\/www.ufsm.br\/pro-reitorias\/proplan\/wp-json\/wp\/v2\/comments?post=3690"}],"version-history":[{"count":0,"href":"https:\/\/www.ufsm.br\/pro-reitorias\/proplan\/wp-json\/wp\/v2\/pages\/3690\/revisions"}],"wp:attachment":[{"href":"https:\/\/www.ufsm.br\/pro-reitorias\/proplan\/wp-json\/wp\/v2\/media?parent=3690"}],"wp:term":[{"taxonomy":"category","embeddable":true,"href":"https:\/\/www.ufsm.br\/pro-reitorias\/proplan\/wp-json\/wp\/v2\/categories?post=3690"},{"taxonomy":"post_tag","embeddable":true,"href":"https:\/\/www.ufsm.br\/pro-reitorias\/proplan\/wp-json\/wp\/v2\/tags?post=3690"}],"curies":[{"name":"wp","href":"https:\/\/api.w.org\/{rel}","templated":true}]}}