{"id":3699,"date":"2020-05-11T15:37:44","date_gmt":"2020-05-11T18:37:44","guid":{"rendered":"https:\/\/www.ufsm.br\/pro-reitorias\/proplan\/?page_id=3699"},"modified":"2020-05-11T16:14:28","modified_gmt":"2020-05-11T19:14:28","slug":"resolucao-n-007-1983","status":"publish","type":"page","link":"https:\/\/www.ufsm.br\/pro-reitorias\/proplan\/resolucao-n-007-1983","title":{"rendered":"Resolu\u00e7\u00e3o N. 007\/1983"},"content":{"rendered":"\t\t<div data-elementor-type=\"wp-page\" data-elementor-id=\"3699\" class=\"elementor elementor-3699\">\n\t\t\t\t\t\t<section class=\"elementor-section elementor-top-section elementor-element elementor-element-b3b873e elementor-section-boxed elementor-section-height-default elementor-section-height-default\" data-id=\"b3b873e\" data-element_type=\"section\">\n\t\t\t\t\t\t<div class=\"elementor-container elementor-column-gap-default\">\n\t\t\t\t\t<div class=\"elementor-column elementor-col-100 elementor-top-column elementor-element elementor-element-0930340\" data-id=\"0930340\" data-element_type=\"column\">\n\t\t\t<div class=\"elementor-widget-wrap elementor-element-populated\">\n\t\t\t\t\t\t<div class=\"elementor-element elementor-element-524f41d elementor-widget elementor-widget-html\" data-id=\"524f41d\" data-element_type=\"widget\" data-widget_type=\"html.default\">\n\t\t\t\t<div class=\"elementor-widget-container\">\n\t\t\t\r\n\r\n\r\n<title><b>RESOLU\u00c7\u00c3O N. 007\/1983<\/b><\/title>\r\n\r\n\r\n<div align=\"center\"><img decoding=\"async\" src=\"https:\/\/www.ufsm.br\/pro-reitorias\/proplan\/wp-content\/uploads\/sites\/344\/2019\/09\/brasao-da-republica-do-brasil-logo.png\" alt=\"Bras\u00e3o Rep\u00fablica Federativa do Brasil\" width=\"6%\" height=\"6%\"><\/div>    \r\n<h1><font color=\"blue\"><font size=\"5\"><div align=\"center\">SERVI\u00c7O P\u00daBLICO FEDERAL<\/font><\/font><\/div><\/H1>\r\n<p><div align=\"center\"><b><a href=\"https:\/\/portal.ufsm.br\/documentos\/publico\/documento.html?id=5755659\" target=\"_blank\"><font color=\"blue\">RESOLU\u00c7\u00c3O N. 007\/1983<\/font><\/a><\/b><\/div><\/p>\r\n<br>\r\n<strike><p><div align=\"right\"><font color=\"800000\">Cria a Comiss\u00e3o encarregada de elaborar as bases do Conv\u00eanio a ser firma do entre a Universidade Federal de Santa Maria, Secretaria de Estado do Interior, Desenvolvimento Regional e Obras P\u00fablicas (SDO) e Prefeitura Municipal de Santa Maria.<\/font><\/div><\/p><\/strike>\r\n<br>\r\n<p><u><a href=\"https:\/\/www.ufsm.br\/pro-reitorias\/proplan\/resolucao-n-020-2019\/\" target=\"_blank\"><font color=\"blue\">Revogada pela Resolu\u00e7\u00e3o N. 020\/2019<\/font><\/a><\/u><\/p>\r\n<br>\r\n<br><div align=\"justify\">\r\n<strike>\r\n<p>O REITOR DA UNIVERSIDADE FEDERAL DE SANTA MARIA, no uso de suas atribui\u00e7\u00f5es legais e estatut\u00e1rias, e tendo em vista os entendimentos mantidos com o Senhor Secret\u00e1rio do Interior, Desenvolvimento Regional e Obras P\u00fablicas (SDO) e o Senhor Prefeito Municipal de Santa Maria,<\/p>\r\n<br>\r\n<p><div align=\"center\"><b>RESOLVE:<\/b><\/div><\/p>\r\n<br>\r\n<p>I - Designar os Professores JOS\u00c9 ANTONIO BRENNER DE BRENNER e JUSSARA DORNELES ZACARIAS, da Universidade Federal de Santa Maria, para, em Comiss\u00e3o, juntamente com o Prof. Naturalista VILMAR RAMOS DE BITTENCOURT, representando a Secretaria do Interior, Desenvolvimento Regional e Obras P\u00fablicas (SDO), e o Eng\u00ba CLAUDIO ROBERTO DORNELLES MACEDO, representando a Prefeitura Municipal de Santa Maria, elaborar as bases do Conv\u00eanio a ser firmado entre as entidades aqui citadas, para assuntos pertinentes \u00e0 preserva\u00e7\u00e3o, pesquisa e estudos cient\u00edficos no campo da Paleontologia e da Geologia, na \u00e1rea denominada \"SITIO DA ALEMOA\".<\/p>\r\n<p>II - A presid\u00eancia da Comiss\u00e3o ser\u00e1 escolhida entre seus Membros, de comum acordo.<\/p>\r\n<p>III - Esta Resolu\u00e7\u00e3o entra em vigor nesta data, revogadas as disposi\u00e7\u00f5es em contr\u00e1rio.<\/p>\r\n<p>GABINETE DO REITOR DA UNIVERSIDADE FEDERAL DE SANTA MARIA, aos doze dias do m\u00eas de abril de mil novecentos e oitenta e tr\u00eas.<\/p>\r\n<\/div>\r\n<p>Prof. Armando Vallandro,<\/p>\r\n<p>Reitor.<\/p>\r\n<\/strike>\r\n<p><font color=\"red0000\">Este texto n\u00e3o substitui o documento original, publicado no Portal de Documentos.<\/font> Dispon\u00edvel em: <a href=\"https:\/\/portal.ufsm.br\/documentos\/publico\/documento.html?id=5755659\" target=\"_blank\"><font color=\"blue\">https:\/\/portal.ufsm.br\/documentos\/publico\/documento.html?id=5755659<\/font><\/a>\r\n\r\n\t\t<\/div>\n\t\t\t\t<\/div>\n\t\t\t\t\t<\/div>\n\t\t<\/div>\n\t\t\t\t\t<\/div>\n\t\t<\/section>\n\t\t\t\t<\/div>\n\t\t","protected":false},"excerpt":{"rendered":"<p>RESOLU\u00c7\u00c3O N. 007\/1983 SERVI\u00c7O P\u00daBLICO FEDERAL RESOLU\u00c7\u00c3O N. 007\/1983 Cria a Comiss\u00e3o encarregada de elaborar as bases do Conv\u00eanio a ser firma do entre a Universidade Federal de Santa Maria, Secretaria de Estado do Interior, Desenvolvimento Regional e Obras P\u00fablicas (SDO) e Prefeitura Municipal de Santa Maria. Revogada pela Resolu\u00e7\u00e3o N. 020\/2019 O REITOR DA [&hellip;]<\/p>\n","protected":false},"author":205,"featured_media":0,"parent":0,"menu_order":0,"comment_status":"closed","ping_status":"closed","template":"","meta":{"footnotes":""},"categories":[],"tags":[],"class_list":["post-3699","page","type-page","status-publish","hentry"],"acf":[],"_links":{"self":[{"href":"https:\/\/www.ufsm.br\/pro-reitorias\/proplan\/wp-json\/wp\/v2\/pages\/3699","targetHints":{"allow":["GET"]}}],"collection":[{"href":"https:\/\/www.ufsm.br\/pro-reitorias\/proplan\/wp-json\/wp\/v2\/pages"}],"about":[{"href":"https:\/\/www.ufsm.br\/pro-reitorias\/proplan\/wp-json\/wp\/v2\/types\/page"}],"author":[{"embeddable":true,"href":"https:\/\/www.ufsm.br\/pro-reitorias\/proplan\/wp-json\/wp\/v2\/users\/205"}],"replies":[{"embeddable":true,"href":"https:\/\/www.ufsm.br\/pro-reitorias\/proplan\/wp-json\/wp\/v2\/comments?post=3699"}],"version-history":[{"count":0,"href":"https:\/\/www.ufsm.br\/pro-reitorias\/proplan\/wp-json\/wp\/v2\/pages\/3699\/revisions"}],"wp:attachment":[{"href":"https:\/\/www.ufsm.br\/pro-reitorias\/proplan\/wp-json\/wp\/v2\/media?parent=3699"}],"wp:term":[{"taxonomy":"category","embeddable":true,"href":"https:\/\/www.ufsm.br\/pro-reitorias\/proplan\/wp-json\/wp\/v2\/categories?post=3699"},{"taxonomy":"post_tag","embeddable":true,"href":"https:\/\/www.ufsm.br\/pro-reitorias\/proplan\/wp-json\/wp\/v2\/tags?post=3699"}],"curies":[{"name":"wp","href":"https:\/\/api.w.org\/{rel}","templated":true}]}}