{"id":3701,"date":"2020-05-11T15:35:49","date_gmt":"2020-05-11T18:35:49","guid":{"rendered":"https:\/\/www.ufsm.br\/pro-reitorias\/proplan\/?page_id=3701"},"modified":"2020-07-01T09:05:01","modified_gmt":"2020-07-01T12:05:01","slug":"resolucao-n-003-1983","status":"publish","type":"page","link":"https:\/\/www.ufsm.br\/pro-reitorias\/proplan\/resolucao-n-003-1983","title":{"rendered":"Resolu\u00e7\u00e3o N. 003\/1983"},"content":{"rendered":"\t\t<div data-elementor-type=\"wp-page\" data-elementor-id=\"3701\" class=\"elementor elementor-3701\">\n\t\t\t\t\t\t<section class=\"elementor-section elementor-top-section elementor-element elementor-element-6b4d8d3 elementor-section-boxed elementor-section-height-default elementor-section-height-default\" data-id=\"6b4d8d3\" data-element_type=\"section\">\n\t\t\t\t\t\t<div class=\"elementor-container elementor-column-gap-default\">\n\t\t\t\t\t<div class=\"elementor-column elementor-col-100 elementor-top-column elementor-element elementor-element-bcbf980\" data-id=\"bcbf980\" data-element_type=\"column\">\n\t\t\t<div class=\"elementor-widget-wrap elementor-element-populated\">\n\t\t\t\t\t\t<div class=\"elementor-element elementor-element-cf08ae3 elementor-widget elementor-widget-html\" data-id=\"cf08ae3\" data-element_type=\"widget\" data-widget_type=\"html.default\">\n\t\t\t\t<div class=\"elementor-widget-container\">\n\t\t\t\r\n\r\n\r\n<title><b>RESOLU\u00c7\u00c3O N. 003\/1983<\/b><\/title>\r\n\r\n\r\n<div align=\"center\"><img decoding=\"async\" src=\"https:\/\/www.ufsm.br\/pro-reitorias\/proplan\/wp-content\/uploads\/sites\/344\/2019\/09\/brasao-da-republica-do-brasil-logo.png\" alt=\"Bras\u00e3o Rep\u00fablica Federativa do Brasil\" width=\"6%\" height=\"6%\"><\/div>    \r\n<h1><font color=\"blue\"><font size=\"5\"><div align=\"center\">MINIST\u00c9RIO DA EDUCA\u00c7\u00c3O E CULTURA<\/b><\/font><\/font><\/div><\/H1>\r\n<p><b><font color=\"0000blue\"><div align=\"center\">UNIVERSIDADE FEDERAL DE SANTA MARIA<\/b><\/font><\/div><\/p>\r\n<p><font color=\"blue\"><div align=\"center\"><b>GABINETE DO REITOR<\/b><\/font><\/font><\/div>\r\n<p><div align=\"center\"><b><a href=\"https:\/\/portal.ufsm.br\/documentos\/publico\/documento.html?id=5755512\" target=\"_blank\"><font color=\"blue\">RESOLU\u00c7\u00c3O N. 003\/1983<\/font><\/a><\/b><\/div><\/p>\r\n<br>\r\n<p><strike><div align=\"right\"><font color=\"800000\">Vincula o N\u00facleo de Treinamento Agr\u00edcola de Jaguari (RS) a Pr\u00f3-Reitoria de Extens\u00e3o.<\/font><\/div><\/strike><\/p>\r\n<br>\r\n<p><u><a href=\"https:\/\/www.ufsm.br\/pro-reitorias\/proplan\/resolucao-n-016-2020\/\" target=\"_blank\"><font color=\"blue\">Revogada pela Resolu\u00e7\u00e3o N. 016\/2020<\/font><\/a><\/u><\/p>\r\n<br>\r\n<strike>\r\n<br><div align=\"justify\">\r\n<p>O REITOR DA UNIVERSIDADE FEDERAL DE SANTA MARIA, no uso de suas atribui\u00e7\u00f5es legais e estatut\u00e1rias, e<\/p>\r\n<p>a - considerando a preocupa\u00e7\u00e3o da Administra\u00e7\u00e3o Superior da Universidade Federal de Santa Maria na busca da racionaliza\u00e7\u00e3o e da maior efici\u00eancia administrativa;<\/p>\r\n<p>b - considerando o contido nos instrumentos baixa dos pela Secretaria de Planejamento da Presid\u00eancia da Rep\u00fablica e pela Secretaria de Controle Interno do Minist\u00e9rio da Educa\u00e7\u00e3o e Cultura, que disciplinam a execu\u00e7\u00e3o or\u00e7ament\u00e1ria e financeira, e<\/p>\r\n<p>c - considerando o car\u00e1ter extensionista das atividades do N\u00facleo de Treinamento Agr\u00edcola,<\/p>\r\n<br>\r\n<p><div align=\"center\">RESOLVE:<\/div><\/p>\r\n<br>\r\n<p>I - O N\u00facleo de Treinamento Agr\u00edcola de Jaguari (RS) fica, administrativamente, vinculado \u00e0 Pr\u00f3-Reitoria de Extens\u00e3o.<\/p>\r\n<p>II - O N\u00facleo de Treinamento Agr\u00edcola de Jaguari (RS) passa a constituir uma Unidade Or\u00e7ament\u00e1ria da UFSM, para todos os efeitos.<\/p>\r\n<p>III - Esta Resolu\u00e7\u00e3o tem vig\u00eancia a partir de 01 de janeiro de 1983, revogadas as disposi\u00e7\u00f5es em contr\u00e1rio.<\/p>\r\n<p>GABINETE DO REITOR DA UNIVERSIDADE FEDERAL DE SANTA MARIA, aos dez dias do m\u00eas de janeiro de mil novecentos e oitenta e tr\u00eas.<\/p>\r\n<\/div>\r\n<p>Prof. Armando Vallandro,<\/p>\r\n<p>Reitor.<\/p>\r\n<\/strike>\r\n<p><font color=\"red0000\">Este texto n\u00e3o substitui o documento original, publicado no Portal de Documentos.<\/font> Dispon\u00edvel em: <a href=\"https:\/\/portal.ufsm.br\/documentos\/publico\/documento.html?id=5755512\" target=\"_blank\"><font color=\"blue\">https:\/\/portal.ufsm.br\/documentos\/publico\/documento.html?id=5755512<\/font><\/a>\r\n\r\n\t\t<\/div>\n\t\t\t\t<\/div>\n\t\t\t\t\t<\/div>\n\t\t<\/div>\n\t\t\t\t\t<\/div>\n\t\t<\/section>\n\t\t\t\t<\/div>\n\t\t","protected":false},"excerpt":{"rendered":"<p>RESOLU\u00c7\u00c3O N. 003\/1983 MINIST\u00c9RIO DA EDUCA\u00c7\u00c3O E CULTURA UNIVERSIDADE FEDERAL DE SANTA MARIA GABINETE DO REITOR RESOLU\u00c7\u00c3O N. 003\/1983 Vincula o N\u00facleo de Treinamento Agr\u00edcola de Jaguari (RS) a Pr\u00f3-Reitoria de Extens\u00e3o. Revogada pela Resolu\u00e7\u00e3o N. 016\/2020 O REITOR DA UNIVERSIDADE FEDERAL DE SANTA MARIA, no uso de suas atribui\u00e7\u00f5es legais e estatut\u00e1rias, e a [&hellip;]<\/p>\n","protected":false},"author":205,"featured_media":0,"parent":0,"menu_order":0,"comment_status":"closed","ping_status":"closed","template":"","meta":{"footnotes":""},"categories":[],"tags":[],"class_list":["post-3701","page","type-page","status-publish","hentry"],"acf":[],"_links":{"self":[{"href":"https:\/\/www.ufsm.br\/pro-reitorias\/proplan\/wp-json\/wp\/v2\/pages\/3701","targetHints":{"allow":["GET"]}}],"collection":[{"href":"https:\/\/www.ufsm.br\/pro-reitorias\/proplan\/wp-json\/wp\/v2\/pages"}],"about":[{"href":"https:\/\/www.ufsm.br\/pro-reitorias\/proplan\/wp-json\/wp\/v2\/types\/page"}],"author":[{"embeddable":true,"href":"https:\/\/www.ufsm.br\/pro-reitorias\/proplan\/wp-json\/wp\/v2\/users\/205"}],"replies":[{"embeddable":true,"href":"https:\/\/www.ufsm.br\/pro-reitorias\/proplan\/wp-json\/wp\/v2\/comments?post=3701"}],"version-history":[{"count":0,"href":"https:\/\/www.ufsm.br\/pro-reitorias\/proplan\/wp-json\/wp\/v2\/pages\/3701\/revisions"}],"wp:attachment":[{"href":"https:\/\/www.ufsm.br\/pro-reitorias\/proplan\/wp-json\/wp\/v2\/media?parent=3701"}],"wp:term":[{"taxonomy":"category","embeddable":true,"href":"https:\/\/www.ufsm.br\/pro-reitorias\/proplan\/wp-json\/wp\/v2\/categories?post=3701"},{"taxonomy":"post_tag","embeddable":true,"href":"https:\/\/www.ufsm.br\/pro-reitorias\/proplan\/wp-json\/wp\/v2\/tags?post=3701"}],"curies":[{"name":"wp","href":"https:\/\/api.w.org\/{rel}","templated":true}]}}