{"id":3702,"date":"2020-05-11T15:36:53","date_gmt":"2020-05-11T18:36:53","guid":{"rendered":"https:\/\/www.ufsm.br\/pro-reitorias\/proplan\/?page_id=3702"},"modified":"2020-05-11T16:11:48","modified_gmt":"2020-05-11T19:11:48","slug":"resolucao-n-004-1983","status":"publish","type":"page","link":"https:\/\/www.ufsm.br\/pro-reitorias\/proplan\/resolucao-n-004-1983","title":{"rendered":"Resolu\u00e7\u00e3o N. 004\/1983"},"content":{"rendered":"\t\t<div data-elementor-type=\"wp-page\" data-elementor-id=\"3702\" class=\"elementor elementor-3702\">\n\t\t\t\t\t\t<section class=\"elementor-section elementor-top-section elementor-element elementor-element-99a19a9 elementor-section-boxed elementor-section-height-default elementor-section-height-default\" data-id=\"99a19a9\" data-element_type=\"section\">\n\t\t\t\t\t\t<div class=\"elementor-container elementor-column-gap-default\">\n\t\t\t\t\t<div class=\"elementor-column elementor-col-100 elementor-top-column elementor-element elementor-element-c452445\" data-id=\"c452445\" data-element_type=\"column\">\n\t\t\t<div class=\"elementor-widget-wrap elementor-element-populated\">\n\t\t\t\t\t\t<div class=\"elementor-element elementor-element-68802a6 elementor-widget elementor-widget-html\" data-id=\"68802a6\" data-element_type=\"widget\" data-widget_type=\"html.default\">\n\t\t\t\t<div class=\"elementor-widget-container\">\n\t\t\t\r\n\r\n\r\n<title><b>RESOLU\u00c7\u00c3O N. 004\/1983<\/b><\/title>\r\n\r\n\r\n<div align=\"center\"><img decoding=\"async\" src=\"https:\/\/www.ufsm.br\/pro-reitorias\/proplan\/wp-content\/uploads\/sites\/344\/2019\/09\/brasao-da-republica-do-brasil-logo.png\" alt=\"Bras\u00e3o Rep\u00fablica Federativa do Brasil\" width=\"6%\" height=\"6%\"><\/div>    \r\n<h1><font color=\"blue\"><font size=\"5\"><div align=\"center\">MINIST\u00c9RIO DA EDUCA\u00c7\u00c3O E CULTURA<\/b><\/font><\/font><\/div><\/H1>\r\n<p><b><font color=\"0000blue\"><div align=\"center\">UNIVERSIDADE FEDERAL DE SANTA MARIA<\/b><\/font><\/div><\/p>\r\n<p><font color=\"blue\"><div align=\"center\"><b>GABINETE DO REITOR<\/b><\/font><\/font><\/div>\r\n<p><div align=\"center\"><b><a href=\"https:\/\/portal.ufsm.br\/documentos\/publico\/documento.html?id=5755531\" target=\"_blank\"><font color=\"blue\">RESOLU\u00c7\u00c3O N. 004\/1983<\/font><\/a><\/b><\/div><\/p>\r\n<br>\r\n<strike><p><div align=\"right\"><font color=\"800000\">ESTABELECE GRATIFICA\u00c7\u00c3O PARA ENCARGOS COM CURSOS E CONCURSOS.<\/font><\/div><\/p><\/strike>\r\n<br>\r\n<p><u><a href=\"https:\/\/www.ufsm.br\/pro-reitorias\/proplan\/resolucao-n-014-1983\/\" target=\"_blank\"><font color=\"blue\">Revogada pela Resolu\u00e7\u00e3o N. 014\/1983<\/font><\/a><\/u><\/p>\r\n<p><u><a href=\"https:\/\/www.ufsm.br\/pro-reitorias\/proplan\/resolucao-n-013-1990\/\" target=\"_blank\"><font color=\"blue\">Revogada pela Resolu\u00e7\u00e3o N. 013\/1990<\/font><\/a><\/u><\/p>\r\n<br>\r\n<br><div align=\"justify\">\r\n<strike>\r\n<p>O REITOR DA UNIVERSIDADE FEDERAL DE SANTA MARIA, no uso de suas atribui\u00e7\u00f5es legais e estatut\u00e1rias, e considerando o que disp\u00f5e o <u><a href=\"http:\/\/www.planalto.gov.br\/ccivil_03\/Decreto-Lei\/1965-1988\/Del1746.htm\" target=\"_blank\"><font color=\"blue\">Decreto lei n\u00ba 1746\/79<\/font><\/a><\/u>,<\/p>\r\n<br>\r\n<p><div align=\"center\"><b>RESOLVE:<\/b><\/div><\/p>\r\n<br>\r\n<p>Estabelecer os valores de gratifica\u00e7\u00e3o devida ao servidor pelo desempenho eventual de atividades de auxiliar ou membro de comiss\u00f5es de provas ou concursos p\u00fablicos, bem assim de cursos de treinamento e aperfei\u00e7oamento regularmente institu\u00eddos por for\u00e7a do Plano de Classifica\u00e7\u00e3o de Cargos, sem preju\u00edzo do exerc\u00edcio das atribui\u00e7\u00f5es normais do cargo ou emprego de que for titular.<\/p>\r\n<p><u>I CURSOS:<\/u><\/p>\r\n<p>Instrutores de Cursos de Treinamento oficializados pelo DASP\/MEC\/UFSM.<\/p>\r\n<p>O referido encargo n\u00e3o poder\u00e1 ultrapassar a 30 horas mensais.<\/p>\r\n<p><u>II SELE\u00c7\u00c3O:<\/u><\/p>\r\n<p>A - BANCAS:<\/p>\r\n<p>1 - Participa\u00e7\u00e3o em Banca Examinadora e Banca Revisora de prova escrita.<\/p>\r\n<p>2 - Banca Examinadora de prova pr\u00e1tico oral.<\/p>\r\n<p>3 - Banca Examinadora de prova de t\u00edtulos.<\/p>\r\n<p>4 - Julgamento m\u00ednimo de t\u00edtulos de 4 candidatos por hora.<\/p>\r\n<p>B - COORDENA\u00c7\u00c3O:<\/p>\r\n<p>1 - Coordenador de Aplica\u00e7\u00e3o de Prova.<\/p>\r\n<p>2 - Coordenador de Corre\u00e7\u00e3o de Prova.<\/p>\r\n<p>3 - Coordenador de Elabora\u00e7\u00e3o de Prova.<\/p>\r\n<p>4 - Coordenador Geral.<\/p>\r\n<p>C - ASSESSORIA:<\/p>\r\n<p>1 - Assessor de Elabora\u00e7\u00e3o de Prova.<\/p>\r\n<p>2 - Assessor de Aplica\u00e7\u00e3o de Prova.<\/p>\r\n<p>3 - Assessor de Corre\u00e7\u00e3o de Prova.<\/p>\r\n<p>4 - Assessor de Impress\u00e3o de Prova.<\/p>\r\n<p>D - FISCAIS:<\/p>\r\n<p>1 - 2 Fiscais por sala.<\/p>\r\n<p>E - AUXILIARES<\/p>\r\n<p>F - EQUIPE DE INSCRI\u00c7\u00c3O:<\/p>\r\n<p>1 - Montagem.<\/p>\r\n<p>2 - Realiza\u00e7\u00e3o de Inscri\u00e7\u00f5es.<\/p>\r\n<p>G - DATILOGRAFIA DE PROVAS:<\/p>\r\n<p>1 - Atividade remunerada mesmo em hor\u00e1rio de expediente.<\/p>\r\n<p><u>DISPOSI\u00c7\u00d5ES GERAIS<\/u><\/p>\r\n<p>1 - Fixa em 3% os encargos de que trata a presente Resolu\u00e7\u00e3o, em conformidade com o Decreto Lei de n\u00ba 1746\/79.<\/p>\r\n<p>2 - Calculada sobre o valor da refer\u00eancia do servidor\/t\u00e9cnico administrativo, sendo para o docente a base de c\u00e1lculo o sal\u00e1rio b\u00e1sico do regime de 20 horas de trabalho.<\/p>\r\n<p>3 - As atividades correspondentes as letras A, item 2; B, C, D, E e F, s\u00f3 ser\u00e3o remuneradas se exercidas fora do hor\u00e1rio normal de expediente.<\/p>\r\nIII Revogam-se as disposi\u00e7\u00f5es em contr\u00e1rio, entrando esta Resolu\u00e7\u00e3o em vigor nesta data.<\/p>\r\n<p>GABINETE DO REITOR DA UNIVERSIDADE FEDERAL DE SANTA MARIA, aos dezoito dias do m\u00eas de mar\u00e7o do ano de mil novecentos e oitenta e tr\u00eas.<\/p>\r\n<\/div>\r\n<p>Prof. Armando Vallandro,<\/p>\r\n<p>Reitor.<\/p>\r\n<\/strike>\r\n<p><font color=\"red0000\">Este texto n\u00e3o substitui o documento original, publicado no Portal de Documentos.<\/font> Dispon\u00edvel em: <a href=\"https:\/\/portal.ufsm.br\/documentos\/publico\/documento.html?id=5755531\" target=\"_blank\"><font color=\"blue\">https:\/\/portal.ufsm.br\/documentos\/publico\/documento.html?id=5755531<\/font><\/a>\r\n\r\n\t\t<\/div>\n\t\t\t\t<\/div>\n\t\t\t\t\t<\/div>\n\t\t<\/div>\n\t\t\t\t\t<\/div>\n\t\t<\/section>\n\t\t\t\t<\/div>\n\t\t","protected":false},"excerpt":{"rendered":"<p>RESOLU\u00c7\u00c3O N. 004\/1983 MINIST\u00c9RIO DA EDUCA\u00c7\u00c3O E CULTURA UNIVERSIDADE FEDERAL DE SANTA MARIA GABINETE DO REITOR RESOLU\u00c7\u00c3O N. 004\/1983 ESTABELECE GRATIFICA\u00c7\u00c3O PARA ENCARGOS COM CURSOS E CONCURSOS. Revogada pela Resolu\u00e7\u00e3o N. 014\/1983 Revogada pela Resolu\u00e7\u00e3o N. 013\/1990 O REITOR DA UNIVERSIDADE FEDERAL DE SANTA MARIA, no uso de suas atribui\u00e7\u00f5es legais e estatut\u00e1rias, e considerando [&hellip;]<\/p>\n","protected":false},"author":205,"featured_media":0,"parent":0,"menu_order":0,"comment_status":"closed","ping_status":"closed","template":"","meta":{"footnotes":""},"categories":[],"tags":[],"class_list":["post-3702","page","type-page","status-publish","hentry"],"acf":[],"_links":{"self":[{"href":"https:\/\/www.ufsm.br\/pro-reitorias\/proplan\/wp-json\/wp\/v2\/pages\/3702","targetHints":{"allow":["GET"]}}],"collection":[{"href":"https:\/\/www.ufsm.br\/pro-reitorias\/proplan\/wp-json\/wp\/v2\/pages"}],"about":[{"href":"https:\/\/www.ufsm.br\/pro-reitorias\/proplan\/wp-json\/wp\/v2\/types\/page"}],"author":[{"embeddable":true,"href":"https:\/\/www.ufsm.br\/pro-reitorias\/proplan\/wp-json\/wp\/v2\/users\/205"}],"replies":[{"embeddable":true,"href":"https:\/\/www.ufsm.br\/pro-reitorias\/proplan\/wp-json\/wp\/v2\/comments?post=3702"}],"version-history":[{"count":0,"href":"https:\/\/www.ufsm.br\/pro-reitorias\/proplan\/wp-json\/wp\/v2\/pages\/3702\/revisions"}],"wp:attachment":[{"href":"https:\/\/www.ufsm.br\/pro-reitorias\/proplan\/wp-json\/wp\/v2\/media?parent=3702"}],"wp:term":[{"taxonomy":"category","embeddable":true,"href":"https:\/\/www.ufsm.br\/pro-reitorias\/proplan\/wp-json\/wp\/v2\/categories?post=3702"},{"taxonomy":"post_tag","embeddable":true,"href":"https:\/\/www.ufsm.br\/pro-reitorias\/proplan\/wp-json\/wp\/v2\/tags?post=3702"}],"curies":[{"name":"wp","href":"https:\/\/api.w.org\/{rel}","templated":true}]}}