{"id":3706,"date":"2020-05-11T15:37:34","date_gmt":"2020-05-11T18:37:34","guid":{"rendered":"https:\/\/www.ufsm.br\/pro-reitorias\/proplan\/?page_id=3706"},"modified":"2020-05-11T16:11:00","modified_gmt":"2020-05-11T19:11:00","slug":"resolucao-n-006-1983","status":"publish","type":"page","link":"https:\/\/www.ufsm.br\/pro-reitorias\/proplan\/resolucao-n-006-1983","title":{"rendered":"Resolu\u00e7\u00e3o N. 006\/1983"},"content":{"rendered":"\t\t<div data-elementor-type=\"wp-page\" data-elementor-id=\"3706\" class=\"elementor elementor-3706\">\n\t\t\t\t\t\t<section class=\"elementor-section elementor-top-section elementor-element elementor-element-c0b0cb5 elementor-section-boxed elementor-section-height-default elementor-section-height-default\" data-id=\"c0b0cb5\" data-element_type=\"section\">\n\t\t\t\t\t\t<div class=\"elementor-container elementor-column-gap-default\">\n\t\t\t\t\t<div class=\"elementor-column elementor-col-100 elementor-top-column elementor-element elementor-element-762b772\" data-id=\"762b772\" data-element_type=\"column\">\n\t\t\t<div class=\"elementor-widget-wrap elementor-element-populated\">\n\t\t\t\t\t\t<div class=\"elementor-element elementor-element-a0eccc2 elementor-widget elementor-widget-html\" data-id=\"a0eccc2\" data-element_type=\"widget\" data-widget_type=\"html.default\">\n\t\t\t\t<div class=\"elementor-widget-container\">\n\t\t\t\r\n\r\n\r\n<title><b>RESOLU\u00c7\u00c3O N. 006\/1983<\/b><\/title>\r\n\r\n\r\n<div align=\"center\"><img decoding=\"async\" src=\"https:\/\/www.ufsm.br\/pro-reitorias\/proplan\/wp-content\/uploads\/sites\/344\/2019\/09\/brasao-da-republica-do-brasil-logo.png\" alt=\"Bras\u00e3o Rep\u00fablica Federativa do Brasil\" width=\"6%\" height=\"6%\"><\/div>    \r\n<h1><font color=\"blue\"><font size=\"5\"><div align=\"center\">MINIST\u00c9RIO DA EDUCA\u00c7\u00c3O E CULTURA<\/b><\/font><\/font><\/div><\/H1>\r\n<p><b><font color=\"0000blue\"><div align=\"center\">UNIVERSIDADE FEDERAL DE SANTA MARIA<\/b><\/font><\/div><\/p>\r\n<p><font color=\"blue\"><div align=\"center\"><b>GABINETE DO REITOR<\/b><\/font><\/font><\/div>\r\n<p><div align=\"center\"><b><a href=\"https:\/\/portal.ufsm.br\/documentos\/publico\/documento.html?id=5755615\" target=\"_blank\"><font color=\"blue\">RESOLU\u00c7\u00c3O N. 006\/1983<\/font><\/a><\/b><\/div><\/p>\r\n<br>\r\n<strike><p><div align=\"right\"><font color=\"800000\">Institui na Universidade Federal de Santa Maria uma Comiss\u00e3o Central para redefinir os crit\u00e9rios de Acompanhamento de Avalia\u00e7\u00e3o de Desempenho Docente.<\/font><\/div><\/p><\/strike>\r\n<br>\r\n<p><u><a href=\"https:\/\/www.ufsm.br\/pro-reitorias\/proplan\/resolucao-n-020-2019\/\" target=\"_blank\"><font color=\"blue\">Revogada pela Resolu\u00e7\u00e3o N. 020\/2019<\/font><\/a><\/u><\/p>\r\n<br>\r\n<br><div align=\"justify\">\r\n<strike>\r\n<p>O REITOR DA UNIVERSIDADE FEDERAL DE SANTA MARIA, no uso de suas atribui\u00e7\u00f5es legais e estatut\u00e1rias, e:<\/p>\r\n<p>- considerando o contido no <u><a href=\"http:\/\/www.planalto.gov.br\/ccivil_03\/decreto\/1980-1989\/1980-1984\/D85487.htm\" target=\"_blank\"><font color=\"blue\">Decreto n\u00ba 85.487, de 11 de dezembro de 1980<\/font><\/a><\/u>, que disp\u00f5e sobre a carreira do magist\u00e9rio nas Institui\u00e7\u00f5es Federais Aut\u00e1rquicas e d\u00e3 outras provid\u00eancias;<\/p>\r\n<p>- considerando os termos da Portaria MEC-393, de 16 de junho de 1981, que disp\u00f5e sobre o regime de trabalho, acompanhamento e avalia\u00e7\u00e3o do desempenho dos docentes na carreira do magist\u00e9rio superior; e<\/p>\r\n<p>- considerando os termos da <u><a href=\"https:\/\/www.ufsm.br\/pro-reitorias\/proplan\/resolucao-n-018-1982\/\" target=\"_blank\"><font color=\"blue\">Resolu\u00e7\u00e3o n\u00ba 18\/82, de 21 de outubro de 1982<\/font><\/a><\/u>, que institui nos Departamentos Did\u00e1ticos da UFSM a Comiss\u00e3o de Acompanhamento e Avalia\u00e7\u00e3o de Docentes;<\/p>\r\n<br>\r\n<p><div align=\"center\"><b>RESOLVE:<\/b><\/div><\/p>\r\n<br>\r\n<p>Art. 1\u00ba - Fica institu\u00edda na Universidade Federal de Santa Maria, uma Comiss\u00e3o Central para redefinir os crit\u00e9rios de Avalia\u00e7\u00e3o e Acompanhamento da Atividade Docente.<\/p>\r\n<p>Art. 2\u00ba - Integrar\u00e3o a Comiss\u00e3o Central, como membros efetivos, um representante da Pr\u00f3-Reitoria de Planejamento, que ser\u00e1 o presidente; um representante da Pr\u00f3-Reitoria de Gradua\u00e7\u00e3o e um representante da Comiss\u00e3o Permanente de Pessoal Docente.<\/p>\r\n<p>Art. 3\u00ba - Na qualidade de assessor especial da Comiss\u00e3o Central, cada Centro indicar\u00e1 um representante que ter\u00e1 como encargo fornecer os subs\u00eddios peculiares de sua unidade de ensino, sempre que solicitado pela Comiss\u00e3o Central.<\/p>\r\n<p>Art. 4\u00ba - A Comiss\u00e3o Central, ora institu\u00edda, ter\u00e1 a seguinte composi\u00e7\u00e3o:<\/p>\r\n<p>- Prof. Ricardo Iserhardt Ries - Pr\u00f3-Reitoria de Planejamento;<\/p>\r\n<p>- Prof. Silsomar Flores Adaime - Pr\u00f3-Reitoria de Gradua\u00e7\u00e3o e;<\/p>\r\n<p>- Profa. Lilian Mari Kieling Ries - Comiss\u00e3o Permanente de Pessoal Docente.<\/p>\r\n<p>Art. 5\u00ba - Os assessores indicados pelos Diretores de Centro ser\u00e3o os seguintes:<\/p>\r\n<p>- Prof. Gilberto Aquino Benetti - Centro de Tecnologia;<\/p>\r\n<p>- Profa. Cleo Zulmira Furtado Jobim - Centro de Educa\u00e7\u00e3o;<\/p>\r\n<p>- Profa. Elony Terezinha Cerezer Martins - Centro de Ci\u00eancias Sociais e Humanas;<\/p>\r\n<p>- Profa. Helga Guttenkunst Prade - Centro de Artes e Letras;<\/p>\r\n<p>- Prof. Murilo Nogueira dos Santos - Centro de Ci\u00eancias da Sa\u00fade;<\/p>\r\n<p>- Prof. Candido Sim\u00f5es Pires Neto - Centro de Educa\u00e7\u00e3o F\u00edsica de Desportos;<\/p>\r\n<p>- Prof. Carlos Nelson Pacheco Pallaoro - Centro de Ci\u00eancias Naturais e Exatas; e<\/p>\r\n<p>- Prof. Solon Carvalho - Centro de Ci\u00eancias Rurais.<\/p>\r\n<p>Art. 6\u00ba - Esta Resolu\u00e7\u00e3o entra em vigor nesta data, cabendo ao Representante da Pr\u00f3-Reitoria de Planejamento as provid\u00eancias necess\u00e1rias para a sua implementa\u00e7\u00e3o, revogando-se as disposi\u00e7\u00f5es em contr\u00e1rio.<\/p>\r\n<p>GABINETE DO REITOR DA UNIVERSIDADE FEDERAL DE SANTA MARIA, aos onze dias do m\u00eas de abril do ano de mil novecentos e oitenta e tr\u00eas.<\/p>\r\n<\/div>\r\n<p>Prof. Armando Vallandro,<\/p>\r\n<p>Reitor.<\/p>\r\n<\/strike>\r\n<p><font color=\"red0000\">Este texto n\u00e3o substitui o documento original, publicado no Portal de Documentos.<\/font> Dispon\u00edvel em: <a href=\"https:\/\/portal.ufsm.br\/documentos\/publico\/documento.html?id=5755615\" target=\"_blank\"><font color=\"blue\">https:\/\/portal.ufsm.br\/documentos\/publico\/documento.html?id=5755615<\/font><\/a>\r\n\r\n\t\t<\/div>\n\t\t\t\t<\/div>\n\t\t\t\t\t<\/div>\n\t\t<\/div>\n\t\t\t\t\t<\/div>\n\t\t<\/section>\n\t\t\t\t<\/div>\n\t\t","protected":false},"excerpt":{"rendered":"<p>RESOLU\u00c7\u00c3O N. 006\/1983 MINIST\u00c9RIO DA EDUCA\u00c7\u00c3O E CULTURA UNIVERSIDADE FEDERAL DE SANTA MARIA GABINETE DO REITOR RESOLU\u00c7\u00c3O N. 006\/1983 Institui na Universidade Federal de Santa Maria uma Comiss\u00e3o Central para redefinir os crit\u00e9rios de Acompanhamento de Avalia\u00e7\u00e3o de Desempenho Docente. Revogada pela Resolu\u00e7\u00e3o N. 020\/2019 O REITOR DA UNIVERSIDADE FEDERAL DE SANTA MARIA, no uso [&hellip;]<\/p>\n","protected":false},"author":205,"featured_media":0,"parent":0,"menu_order":0,"comment_status":"closed","ping_status":"closed","template":"","meta":{"footnotes":""},"categories":[],"tags":[],"class_list":["post-3706","page","type-page","status-publish","hentry"],"acf":[],"_links":{"self":[{"href":"https:\/\/www.ufsm.br\/pro-reitorias\/proplan\/wp-json\/wp\/v2\/pages\/3706","targetHints":{"allow":["GET"]}}],"collection":[{"href":"https:\/\/www.ufsm.br\/pro-reitorias\/proplan\/wp-json\/wp\/v2\/pages"}],"about":[{"href":"https:\/\/www.ufsm.br\/pro-reitorias\/proplan\/wp-json\/wp\/v2\/types\/page"}],"author":[{"embeddable":true,"href":"https:\/\/www.ufsm.br\/pro-reitorias\/proplan\/wp-json\/wp\/v2\/users\/205"}],"replies":[{"embeddable":true,"href":"https:\/\/www.ufsm.br\/pro-reitorias\/proplan\/wp-json\/wp\/v2\/comments?post=3706"}],"version-history":[{"count":0,"href":"https:\/\/www.ufsm.br\/pro-reitorias\/proplan\/wp-json\/wp\/v2\/pages\/3706\/revisions"}],"wp:attachment":[{"href":"https:\/\/www.ufsm.br\/pro-reitorias\/proplan\/wp-json\/wp\/v2\/media?parent=3706"}],"wp:term":[{"taxonomy":"category","embeddable":true,"href":"https:\/\/www.ufsm.br\/pro-reitorias\/proplan\/wp-json\/wp\/v2\/categories?post=3706"},{"taxonomy":"post_tag","embeddable":true,"href":"https:\/\/www.ufsm.br\/pro-reitorias\/proplan\/wp-json\/wp\/v2\/tags?post=3706"}],"curies":[{"name":"wp","href":"https:\/\/api.w.org\/{rel}","templated":true}]}}