{"id":3708,"date":"2020-05-11T16:15:23","date_gmt":"2020-05-11T19:15:23","guid":{"rendered":"https:\/\/www.ufsm.br\/pro-reitorias\/proplan\/?page_id=3708"},"modified":"2022-06-01T10:28:28","modified_gmt":"2022-06-01T13:28:28","slug":"resolucao-n-009-1983","status":"publish","type":"page","link":"https:\/\/www.ufsm.br\/pro-reitorias\/proplan\/resolucao-n-009-1983","title":{"rendered":"Resolu\u00e7\u00e3o N. 009\/1983"},"content":{"rendered":"\t\t<div data-elementor-type=\"wp-page\" data-elementor-id=\"3708\" class=\"elementor elementor-3708\">\n\t\t\t\t\t\t<section class=\"elementor-section elementor-top-section elementor-element elementor-element-91fa7d7 elementor-section-boxed elementor-section-height-default elementor-section-height-default\" data-id=\"91fa7d7\" data-element_type=\"section\">\n\t\t\t\t\t\t<div class=\"elementor-container elementor-column-gap-default\">\n\t\t\t\t\t<div class=\"elementor-column elementor-col-100 elementor-top-column elementor-element elementor-element-4c2eb4c\" data-id=\"4c2eb4c\" data-element_type=\"column\">\n\t\t\t<div class=\"elementor-widget-wrap elementor-element-populated\">\n\t\t\t\t\t\t<div class=\"elementor-element elementor-element-5792af1 elementor-widget elementor-widget-html\" data-id=\"5792af1\" data-element_type=\"widget\" data-widget_type=\"html.default\">\n\t\t\t\t<div class=\"elementor-widget-container\">\n\t\t\t\ufeff\r\n\r\n\r\n<title><b>RESOLU\u00c7\u00c3O N. 009\/1983<\/b><\/title>\r\n\r\n\r\n<div align=\"center\"><img decoding=\"async\" src=\"https:\/\/www.ufsm.br\/pro-reitorias\/proplan\/wp-content\/uploads\/sites\/344\/2019\/09\/brasao-da-republica-do-brasil-logo.png\" alt=\"Bras\u00e3o Rep\u00fablica Federativa do Brasil\" width=\"6%\" height=\"6%\"><\/div>    \r\n<h1><font color=\"blue\"><font size=\"5\"><div align=\"center\">SERVI\u00c7O P\u00daBLICO FEDERAL<\/font><\/font><\/div><\/H1>\r\n<p><div align=\"center\"><b><a href=\"https:\/\/portal.ufsm.br\/documentos\/publico\/documento.html?id=5755727\" target=\"_blank\"><font color=\"blue\">RESOLU\u00c7\u00c3O N. 009\/1983<\/font><\/a><\/b><\/div><\/p>\r\n<br>\r\n<p><div align=\"right\"><font color=\"800000\"><strike>Desvincula a subordina\u00e7\u00e3o dos Col\u00e9gios Agr\u00edcolas e Col\u00e9gio T\u00e9cnico Industrial, do Centro de Ci\u00eancias Rurais e Centro de Tecnologia, respectivamente, bem como d\u00e1 outras provid\u00eancias.<\/font><\/div><\/strike><\/p>\r\n<br>\r\n<p><a href=\"https:\/\/www.ufsm.br\/pro-reitorias\/proplan\/resolucao-ufsm-n-094-2022\/\" target=\"_blank\"><font color=\"blue\">Revogada pela Resolu\u00e7\u00e3o UFSM N. 094\/2022<\/font><\/a>\r\n<br><div align=\"justify\">\r\n<strike>\r\n<p>O REITOR DA UNIVERSIDADE FEDERAL DE SANTA MARIA, no uso de suas atribui\u00e7\u00f5es legais e estatut\u00e1rias, e tendo em vista o que estabelece a <u><a href=\"https:\/\/www.ufsm.br\/pro-reitorias\/proplan\/resolucao-n-005-1983\/\" target=\"_blank\"><font color=\"blue\">Resolu\u00e7\u00e3o n\u00ba 005\/83<\/font><\/a><\/u>,<\/p>\r\n<br>\r\n<p><div align=\"center\"><b>RESOLVE:<\/b><\/div><\/p>\r\n<br>\r\n<p>1 - Desvincular a subordina\u00e7\u00e3o dos Col\u00e9gios Agr\u00edcolas e Col\u00e9gio T\u00e9cnico Industrial do Centro de Ci\u00eancias Rurais e Centro de Tecnologia, respectivamente, ficando esta subordina\u00e7\u00e3o diretamente \u00e0 Reitoria.<\/p>\r\n<p>2 - Vincular \u00e0 Pr\u00f3-Reitoria de Gradua\u00e7\u00e3o, todas atividades did\u00e1ticas das Escolas de Ensino M\u00e9dio de 2\u00ba Grau, pertencentes \u00e0 UFSM.<\/p>\r\n<p>3 - Determinar a transfer\u00eancia e tombamento para a Reitoria, sob a responsabilidade da Coordenadoria de Ensino do 2\u00ba Grau, do mobili\u00e1rio, maquinas de escrever e outros utens\u00edlios que estavam sendo usados pelo Setor de Assist\u00eancia dos Col\u00e9gios Agr\u00edcolas, junto ao DEAER, no Centro de Ci\u00eancias Rurais.<\/p>\r\n<p>4 - Determinar a remo\u00e7\u00e3o do funcion\u00e1rio Ad\u00e3o Rios Rocha, para a Coordenadoria de Ensino do 2\u00ba Grau, criada pelo art. 1\u00ba da <u><a href=\"https:\/\/www.ufsm.br\/pro-reitorias\/proplan\/resolucao-n-005-1983\/\" target=\"_blank\"><font color=\"blue\">Resolu\u00e7\u00e3o 005\/83<\/font><\/a><\/u>, permanecendo no exerc\u00edcio da fun\u00e7\u00e3o de Assistente c\u00f3digo DAI - 112.3, junto \u00e0 referida Coordenadoria, devendo o Departamento de Pessoal providenciar na regulariza\u00e7\u00e3o da transforma\u00e7\u00e3o junto ao DASP.<\/p>\r\n<p>GABINETE DO REITOR DA UNIVERSIDADE FEDERAL DE SANTA MARIA, aos dezenove dias do m\u00eas de abril de mil novecentos e oitenta e tr\u00eas.<\/p>\r\n<\/div>\r\n<p>Prof. Armando Vallandro,<\/p>\r\n<p>Reitor.<\/p>\r\n<\/strike>\r\n<p><font color=\"red0000\">Este texto n\u00e3o substitui o documento original, publicado no Portal de Documentos.<\/font> Dispon\u00edvel em: <a href=\"https:\/\/portal.ufsm.br\/documentos\/publico\/documento.html?id=5755727\" target=\"_blank\"><font color=\"blue\">https:\/\/portal.ufsm.br\/documentos\/publico\/documento.html?id=5755727<\/font><\/a>\r\n\r\n\t\t<\/div>\n\t\t\t\t<\/div>\n\t\t\t\t\t<\/div>\n\t\t<\/div>\n\t\t\t\t\t<\/div>\n\t\t<\/section>\n\t\t\t\t<\/div>\n\t\t","protected":false},"excerpt":{"rendered":"<p>\ufeff RESOLU\u00c7\u00c3O N. 009\/1983 SERVI\u00c7O P\u00daBLICO FEDERAL RESOLU\u00c7\u00c3O N. 009\/1983 Desvincula a subordina\u00e7\u00e3o dos Col\u00e9gios Agr\u00edcolas e Col\u00e9gio T\u00e9cnico Industrial, do Centro de Ci\u00eancias Rurais e Centro de Tecnologia, respectivamente, bem como d\u00e1 outras provid\u00eancias. Revogada pela Resolu\u00e7\u00e3o UFSM N. 094\/2022 O REITOR DA UNIVERSIDADE FEDERAL DE SANTA MARIA, no uso de suas atribui\u00e7\u00f5es legais [&hellip;]<\/p>\n","protected":false},"author":205,"featured_media":0,"parent":0,"menu_order":0,"comment_status":"closed","ping_status":"closed","template":"","meta":{"footnotes":""},"categories":[],"tags":[],"class_list":["post-3708","page","type-page","status-publish","hentry"],"acf":[],"_links":{"self":[{"href":"https:\/\/www.ufsm.br\/pro-reitorias\/proplan\/wp-json\/wp\/v2\/pages\/3708","targetHints":{"allow":["GET"]}}],"collection":[{"href":"https:\/\/www.ufsm.br\/pro-reitorias\/proplan\/wp-json\/wp\/v2\/pages"}],"about":[{"href":"https:\/\/www.ufsm.br\/pro-reitorias\/proplan\/wp-json\/wp\/v2\/types\/page"}],"author":[{"embeddable":true,"href":"https:\/\/www.ufsm.br\/pro-reitorias\/proplan\/wp-json\/wp\/v2\/users\/205"}],"replies":[{"embeddable":true,"href":"https:\/\/www.ufsm.br\/pro-reitorias\/proplan\/wp-json\/wp\/v2\/comments?post=3708"}],"version-history":[{"count":0,"href":"https:\/\/www.ufsm.br\/pro-reitorias\/proplan\/wp-json\/wp\/v2\/pages\/3708\/revisions"}],"wp:attachment":[{"href":"https:\/\/www.ufsm.br\/pro-reitorias\/proplan\/wp-json\/wp\/v2\/media?parent=3708"}],"wp:term":[{"taxonomy":"category","embeddable":true,"href":"https:\/\/www.ufsm.br\/pro-reitorias\/proplan\/wp-json\/wp\/v2\/categories?post=3708"},{"taxonomy":"post_tag","embeddable":true,"href":"https:\/\/www.ufsm.br\/pro-reitorias\/proplan\/wp-json\/wp\/v2\/tags?post=3708"}],"curies":[{"name":"wp","href":"https:\/\/api.w.org\/{rel}","templated":true}]}}