{"id":3721,"date":"2020-05-11T16:50:23","date_gmt":"2020-05-11T19:50:23","guid":{"rendered":"https:\/\/www.ufsm.br\/pro-reitorias\/proplan\/?page_id=3721"},"modified":"2020-05-11T16:54:10","modified_gmt":"2020-05-11T19:54:10","slug":"resolucao-n-022-1983","status":"publish","type":"page","link":"https:\/\/www.ufsm.br\/pro-reitorias\/proplan\/resolucao-n-022-1983","title":{"rendered":"Resolu\u00e7\u00e3o N. 022\/1983"},"content":{"rendered":"\t\t<div data-elementor-type=\"wp-page\" data-elementor-id=\"3721\" class=\"elementor elementor-3721\">\n\t\t\t\t\t\t<section class=\"elementor-section elementor-top-section elementor-element elementor-element-a67de50 elementor-section-boxed elementor-section-height-default elementor-section-height-default\" data-id=\"a67de50\" data-element_type=\"section\">\n\t\t\t\t\t\t<div class=\"elementor-container elementor-column-gap-default\">\n\t\t\t\t\t<div class=\"elementor-column elementor-col-100 elementor-top-column elementor-element elementor-element-c94dd5f\" data-id=\"c94dd5f\" data-element_type=\"column\">\n\t\t\t<div class=\"elementor-widget-wrap elementor-element-populated\">\n\t\t\t\t\t\t<div class=\"elementor-element elementor-element-fecdcd2 elementor-widget elementor-widget-html\" data-id=\"fecdcd2\" data-element_type=\"widget\" data-widget_type=\"html.default\">\n\t\t\t\t<div class=\"elementor-widget-container\">\n\t\t\t\r\n\r\n\r\n<title><b>RESOLU\u00c7\u00c3O N. 022\/1983<\/b><\/title>\r\n\r\n\r\n<div align=\"center\"><img decoding=\"async\" src=\"https:\/\/www.ufsm.br\/pro-reitorias\/proplan\/wp-content\/uploads\/sites\/344\/2019\/09\/brasao-da-republica-do-brasil-logo.png\" alt=\"Bras\u00e3o Rep\u00fablica Federativa do Brasil\" width=\"6%\" height=\"6%\"><\/div>    \r\n<h1><font color=\"blue\"><font size=\"5\"><div align=\"center\">SERVI\u00c7O P\u00daBLICO FEDERAL<\/font><\/font><\/div><\/H1>\r\n<p><div align=\"center\"><b><a href=\"https:\/\/portal.ufsm.br\/documentos\/publico\/documento.html?id=5755699\" target=\"_blank\"><font color=\"blue\">RESOLU\u00c7\u00c3O N. 022\/1983<\/font><\/a><\/b><\/div><\/p>\r\n<br>\r\n<p><div align=\"right\"><font color=\"800000\">Cria o Fundo de Incentivo \u00e0 Pesquisa (FIPE) vinculado \u00e0 PR\u00d3-REITORIA de P\u00f3s-Gradua\u00e7\u00e3o e Pesquisa.<\/font><\/div><\/p>\r\n<br>\r\n<br><div align=\"justify\">\r\n<p><\/b>O REITOR DA UNIVERSIDADE FEDERAL DE SANTA MARIA<\/b>, no uso de suas atribui\u00e7\u00f5es legais e estatut\u00e1rias, e tendo em vista o que consta do Processo n\u00ba 8005\/83, aprovado na 340\u00aa sess\u00e3o do Egr\u00e9gio Conselho Universit\u00e1rio,<\/p>\r\n<br>\r\n<p><div align=\"center\">RESOLVE:<\/div><\/p>\r\n<br>\r\n<p>I - Criar o FUNDO DE INCENTIVO \u00c0 PESQUISA (FIPE), como Unidade Or\u00e7ament\u00e1ria, vinculada \u00e0 Pr\u00f3-Reitoria de P\u00f4s \u2013 Gradua\u00e7\u00e3o e Pesquisa, com a finalidade de dar apoio financeiro aos Programas e Projetos Priorit\u00e1rios de Pesquisa na UFSM.<\/p>\r\n<p>II - Designar o Sr. Pr\u00f3-Reitor de P\u00f3s-Gradua\u00e7\u00e3o e Pesquisa para exercer a fun\u00e7\u00e3o de Gestor\/Executor do referido Fundo.<\/p>\r\n<p>III - Delegar compet\u00eancia ao Sr. Pr\u00f3-Reitor de P\u00f3s-Gradua\u00e7\u00e3o e Pesquisa para tomar as demais provid\u00eancias aprovadas pelo Parecer n\u00ba 14\/83, do Egr\u00e9gio Conselho Universit\u00e1rio.<\/p>\r\n<p>IV - Esta Resolu\u00e7\u00e3o entre em vigor nesta data, revogadas as disposi\u00e7\u00f5es em contr\u00e1rio.<\/p>\r\n<p><b>GABINETE DO REITOR DA UNIVERSIDADE FEDERAL DE SANTA MARIA<\/b>, aos dois dias do m\u00eas de Setembro de mil novecentos e oitenta e tr\u00eas.<\/p>\r\n<\/div>\r\n<p>Prof. Armando Vallandro,<\/p>\r\n<p>Reitor.<\/p>\r\n<p><font color=\"red0000\">Este texto n\u00e3o substitui o documento original, publicado no Portal de Documentos.<\/font> Dispon\u00edvel em: <a href=\"https:\/\/portal.ufsm.br\/documentos\/publico\/documento.html?id=5755699\" target=\"_blank\"><font color=\"blue\">https:\/\/portal.ufsm.br\/documentos\/publico\/documento.html?id=5755699<\/font><\/a>\r\n\r\n\t\t<\/div>\n\t\t\t\t<\/div>\n\t\t\t\t\t<\/div>\n\t\t<\/div>\n\t\t\t\t\t<\/div>\n\t\t<\/section>\n\t\t\t\t<\/div>\n\t\t","protected":false},"excerpt":{"rendered":"<p>RESOLU\u00c7\u00c3O N. 022\/1983 SERVI\u00c7O P\u00daBLICO FEDERAL RESOLU\u00c7\u00c3O N. 022\/1983 Cria o Fundo de Incentivo \u00e0 Pesquisa (FIPE) vinculado \u00e0 PR\u00d3-REITORIA de P\u00f3s-Gradua\u00e7\u00e3o e Pesquisa. O REITOR DA UNIVERSIDADE FEDERAL DE SANTA MARIA, no uso de suas atribui\u00e7\u00f5es legais e estatut\u00e1rias, e tendo em vista o que consta do Processo n\u00ba 8005\/83, aprovado na 340\u00aa sess\u00e3o [&hellip;]<\/p>\n","protected":false},"author":205,"featured_media":0,"parent":0,"menu_order":0,"comment_status":"closed","ping_status":"closed","template":"","meta":{"footnotes":""},"categories":[],"tags":[],"class_list":["post-3721","page","type-page","status-publish","hentry"],"acf":[],"_links":{"self":[{"href":"https:\/\/www.ufsm.br\/pro-reitorias\/proplan\/wp-json\/wp\/v2\/pages\/3721","targetHints":{"allow":["GET"]}}],"collection":[{"href":"https:\/\/www.ufsm.br\/pro-reitorias\/proplan\/wp-json\/wp\/v2\/pages"}],"about":[{"href":"https:\/\/www.ufsm.br\/pro-reitorias\/proplan\/wp-json\/wp\/v2\/types\/page"}],"author":[{"embeddable":true,"href":"https:\/\/www.ufsm.br\/pro-reitorias\/proplan\/wp-json\/wp\/v2\/users\/205"}],"replies":[{"embeddable":true,"href":"https:\/\/www.ufsm.br\/pro-reitorias\/proplan\/wp-json\/wp\/v2\/comments?post=3721"}],"version-history":[{"count":0,"href":"https:\/\/www.ufsm.br\/pro-reitorias\/proplan\/wp-json\/wp\/v2\/pages\/3721\/revisions"}],"wp:attachment":[{"href":"https:\/\/www.ufsm.br\/pro-reitorias\/proplan\/wp-json\/wp\/v2\/media?parent=3721"}],"wp:term":[{"taxonomy":"category","embeddable":true,"href":"https:\/\/www.ufsm.br\/pro-reitorias\/proplan\/wp-json\/wp\/v2\/categories?post=3721"},{"taxonomy":"post_tag","embeddable":true,"href":"https:\/\/www.ufsm.br\/pro-reitorias\/proplan\/wp-json\/wp\/v2\/tags?post=3721"}],"curies":[{"name":"wp","href":"https:\/\/api.w.org\/{rel}","templated":true}]}}