{"id":3722,"date":"2020-05-11T16:50:29","date_gmt":"2020-05-11T19:50:29","guid":{"rendered":"https:\/\/www.ufsm.br\/pro-reitorias\/proplan\/?page_id=3722"},"modified":"2020-05-11T16:54:23","modified_gmt":"2020-05-11T19:54:23","slug":"resolucao-n-023-1983","status":"publish","type":"page","link":"https:\/\/www.ufsm.br\/pro-reitorias\/proplan\/resolucao-n-023-1983","title":{"rendered":"Resolu\u00e7\u00e3o N. 023\/1983"},"content":{"rendered":"\t\t<div data-elementor-type=\"wp-page\" data-elementor-id=\"3722\" class=\"elementor elementor-3722\">\n\t\t\t\t\t\t<section class=\"elementor-section elementor-top-section elementor-element elementor-element-818e315 elementor-section-boxed elementor-section-height-default elementor-section-height-default\" data-id=\"818e315\" data-element_type=\"section\">\n\t\t\t\t\t\t<div class=\"elementor-container elementor-column-gap-default\">\n\t\t\t\t\t<div class=\"elementor-column elementor-col-100 elementor-top-column elementor-element elementor-element-f04e42f\" data-id=\"f04e42f\" data-element_type=\"column\">\n\t\t\t<div class=\"elementor-widget-wrap elementor-element-populated\">\n\t\t\t\t\t\t<div class=\"elementor-element elementor-element-f097a10 elementor-widget elementor-widget-html\" data-id=\"f097a10\" data-element_type=\"widget\" data-widget_type=\"html.default\">\n\t\t\t\t<div class=\"elementor-widget-container\">\n\t\t\t\r\n\r\n\r\n<title><b>RESOLU\u00c7\u00c3O N. 023\/1983<\/b><\/title>\r\n\r\n\r\n<div align=\"center\"><img decoding=\"async\" src=\"https:\/\/www.ufsm.br\/pro-reitorias\/proplan\/wp-content\/uploads\/sites\/344\/2019\/09\/brasao-da-republica-do-brasil-logo.png\" alt=\"Bras\u00e3o Rep\u00fablica Federativa do Brasil\" width=\"6%\" height=\"6%\"><\/div>    \r\n<h1><font color=\"blue\"><font size=\"5\"><div align=\"center\">SERVI\u00c7O P\u00daBLICO FEDERAL<\/font><\/font><\/div><\/H1>\r\n<p><div align=\"center\"><b><a href=\"https:\/\/portal.ufsm.br\/documentos\/publico\/documento.html?id=5754828\" target=\"_blank\"><font color=\"blue\">RESOLU\u00c7\u00c3O N. 023\/1983<\/font><\/a><\/b><\/div><\/p>\r\n<br>\r\n<strike><p><div align=\"right\"><font color=\"800000\">Constitui o Conselho de Administra\u00e7\u00e3o do Hospital Universit\u00e1rio da UFSM.<\/font><\/div><\/p><\/strike>\r\n<br>\r\n<p><u><a href=\"https:\/\/www.ufsm.br\/pro-reitorias\/proplan\/resolucao-n-020-2019\/\" target=\"_blank\"><font color=\"blue\">Revogada pela Resolu\u00e7\u00e3o N. 020\/2019<\/font><\/a><\/u><\/p>\r\n<br>\r\n<br><div align=\"justify\">\r\n<strike>\r\n<p>O REITOR DA UNIVERSIDADE FEDERAL DE SANTA MARIA, no uso de suas atribui\u00e7\u00f5es legais e estatut\u00e1rias, e tendo em vista o que disp\u00f5e o Item 2 da <u><a href=\"https:\/\/www.ufsm.br\/pro-reitorias\/proplan\/resolucao-n-089-1980\/\" target=\"_blank\"><font color=\"blue\">Resolu\u00e7\u00e3o n\u00ba 89, de 21 de outubro de 1980<\/font><\/a><\/u>, e a decis\u00e3o do Conselho Universit\u00e1rio, em sua 335\u00aa Sess\u00e3o realizada em 01\/06\/83, aprovando a inclus\u00e3o de um representante do Curso de Farm\u00e1cia no Conselho de Administra\u00e7\u00e3o do HUSM,<\/p>\r\n<br>\r\n<p><div align=\"center\">RESOLVE:<\/div><\/p>\r\n<br>\r\n<p>Expedir a presente Resolu\u00e7\u00e3o para declarar que a partir de 31.08.83, ficou assim constitu\u00eddo o CONSELHO DE ADMINISTRA\u00c7\u00c3O DO HOSPITAL UNIVERSIT\u00c1RIO DA UNIVERSIDADE FEDERAL DE SANTA MARIA:<\/p>\r\n<p><u>01 DIRETOR DO CENTRO DE CI\u00caNCIAS DA SA\u00daDE:<\/u><\/p>\r\n<p>Prof. Jacob Salom\u00e3o Seligman - Presidente<\/p>\r\n<p><u>02 - DIRETORIA EXECUTIVA:<\/u><\/p>\r\n<p>2.1 - Diretor Geral: Prof. HUGO AUR\u00c9LIO BECKER DO AMARAL<\/p>\r\n<p>2.2 - Diretor de Ensino, Pesquisa e Extens\u00e3o: Prof. CARLOS RENATO ALMEIDA MELLO<\/p>\r\n<p>2.3 - Diretor Cl\u00ednico: Prof. MANOEL ANTONIO PEREIRA ALVAREZ<\/p>\r\n<p>2.4 - Diretor de Enfermagem: Profa. HELENA LUIZA CEREZER<\/p>\r\n<p>2.5 - Diretor Administrativo: Prof. VALDEMAR SPERONI<\/p>\r\n<p><u>03 - COORDENADOR DO CURSO DE MEDICINA:<\/u><\/p>\r\n<p>Prof. OYAMA ALBUQUERQUE DE CARVALHO<\/p>\r\n<p><u>04 - COORDENADORA DO CURSO DE ENFERMAGEM:<\/u><\/p>\r\n<p>Profa. MARIA DE LOURDES DENARDIN BUD\u00d3<\/p>\r\n<p><u>05 - COORDENADOR DO CURSO DE FISIOTERAPIA:<\/u><\/p>\r\n<p>Prof. ANTONIO SEBASTI\u00c3O PEREIRA DA SILVA<\/p>\r\n<p><u>06 - COORDENADOR DO CURSO DE FARM\u00c1CIA:<\/u><\/p>\r\n<p>Prof. IRINEU PEDRO PASIN<\/p>\r\n<p><u>ACAD\u00caMICO REPRESENTANTE DA \u00c1REA DE SA\u00daDE:<\/u><\/p>\r\n<p>Acad. MARIA ORFILIA L. FERREJANS - Titular<\/p>\r\n<p>Acad. ROSALETE SALDANHA - Suplente<\/p>\r\n<p><u>07 - REPRESENTANTE DA COMUNIDADE:<\/u><\/p>\r\n<p>Bel AUGUSTO CEZAR MANICA - Titular<\/p>\r\n<p>Sr. ANT\u00c3O SILVEIRA - Suplente.<\/p>\r\n<p>GABINETE DO REITOR DA UNIVERSIDADE FEDERAL DE SANTA MARIA, aos seis dias do m\u00eas de setembro de mil novecentos e oitenta e tr\u00eas.<\/p>\r\n<\/div>\r\n<p>Prof. Armando Vallandro,<\/p>\r\n<p>Reitor.<\/p>\r\n<\/strike>\r\n<p><font color=\"red0000\">Este texto n\u00e3o substitui o documento original, publicado no Portal de Documentos.<\/font> Dispon\u00edvel em: <a href=\"https:\/\/portal.ufsm.br\/documentos\/publico\/documento.html?id=5754828\" target=\"_blank\"><font color=\"blue\">https:\/\/portal.ufsm.br\/documentos\/publico\/documento.html?id=5754828<\/font><\/a>\r\n\r\n\t\t<\/div>\n\t\t\t\t<\/div>\n\t\t\t\t\t<\/div>\n\t\t<\/div>\n\t\t\t\t\t<\/div>\n\t\t<\/section>\n\t\t\t\t<\/div>\n\t\t","protected":false},"excerpt":{"rendered":"<p>RESOLU\u00c7\u00c3O N. 023\/1983 SERVI\u00c7O P\u00daBLICO FEDERAL RESOLU\u00c7\u00c3O N. 023\/1983 Constitui o Conselho de Administra\u00e7\u00e3o do Hospital Universit\u00e1rio da UFSM. Revogada pela Resolu\u00e7\u00e3o N. 020\/2019 O REITOR DA UNIVERSIDADE FEDERAL DE SANTA MARIA, no uso de suas atribui\u00e7\u00f5es legais e estatut\u00e1rias, e tendo em vista o que disp\u00f5e o Item 2 da Resolu\u00e7\u00e3o n\u00ba 89, de [&hellip;]<\/p>\n","protected":false},"author":205,"featured_media":0,"parent":0,"menu_order":0,"comment_status":"closed","ping_status":"closed","template":"","meta":{"footnotes":""},"categories":[],"tags":[],"class_list":["post-3722","page","type-page","status-publish","hentry"],"acf":[],"_links":{"self":[{"href":"https:\/\/www.ufsm.br\/pro-reitorias\/proplan\/wp-json\/wp\/v2\/pages\/3722","targetHints":{"allow":["GET"]}}],"collection":[{"href":"https:\/\/www.ufsm.br\/pro-reitorias\/proplan\/wp-json\/wp\/v2\/pages"}],"about":[{"href":"https:\/\/www.ufsm.br\/pro-reitorias\/proplan\/wp-json\/wp\/v2\/types\/page"}],"author":[{"embeddable":true,"href":"https:\/\/www.ufsm.br\/pro-reitorias\/proplan\/wp-json\/wp\/v2\/users\/205"}],"replies":[{"embeddable":true,"href":"https:\/\/www.ufsm.br\/pro-reitorias\/proplan\/wp-json\/wp\/v2\/comments?post=3722"}],"version-history":[{"count":0,"href":"https:\/\/www.ufsm.br\/pro-reitorias\/proplan\/wp-json\/wp\/v2\/pages\/3722\/revisions"}],"wp:attachment":[{"href":"https:\/\/www.ufsm.br\/pro-reitorias\/proplan\/wp-json\/wp\/v2\/media?parent=3722"}],"wp:term":[{"taxonomy":"category","embeddable":true,"href":"https:\/\/www.ufsm.br\/pro-reitorias\/proplan\/wp-json\/wp\/v2\/categories?post=3722"},{"taxonomy":"post_tag","embeddable":true,"href":"https:\/\/www.ufsm.br\/pro-reitorias\/proplan\/wp-json\/wp\/v2\/tags?post=3722"}],"curies":[{"name":"wp","href":"https:\/\/api.w.org\/{rel}","templated":true}]}}