{"id":3743,"date":"2020-05-20T18:24:18","date_gmt":"2020-05-20T21:24:18","guid":{"rendered":"https:\/\/www.ufsm.br\/pro-reitorias\/proplan\/?page_id=3743"},"modified":"2020-07-31T14:42:52","modified_gmt":"2020-07-31T17:42:52","slug":"resolucao-n-010-1982","status":"publish","type":"page","link":"https:\/\/www.ufsm.br\/pro-reitorias\/proplan\/resolucao-n-010-1982","title":{"rendered":"Resolu\u00e7\u00e3o N. 010\/1982"},"content":{"rendered":"\t\t<div data-elementor-type=\"wp-page\" data-elementor-id=\"3743\" class=\"elementor elementor-3743\">\n\t\t\t\t\t\t<section class=\"elementor-section elementor-top-section elementor-element elementor-element-58fe81f elementor-section-boxed elementor-section-height-default elementor-section-height-default\" data-id=\"58fe81f\" data-element_type=\"section\">\n\t\t\t\t\t\t<div class=\"elementor-container elementor-column-gap-default\">\n\t\t\t\t\t<div class=\"elementor-column elementor-col-100 elementor-top-column elementor-element elementor-element-5c173c5\" data-id=\"5c173c5\" data-element_type=\"column\">\n\t\t\t<div class=\"elementor-widget-wrap elementor-element-populated\">\n\t\t\t\t\t\t<div class=\"elementor-element elementor-element-820e9d0 elementor-widget elementor-widget-html\" data-id=\"820e9d0\" data-element_type=\"widget\" data-widget_type=\"html.default\">\n\t\t\t\t<div class=\"elementor-widget-container\">\n\t\t\t\r\n\r\n\r\n<title><b>RESOLU\u00c7\u00c3O N. 010\/1982<\/b><\/title>\r\n\r\n\r\n<div align=\"center\"><img decoding=\"async\" src=\"https:\/\/www.ufsm.br\/pro-reitorias\/proplan\/wp-content\/uploads\/sites\/344\/2019\/09\/brasao-da-republica-do-brasil-logo.png\" alt=\"Bras\u00e3o Rep\u00fablica Federativa do Brasil\" width=\"6%\" height=\"6%\"><\/div>    \r\n<h1><font color=\"blue\"><font size=\"5\"><div align=\"center\">MINIST\u00c9RIO DA EDUCA\u00c7\u00c3O E CULTURA<\/b><\/font><\/font><\/div><\/H1>\r\n<p><b><font color=\"0000blue\"><div align=\"center\">UNIVERSIDADE FEDERAL DE SANTA MARIA<\/b><\/font><\/div><\/p>\r\n<p><font color=\"blue\"><div align=\"center\"><b>GABINETE DO REITOR<\/b><\/font><\/font><\/div>\r\n<p><div align=\"center\"><b><a href=\"https:\/\/portal.ufsm.br\/documentos\/publico\/documento.html?id=5755016\" target=\"_blank\"><font color=\"blue\"><u>RESOLU\u00c7\u00c3O N\u00ba 10\/82, de 14 de maio de 1982<\/u><\/font><\/a><\/b><\/div><\/p>\r\n<br>\r\n<p><strike><div align=\"right\"><font color=\"800000\">Implanta a nova sistem\u00e1tica sobre o funcionamento das Comiss\u00f5es de Pesquisa Centros e a tramita\u00e7\u00e3o de Projeto de Pesquisa.<\/font><\/div><\/strike><\/p>\r\n<br>\r\n<p><u><a href=\"https:\/\/www.ufsm.br\/pro-reitorias\/proplan\/resolucao-n-019a-1982\/\" target=\"_blank\"><font color=\"blue\">Alterada pela Resolu\u00e7\u00e3o N. 019\/1982A<\/font><\/a><\/u><\/p>\r\n<p><u><a href=\"https:\/\/www.ufsm.br\/pro-reitorias\/proplan\/resolucao-n-020-2019\/\" target=\"_blank\"><font color=\"blue\">Revogada pela Resolu\u00e7\u00e3o N. 020\/2019<\/font><\/a><\/u><\/p>\r\n<br>\r\n<strike>\r\n<br><div align=\"justify\">\r\n<p>O REITOR DA UNIVERSIDADE FEDERAL DE SANTA MARIA, no uso de suas atribui\u00e7\u00f5es legais e estatut\u00e1rias, e<\/p>  \r\n<p>1) considerando a necessidade de uniformizar os procedimentos sobre as Comiss\u00f5es de Pesquisa\/Centros;<\/p>  \r\n<p>2) considerando que a simplifica\u00e7\u00e3o da sistem\u00e1tica \u00e9 necess\u00e1ria a agiliza\u00e7\u00e3o da Pesquisa na institui\u00e7\u00e3o;<\/p> \r\n<p>3) considerando que para a viabilidade da execu\u00e7\u00e3o de um Projeto de Pesquisa faz-se necess\u00e1ria a exist\u00eancia de recursos financeiros;<\/p>  \r\n<p>4) considerando que os recursos financeiros alocados no or\u00e7amento para a Pesquisa dependem da exist\u00eancia de Projetos de Pesquisa, que s\u00e3o as fontes e os argumentos a serem apresentados ao MEC por ocasi\u00e3o da discuss\u00e3o da proposta or\u00e7ament\u00e1ria;<\/p> \r\n<p>5) considerando que nem sempre os Projetos de Pesquisa apresentados e aprovados pelas Comiss\u00f5es de Pesquisa\/Centros ter\u00e3o assegurados, pelo or\u00e7amento, os recursos necess\u00e1rios;<\/p>  \r\n<p>6) considerando que a UFSM procurara buscar em outras fontes os recursos necess\u00e1rios aos Projetos de Pesquisas que n\u00e3o os tiverem assegurados pelo or\u00e7amento;<\/p>  \r\n<p>7) considerando, finalmente, o que ficou aprovado na 223\u00ba sess\u00e3o do CEPE, de 16.03.82 (Processo n\u00ba 63847\/82).<\/p> \r\n<br>\r\n<p><div align=\"center\">RESOLVE:<\/div><\/p>\r\n<br>\r\n<p>a) Implantar, a partir desta data, a nova sistem\u00e1tica para o funcionamento das Comiss\u00f5es de Pesquisa\/Centros, bem como a tramita\u00e7\u00e3o de Projetos de Pesquisa;<\/p>  \r\n<p> b) determinar, outrossim, que sejam observadas as seguintes provid\u00eancias:<\/p> \r\n<p> 1) At\u00e9 a data de 15 de janeiro, de cada ano, as Comiss\u00f5es de Pesquisa\/Centros, dever\u00e3o apresentar \u00e0 Pr\u00f3-Reitoria de P\u00f3s-Gradua\u00e7\u00e3o e Pesquisa e esta a Pr\u00f3-Reitoria de Planejamento, informa\u00e7\u00f5es sobre as pesquisas a serem desenvolvidas visando a elabora\u00e7\u00e3o da proposta or\u00e7ament\u00e1ria para o ano subseq\u00fcente;<\/p>  \r\n<p> 2) os Projetos de Pesquisa que demandem recursos financeiros extra-or\u00e7ament\u00e1rios, ap\u00f3s a devida aprova\u00e7\u00e3o pelos Conselhos de Centros, dever\u00e3o ser enviados atrav\u00e9s da Pr\u00f3-Reitoria de P\u00f3s-Gradua\u00e7\u00e3o e Pesquisa \u00e0 Pr\u00f3-Reitoria de Planejamento, objetivando a capta\u00e7\u00e3o de recursos financeiros, no decorrer do exerc\u00edcio financeiro;<\/p>  \r\n<p> c) tornar sem efeito a <u><a href=\"https:\/\/www.ufsm.br\/pro-reitorias\/proplan\/resolucao-n-064-1979\/\" target=\"_blank\"><font color=\"blue\">Resolu\u00e7\u00e3o n\u00ba 64, de 17 de agosto de 1979<\/font><\/a><\/u>.<\/p> \r\n<p> Gabinete do Reitor da Universidade Federal de Santa Maria, em 14 de maio de 1982.<\/p>\r\n<\/div>\r\n<p>Prof. Armando Vallandro,<\/p> \r\n<p>Reitor.<\/p>\r\n<\/strike>\r\n<p><font color=\"red0000\">Este texto n\u00e3o substitui o documento original, publicado no Portal de Documentos.<\/font> Dispon\u00edvel em: <a href=\"https:\/\/portal.ufsm.br\/documentos\/publico\/documento.html?id=5755016\" target=\"_blank\"><font color=\"blue\">https:\/\/portal.ufsm.br\/documentos\/publico\/documento.html?id=5755016<\/font><\/a>\r\n\r\n\t\t<\/div>\n\t\t\t\t<\/div>\n\t\t\t\t\t<\/div>\n\t\t<\/div>\n\t\t\t\t\t<\/div>\n\t\t<\/section>\n\t\t\t\t<\/div>\n\t\t","protected":false},"excerpt":{"rendered":"<p>RESOLU\u00c7\u00c3O N. 010\/1982 MINIST\u00c9RIO DA EDUCA\u00c7\u00c3O E CULTURA UNIVERSIDADE FEDERAL DE SANTA MARIA GABINETE DO REITOR RESOLU\u00c7\u00c3O N\u00ba 10\/82, de 14 de maio de 1982 Implanta a nova sistem\u00e1tica sobre o funcionamento das Comiss\u00f5es de Pesquisa Centros e a tramita\u00e7\u00e3o de Projeto de Pesquisa. Alterada pela Resolu\u00e7\u00e3o N. 019\/1982A Revogada pela Resolu\u00e7\u00e3o N. 020\/2019 O [&hellip;]<\/p>\n","protected":false},"author":205,"featured_media":0,"parent":0,"menu_order":0,"comment_status":"closed","ping_status":"closed","template":"","meta":{"footnotes":""},"categories":[],"tags":[],"class_list":["post-3743","page","type-page","status-publish","hentry"],"acf":[],"_links":{"self":[{"href":"https:\/\/www.ufsm.br\/pro-reitorias\/proplan\/wp-json\/wp\/v2\/pages\/3743","targetHints":{"allow":["GET"]}}],"collection":[{"href":"https:\/\/www.ufsm.br\/pro-reitorias\/proplan\/wp-json\/wp\/v2\/pages"}],"about":[{"href":"https:\/\/www.ufsm.br\/pro-reitorias\/proplan\/wp-json\/wp\/v2\/types\/page"}],"author":[{"embeddable":true,"href":"https:\/\/www.ufsm.br\/pro-reitorias\/proplan\/wp-json\/wp\/v2\/users\/205"}],"replies":[{"embeddable":true,"href":"https:\/\/www.ufsm.br\/pro-reitorias\/proplan\/wp-json\/wp\/v2\/comments?post=3743"}],"version-history":[{"count":0,"href":"https:\/\/www.ufsm.br\/pro-reitorias\/proplan\/wp-json\/wp\/v2\/pages\/3743\/revisions"}],"wp:attachment":[{"href":"https:\/\/www.ufsm.br\/pro-reitorias\/proplan\/wp-json\/wp\/v2\/media?parent=3743"}],"wp:term":[{"taxonomy":"category","embeddable":true,"href":"https:\/\/www.ufsm.br\/pro-reitorias\/proplan\/wp-json\/wp\/v2\/categories?post=3743"},{"taxonomy":"post_tag","embeddable":true,"href":"https:\/\/www.ufsm.br\/pro-reitorias\/proplan\/wp-json\/wp\/v2\/tags?post=3743"}],"curies":[{"name":"wp","href":"https:\/\/api.w.org\/{rel}","templated":true}]}}