{"id":3746,"date":"2020-05-20T18:24:34","date_gmt":"2020-05-20T21:24:34","guid":{"rendered":"https:\/\/www.ufsm.br\/pro-reitorias\/proplan\/?page_id=3746"},"modified":"2020-05-20T18:28:52","modified_gmt":"2020-05-20T21:28:52","slug":"resolucao-n-013-1982","status":"publish","type":"page","link":"https:\/\/www.ufsm.br\/pro-reitorias\/proplan\/resolucao-n-013-1982","title":{"rendered":"Resolu\u00e7\u00e3o N. 013\/1982"},"content":{"rendered":"\t\t<div data-elementor-type=\"wp-page\" data-elementor-id=\"3746\" class=\"elementor elementor-3746\">\n\t\t\t\t\t\t<section class=\"elementor-section elementor-top-section elementor-element elementor-element-7d9c329 elementor-section-boxed elementor-section-height-default elementor-section-height-default\" data-id=\"7d9c329\" data-element_type=\"section\">\n\t\t\t\t\t\t<div class=\"elementor-container elementor-column-gap-default\">\n\t\t\t\t\t<div class=\"elementor-column elementor-col-100 elementor-top-column elementor-element elementor-element-64784d2\" data-id=\"64784d2\" data-element_type=\"column\">\n\t\t\t<div class=\"elementor-widget-wrap elementor-element-populated\">\n\t\t\t\t\t\t<div class=\"elementor-element elementor-element-6a9e26e elementor-widget elementor-widget-html\" data-id=\"6a9e26e\" data-element_type=\"widget\" data-widget_type=\"html.default\">\n\t\t\t\t<div class=\"elementor-widget-container\">\n\t\t\t\r\n\r\n\r\n<title><b>RESOLU\u00c7\u00c3O N. 013\/1982<\/b><\/title>\r\n\r\n\r\n<div align=\"center\"><img decoding=\"async\" src=\"https:\/\/www.ufsm.br\/pro-reitorias\/proplan\/wp-content\/uploads\/sites\/344\/2019\/09\/brasao-da-republica-do-brasil-logo.png\" alt=\"Bras\u00e3o Rep\u00fablica Federativa do Brasil\" width=\"6%\" height=\"6%\"><\/div>    \r\n<h1><font color=\"blue\"><font size=\"5\"><div align=\"center\">MINIST\u00c9RIO DA EDUCA\u00c7\u00c3O E CULTURA<\/b><\/font><\/font><\/div><\/H1>\r\n<p><b><font color=\"0000blue\"><div align=\"center\">UNIVERSIDADE FEDERAL DE SANTA MARIA<\/b><\/font><\/div><\/p>\r\n<p><font color=\"blue\"><div align=\"center\"><b>GABINETE DO REITOR<\/b><\/font><\/font><\/div>\r\n<p><div align=\"center\"><b><a href=\"https:\/\/portal.ufsm.br\/documentos\/publico\/documento.html?id=5755028\" target=\"_blank\"><font color=\"blue\"><u>RESOLU\u00c7\u00c3O N\u00ba 13\/82, de 19 de agosto de 1982<\/u><\/font><\/a><\/b><\/div><\/p>\r\n<br>\r\n<p><strike><div align=\"right\"><font color=\"800000\">Fixa normas para distribui\u00e7\u00e3o e preenchimento de vagas para alunos monitores e d\u00e1 outras provid\u00eancias.<\/font><\/div><\/strike><\/p>\r\n<br>\r\n<p><u><a href=\"https:\/\/www.ufsm.br\/pro-reitorias\/proplan\/resolucao-n-022-1982\/\" target=\"_blank\"><font color=\"blue\">Revogada pela Resolu\u00e7\u00e3o N. 022\/1982<\/font><\/a><\/u><\/p>\r\n<br>\r\n<strike>\r\n<br><div align=\"justify\">\r\n<p>O REITOR DA UNIVERSIDADE FEDERAL DE SANTA MARIA, no uso de suas atribui\u00e7\u00f5es legais e estatut\u00e1rias, e tendo em vista o que consta no Processo n\u00ba 76.744\/82, aprovado pelo CEPE, em sua 233\u00aa sess\u00e3o,<\/p> \r\n<br>\r\n<p><div align=\"center\">RESOLVE:<\/div><\/p>\r\n<br>\r\n<p>I - Estabelecer que o n\u00famero de vagas para alunos monitores, com vig\u00eancia at\u00e9 15 de dezembro de 1982, sem possibilidade de altera\u00e7\u00f5es, \u00e9 o seguinte, por Centro:<\/p> \r\n<p>- Centro de Artes e Letras ................................................................................ 22<\/p>\r\n<p>- Centro de Ci\u00eancias Rurais ............................................................................. 45<\/p> \r\n<p>- Centro de Ci\u00eancias Sociais e Humanas .............................................. 24<\/p> \r\n<p>- Centro de Ci\u00eancias Naturais e Exatas ................................................. 49<\/p>\r\n<p>- Centro de Educa\u00e7\u00e3o F\u00edsica e Desportos ........................................... 08<\/p>\r\n<p>- Centro de Educa\u00e7\u00e3o ......................................................................................... 02<\/p>\r\n<p>- Centro de Ci\u00eancias da Sa\u00fade ..................................................................... 63<\/p> \r\n<p>- Centro de Tecnologia ....................................................................................... 28<\/p> \r\n<p>TOTAL ............................................................................................................................ 241<\/p> \r\n<p>II - Determinar ao Centro de Educa\u00e7\u00e3o que, tendo sido constatada a exist\u00eancia de uma vaga n\u00e3o distribu\u00edda, sua Dire\u00e7\u00e3o dever\u00e1, desde logo, e com vig\u00eancia at\u00e9 15.12.1982, promover a publica\u00e7\u00e3o de Edital de Sele\u00e7\u00e3o, para seu preenchimento, ficando o efetivo desse Centro com 03 (tr\u00eas) vagas.<\/p> \r\n<p>III - Determinar mais o que se segue:<\/p> \r\n<p>a) que cabe aos Senhores Diretores de Centros a iniciativa da publica\u00e7\u00e3o de Editais para preenchimento de vagas que ocorram em raz\u00e3o de desist\u00eancia ou formatura de alunos monitores;<\/p>\r\n<p>b) que cabe a cada Centro, atrav\u00e9s do respectivo Conselho, com base no n\u00famero de vagas atribu\u00eddas pelo CEPE, a distribui\u00e7\u00e3o das mesmas aos Departamentos, presente as necessidades de cada um;<\/p> \r\n<p>c) que toda a solicita\u00e7\u00e3o de novas vagas para alunos monitores para 1983, dever\u00e1 partir do Departamento, atrav\u00e9s de justificativa dirigida ao Diretor do Centro que, aceitando as raz\u00f5es invocadas, por sua vez, encaminhar\u00e1 o expediente \u00e0 PRAE que o remeter\u00e1 ao CEPE para estudos e aprova\u00e7\u00e3o;<\/p> \r\n<p>d) que cabe \u00e0 PRAE determinar o prazo para recebimento dos pedidos enfocados no item anterior;<\/p> \r\n<p>e) que ocorrendo vac\u00e2ncia no per\u00edodo de vig\u00eancia da monitoria, caber\u00e1 ao Centro a iniciativa de preenchimento da vaga atrav\u00e9s do competente Edital de Sele\u00e7\u00e3o;<\/p> \r\n<p>f) que, de acordo com a decis\u00e3o do CEPE, adotada em sua 233\u00aa Sess\u00e3o, o controle de freq\u00fc\u00eancia e o pagamento aos alunos monitores s\u00e3o de responsabilidade do Senhor Pr\u00f3-Reitor de Assuntos Estudantis.<\/p> \r\n<p>IV - Revogam-se as disposi\u00e7\u00f5es em contr\u00e1rio.<\/p>\r\n<\/div>\r\n<p>Prof. Armando Vallandro,<\/p> \r\n<p>Reitor.<\/p>\r\n<\/strike>\r\n<p><font color=\"red0000\">Este texto n\u00e3o substitui o documento original, publicado no Portal de Documentos.<\/font> Dispon\u00edvel em: <a href=\"https:\/\/portal.ufsm.br\/documentos\/publico\/documento.html?id=5755028\" target=\"_blank\"><font color=\"blue\">https:\/\/portal.ufsm.br\/documentos\/publico\/documento.html?id=5755028<\/font><\/a>\r\n\r\n\t\t<\/div>\n\t\t\t\t<\/div>\n\t\t\t\t\t<\/div>\n\t\t<\/div>\n\t\t\t\t\t<\/div>\n\t\t<\/section>\n\t\t\t\t<\/div>\n\t\t","protected":false},"excerpt":{"rendered":"<p>RESOLU\u00c7\u00c3O N. 013\/1982 MINIST\u00c9RIO DA EDUCA\u00c7\u00c3O E CULTURA UNIVERSIDADE FEDERAL DE SANTA MARIA GABINETE DO REITOR RESOLU\u00c7\u00c3O N\u00ba 13\/82, de 19 de agosto de 1982 Fixa normas para distribui\u00e7\u00e3o e preenchimento de vagas para alunos monitores e d\u00e1 outras provid\u00eancias. Revogada pela Resolu\u00e7\u00e3o N. 022\/1982 O REITOR DA UNIVERSIDADE FEDERAL DE SANTA MARIA, no uso [&hellip;]<\/p>\n","protected":false},"author":205,"featured_media":0,"parent":0,"menu_order":0,"comment_status":"closed","ping_status":"closed","template":"","meta":{"footnotes":""},"categories":[],"tags":[],"class_list":["post-3746","page","type-page","status-publish","hentry"],"acf":[],"_links":{"self":[{"href":"https:\/\/www.ufsm.br\/pro-reitorias\/proplan\/wp-json\/wp\/v2\/pages\/3746","targetHints":{"allow":["GET"]}}],"collection":[{"href":"https:\/\/www.ufsm.br\/pro-reitorias\/proplan\/wp-json\/wp\/v2\/pages"}],"about":[{"href":"https:\/\/www.ufsm.br\/pro-reitorias\/proplan\/wp-json\/wp\/v2\/types\/page"}],"author":[{"embeddable":true,"href":"https:\/\/www.ufsm.br\/pro-reitorias\/proplan\/wp-json\/wp\/v2\/users\/205"}],"replies":[{"embeddable":true,"href":"https:\/\/www.ufsm.br\/pro-reitorias\/proplan\/wp-json\/wp\/v2\/comments?post=3746"}],"version-history":[{"count":0,"href":"https:\/\/www.ufsm.br\/pro-reitorias\/proplan\/wp-json\/wp\/v2\/pages\/3746\/revisions"}],"wp:attachment":[{"href":"https:\/\/www.ufsm.br\/pro-reitorias\/proplan\/wp-json\/wp\/v2\/media?parent=3746"}],"wp:term":[{"taxonomy":"category","embeddable":true,"href":"https:\/\/www.ufsm.br\/pro-reitorias\/proplan\/wp-json\/wp\/v2\/categories?post=3746"},{"taxonomy":"post_tag","embeddable":true,"href":"https:\/\/www.ufsm.br\/pro-reitorias\/proplan\/wp-json\/wp\/v2\/tags?post=3746"}],"curies":[{"name":"wp","href":"https:\/\/api.w.org\/{rel}","templated":true}]}}