{"id":3749,"date":"2020-05-20T18:33:24","date_gmt":"2020-05-20T21:33:24","guid":{"rendered":"https:\/\/www.ufsm.br\/pro-reitorias\/proplan\/?page_id=3749"},"modified":"2020-05-20T18:34:44","modified_gmt":"2020-05-20T21:34:44","slug":"resolucao-n-015-1982","status":"publish","type":"page","link":"https:\/\/www.ufsm.br\/pro-reitorias\/proplan\/resolucao-n-015-1982","title":{"rendered":"Resolu\u00e7\u00e3o N. 015\/1982"},"content":{"rendered":"\t\t<div data-elementor-type=\"wp-page\" data-elementor-id=\"3749\" class=\"elementor elementor-3749\">\n\t\t\t\t\t\t<section class=\"elementor-section elementor-top-section elementor-element elementor-element-c08c57f elementor-section-boxed elementor-section-height-default elementor-section-height-default\" data-id=\"c08c57f\" data-element_type=\"section\">\n\t\t\t\t\t\t<div class=\"elementor-container elementor-column-gap-default\">\n\t\t\t\t\t<div class=\"elementor-column elementor-col-100 elementor-top-column elementor-element elementor-element-82fe768\" data-id=\"82fe768\" data-element_type=\"column\">\n\t\t\t<div class=\"elementor-widget-wrap elementor-element-populated\">\n\t\t\t\t\t\t<div class=\"elementor-element elementor-element-96108ba elementor-widget elementor-widget-html\" data-id=\"96108ba\" data-element_type=\"widget\" data-widget_type=\"html.default\">\n\t\t\t\t<div class=\"elementor-widget-container\">\n\t\t\t\r\n\r\n\r\n<title><b>RESOLU\u00c7\u00c3O N. 015\/1982<\/b><\/title>\r\n\r\n\r\n<div align=\"center\"><img decoding=\"async\" src=\"https:\/\/www.ufsm.br\/pro-reitorias\/proplan\/wp-content\/uploads\/sites\/344\/2019\/09\/brasao-da-republica-do-brasil-logo.png\" alt=\"Bras\u00e3o Rep\u00fablica Federativa do Brasil\" width=\"6%\" height=\"6%\"><\/div>    \r\n<h1><font color=\"blue\"><font size=\"5\"><div align=\"center\">MINIST\u00c9RIO DA EDUCA\u00c7\u00c3O E CULTURA<\/b><\/font><\/font><\/div><\/H1>\r\n<p><b><font color=\"0000blue\"><div align=\"center\">UNIVERSIDADE FEDERAL DE SANTA MARIA<\/b><\/font><\/div><\/p>\r\n<p><font color=\"blue\"><div align=\"center\"><b>GABINETE DO REITOR<\/b><\/font><\/font><\/div>\r\n<p><div align=\"center\"><b><a href=\"https:\/\/portal.ufsm.br\/documentos\/publico\/documento.html?id=5755037\" target=\"_blank\"><font color=\"blue\"><u>RESOLU\u00c7\u00c3O N\u00ba 15\/82, de 31 de agosto de 1982<\/u><\/font><\/a><\/b><\/div><\/p>\r\n<br>\r\n<p><div align=\"right\"><font color=\"800000\">Institui, na UFSM, o Programa de Racionaliza\u00e7\u00e3o Administrativa, estabelece diretrizes para seu desenvolvimento e d\u00e1 outras provid\u00eancias.<\/font><\/div><\/p>\r\n<br>\r\n<br><div align=\"justify\">\r\n<p>O REITOR DA UNIVERSIDADE FEDERAL DE SANTA MARIA, no uso de suas atribui\u00e7\u00f5es legais e estatut\u00e1rias, e<\/p> \r\n<p>- considerando as preocupa\u00e7\u00f5es da Administra\u00e7\u00e3o Superior da Institui\u00e7\u00e3o na busca da racionaliza\u00e7\u00e3o e de maior efici\u00eancia administrativa;<\/p>\r\n<p>- considerando que as Institui\u00e7\u00f5es de Ensino Superior (TES) oficiais buscam f\u00f3rmulas que as viabilizem num contexto! de maior autonomia;<\/p> \r\n<p>- considerando que neste quadro de inova\u00e7\u00f5es e desafios, os sistemas e processos administrativos internos constituem-se em elementos-chaves para o \u00eaxito das mudan\u00e7as; e<\/p> \r\n<p>- considerando a pol\u00edtica da atual Administra\u00e7\u00e3o de valoriza\u00e7\u00e3o de seus recursos humanos, de forma a capacit\u00e1-los para os objetivos de reforma e moderniza\u00e7\u00e3o,<\/p> \r\n<br>\r\n<p><div align=\"center\">RESOLVE:<\/div><\/p>\r\n<br>\r\n<p>1 - Instituir, no \u00e2mbito desta Universidade, como atividade permanente e sistem\u00e1tica, o Programa de Racionaliza\u00e7\u00e3o Administrativa na forma estabelecida nesta Resolu\u00e7\u00e3o. O Programa de Racionaliza\u00e7\u00e3o Administrativa consiste no estudo e an\u00e1lise de situa\u00e7\u00f5es e na aplica\u00e7\u00e3o de t\u00e9cnicas, objetivando maior efici\u00eancia e redu\u00e7\u00e3o de custos operacionais na realiza\u00e7\u00e3o de trabalhos e tarefas administrativas.<\/p>\r\n<p>2 - Atribuir \u00e0 Pr\u00f3-Reitoria de Planejamento, atrav\u00e9s de sua Coordenadoria de Planejamento Administrativo, a programa\u00e7\u00e3o, coordena\u00e7\u00e3o, acompanhamento e avalia\u00e7\u00e3o dos projetos de Racionaliza\u00e7\u00e3o Administrativa que ser\u00e3o gradualmente desenvolvidos.<\/p>\r\n<p>3 - Atribuir \u00e0 Pr\u00f3-Reitoria de Administra\u00e7\u00e3o, atrav\u00e9s do Departamento de Pessoal, especialmente de sua Divis\u00e3o de Recrutamento, Sele\u00e7\u00e3o e Aperfei\u00e7oamento, a programa\u00e7\u00e3o, coordena\u00e7\u00e3o, acompanhamento e avalia\u00e7\u00e3o dos projetos de treinamento de interesse do Programa de Racionaliza\u00e7\u00e3o Administrativa, devendo para tal manter articula\u00e7\u00e3o com a Coordenadoria de Planejamento Administrativo da Pr\u00f3-Reitoria de Planejamento.<\/p> \r\n<p>4 - Revogam-se as disposi\u00e7\u00f5es em contr\u00e1rio.<\/p> \r\n<p>Gabinete do Reitor da Universidade Federal de Santa Maria, 31 de agosto de 1982.<\/p>\r\n<\/div>\r\n<p>Prof. Armando Vallandro,<\/p> \r\n<p>Reitor.<\/p>\r\n<p><font color=\"red0000\">Este texto n\u00e3o substitui o documento original, publicado no Portal de Documentos.<\/font> Dispon\u00edvel em: <a href=\"https:\/\/portal.ufsm.br\/documentos\/publico\/documento.html?id=5755037\" target=\"_blank\"><font color=\"blue\">https:\/\/portal.ufsm.br\/documentos\/publico\/documento.html?id=5755037<\/font><\/a>\r\n\r\n\t\t<\/div>\n\t\t\t\t<\/div>\n\t\t\t\t\t<\/div>\n\t\t<\/div>\n\t\t\t\t\t<\/div>\n\t\t<\/section>\n\t\t\t\t<\/div>\n\t\t","protected":false},"excerpt":{"rendered":"<p>RESOLU\u00c7\u00c3O N. 015\/1982 MINIST\u00c9RIO DA EDUCA\u00c7\u00c3O E CULTURA UNIVERSIDADE FEDERAL DE SANTA MARIA GABINETE DO REITOR RESOLU\u00c7\u00c3O N\u00ba 15\/82, de 31 de agosto de 1982 Institui, na UFSM, o Programa de Racionaliza\u00e7\u00e3o Administrativa, estabelece diretrizes para seu desenvolvimento e d\u00e1 outras provid\u00eancias. O REITOR DA UNIVERSIDADE FEDERAL DE SANTA MARIA, no uso de suas atribui\u00e7\u00f5es [&hellip;]<\/p>\n","protected":false},"author":205,"featured_media":0,"parent":0,"menu_order":0,"comment_status":"closed","ping_status":"closed","template":"","meta":{"footnotes":""},"categories":[],"tags":[],"class_list":["post-3749","page","type-page","status-publish","hentry"],"acf":[],"_links":{"self":[{"href":"https:\/\/www.ufsm.br\/pro-reitorias\/proplan\/wp-json\/wp\/v2\/pages\/3749","targetHints":{"allow":["GET"]}}],"collection":[{"href":"https:\/\/www.ufsm.br\/pro-reitorias\/proplan\/wp-json\/wp\/v2\/pages"}],"about":[{"href":"https:\/\/www.ufsm.br\/pro-reitorias\/proplan\/wp-json\/wp\/v2\/types\/page"}],"author":[{"embeddable":true,"href":"https:\/\/www.ufsm.br\/pro-reitorias\/proplan\/wp-json\/wp\/v2\/users\/205"}],"replies":[{"embeddable":true,"href":"https:\/\/www.ufsm.br\/pro-reitorias\/proplan\/wp-json\/wp\/v2\/comments?post=3749"}],"version-history":[{"count":0,"href":"https:\/\/www.ufsm.br\/pro-reitorias\/proplan\/wp-json\/wp\/v2\/pages\/3749\/revisions"}],"wp:attachment":[{"href":"https:\/\/www.ufsm.br\/pro-reitorias\/proplan\/wp-json\/wp\/v2\/media?parent=3749"}],"wp:term":[{"taxonomy":"category","embeddable":true,"href":"https:\/\/www.ufsm.br\/pro-reitorias\/proplan\/wp-json\/wp\/v2\/categories?post=3749"},{"taxonomy":"post_tag","embeddable":true,"href":"https:\/\/www.ufsm.br\/pro-reitorias\/proplan\/wp-json\/wp\/v2\/tags?post=3749"}],"curies":[{"name":"wp","href":"https:\/\/api.w.org\/{rel}","templated":true}]}}