{"id":3752,"date":"2020-05-20T18:33:38","date_gmt":"2020-05-20T21:33:38","guid":{"rendered":"https:\/\/www.ufsm.br\/pro-reitorias\/proplan\/?page_id=3752"},"modified":"2020-05-20T18:35:14","modified_gmt":"2020-05-20T21:35:14","slug":"resolucao-n-018-1982","status":"publish","type":"page","link":"https:\/\/www.ufsm.br\/pro-reitorias\/proplan\/resolucao-n-018-1982","title":{"rendered":"Resolu\u00e7\u00e3o N. 018\/1982"},"content":{"rendered":"\t\t<div data-elementor-type=\"wp-page\" data-elementor-id=\"3752\" class=\"elementor elementor-3752\">\n\t\t\t\t\t\t<section class=\"elementor-section elementor-top-section elementor-element elementor-element-bac0651 elementor-section-boxed elementor-section-height-default elementor-section-height-default\" data-id=\"bac0651\" data-element_type=\"section\">\n\t\t\t\t\t\t<div class=\"elementor-container elementor-column-gap-default\">\n\t\t\t\t\t<div class=\"elementor-column elementor-col-100 elementor-top-column elementor-element elementor-element-34d34e0\" data-id=\"34d34e0\" data-element_type=\"column\">\n\t\t\t<div class=\"elementor-widget-wrap elementor-element-populated\">\n\t\t\t\t\t\t<div class=\"elementor-element elementor-element-2430f95 elementor-widget elementor-widget-html\" data-id=\"2430f95\" data-element_type=\"widget\" data-widget_type=\"html.default\">\n\t\t\t\t<div class=\"elementor-widget-container\">\n\t\t\t\r\n\r\n\r\n<title><b>RESOLU\u00c7\u00c3O N. 018\/1982<\/b><\/title>\r\n\r\n\r\n<div align=\"center\"><img decoding=\"async\" src=\"https:\/\/www.ufsm.br\/pro-reitorias\/proplan\/wp-content\/uploads\/sites\/344\/2019\/09\/brasao-da-republica-do-brasil-logo.png\" alt=\"Bras\u00e3o Rep\u00fablica Federativa do Brasil\" width=\"6%\" height=\"6%\"><\/div>    \r\n<h1><font color=\"blue\"><font size=\"5\"><div align=\"center\">MINIST\u00c9RIO DA EDUCA\u00c7\u00c3O E CULTURA<\/b><\/font><\/font><\/div><\/H1>\r\n<p><b><font color=\"0000blue\"><div align=\"center\">UNIVERSIDADE FEDERAL DE SANTA MARIA<\/b><\/font><\/div><\/p>\r\n<p><font color=\"blue\"><div align=\"center\"><b>GABINETE DO REITOR<\/b><\/font><\/font><\/div>\r\n<p><div align=\"center\"><b><a href=\"https:\/\/portal.ufsm.br\/documentos\/publico\/documento.html?id=5755049\" target=\"_blank\"><font color=\"blue\"><u>RESOLU\u00c7\u00c3O N\u00ba 18\/82, de 21 de outubro de 1982<\/u><\/font><\/a><\/b><\/div><\/p>\r\n<br>\r\n<p><strike><div align=\"right\"><font color=\"800000\">Institui nos Departamentos Did\u00e1ticos da UFSM a Comiss\u00e3o de Acompanhamento e Avalia\u00e7\u00e3o de Docentes.<\/font><\/div><\/strike><\/p>\r\n<br>\r\n<p><u><a href=\"https:\/\/www.ufsm.br\/pro-reitorias\/proplan\/resolucao-n-020-2019\/\" target=\"_blank\"><font color=\"blue\">Revogada pela Resolu\u00e7\u00e3o N. 020\/2019<\/font><\/a><\/u><\/p>\r\n<br>\r\n<strike>\r\n<br><div align=\"justify\">\r\n<p>O REITOR DA UNIVERSIDADE FEDERAL DE SANTA MARIA, no uso de suas atribui\u00e7\u00f5es legais e estatut\u00e1rias, e:<\/p> \r\n<p>a) considerando o contido no <u><a href=\"http:\/\/www.planalto.gov.br\/ccivil_03\/decreto\/1980-1989\/1980-1984\/D85487.htm\" target=\"_blank\"><font color=\"blue\">Decreto n\u00ba 85.487, de 11 de dezembro de 1980<\/font><\/a><\/u>, que disp\u00f5e sobre a carreira do magist\u00e9rio superior nas Institui\u00e7\u00f5es Federais Aut\u00e1rquicas e d\u00e1 outras provid\u00eancias;<\/p> \r\n<p>b) considerando os termos da Portaria MEC-393 de 16 de junho de 1981, que disp\u00f5e sobre o regime de trabalho, acompanhamento e avalia\u00e7\u00e3o do desenvolvimento dos docentes na carreira do magist\u00e9rio superior das autarquias federais, e<\/p> \r\n<p>c) considerando as provid\u00eancias arroladas no Processo UFSM n\u00famero \/82 da Comiss\u00e3o Permanente de Pessoal Docente,<\/p> \r\n<br>\r\n<p><div align=\"center\">RESOLVE:<\/div><\/p>\r\n<br>\r\n<p>Artigo 1\u00ba - Fica institu\u00edda, em cada Departamento Did\u00e1tico, a Comiss\u00e3o de Acompanhamento e Avalia\u00e7\u00e3o de Docentes, integrada por 03 (tr\u00eas) professores e 01 (um) representante discente, cabendo a escolha do presidente ser feita entre os representantes docentes.<\/p> \r\n<p>Artigo 2\u00ba - Os professores integrantes da Comiss\u00e3o ser\u00e3o eleitos pelo plen\u00e1rio departamental, por um per\u00edodo de 02 (dois) anos, podendo ser reconduzido por mais um per\u00edodo.<\/p> \r\n<p>Artigo 3\u00ba - O representante discente ser\u00e1 indicado pelo Diret\u00f3rio Setorial do Centro onde se encontra o Departamento, devendo a escolha recair entre alunos matriculados em disciplina do Departamento em quest\u00e3o, com mandato de 01 (um) ano, podendo haver uma recondu\u00e7\u00e3o.<\/p> \r\n<p>Artigo 4\u00ba - Compete a Comiss\u00e3o de Acompanhamento e Avalia\u00e7\u00e3o de Docentes:<\/p> \r\n<p>a) emitir parecer nos planos individuais de trabalho;<\/p> \r\n<p>b) acompanhar o desenvolvimento dos planos individuais durante o per\u00edodo letivo, em conson\u00e2ncia com o plano departamental;<\/p> \r\n<p>c) avaliar os resultados alcan\u00e7ados pelo docente no final do per\u00edodo;<\/p> \r\n<p>d) elaborar relat\u00f3rio expositivo e conclusivo, semestral ou anual, sobre o desempenho do docente, anexando o relat\u00f3rio deste e os informes que forem obtidos de docentes no exerc\u00edcio de representa\u00e7\u00e3o, chefias, coordena\u00e7\u00e3o e dire\u00e7\u00e3o;<\/p> \r\n<p>e) instaurar processos, instru\u00ed-los e neles emitir parecer nos casos de Progress\u00e3o Vertical de Professor Auxiliar e de Professor Assis tente, quando por t\u00e9rmino de interst\u00edcio no final da classe, encaminhando-os \u00e0 Comiss\u00e3o Permanente de Pessoal Docente para as provid\u00eancias.<\/p> \r\n<p>Artigo 5\u00ba - Os processos das Comiss\u00f5es de Acompanhamento e Avalia\u00e7\u00e3o de Docentes dever\u00e3o ser aprovados pela Comiss\u00e3o Permanente de Pessoal Docente e os pareceres que n\u00e3o forem homologados retornar\u00e3o aos Departamentos para nova aprecia\u00e7\u00e3o.<\/p> \r\n<p>Artigo 6\u00ba - Os superiores hier\u00e1rquicos proceder\u00e3o ao acompanhamento e a avalia\u00e7\u00e3o dos docentes com exerc\u00edcio em \u00f3rg\u00e3os da Administra\u00e7\u00e3o da Universidade e dever\u00e3o elaborar o relat\u00f3rio previsto na letra \"d\" do Artigo 4\u00ba desta Resolu\u00e7\u00e3o e envi\u00e1-lo ao Departamento respectivo.<\/p> \r\n<p>Artigo 7\u00ba - Dos atos da Comiss\u00e3o de Acompanhamento e Avalia\u00e7\u00e3o de Docentes caber\u00e1 recurso para o plen\u00e1rio do Departamento, no prazo de 10 (dez) dias, contados da ci\u00eancia do interessado.<\/p> \r\n<p>Artigo 8\u00ba Os casos omissos ser\u00e3o resolvidos pela Comiss\u00e3o Permanente de Pessoal Docente.<\/p> \r\n<p>Artigo 9\u00ba Esta Resolu\u00e7\u00e3o entra em vigor nesta data, cabendo aos Departamentos Did\u00e1ticos um prazo improrrog\u00e1vel de 15 (quinze) dias para a instala\u00e7\u00e3o das Comiss\u00f5es, devendo sua composi\u00e7\u00e3o ser comunicada \u00e0 Comiss\u00e3o Permanente de Pessoal Docente.<\/p> \r\n<p>GABINETE DO REITOR DA UNIVERSIDADE FEDERAL DE SANTA MARIA, aos vinte e dois dias do m\u00eas de outubro de mil novecentos e oitenta e dois.<\/p>\r\n<\/div>\r\n<p>Prof. Armando Vallandro,<\/p> \r\n<p>Reitor.<\/p>\r\n<\/strike>\r\n<p><font color=\"red0000\">Este texto n\u00e3o substitui o documento original, publicado no Portal de Documentos.<\/font> Dispon\u00edvel em: <a href=\"https:\/\/portal.ufsm.br\/documentos\/publico\/documento.html?id=5755049\" target=\"_blank\"><font color=\"blue\">https:\/\/portal.ufsm.br\/documentos\/publico\/documento.html?id=5755049<\/font><\/a>\r\n\r\n\t\t<\/div>\n\t\t\t\t<\/div>\n\t\t\t\t\t<\/div>\n\t\t<\/div>\n\t\t\t\t\t<\/div>\n\t\t<\/section>\n\t\t\t\t<\/div>\n\t\t","protected":false},"excerpt":{"rendered":"<p>RESOLU\u00c7\u00c3O N. 018\/1982 MINIST\u00c9RIO DA EDUCA\u00c7\u00c3O E CULTURA UNIVERSIDADE FEDERAL DE SANTA MARIA GABINETE DO REITOR RESOLU\u00c7\u00c3O N\u00ba 18\/82, de 21 de outubro de 1982 Institui nos Departamentos Did\u00e1ticos da UFSM a Comiss\u00e3o de Acompanhamento e Avalia\u00e7\u00e3o de Docentes. Revogada pela Resolu\u00e7\u00e3o N. 020\/2019 O REITOR DA UNIVERSIDADE FEDERAL DE SANTA MARIA, no uso de [&hellip;]<\/p>\n","protected":false},"author":205,"featured_media":0,"parent":0,"menu_order":0,"comment_status":"closed","ping_status":"closed","template":"","meta":{"footnotes":""},"categories":[],"tags":[],"class_list":["post-3752","page","type-page","status-publish","hentry"],"acf":[],"_links":{"self":[{"href":"https:\/\/www.ufsm.br\/pro-reitorias\/proplan\/wp-json\/wp\/v2\/pages\/3752","targetHints":{"allow":["GET"]}}],"collection":[{"href":"https:\/\/www.ufsm.br\/pro-reitorias\/proplan\/wp-json\/wp\/v2\/pages"}],"about":[{"href":"https:\/\/www.ufsm.br\/pro-reitorias\/proplan\/wp-json\/wp\/v2\/types\/page"}],"author":[{"embeddable":true,"href":"https:\/\/www.ufsm.br\/pro-reitorias\/proplan\/wp-json\/wp\/v2\/users\/205"}],"replies":[{"embeddable":true,"href":"https:\/\/www.ufsm.br\/pro-reitorias\/proplan\/wp-json\/wp\/v2\/comments?post=3752"}],"version-history":[{"count":0,"href":"https:\/\/www.ufsm.br\/pro-reitorias\/proplan\/wp-json\/wp\/v2\/pages\/3752\/revisions"}],"wp:attachment":[{"href":"https:\/\/www.ufsm.br\/pro-reitorias\/proplan\/wp-json\/wp\/v2\/media?parent=3752"}],"wp:term":[{"taxonomy":"category","embeddable":true,"href":"https:\/\/www.ufsm.br\/pro-reitorias\/proplan\/wp-json\/wp\/v2\/categories?post=3752"},{"taxonomy":"post_tag","embeddable":true,"href":"https:\/\/www.ufsm.br\/pro-reitorias\/proplan\/wp-json\/wp\/v2\/tags?post=3752"}],"curies":[{"name":"wp","href":"https:\/\/api.w.org\/{rel}","templated":true}]}}