{"id":3757,"date":"2020-05-20T18:38:00","date_gmt":"2020-05-20T21:38:00","guid":{"rendered":"https:\/\/www.ufsm.br\/pro-reitorias\/proplan\/?page_id=3757"},"modified":"2020-05-20T18:40:24","modified_gmt":"2020-05-20T21:40:24","slug":"resolucao-n-022-1982","status":"publish","type":"page","link":"https:\/\/www.ufsm.br\/pro-reitorias\/proplan\/resolucao-n-022-1982","title":{"rendered":"Resolu\u00e7\u00e3o N. 022\/1982"},"content":{"rendered":"\t\t<div data-elementor-type=\"wp-page\" data-elementor-id=\"3757\" class=\"elementor elementor-3757\">\n\t\t\t\t\t\t<section class=\"elementor-section elementor-top-section elementor-element elementor-element-55007e7 elementor-section-boxed elementor-section-height-default elementor-section-height-default\" data-id=\"55007e7\" data-element_type=\"section\">\n\t\t\t\t\t\t<div class=\"elementor-container elementor-column-gap-default\">\n\t\t\t\t\t<div class=\"elementor-column elementor-col-100 elementor-top-column elementor-element elementor-element-906a982\" data-id=\"906a982\" data-element_type=\"column\">\n\t\t\t<div class=\"elementor-widget-wrap elementor-element-populated\">\n\t\t\t\t\t\t<div class=\"elementor-element elementor-element-b0f15ce elementor-widget elementor-widget-html\" data-id=\"b0f15ce\" data-element_type=\"widget\" data-widget_type=\"html.default\">\n\t\t\t\t<div class=\"elementor-widget-container\">\n\t\t\t\r\n\r\n\r\n<title><b>RESOLU\u00c7\u00c3O N. 022\/1982<\/b><\/title>\r\n\r\n\r\n<div align=\"center\"><img decoding=\"async\" src=\"https:\/\/www.ufsm.br\/pro-reitorias\/proplan\/wp-content\/uploads\/sites\/344\/2019\/09\/brasao-da-republica-do-brasil-logo.png\" alt=\"Bras\u00e3o Rep\u00fablica Federativa do Brasil\" width=\"6%\" height=\"6%\"><\/div>    \r\n<h1><font color=\"blue\"><font size=\"5\"><div align=\"center\">MINIST\u00c9RIO DA EDUCA\u00c7\u00c3O E CULTURA<\/b><\/font><\/font><\/div><\/H1>\r\n<p><b><font color=\"0000blue\"><div align=\"center\">UNIVERSIDADE FEDERAL DE SANTA MARIA<\/b><\/font><\/div><\/p>\r\n<p><font color=\"blue\"><div align=\"center\"><b>GABINETE DO REITOR<\/b><\/font><\/font><\/div>\r\n<p><div align=\"center\"><b><a href=\"https:\/\/portal.ufsm.br\/documentos\/publico\/documento.html?id=5755068\" target=\"_blank\"><font color=\"blue\"><u>RESOLU\u00c7\u00c3O N\u00ba 22\/82, de 21 de dezembro de 1982<\/u><\/font><\/a><\/b><\/div><\/p>\r\n<br>\r\n<p><strike><div align=\"right\"><font color=\"800000\">Fixa normas para distribui\u00e7\u00e3o e preenchimento de vagas para alunos monitores e d\u00e1 outras provid\u00eancias.<\/font><\/div><\/strike><\/p>\r\n<br>\r\n<p><u><a href=\"https:\/\/www.ufsm.br\/pro-reitorias\/proplan\/resolucao-n-004-1984\/\" target=\"_blank\"><font color=\"blue\">Revogada pela Resolu\u00e7\u00e3o N. 004\/1984<\/font><\/a><\/u><\/p>\r\n<br>\r\n<strike>\r\n<br><div align=\"justify\">\r\n<p>O REITOR DA UNIVERSIDADE FEDERAL DE SANTA MARIA, no uso de suas atribui\u00e7\u00f5es legais e estatut\u00e1rias, e tendo em vista o que consta do Processo n\u00ba 76744\/82, aprovado pelo CEPE, em sua 233\u00aa Sess\u00e3o, com as altera\u00e7\u00f5es aprovadas no Processo n\u00ba 83.997\/82, pelo mesmo Conselho, na Sess\u00e3o n\u00ba 239, de 15.12.82,<\/p> \r\n<br>\r\n<p><div align=\"center\">RESOLVE:<\/div><\/p>\r\n<br>\r\n<p>I - Estabelecer que o n\u00famero de vagas para alunos monitores, com vig\u00eancia a partir de 1\u00ba de abril at\u00e9 30 de novembro de 1983, sem possibilidades de altera\u00e7\u00f5es, por Centro, \u00e9 o seguinte:<\/p> \r\n<p>- Centro de Artes e Letras .............................................................................................. 22<\/p> \r\n<p>- Centro de Ci\u00eancias Rurais ........................................................................................... 45<\/p> \r\n<p>- Centro de Ci\u00eancias S. Humanas .............................................................................. 24<\/p> \r\n<p>- Centro de Ci\u00eancias N. Exatas .................................................................................... 49<\/p> \r\n<p>- Centro de Educa\u00e7\u00e3o F. Desportos ......................................................................... 14<\/p> \r\n<p>- Centro de Educa\u00e7\u00e3o ......................................................................................................... 15<\/p> \r\n<p>- Centro de Ci\u00eancias da Sa\u00fade ................................................................................... 63<\/p> \r\n<p>- Centro de Tecnologia ..................................................................................................... 28<\/p> \r\n<p>II - Determinar mais o que segue:<\/p> \r\n<p>a) que cabe aos Senhores Diretores de Centros a iniciativa da publica\u00e7\u00e3o de Editais para preenchimento de vagas que ocorram em raz\u00e3o de desist\u00eancia ou formatura de alunos monitores;<\/p> \r\n<p>b) que cabe a cada Centro, atrav\u00e9s do respectivo Conselho, com base no n\u00famero de vagas atribu\u00eddas pelo CEPE, a distribui\u00e7\u00e3o das mesmas aos Departamentos, presente as necessidades de cada um;<\/p>\r\n<p>c) que toda a solicita\u00e7\u00e3o de novas vagas para alunos monitores para 1984, dever\u00e1 partir do Departamento, atrav\u00e9s de justificativa dirigida ao Diretor do Centro que, aceitando as raz\u00f5es invocadas, por sua vez, encaminhar\u00e1 o expediente \u00e0 PRAE, que o remeter\u00e1 ao CEPE para estudos;<\/p> \r\n<p>d) que cabe \u00e0 PRAE determinar o prazo para recebimento dos pedidos enfocados no item anterior;<\/p> \r\n<p>e) que, tanto para as novas vagas, bem como para as vac\u00e2ncias que ocorrerem no per\u00edodo de vig\u00eancia da monitoria, caber\u00e1 ao Centro a iniciativa do preenchimento atrav\u00e9s do competente Edital de Sele\u00e7\u00e3o;<\/p> \r\n<p>f) que, de acordo com a decis\u00e3o do CEPE, adotada em sua 233\u00aa Sess\u00e3o, o controle de freq\u00fc\u00eancia e o pagamento aos alunos monitores s\u00e3o de responsabilidade do Pr\u00f3-Reitor de Assuntos Estudantis;<\/p>\r\n<p>III - Fica estipulada para 1983, o valor de 8.076,00 (oito mil e setenta e seis cruzeiros), a remunera\u00e7\u00e3o dos alunos monitores.<\/p>\r\n<p>IV - Ficam revogadas a <u><a href=\"https:\/\/www.ufsm.br\/pro-reitorias\/proplan\/resolucao-n-013-1982\/\" target=\"_blank\"><font color=\"blue\">Resolu\u00e7\u00e3o n\u00ba 13\/82<\/font><\/a><\/u> e outras disposi\u00e7\u00f5es em contr\u00e1rio.<\/p> \r\n<\/div>\r\n<p>Prof. Armando Vallandro,<\/p> \r\n<p>Reitor.<\/p>\r\n<\/strike>\r\n<p><font color=\"red0000\">Este texto n\u00e3o substitui o documento original, publicado no Portal de Documentos.<\/font> Dispon\u00edvel em: <a href=\"https:\/\/portal.ufsm.br\/documentos\/publico\/documento.html?id=5755068\" target=\"_blank\"><font color=\"blue\">https:\/\/portal.ufsm.br\/documentos\/publico\/documento.html?id=5755068<\/font><\/a>\r\n\r\n\t\t<\/div>\n\t\t\t\t<\/div>\n\t\t\t\t\t<\/div>\n\t\t<\/div>\n\t\t\t\t\t<\/div>\n\t\t<\/section>\n\t\t\t\t<\/div>\n\t\t","protected":false},"excerpt":{"rendered":"<p>RESOLU\u00c7\u00c3O N. 022\/1982 MINIST\u00c9RIO DA EDUCA\u00c7\u00c3O E CULTURA UNIVERSIDADE FEDERAL DE SANTA MARIA GABINETE DO REITOR RESOLU\u00c7\u00c3O N\u00ba 22\/82, de 21 de dezembro de 1982 Fixa normas para distribui\u00e7\u00e3o e preenchimento de vagas para alunos monitores e d\u00e1 outras provid\u00eancias. Revogada pela Resolu\u00e7\u00e3o N. 004\/1984 O REITOR DA UNIVERSIDADE FEDERAL DE SANTA MARIA, no uso [&hellip;]<\/p>\n","protected":false},"author":205,"featured_media":0,"parent":0,"menu_order":0,"comment_status":"closed","ping_status":"closed","template":"","meta":{"footnotes":""},"categories":[],"tags":[],"class_list":["post-3757","page","type-page","status-publish","hentry"],"acf":[],"_links":{"self":[{"href":"https:\/\/www.ufsm.br\/pro-reitorias\/proplan\/wp-json\/wp\/v2\/pages\/3757","targetHints":{"allow":["GET"]}}],"collection":[{"href":"https:\/\/www.ufsm.br\/pro-reitorias\/proplan\/wp-json\/wp\/v2\/pages"}],"about":[{"href":"https:\/\/www.ufsm.br\/pro-reitorias\/proplan\/wp-json\/wp\/v2\/types\/page"}],"author":[{"embeddable":true,"href":"https:\/\/www.ufsm.br\/pro-reitorias\/proplan\/wp-json\/wp\/v2\/users\/205"}],"replies":[{"embeddable":true,"href":"https:\/\/www.ufsm.br\/pro-reitorias\/proplan\/wp-json\/wp\/v2\/comments?post=3757"}],"version-history":[{"count":0,"href":"https:\/\/www.ufsm.br\/pro-reitorias\/proplan\/wp-json\/wp\/v2\/pages\/3757\/revisions"}],"wp:attachment":[{"href":"https:\/\/www.ufsm.br\/pro-reitorias\/proplan\/wp-json\/wp\/v2\/media?parent=3757"}],"wp:term":[{"taxonomy":"category","embeddable":true,"href":"https:\/\/www.ufsm.br\/pro-reitorias\/proplan\/wp-json\/wp\/v2\/categories?post=3757"},{"taxonomy":"post_tag","embeddable":true,"href":"https:\/\/www.ufsm.br\/pro-reitorias\/proplan\/wp-json\/wp\/v2\/tags?post=3757"}],"curies":[{"name":"wp","href":"https:\/\/api.w.org\/{rel}","templated":true}]}}