{"id":3769,"date":"2020-05-26T09:13:13","date_gmt":"2020-05-26T12:13:13","guid":{"rendered":"https:\/\/www.ufsm.br\/pro-reitorias\/proplan\/?page_id=3769"},"modified":"2023-02-06T12:38:35","modified_gmt":"2023-02-06T15:38:35","slug":"resolucao-n-092-1981","status":"publish","type":"page","link":"https:\/\/www.ufsm.br\/pro-reitorias\/proplan\/resolucao-n-092-1981","title":{"rendered":"Resolu\u00e7\u00e3o N. 092\/1981"},"content":{"rendered":"\t\t<div data-elementor-type=\"wp-page\" data-elementor-id=\"3769\" class=\"elementor elementor-3769\">\n\t\t\t\t\t\t<section class=\"elementor-section elementor-top-section elementor-element elementor-element-dc3f74e elementor-section-boxed elementor-section-height-default elementor-section-height-default\" data-id=\"dc3f74e\" data-element_type=\"section\">\n\t\t\t\t\t\t<div class=\"elementor-container elementor-column-gap-default\">\n\t\t\t\t\t<div class=\"elementor-column elementor-col-100 elementor-top-column elementor-element elementor-element-220ab05\" data-id=\"220ab05\" data-element_type=\"column\">\n\t\t\t<div class=\"elementor-widget-wrap elementor-element-populated\">\n\t\t\t\t\t\t<div class=\"elementor-element elementor-element-e16e4a3 elementor-widget elementor-widget-html\" data-id=\"e16e4a3\" data-element_type=\"widget\" data-widget_type=\"html.default\">\n\t\t\t\t<div class=\"elementor-widget-container\">\n\t\t\t<title><b>RESOLU\u00c7\u00c3O N. 092\/1981<\/b><\/title>\r\n\r\n\r\n<div align=\"center\"><img decoding=\"async\" src=\"https:\/\/www.ufsm.br\/pro-reitorias\/proplan\/wp-content\/uploads\/sites\/344\/2019\/09\/brasao-da-republica-do-brasil-logo.png\" alt=\"Bras\u00e3o Rep\u00fablica Federativa do Brasil\" width=\"6%\" height=\"6%\"><\/div>    \r\n<h1><font color=\"blue\"><font size=\"5\"><div align=\"center\">SERVI\u00c7O P\u00daBLICO FEDERAL<\/font><\/font><\/div><\/H1>\r\n<p><div align=\"center\"><b><a href=\"https:\/\/portal.ufsm.br\/documentos\/publico\/documento.html?id=5754834\" target=\"_blank\"><font color=\"blue\">RESOLU\u00c7\u00c3O N\u00ba 92, de 05 de Janeiro de 1981<\/font><\/a><\/b><\/div><\/p>\r\n<br>\r\n<p><a href=\"https:\/\/www.ufsm.br\/pro-reitorias\/proplan\/resolucao-ufsm-n-101-2022\" target=\"_blank\"><font color=\"blue\">Revogada pela Resolu\u00e7\u00e3o UFSM N. 101\/2022<\/font><\/a><\/p>\r\n<p><a href=\"https:\/\/www.ufsm.br\/pro-reitorias\/proplan\/resolucao-n-003-1995\/\" target=\"_blank\"><font color=\"blue\">Atualizada pela Resolu\u00e7\u00e3o N. 003\/1995<\/font><\/a><\/p>\r\n<br>\r\n<br><div align=\"justify\">\r\n<p><s>O REITOR DA UNIVERSIDADE FEDERAL DE SANTA MARIA, no uso de suas atribui\u00e7\u00f5es legais e estatut\u00e1rias, e tendo em vista o que consta do Processo n\u00ba 28.127\/80 e <u><a href=\"http:\/\/www.planalto.gov.br\/ccivil_03\/decreto\/1980-1989\/1980-1984\/D85487.htm\" target=\"_blank\"><font color=\"blue\">Decreto n\u00ba 85.487 de 11\/12\/80<\/font><\/a><\/u>,<\/p>\r\n<br>\r\n<p><div align=\"center\"><b>RESOLVE:<\/b><\/div><\/p>\r\n<br>\r\n<p>1 - Revogar, a partir de 01\/01\/1981, a <u><a href=\"https:\/\/www.ufsm.br\/pro-reitorias\/proplan\/resolucao-n-063-1979\/\" target=\"_blank\"><font color=\"blue\">Resolu\u00e7\u00e3o n\u00ba 63, de 01\/09\/1979<\/font><\/a><\/u> que concedia os Incentivos II (Doutor) e III (Mestrado), aos docentes portadores de t\u00edtulos obtidos no exterior, n\u00e3o revalidados, ou obtidos no Pa\u00eds em cursos ainda n\u00e3o credenciados, e autorizava a COPERT a conceder, mediante requerimento pr\u00f3prio, em car\u00e1ter excepcional, o Incentivo V (Produ\u00e7\u00e3o Cient\u00edfica) a todos os Auxiliares de Ensino da UFSM, que percebam ou venham a perceber o Incentivo III (Mestrado), em decorr\u00eancia da Defesa de Tese de Mestrado.<\/p>\r\n<p>2 - Revogar, a partir de 01\/01\/1981, a <u><a href=\"https:\/\/www.ufsm.br\/pro-reitorias\/proplan\/resolucao-n-083-1980\/\" target=\"_blank\"><font color=\"blue\">Resolu\u00e7\u00e3o n\u00ba 83, de 24\/06\/1980<\/font><\/a><\/u> que prorrogava at\u00e9 31\/12\/80 a vig\u00eancia das vantagens concedidas no item I da <u><a href=\"https:\/\/www.ufsm.br\/pro-reitorias\/proplan\/resolucao-n-063-1979\/\" target=\"_blank\"><font color=\"blue\">Resolu\u00e7\u00e3o n\u00ba 63, de 01\/09\/1979<\/font><\/a><\/u>.<\/p> \r\n<p>3 - Revogar, a partir de 01\/01\/1981, a Portaria n\u00ba 13.059, de 18\/12\/1979 que concedia o Incentivo Funcional aos Auxiliares de Ensino que satisfizessem os requisitos previstos na <u><a href=\"http:\/\/www.planalto.gov.br\/ccivil_03\/LEIS\/1970-1979\/L6182.htm\" target=\"_blank\"><font color=\"blue\">Lei n\u00ba 6.182, de 11\/12\/1974<\/font><\/a><\/u>.<\/p> \r\n<p>4 - Revogam-se, ainda, todas as disposi\u00e7\u00f5es que colidam com a presente Resolu\u00e7\u00e3o.<\/p>\r\n<\/div>\r\n<p>Derblay Galv\u00e3o<\/p> \r\n<p>Reitor<\/s><\/p> \r\n<p><font color=\"red0000\">Este texto n\u00e3o substitui o documento original, publicado no Portal de Documentos.<\/font> Dispon\u00edvel em: <a href=\"https:\/\/portal.ufsm.br\/documentos\/publico\/documento.html?id=5754834\" target=\"_blank\"><font color=\"blue\">https:\/\/portal.ufsm.br\/documentos\/publico\/documento.html?id=5754834<\/font><\/a>\t\t<\/div>\n\t\t\t\t<\/div>\n\t\t\t\t\t<\/div>\n\t\t<\/div>\n\t\t\t\t\t<\/div>\n\t\t<\/section>\n\t\t\t\t<\/div>\n\t\t","protected":false},"excerpt":{"rendered":"<p>RESOLU\u00c7\u00c3O N. 092\/1981 SERVI\u00c7O P\u00daBLICO FEDERAL RESOLU\u00c7\u00c3O N\u00ba 92, de 05 de Janeiro de 1981 Revogada pela Resolu\u00e7\u00e3o UFSM N. 101\/2022 Atualizada pela Resolu\u00e7\u00e3o N. 003\/1995 O REITOR DA UNIVERSIDADE FEDERAL DE SANTA MARIA, no uso de suas atribui\u00e7\u00f5es legais e estatut\u00e1rias, e tendo em vista o que consta do Processo n\u00ba 28.127\/80 e Decreto [&hellip;]<\/p>\n","protected":false},"author":205,"featured_media":0,"parent":0,"menu_order":0,"comment_status":"closed","ping_status":"closed","template":"","meta":{"footnotes":""},"categories":[],"tags":[],"class_list":["post-3769","page","type-page","status-publish","hentry"],"acf":[],"_links":{"self":[{"href":"https:\/\/www.ufsm.br\/pro-reitorias\/proplan\/wp-json\/wp\/v2\/pages\/3769","targetHints":{"allow":["GET"]}}],"collection":[{"href":"https:\/\/www.ufsm.br\/pro-reitorias\/proplan\/wp-json\/wp\/v2\/pages"}],"about":[{"href":"https:\/\/www.ufsm.br\/pro-reitorias\/proplan\/wp-json\/wp\/v2\/types\/page"}],"author":[{"embeddable":true,"href":"https:\/\/www.ufsm.br\/pro-reitorias\/proplan\/wp-json\/wp\/v2\/users\/205"}],"replies":[{"embeddable":true,"href":"https:\/\/www.ufsm.br\/pro-reitorias\/proplan\/wp-json\/wp\/v2\/comments?post=3769"}],"version-history":[{"count":0,"href":"https:\/\/www.ufsm.br\/pro-reitorias\/proplan\/wp-json\/wp\/v2\/pages\/3769\/revisions"}],"wp:attachment":[{"href":"https:\/\/www.ufsm.br\/pro-reitorias\/proplan\/wp-json\/wp\/v2\/media?parent=3769"}],"wp:term":[{"taxonomy":"category","embeddable":true,"href":"https:\/\/www.ufsm.br\/pro-reitorias\/proplan\/wp-json\/wp\/v2\/categories?post=3769"},{"taxonomy":"post_tag","embeddable":true,"href":"https:\/\/www.ufsm.br\/pro-reitorias\/proplan\/wp-json\/wp\/v2\/tags?post=3769"}],"curies":[{"name":"wp","href":"https:\/\/api.w.org\/{rel}","templated":true}]}}