{"id":3771,"date":"2020-05-26T09:13:23","date_gmt":"2020-05-26T12:13:23","guid":{"rendered":"https:\/\/www.ufsm.br\/pro-reitorias\/proplan\/?page_id=3771"},"modified":"2020-07-17T15:10:16","modified_gmt":"2020-07-17T18:10:16","slug":"resolucao-n-094-1981","status":"publish","type":"page","link":"https:\/\/www.ufsm.br\/pro-reitorias\/proplan\/resolucao-n-094-1981","title":{"rendered":"Resolu\u00e7\u00e3o N. 094\/1981"},"content":{"rendered":"\t\t<div data-elementor-type=\"wp-page\" data-elementor-id=\"3771\" class=\"elementor elementor-3771\">\n\t\t\t\t\t\t<section class=\"elementor-section elementor-top-section elementor-element elementor-element-71da1264 elementor-section-boxed elementor-section-height-default elementor-section-height-default\" data-id=\"71da1264\" data-element_type=\"section\">\n\t\t\t\t\t\t<div class=\"elementor-container elementor-column-gap-default\">\n\t\t\t\t\t<div class=\"elementor-column elementor-col-100 elementor-top-column elementor-element elementor-element-209051ba\" data-id=\"209051ba\" data-element_type=\"column\">\n\t\t\t<div class=\"elementor-widget-wrap elementor-element-populated\">\n\t\t\t\t\t\t<div class=\"elementor-element elementor-element-76d0615d elementor-widget elementor-widget-text-editor\" data-id=\"76d0615d\" data-element_type=\"widget\" data-widget_type=\"text-editor.default\">\n\t\t\t\t<div class=\"elementor-widget-container\">\n\t\t\t\t\t\t\t<!-- wp:tadv\/classic-paragraph \/-->\t\t\t\t\t\t<\/div>\n\t\t\t\t<\/div>\n\t\t\t\t\t<\/div>\n\t\t<\/div>\n\t\t\t\t\t<\/div>\n\t\t<\/section>\n\t\t\t\t<section class=\"elementor-section elementor-top-section elementor-element elementor-element-c289cf1 elementor-section-boxed elementor-section-height-default elementor-section-height-default\" data-id=\"c289cf1\" data-element_type=\"section\">\n\t\t\t\t\t\t<div class=\"elementor-container elementor-column-gap-default\">\n\t\t\t\t\t<div class=\"elementor-column elementor-col-100 elementor-top-column elementor-element elementor-element-9d0375b\" data-id=\"9d0375b\" data-element_type=\"column\">\n\t\t\t<div class=\"elementor-widget-wrap elementor-element-populated\">\n\t\t\t\t\t\t<div class=\"elementor-element elementor-element-04b04ab elementor-widget elementor-widget-html\" data-id=\"04b04ab\" data-element_type=\"widget\" data-widget_type=\"html.default\">\n\t\t\t\t<div class=\"elementor-widget-container\">\n\t\t\t\r\n\r\n\r\n<title><b>RESOLU\u00c7\u00c3O N. 094\/1981<\/b><\/title>\r\n\r\n\r\n<div align=\"center\"><img decoding=\"async\" src=\"https:\/\/www.ufsm.br\/pro-reitorias\/proplan\/wp-content\/uploads\/sites\/344\/2019\/09\/brasao-da-republica-do-brasil-logo.png\" alt=\"Bras\u00e3o Rep\u00fablica Federativa do Brasil\" width=\"6%\" height=\"6%\"><\/div>    \r\n<h1><font color=\"blue\"><font size=\"5\"><div align=\"center\">SERVI\u00c7O P\u00daBLICO FEDERAL<\/font><\/font><\/div><\/H1>\r\n<p><div align=\"center\"><b><a href=\"https:\/\/portal.ufsm.br\/documentos\/publico\/documento.html?id=5754845\" target=\"_blank\"><font color=\"blue\"><u>RESOLU\u00c7\u00c3O N\u00ba 94, DE 24 DE MAR\u00c7O DE 1981<\/u><\/font><\/a><\/b><\/div><\/p>\r\n<br>\r\n<p><strike><div align=\"right\"><font color=\"800000\">Define a compet\u00eancia para a expedi\u00e7\u00e3o de Carteiras Estudantis.<\/strike><\/font><\/div><\/p>\r\n<br>\r\n<p><a href=\"https:\/\/www.ufsm.br\/pro-reitorias\/proplan\/resolucao-n-022-2020\/\" target=\"_blank\"><font color=\"blue\">Revogada pela Resolu\u00e7\u00e3o N. 022\/2020<\/font><\/a><\/p>\r\n<br>\r\n<br><div align=\"justify\">\r\n<strike>\r\n<p>O VICE-REITOR, no exerc\u00edcio da Reitoria da Universidade Federal de Santa Maria, no uso de suas atribui\u00e7\u00f5es legais e estatut\u00e1rias,<\/p> \r\n<p>- considerando o que consta no Processo n\u00ba 033810\/81, e<\/p> \r\n<p>- considerando o que foi aprovado na Reuni\u00e3o do Egr\u00e9gio Conselho Universit\u00e1rio, realizada em 23\/03\/81,<\/p>\r\n<br>\r\n<p><div align=\"center\">RESOLVE:<\/div><\/p>\r\n<br>\r\n<p>I - Expedir a presente Resolu\u00e7\u00e3o, declarando o que abaixo segue:<\/p> \r\n<p>a) Considerar o DCE como \u00d3rg\u00e3o de representa\u00e7\u00e3o dos estudantes no \u00e2mbito da Universidade e os Diret\u00f3rios Acad\u00eamicos nas Unidades de Ensino (Centros), como preceitua a <u><a href=\"http:\/\/www.planalto.gov.br\/ccivil_03\/leis\/1970-1979\/L6680.htm\"><font color=\"blue\">Lei 6.680 de 16\/08\/79<\/font><\/a><\/u>, cabendo ao DCE a expedi\u00e7\u00e3o de Carteiras de Identidade Estudantil;<\/p> \r\n<p>b) N\u00e3o ter\u00e3o validade carteiras de identidade estudantis expedidas por entidades de car\u00e1ter nacional e\/ou estadual;<\/p> \r\n<p>c) Dever\u00e1 o DCE submeter ao Conselho Universit\u00e1rio, no prazo de 20 (vinte) dias, o seu Regimento, onde fique disciplinada a emiss\u00e3o das Carteiras de Identidade Estudantil, e<\/p>\r\n<p>d) At\u00e9 a aprova\u00e7\u00e3o do Regimento do DCE fica prorrogado, no \u00e2mbito da Universidade, o prazo de validade das carteiras estudantis emitidas em 1980; e para os acad\u00eamicos ingressos em 1981, \u00e9 valido o comprovante de matr\u00edcula, acompanhado de documento de identidade.<\/p> \r\n<\/div>\r\n<p>Prof. Armando Vallandro,<\/p>\r\n<p>Vice-Reitor, no exerc\u00edcio da Reitoria.<\/p>\r\n<\/strike>\r\n<p><font color=\"red0000\">Este texto n\u00e3o substitui o documento original, publicado no Portal de Documentos.<\/font> Dispon\u00edvel em: <a href=\"https:\/\/portal.ufsm.br\/documentos\/publico\/documento.html?id=5754845\" target=\"_blank\"><font color=\"blue\">https:\/\/portal.ufsm.br\/documentos\/publico\/documento.html?id=5754845<\/font><\/a>\r\n\r\n\t\t<\/div>\n\t\t\t\t<\/div>\n\t\t\t\t\t<\/div>\n\t\t<\/div>\n\t\t\t\t\t<\/div>\n\t\t<\/section>\n\t\t\t\t<\/div>\n\t\t","protected":false},"excerpt":{"rendered":"<p>RESOLU\u00c7\u00c3O N. 094\/1981 SERVI\u00c7O P\u00daBLICO FEDERAL RESOLU\u00c7\u00c3O N\u00ba 94, DE 24 DE MAR\u00c7O DE 1981 Define a compet\u00eancia para a expedi\u00e7\u00e3o de Carteiras Estudantis. Revogada pela Resolu\u00e7\u00e3o N. 022\/2020 O VICE-REITOR, no exerc\u00edcio da Reitoria da Universidade Federal de Santa Maria, no uso de suas atribui\u00e7\u00f5es legais e estatut\u00e1rias, &#8211; considerando o que consta no [&hellip;]<\/p>\n","protected":false},"author":205,"featured_media":0,"parent":0,"menu_order":0,"comment_status":"closed","ping_status":"closed","template":"","meta":{"footnotes":""},"categories":[],"tags":[],"class_list":["post-3771","page","type-page","status-publish","hentry"],"acf":[],"_links":{"self":[{"href":"https:\/\/www.ufsm.br\/pro-reitorias\/proplan\/wp-json\/wp\/v2\/pages\/3771","targetHints":{"allow":["GET"]}}],"collection":[{"href":"https:\/\/www.ufsm.br\/pro-reitorias\/proplan\/wp-json\/wp\/v2\/pages"}],"about":[{"href":"https:\/\/www.ufsm.br\/pro-reitorias\/proplan\/wp-json\/wp\/v2\/types\/page"}],"author":[{"embeddable":true,"href":"https:\/\/www.ufsm.br\/pro-reitorias\/proplan\/wp-json\/wp\/v2\/users\/205"}],"replies":[{"embeddable":true,"href":"https:\/\/www.ufsm.br\/pro-reitorias\/proplan\/wp-json\/wp\/v2\/comments?post=3771"}],"version-history":[{"count":0,"href":"https:\/\/www.ufsm.br\/pro-reitorias\/proplan\/wp-json\/wp\/v2\/pages\/3771\/revisions"}],"wp:attachment":[{"href":"https:\/\/www.ufsm.br\/pro-reitorias\/proplan\/wp-json\/wp\/v2\/media?parent=3771"}],"wp:term":[{"taxonomy":"category","embeddable":true,"href":"https:\/\/www.ufsm.br\/pro-reitorias\/proplan\/wp-json\/wp\/v2\/categories?post=3771"},{"taxonomy":"post_tag","embeddable":true,"href":"https:\/\/www.ufsm.br\/pro-reitorias\/proplan\/wp-json\/wp\/v2\/tags?post=3771"}],"curies":[{"name":"wp","href":"https:\/\/api.w.org\/{rel}","templated":true}]}}