{"id":3775,"date":"2020-05-26T09:13:38","date_gmt":"2020-05-26T12:13:38","guid":{"rendered":"https:\/\/www.ufsm.br\/pro-reitorias\/proplan\/?page_id=3775"},"modified":"2020-05-26T09:16:10","modified_gmt":"2020-05-26T12:16:10","slug":"resolucao-n-097-1981","status":"publish","type":"page","link":"https:\/\/www.ufsm.br\/pro-reitorias\/proplan\/resolucao-n-097-1981","title":{"rendered":"Resolu\u00e7\u00e3o N. 097\/1981"},"content":{"rendered":"\t\t<div data-elementor-type=\"wp-page\" data-elementor-id=\"3775\" class=\"elementor elementor-3775\">\n\t\t\t\t\t\t<section class=\"elementor-section elementor-top-section elementor-element elementor-element-afe9125 elementor-section-boxed elementor-section-height-default elementor-section-height-default\" data-id=\"afe9125\" data-element_type=\"section\">\n\t\t\t\t\t\t<div class=\"elementor-container elementor-column-gap-default\">\n\t\t\t\t\t<div class=\"elementor-column elementor-col-100 elementor-top-column elementor-element elementor-element-6cff8c7\" data-id=\"6cff8c7\" data-element_type=\"column\">\n\t\t\t<div class=\"elementor-widget-wrap elementor-element-populated\">\n\t\t\t\t\t\t<div class=\"elementor-element elementor-element-70f34d6 elementor-widget elementor-widget-html\" data-id=\"70f34d6\" data-element_type=\"widget\" data-widget_type=\"html.default\">\n\t\t\t\t<div class=\"elementor-widget-container\">\n\t\t\t\r\n\r\n\r\n<title><b>RESOLU\u00c7\u00c3O N. 097\/1981<\/b><\/title>\r\n\r\n\r\n<div align=\"center\"><img decoding=\"async\" src=\"https:\/\/www.ufsm.br\/pro-reitorias\/proplan\/wp-content\/uploads\/sites\/344\/2019\/09\/brasao-da-republica-do-brasil-logo.png\" alt=\"Bras\u00e3o Rep\u00fablica Federativa do Brasil\" width=\"6%\" height=\"6%\"><\/div>    \r\n<h1><font color=\"blue\"><font size=\"5\"><div align=\"center\">MINIST\u00c9RIO DA EDUCA\u00c7\u00c3O E CULTURA<\/b><\/font><\/font><\/div><\/H1>\r\n<p><b><font color=\"0000blue\"><div align=\"center\">UNIVERSIDADE FEDERAL DE SANTA MARIA<\/b><\/font><\/div><\/p>\r\n<p><font color=\"blue\"><div align=\"center\"><b>GABINETE DO REITOR<\/b><\/font><\/font><\/div>\r\n<p><div align=\"center\"><b><a href=\"https:\/\/portal.ufsm.br\/documentos\/publico\/documento.html?id=5754863\" target=\"_blank\"><font color=\"blue\"><u>RESOLU\u00c7\u00c3O N\u00ba 97, DE 18 DE MAIO DE 1981<\/u><\/font><\/a><\/b><\/div><\/p>\r\n<br>\r\n<p><div align=\"right\"><font color=\"800000\">ESTABELECE NORMAS PARA UTILIZA\u00c7\u00c3O DOS ESPA\u00c7OS F\u00cdSICOS DE ANFITEATROS DA UFSM E DEFINE RESPONSABILIDADES.<\/font><\/div><\/p>\r\n<br>\r\n<br><div align=\"justify\">\r\n<p>O REITOR DA UNIVERSIDADE FEDERAL DE SANTA MARIA, no uso de suas atribui\u00e7\u00f5es legais e tendo em vista o que consta do Processo n\u00ba 033260\/81, e<\/p> \r\n<p>- considerando que os anfiteatros A, B, C, D, E, F, G, H e I pertencentes aos Centros de Ci\u00eancias Naturais e Exatas e Centro de Ci\u00eancias da Sa\u00fade s\u00e3o de uso comum a diversos Departamentos Did\u00e1ticos desses Centros;<\/p> \r\n<p>- considerando que esta utiliza\u00e7\u00e3o est\u00e1 sem uma responsabilidade definida a um Departamento, e<\/p> \r\n<p>- considerando que esta indefini\u00e7\u00e3o de responsabilidade est\u00e1 ocasionando uma utiliza\u00e7\u00e3o de modo aleat\u00f3rio desses espa\u00e7os f\u00edsicos, com resultados negativos, tanto no seu aproveitamento, como no desempenho did\u00e1tico de cada Departamento, onde semestralmente s\u00e3o atendidos milhares de alunos,<\/p>\r\n<br>\r\n<p><div align=\"center\">RESOLVE:<\/div><\/p>\r\n<br>\r\n<p>I - Determinar, face a acordo existente entre os Centros de Ensino e os Departamentos Did\u00e1ticos envolvidos, que, para fins de utiliza\u00e7\u00e3o, controle e conserva\u00e7\u00e3o mais racionais, ficam sob a responsabilidade dos Departamentos abaixo enumerados os anfiteatros a seguir identificados:<\/p> \r\n<p>- Anfiteatro A - Departamento de Biologia - CCNE;<\/p> \r\n<p>- Anfiteatro B - Departamento de Qu\u00edmica - CCNE;<\/p> \r\n<p>- Anfiteatro C - Departamento de Qu\u00edmica \u2013 CCNE;<\/p>\r\n<p>- Anfiteatro D - Departamento de Morfologia - CCS;<\/p> \r\n<p>- Anfiteatro E - Departamento de Morfologia \u2013 CCS;<\/p>\r\n<p>- Anfiteatro F - Departamento de Microbiologia e Parasitologia - CCS;<\/p> \r\n<p>- Anfiteatro G - Departamento de Patologia \u2014 CCS;<\/p>\r\n<p>- Anfiteatro H - Departamento de Fisiologia \u2014 CCS;<\/p> \r\n<p>- Anfiteatro I - Departamento de Fisiologia - CCS.<\/p> \r\n<p>II - Ficam revogadas as disposi\u00e7\u00f5es que colidam com a presente Resolu\u00e7\u00e3o.<\/p> \r\n<\/div>\r\n<p>Prof. Derblay Galv\u00e3o,<\/p>\r\n<p>Reitor.<\/p>\r\n<p><font color=\"red0000\">Este texto n\u00e3o substitui o documento original, publicado no Portal de Documentos.<\/font> Dispon\u00edvel em: <a href=\"https:\/\/portal.ufsm.br\/documentos\/publico\/documento.html?id=5754863\" target=\"_blank\"><font color=\"blue\">https:\/\/portal.ufsm.br\/documentos\/publico\/documento.html?id=5754863<\/font><\/a>\r\n\r\n\t\t<\/div>\n\t\t\t\t<\/div>\n\t\t\t\t\t<\/div>\n\t\t<\/div>\n\t\t\t\t\t<\/div>\n\t\t<\/section>\n\t\t\t\t<\/div>\n\t\t","protected":false},"excerpt":{"rendered":"<p>RESOLU\u00c7\u00c3O N. 097\/1981 MINIST\u00c9RIO DA EDUCA\u00c7\u00c3O E CULTURA UNIVERSIDADE FEDERAL DE SANTA MARIA GABINETE DO REITOR RESOLU\u00c7\u00c3O N\u00ba 97, DE 18 DE MAIO DE 1981 ESTABELECE NORMAS PARA UTILIZA\u00c7\u00c3O DOS ESPA\u00c7OS F\u00cdSICOS DE ANFITEATROS DA UFSM E DEFINE RESPONSABILIDADES. O REITOR DA UNIVERSIDADE FEDERAL DE SANTA MARIA, no uso de suas atribui\u00e7\u00f5es legais e tendo [&hellip;]<\/p>\n","protected":false},"author":205,"featured_media":0,"parent":0,"menu_order":0,"comment_status":"closed","ping_status":"closed","template":"","meta":{"footnotes":""},"categories":[],"tags":[],"class_list":["post-3775","page","type-page","status-publish","hentry"],"acf":[],"_links":{"self":[{"href":"https:\/\/www.ufsm.br\/pro-reitorias\/proplan\/wp-json\/wp\/v2\/pages\/3775","targetHints":{"allow":["GET"]}}],"collection":[{"href":"https:\/\/www.ufsm.br\/pro-reitorias\/proplan\/wp-json\/wp\/v2\/pages"}],"about":[{"href":"https:\/\/www.ufsm.br\/pro-reitorias\/proplan\/wp-json\/wp\/v2\/types\/page"}],"author":[{"embeddable":true,"href":"https:\/\/www.ufsm.br\/pro-reitorias\/proplan\/wp-json\/wp\/v2\/users\/205"}],"replies":[{"embeddable":true,"href":"https:\/\/www.ufsm.br\/pro-reitorias\/proplan\/wp-json\/wp\/v2\/comments?post=3775"}],"version-history":[{"count":0,"href":"https:\/\/www.ufsm.br\/pro-reitorias\/proplan\/wp-json\/wp\/v2\/pages\/3775\/revisions"}],"wp:attachment":[{"href":"https:\/\/www.ufsm.br\/pro-reitorias\/proplan\/wp-json\/wp\/v2\/media?parent=3775"}],"wp:term":[{"taxonomy":"category","embeddable":true,"href":"https:\/\/www.ufsm.br\/pro-reitorias\/proplan\/wp-json\/wp\/v2\/categories?post=3775"},{"taxonomy":"post_tag","embeddable":true,"href":"https:\/\/www.ufsm.br\/pro-reitorias\/proplan\/wp-json\/wp\/v2\/tags?post=3775"}],"curies":[{"name":"wp","href":"https:\/\/api.w.org\/{rel}","templated":true}]}}