{"id":3776,"date":"2020-05-26T09:13:43","date_gmt":"2020-05-26T12:13:43","guid":{"rendered":"https:\/\/www.ufsm.br\/pro-reitorias\/proplan\/?page_id=3776"},"modified":"2020-07-17T15:12:16","modified_gmt":"2020-07-17T18:12:16","slug":"resolucao-n-098-1981","status":"publish","type":"page","link":"https:\/\/www.ufsm.br\/pro-reitorias\/proplan\/resolucao-n-098-1981","title":{"rendered":"Resolu\u00e7\u00e3o N. 098\/1981"},"content":{"rendered":"\t\t<div data-elementor-type=\"wp-page\" data-elementor-id=\"3776\" class=\"elementor elementor-3776\">\n\t\t\t\t\t\t<section class=\"elementor-section elementor-top-section elementor-element elementor-element-c660355 elementor-section-boxed elementor-section-height-default elementor-section-height-default\" data-id=\"c660355\" data-element_type=\"section\">\n\t\t\t\t\t\t<div class=\"elementor-container elementor-column-gap-default\">\n\t\t\t\t\t<div class=\"elementor-column elementor-col-100 elementor-top-column elementor-element elementor-element-c6f0bbc\" data-id=\"c6f0bbc\" data-element_type=\"column\">\n\t\t\t<div class=\"elementor-widget-wrap elementor-element-populated\">\n\t\t\t\t\t\t<div class=\"elementor-element elementor-element-4cfc6c9 elementor-widget elementor-widget-html\" data-id=\"4cfc6c9\" data-element_type=\"widget\" data-widget_type=\"html.default\">\n\t\t\t\t<div class=\"elementor-widget-container\">\n\t\t\t\r\n\r\n\r\n<title><b>RESOLU\u00c7\u00c3O N. 098\/1981<\/b><\/title>\r\n\r\n\r\n<div align=\"center\"><img decoding=\"async\" src=\"https:\/\/www.ufsm.br\/pro-reitorias\/proplan\/wp-content\/uploads\/sites\/344\/2019\/09\/brasao-da-republica-do-brasil-logo.png\" alt=\"Bras\u00e3o Rep\u00fablica Federativa do Brasil\" width=\"6%\" height=\"6%\"><\/div>    \r\n<h1><font color=\"blue\"><font size=\"5\"><div align=\"center\">SERVI\u00c7O P\u00daBLICO FEDERAL<\/font><\/font><\/div><\/H1>\r\n<p><div align=\"center\"><b><a href=\"https:\/\/portal.ufsm.br\/documentos\/publico\/documento.html?id=5754872\" target=\"_blank\"><font color=\"blue\"><u>RESOLU\u00c7\u00c3O N\u00ba 98, DE 29 DE MAIO DE 1981<\/u><\/font><\/a><\/b><\/div><\/p>\r\n<br>\r\n<p><strike><div align=\"right\"><font color=\"800000\">BAIXA INSTRU\u00c7\u00d5ES SOBRE A MANUTEN\u00c7\u00c3O ATUALIZADA DO CADASTRO DE PR\u00c9DIOS E ESPA\u00c7OS DE PR\u00c9DIOS DA UFSM.<\/strike><\/font><\/div><\/p>\r\n<br>\r\n<p><a href=\"https:\/\/www.ufsm.br\/pro-reitorias\/proplan\/resolucao-n-022-2020\/\" target=\"_blank\"><font color=\"blue\">Revogada pela Resolu\u00e7\u00e3o N. 022\/2020<\/font><\/a><\/p>\r\n<br>\r\n<br><div align=\"justify\">\r\n<strike>\r\n<p>O REITOR DA UNIVERSIDADE FEDERAL DE SANTA MARIA, no uso de suas atribui\u00e7\u00f5es legais e estatut\u00e1rias, e considerando a necessidade e a conveni\u00eancia da Universidade Federal de Santa Maria dispor de um Cadastro de Pr\u00e9dios e espa\u00e7os de pr\u00e9dios atualizados, com dados ao dispor da Institui\u00e7\u00e3o,<\/p>\r\n<br>\r\n<p><div align=\"center\">RESOLVE:<\/div><\/p>\r\n<br>\r\n<p>I - Determinar que, a partir desta data, sejam comunicadas \u00e0 Pr\u00f3-Reitoria de Planejamento, para fins de manuten\u00e7\u00e3o e atualiza\u00e7\u00e3o do Cadastro de Pr\u00e9dios e de espa\u00e7os de pr\u00e9dios, quaisquer tipos de altera\u00e7\u00f5es ocorridas no espa\u00e7o f\u00edsico.<\/p> \r\n<p>II - Consideram-se como altera\u00e7\u00f5es no espa\u00e7o f\u00edsico, entre outras, e para efeitos deste documento, novas informa\u00e7\u00f5es ou altera\u00e7\u00f5es nas existentes e diretamente relacionadas com codifica\u00e7\u00f5es, nomes, condi\u00e7\u00f5es de uso, dimens\u00f5es, tipos\/utiliza\u00e7\u00f5es, acabamentos de pisos, paredes, tetos e outros (ar refrigerado, cortinas, forra\u00e7\u00e3o, sonoriza\u00e7\u00e3o, escurecimento de janelas e tela para proje\u00e7\u00e3o fixa), bem como, usu\u00e1rios dos espa\u00e7os (de pr\u00e9dios).<\/p> \r\n<p>III - A comunica\u00e7\u00e3o \u00e0 PROPLAN devera efetuar-se t\u00e3o logo estejam conclu\u00eddas ou concretizadas as altera\u00e7\u00f5es no espa\u00e7o f\u00edsico. Ela dever\u00e1 conter uma descri\u00e7\u00e3o sucinta das mesmas, onde ocorreram e, se poss\u00edvel, planta ou desenho. Este procedimento permitira \u00e0 PROPLAN identific\u00e1-las corretamente e processar as altera\u00e7\u00f5es no Cadastro.<\/p> \r\n<p>IV - A comunica\u00e7\u00e3o ser\u00e1 atribui\u00e7\u00e3o:<\/p> \r\n<p>1 - Da Assessoria T\u00e9cnica de Obras ou da Prefeitura da Cidade Universit\u00e1ria quando surgirem novas informa\u00e7\u00f5es ou altera\u00e7\u00f5es nas existentes como conseq\u00fc\u00eancia da participa\u00e7\u00e3o direta dessas subunidades, individual ou conjuntamente atrav\u00e9s da execu\u00e7\u00e3o, coordena\u00e7\u00e3o, supervis\u00e3o ou fiscaliza\u00e7\u00e3o.<\/p>\r\n<p>2 - Dos Diretores de Unidades, Subunidades, Coordenadores ou Chefes, inclusive das Subunidades localizadas em outros munic\u00edpios, quando forem respons\u00e1veis diretos por qualquer solicita\u00e7\u00e3o, decis\u00e3o ou determina\u00e7\u00e3o que acarrete alguma informa\u00e7\u00e3o nova ou altera\u00e7\u00e3o nas existentes, e n\u00e3o tenha ocorrido a participa\u00e7\u00e3o direta da ATO ou da Prefeitura.<\/p> \r\n<p>V - Na eventualidade da ATO ou da Prefeitura prestarem algum assessoramento, formal ou informal ou detectarem alguma atividade ou fato envolvendo altera\u00e7\u00e3o no espa\u00e7o f\u00edsico, dever\u00e3o cientificar \u00e0 PROPLAN para que a mesma adote os procedimentos que julgar convenientes.<\/p> \r\n<\/div>\r\n<p>Prof. Derblay Galv\u00e3o,<\/p>\r\n<p>Reitor.<\/p>\r\n<\/strike>\r\n<p><font color=\"red0000\">Este texto n\u00e3o substitui o documento original, publicado no Portal de Documentos.<\/font> Dispon\u00edvel em: <a href=\"https:\/\/portal.ufsm.br\/documentos\/publico\/documento.html?id=5754872\" target=\"_blank\"><font color=\"blue\">https:\/\/portal.ufsm.br\/documentos\/publico\/documento.html?id=5754872<\/font><\/a>\r\n\r\n\t\t<\/div>\n\t\t\t\t<\/div>\n\t\t\t\t\t<\/div>\n\t\t<\/div>\n\t\t\t\t\t<\/div>\n\t\t<\/section>\n\t\t\t\t<\/div>\n\t\t","protected":false},"excerpt":{"rendered":"<p>RESOLU\u00c7\u00c3O N. 098\/1981 SERVI\u00c7O P\u00daBLICO FEDERAL RESOLU\u00c7\u00c3O N\u00ba 98, DE 29 DE MAIO DE 1981 BAIXA INSTRU\u00c7\u00d5ES SOBRE A MANUTEN\u00c7\u00c3O ATUALIZADA DO CADASTRO DE PR\u00c9DIOS E ESPA\u00c7OS DE PR\u00c9DIOS DA UFSM. Revogada pela Resolu\u00e7\u00e3o N. 022\/2020 O REITOR DA UNIVERSIDADE FEDERAL DE SANTA MARIA, no uso de suas atribui\u00e7\u00f5es legais e estatut\u00e1rias, e considerando a [&hellip;]<\/p>\n","protected":false},"author":205,"featured_media":0,"parent":0,"menu_order":0,"comment_status":"closed","ping_status":"closed","template":"","meta":{"footnotes":""},"categories":[],"tags":[],"class_list":["post-3776","page","type-page","status-publish","hentry"],"acf":[],"_links":{"self":[{"href":"https:\/\/www.ufsm.br\/pro-reitorias\/proplan\/wp-json\/wp\/v2\/pages\/3776","targetHints":{"allow":["GET"]}}],"collection":[{"href":"https:\/\/www.ufsm.br\/pro-reitorias\/proplan\/wp-json\/wp\/v2\/pages"}],"about":[{"href":"https:\/\/www.ufsm.br\/pro-reitorias\/proplan\/wp-json\/wp\/v2\/types\/page"}],"author":[{"embeddable":true,"href":"https:\/\/www.ufsm.br\/pro-reitorias\/proplan\/wp-json\/wp\/v2\/users\/205"}],"replies":[{"embeddable":true,"href":"https:\/\/www.ufsm.br\/pro-reitorias\/proplan\/wp-json\/wp\/v2\/comments?post=3776"}],"version-history":[{"count":0,"href":"https:\/\/www.ufsm.br\/pro-reitorias\/proplan\/wp-json\/wp\/v2\/pages\/3776\/revisions"}],"wp:attachment":[{"href":"https:\/\/www.ufsm.br\/pro-reitorias\/proplan\/wp-json\/wp\/v2\/media?parent=3776"}],"wp:term":[{"taxonomy":"category","embeddable":true,"href":"https:\/\/www.ufsm.br\/pro-reitorias\/proplan\/wp-json\/wp\/v2\/categories?post=3776"},{"taxonomy":"post_tag","embeddable":true,"href":"https:\/\/www.ufsm.br\/pro-reitorias\/proplan\/wp-json\/wp\/v2\/tags?post=3776"}],"curies":[{"name":"wp","href":"https:\/\/api.w.org\/{rel}","templated":true}]}}