{"id":3778,"date":"2020-05-26T09:25:37","date_gmt":"2020-05-26T12:25:37","guid":{"rendered":"https:\/\/www.ufsm.br\/pro-reitorias\/proplan\/?page_id=3778"},"modified":"2020-05-26T09:27:25","modified_gmt":"2020-05-26T12:27:25","slug":"resolucao-n-100-1981","status":"publish","type":"page","link":"https:\/\/www.ufsm.br\/pro-reitorias\/proplan\/resolucao-n-100-1981","title":{"rendered":"Resolu\u00e7\u00e3o N. 100\/1981"},"content":{"rendered":"\t\t<div data-elementor-type=\"wp-page\" data-elementor-id=\"3778\" class=\"elementor elementor-3778\">\n\t\t\t\t\t\t<section class=\"elementor-section elementor-top-section elementor-element elementor-element-741d9fa elementor-section-boxed elementor-section-height-default elementor-section-height-default\" data-id=\"741d9fa\" data-element_type=\"section\">\n\t\t\t\t\t\t<div class=\"elementor-container elementor-column-gap-default\">\n\t\t\t\t\t<div class=\"elementor-column elementor-col-100 elementor-top-column elementor-element elementor-element-729b1db\" data-id=\"729b1db\" data-element_type=\"column\">\n\t\t\t<div class=\"elementor-widget-wrap elementor-element-populated\">\n\t\t\t\t\t\t<div class=\"elementor-element elementor-element-1ce2fc3 elementor-widget elementor-widget-html\" data-id=\"1ce2fc3\" data-element_type=\"widget\" data-widget_type=\"html.default\">\n\t\t\t\t<div class=\"elementor-widget-container\">\n\t\t\t\r\n\r\n\r\n<title><b>RESOLU\u00c7\u00c3O N. 100\/1981<\/b><\/title>\r\n\r\n\r\n<div align=\"center\"><img decoding=\"async\" src=\"https:\/\/www.ufsm.br\/pro-reitorias\/proplan\/wp-content\/uploads\/sites\/344\/2019\/09\/brasao-da-republica-do-brasil-logo.png\" alt=\"Bras\u00e3o Rep\u00fablica Federativa do Brasil\" width=\"6%\" height=\"6%\"><\/div>    \r\n<h1><font color=\"blue\"><font size=\"5\"><div align=\"center\">SERVI\u00c7O P\u00daBLICO FEDERAL<\/font><\/font><\/div><\/H1>\r\n<p><div align=\"center\"><b><a href=\"https:\/\/portal.ufsm.br\/documentos\/publico\/documento.html?id=5754887\" target=\"_blank\"><font color=\"blue\"><u>RESOLU\u00c7\u00c3O N\u00ba 100, DE 04 DE JUNHO DE 1981<\/u><\/font><\/a><\/b><\/div><\/p>\r\n<br>\r\n<p><strike><div align=\"right\"><font color=\"800000\">FIXA NORMAS DE CONCESS\u00c3O PARA A CONVERS\u00c3O DE 1\/3 (UM TER\u00c7O) DO PER\u00cdODO DE F\u00c9RIAS EM ABONO PECUNI\u00c1RIO.<\/font><\/div><\/strike><\/p>\r\n<br>\r\n<p><u><a href=\"https:\/\/www.ufsm.br\/pro-reitorias\/proplan\/resolucao-n-042-1988\/\" target=\"_blank\"><font color=\"blue\">Revogada pela Resolu\u00e7\u00e3o N. 042\/1988<\/font><\/a><\/u><\/p>\r\n<br>\r\n<\/strike>\r\n<br><div align=\"justify\">\r\n<p>O REITOR DA UNIVERSIDADE FEDERAL DE SANTA MARIA, no uso de suas atribui\u00e7\u00f5es legais e estatut\u00e1rias e de acordo com os Artigos 143 e 145 da <u><a href=\"http:\/\/www.planalto.gov.br\/ccivil_03\/decreto-lei\/del5452.htm\" target=\"_blank\"><font color=\"blue\">Consolida\u00e7\u00e3o das Leis do Trabalho (CLT)<\/font><\/a><\/u>,<\/p>\r\n<br>\r\n<p><div align=\"center\">RESOLVE:<\/div><\/p>\r\n<br>\r\n<p>Expedir a presente Resolu\u00e7\u00e3o para fixar as seguintes normas de concess\u00e3o e de rotina para a convers\u00e3o de 1\/3 (um ter\u00e7o) do per\u00edodo de f\u00e9rias a que tiver direito em abono pecuni\u00e1rio:<\/p> \r\n<p>1. \u00c9 facultado aos servidores regidos pela <u><a href=\"http:\/\/www.planalto.gov.br\/ccivil_03\/decreto-lei\/del5452.htm\" target=\"_blank\"><font color=\"blue\">Consolida\u00e7\u00e3o das Leis do Trabalho<\/font><\/a><\/u> (contratados) converter 1\/3 (um ter\u00e7o) do per\u00edodo de f\u00e9rias a que tiver direito em abono pecuni\u00e1rio, no valor da remunera\u00e7\u00e3o que lhe seria devido nos dias correspondentes.<\/p>\r\n<p>2. O abono de f\u00e9rias dever\u00e1 ser requerido at\u00e9 15 (quinze) dias antes do t\u00e9rmino do per\u00edodo aquisitivo (\u00a7 1\u00ba do Art. 143 da <u><a href=\"http:\/\/www.planalto.gov.br\/ccivil_03\/decreto-lei\/del5452.htm\" target=\"_blank\"><font color=\"blue\">CLT<\/font><\/a><\/u>);<\/p> \r\n<p>3. Per\u00edodo aquisitivo \u00e9 o espa\u00e7o de tempo de 12 meses anteriores \u00e0 data que lhe d\u00e1 o direito a um per\u00edodo de f\u00e9rias; \r\n<p>4. A rotina do requerimento da convers\u00e3o de 1\/3 das f\u00e9rias em abono pecuni\u00e1rio \u00e9:<\/p> \r\n<p>a) o requerimento, dirigido ao chefe imediato, dever\u00e1 ser entregue pelo pr\u00f3prio interessado no Protocolo Geral, observando o prazo do item 2 desta Resolu\u00e7\u00e3o;<\/p> \r\n<p>b) aberto o processo, esse dever\u00e1 ser encaminhado ao Chefe Imediato;<\/p> \r\n<p>c) O Chefe Imediato dever\u00e1 propor e anexar ao processo o programa de trabalho do servidor requerente para o per\u00edodo convertido em abono pecuni\u00e1rio, bem como indicar o local (sala, etc.) e hor\u00e1rio de expediente;<\/p> \r\n<p>d) Ap\u00f3s o processo dever\u00e1 ser encaminhado ao Diretor do Centro, Pr\u00f3-Reitor ou Reitor conforme a vincula\u00e7\u00e3o imediata, para receber o visto;<\/p>\r\n<p>e) ap\u00f3s o visto, o processo ser\u00e1 encaminhado ao Departamento de Pessoal para o processamento e pagamento.<\/p>\r\n<p>5. Necessariamente as chefias imediatas dever\u00e3o utilizar a for\u00e7a de trabalho decorrente da convers\u00e3o de 1\/3 das f\u00e9rias em abono pecuni\u00e1rio, para manter a atividade fim em seu tr\u00edplice aspecto e preferencialmente o ensino em todos os n\u00edveis. Neste sentido as escalas de f\u00e9rias destes servidores dever\u00e3o adequar-se as necessidades da institui\u00e7\u00e3o;<\/p> \r\n<p>6. O pagamento do abono pecuni\u00e1rio ser\u00e1 efetuado na folha de pagamento que anteceder ao in\u00edcio do per\u00edodo de gozo dos restantes 2\/3 (dois ter\u00e7os);<\/p> \r\n<p>7. O servidor que receber o abono pecuni\u00e1rio (1\/3 das f\u00e9rias) dever\u00e1 gozar as f\u00e9rias integralmente, sem parcelar os 2\/3;<\/p> \r\n<p>8. O pagamento de 1\/3 das f\u00e9rias est\u00e1 condicionado a apresenta\u00e7\u00e3o da Carteira de Trabalho e Previd\u00eancia Social, para as devidas anota\u00e7\u00f5es;<\/p> \r\n<p>9. Em nenhuma hip\u00f3tese poder\u00e1 haver altera\u00e7\u00e3o do per\u00edodo de f\u00e9rias convertido em abono pecuni\u00e1rio bem como do per\u00edodo indicado para o gozo das mesmas.<\/p> \r\n<\/div>\r\n<p>Prof. Derblay Galv\u00e3o,<\/p>\r\n<p>Reitor.<\/p>\r\n<\/strike>\r\n<p><font color=\"red0000\">Este texto n\u00e3o substitui o documento original, publicado no Portal de Documentos.<\/font> Dispon\u00edvel em: <a href=\"https:\/\/portal.ufsm.br\/documentos\/publico\/documento.html?id=5754887\" target=\"_blank\"><font color=\"blue\">https:\/\/portal.ufsm.br\/documentos\/publico\/documento.html?id=5754887<\/font><\/a>\r\n\r\n\t\t<\/div>\n\t\t\t\t<\/div>\n\t\t\t\t\t<\/div>\n\t\t<\/div>\n\t\t\t\t\t<\/div>\n\t\t<\/section>\n\t\t\t\t<\/div>\n\t\t","protected":false},"excerpt":{"rendered":"<p>RESOLU\u00c7\u00c3O N. 100\/1981 SERVI\u00c7O P\u00daBLICO FEDERAL RESOLU\u00c7\u00c3O N\u00ba 100, DE 04 DE JUNHO DE 1981 FIXA NORMAS DE CONCESS\u00c3O PARA A CONVERS\u00c3O DE 1\/3 (UM TER\u00c7O) DO PER\u00cdODO DE F\u00c9RIAS EM ABONO PECUNI\u00c1RIO. Revogada pela Resolu\u00e7\u00e3o N. 042\/1988 O REITOR DA UNIVERSIDADE FEDERAL DE SANTA MARIA, no uso de suas atribui\u00e7\u00f5es legais e estatut\u00e1rias e [&hellip;]<\/p>\n","protected":false},"author":205,"featured_media":0,"parent":0,"menu_order":0,"comment_status":"closed","ping_status":"closed","template":"","meta":{"footnotes":""},"categories":[],"tags":[],"class_list":["post-3778","page","type-page","status-publish","hentry"],"acf":[],"_links":{"self":[{"href":"https:\/\/www.ufsm.br\/pro-reitorias\/proplan\/wp-json\/wp\/v2\/pages\/3778","targetHints":{"allow":["GET"]}}],"collection":[{"href":"https:\/\/www.ufsm.br\/pro-reitorias\/proplan\/wp-json\/wp\/v2\/pages"}],"about":[{"href":"https:\/\/www.ufsm.br\/pro-reitorias\/proplan\/wp-json\/wp\/v2\/types\/page"}],"author":[{"embeddable":true,"href":"https:\/\/www.ufsm.br\/pro-reitorias\/proplan\/wp-json\/wp\/v2\/users\/205"}],"replies":[{"embeddable":true,"href":"https:\/\/www.ufsm.br\/pro-reitorias\/proplan\/wp-json\/wp\/v2\/comments?post=3778"}],"version-history":[{"count":0,"href":"https:\/\/www.ufsm.br\/pro-reitorias\/proplan\/wp-json\/wp\/v2\/pages\/3778\/revisions"}],"wp:attachment":[{"href":"https:\/\/www.ufsm.br\/pro-reitorias\/proplan\/wp-json\/wp\/v2\/media?parent=3778"}],"wp:term":[{"taxonomy":"category","embeddable":true,"href":"https:\/\/www.ufsm.br\/pro-reitorias\/proplan\/wp-json\/wp\/v2\/categories?post=3778"},{"taxonomy":"post_tag","embeddable":true,"href":"https:\/\/www.ufsm.br\/pro-reitorias\/proplan\/wp-json\/wp\/v2\/tags?post=3778"}],"curies":[{"name":"wp","href":"https:\/\/api.w.org\/{rel}","templated":true}]}}