{"id":3779,"date":"2020-05-26T09:25:43","date_gmt":"2020-05-26T12:25:43","guid":{"rendered":"https:\/\/www.ufsm.br\/pro-reitorias\/proplan\/?page_id=3779"},"modified":"2020-05-26T09:28:04","modified_gmt":"2020-05-26T12:28:04","slug":"resolucao-n-101-1981","status":"publish","type":"page","link":"https:\/\/www.ufsm.br\/pro-reitorias\/proplan\/resolucao-n-101-1981","title":{"rendered":"Resolu\u00e7\u00e3o N. 101\/1981"},"content":{"rendered":"\t\t<div data-elementor-type=\"wp-page\" data-elementor-id=\"3779\" class=\"elementor elementor-3779\">\n\t\t\t\t\t\t<section class=\"elementor-section elementor-top-section elementor-element elementor-element-43b24af elementor-section-boxed elementor-section-height-default elementor-section-height-default\" data-id=\"43b24af\" data-element_type=\"section\">\n\t\t\t\t\t\t<div class=\"elementor-container elementor-column-gap-default\">\n\t\t\t\t\t<div class=\"elementor-column elementor-col-100 elementor-top-column elementor-element elementor-element-fa987a3\" data-id=\"fa987a3\" data-element_type=\"column\">\n\t\t\t<div class=\"elementor-widget-wrap elementor-element-populated\">\n\t\t\t\t\t\t<div class=\"elementor-element elementor-element-0afa956 elementor-widget elementor-widget-html\" data-id=\"0afa956\" data-element_type=\"widget\" data-widget_type=\"html.default\">\n\t\t\t\t<div class=\"elementor-widget-container\">\n\t\t\t\r\n\r\n\r\n<title><b>RESOLU\u00c7\u00c3O N. 101\/1981<\/b><\/title>\r\n\r\n\r\n<div align=\"center\"><img decoding=\"async\" src=\"https:\/\/www.ufsm.br\/pro-reitorias\/proplan\/wp-content\/uploads\/sites\/344\/2019\/09\/brasao-da-republica-do-brasil-logo.png\" alt=\"Bras\u00e3o Rep\u00fablica Federativa do Brasil\" width=\"6%\" height=\"6%\"><\/div>    \r\n<h1><font color=\"blue\"><font size=\"5\"><div align=\"center\">SERVI\u00c7O P\u00daBLICO FEDERAL<\/font><\/font><\/div><\/H1>\r\n<p><div align=\"center\"><b><a href=\"https:\/\/portal.ufsm.br\/documentos\/publico\/documento.html?id=5734258\" target=\"_blank\"><font color=\"blue\"><u>RESOLU\u00c7\u00c3O N\u00ba 101, DE 05 DE JUNHO DE 1981<\/u><\/font><\/a><\/b><\/div><\/p>\r\n<br>\r\n<p><strike><div align=\"right\"><font color=\"800000\">BAIXA NORMAS DISCIPLINADORAS SOBRE DIVULGA\u00c7\u00c3O E AFIXA\u00c7\u00c3O DE MATERIAL PUBLICIT\u00c1RIO EM ESPA\u00c7OS F\u00cdSICOS DE QUALQUER NATUREZA, DA UFSM, E D\u00c1 OUTRAS PROVID\u00caNCIAS.<\/font><\/div><\/strike><\/p>\r\n<br>\r\n<p><u><a href=\"https:\/\/www.ufsm.br\/pro-reitorias\/proplan\/resolucao-n-106-1981\/\" target=\"_blank\"><font color=\"blue\">Cancelada pela Resolu\u00e7\u00e3o N. 106\/1981<\/font><\/a><\/u><\/p>\r\n<br>\r\n<strike>\r\n<br><div align=\"justify\">\r\n<p>O REITOR DA UNIVERSIDADE FEDERAL DE SANTA MARIA, no uso de suas atribui\u00e7\u00f5es legais e estatut\u00e1rias, e \r\n<br>- considerando a necessidade de disciplinar a divulga\u00e7\u00e3o de material publicit\u00e1rio em \u00e1reas da UFSM;\r\n<br>- considerando a conveni\u00eancia de preservar e conservar os bens im\u00f3veis desta Institui\u00e7\u00e3o de Ensino Superior, e \r\n<br>- considerando a necessidade de racionalizar a aplica\u00e7\u00e3o dos recursos destinados \u00e0 manuten\u00e7\u00e3o, recupera\u00e7\u00e3o e conserva\u00e7\u00e3o do patrim\u00f4nio da Universidade Federal de Santa Maria,<\/p>\r\n<br>\r\n<p><div align=\"center\">RESOLVE:<\/div><\/p>\r\n<br>\r\n<p>I - Todo e qualquer material a ser divulgado e\/ou afixado em pr\u00e9dios ou quaisquer outros bens de propriedade da Universidade Federal de Santa Maria, dever\u00e1 obedecer \u00e0s normas seguintes:<\/p> \r\n<p>1 - a divulga\u00e7\u00e3o ou afixa\u00e7\u00e3o dever\u00e1 ocorrer, sempre, em pain\u00e9is ou murais adequados;<\/p> \r\n<p>2 - as dimens\u00f5es e a localiza\u00e7\u00e3o dos pain\u00e9is ser\u00e3o definidas, conjuntamente, pelo dirigente universit\u00e1rio que administrar o espa\u00e7o f\u00edsico e as partes interessadas pela divulga\u00e7\u00e3o.<\/p>\r\n<p>II - S\u00e3o autoridades competentes quanto ao uso do espa\u00e7o f\u00edsico da UFSM:<\/p> \r\n<p>a) - o Diretor do Centro, na \u00e1rea f\u00edsica do respectivo Centro;<\/p> \r\n<p>b) - o Pr\u00f3-Reitor de Assuntos Estudantis no recinto dos Restaurantes Universit\u00e1rios e Casas de Estudantes;<\/p> \r\n<p>c) o Prefeito da Cidade Universit\u00e1ria, nos demais pr\u00e9dios e locais da Universidade.<\/p> \r\n<p>III - S\u00e3o atribui\u00e7\u00f5es da autoridade competente aqui definida:<\/p>\r\n<p>a) a fiscaliza\u00e7\u00e3o sobre a observ\u00e2ncia das disposi\u00e7\u00f5es desta Resolu\u00e7\u00e3o;<\/p> \r\n<p>b) o recolhimento de qualquer material divulgado ou afixado em local impr\u00f3prio;<\/p> \r\n<p>c) a iniciativa das medidas punitivas dos infratores dos preceitos aqui consagrados.<\/p> \r\n<p>IV - Excluem-se das proibi\u00e7\u00f5es desta Resolu\u00e7\u00e3o os peri\u00f3dicos oficiais ou n\u00e3o da UFSM, produzidos pelo Departamento de Divulga\u00e7\u00e3o.<\/p> \r\n<p>V - Esta Resolu\u00e7\u00e3o entra em vigor na data de sua promulga\u00e7\u00e3o, revogadas as disposi\u00e7\u00f5es em contr\u00e1rio.<\/p> \r\n<\/div>\r\n<p>Prof. Derblay Galv\u00e3o,<\/p>\r\n<p>Reitor.<\/p>\r\n<\/strike>\r\n<p><font color=\"red0000\">Este texto n\u00e3o substitui o documento original, publicado no Portal de Documentos.<\/font> Dispon\u00edvel em: <a href=\"https:\/\/portal.ufsm.br\/documentos\/publico\/documento.html?id=5734258\" target=\"_blank\"><font color=\"blue\">https:\/\/portal.ufsm.br\/documentos\/publico\/documento.html?id=5734258<\/font><\/a>\r\n\r\n\t\t<\/div>\n\t\t\t\t<\/div>\n\t\t\t\t\t<\/div>\n\t\t<\/div>\n\t\t\t\t\t<\/div>\n\t\t<\/section>\n\t\t\t\t<\/div>\n\t\t","protected":false},"excerpt":{"rendered":"<p>RESOLU\u00c7\u00c3O N. 101\/1981 SERVI\u00c7O P\u00daBLICO FEDERAL RESOLU\u00c7\u00c3O N\u00ba 101, DE 05 DE JUNHO DE 1981 BAIXA NORMAS DISCIPLINADORAS SOBRE DIVULGA\u00c7\u00c3O E AFIXA\u00c7\u00c3O DE MATERIAL PUBLICIT\u00c1RIO EM ESPA\u00c7OS F\u00cdSICOS DE QUALQUER NATUREZA, DA UFSM, E D\u00c1 OUTRAS PROVID\u00caNCIAS. Cancelada pela Resolu\u00e7\u00e3o N. 106\/1981 O REITOR DA UNIVERSIDADE FEDERAL DE SANTA MARIA, no uso de suas atribui\u00e7\u00f5es [&hellip;]<\/p>\n","protected":false},"author":205,"featured_media":0,"parent":0,"menu_order":0,"comment_status":"closed","ping_status":"closed","template":"","meta":{"footnotes":""},"categories":[],"tags":[],"class_list":["post-3779","page","type-page","status-publish","hentry"],"acf":[],"_links":{"self":[{"href":"https:\/\/www.ufsm.br\/pro-reitorias\/proplan\/wp-json\/wp\/v2\/pages\/3779","targetHints":{"allow":["GET"]}}],"collection":[{"href":"https:\/\/www.ufsm.br\/pro-reitorias\/proplan\/wp-json\/wp\/v2\/pages"}],"about":[{"href":"https:\/\/www.ufsm.br\/pro-reitorias\/proplan\/wp-json\/wp\/v2\/types\/page"}],"author":[{"embeddable":true,"href":"https:\/\/www.ufsm.br\/pro-reitorias\/proplan\/wp-json\/wp\/v2\/users\/205"}],"replies":[{"embeddable":true,"href":"https:\/\/www.ufsm.br\/pro-reitorias\/proplan\/wp-json\/wp\/v2\/comments?post=3779"}],"version-history":[{"count":0,"href":"https:\/\/www.ufsm.br\/pro-reitorias\/proplan\/wp-json\/wp\/v2\/pages\/3779\/revisions"}],"wp:attachment":[{"href":"https:\/\/www.ufsm.br\/pro-reitorias\/proplan\/wp-json\/wp\/v2\/media?parent=3779"}],"wp:term":[{"taxonomy":"category","embeddable":true,"href":"https:\/\/www.ufsm.br\/pro-reitorias\/proplan\/wp-json\/wp\/v2\/categories?post=3779"},{"taxonomy":"post_tag","embeddable":true,"href":"https:\/\/www.ufsm.br\/pro-reitorias\/proplan\/wp-json\/wp\/v2\/tags?post=3779"}],"curies":[{"name":"wp","href":"https:\/\/api.w.org\/{rel}","templated":true}]}}