{"id":3780,"date":"2020-05-26T09:25:53","date_gmt":"2020-05-26T12:25:53","guid":{"rendered":"https:\/\/www.ufsm.br\/pro-reitorias\/proplan\/?page_id=3780"},"modified":"2020-05-26T09:28:30","modified_gmt":"2020-05-26T12:28:30","slug":"resolucao-n-103-1981","status":"publish","type":"page","link":"https:\/\/www.ufsm.br\/pro-reitorias\/proplan\/resolucao-n-103-1981","title":{"rendered":"Resolu\u00e7\u00e3o N. 103\/1981"},"content":{"rendered":"\t\t<div data-elementor-type=\"wp-page\" data-elementor-id=\"3780\" class=\"elementor elementor-3780\">\n\t\t\t\t\t\t<section class=\"elementor-section elementor-top-section elementor-element elementor-element-7144cb7 elementor-section-boxed elementor-section-height-default elementor-section-height-default\" data-id=\"7144cb7\" data-element_type=\"section\">\n\t\t\t\t\t\t<div class=\"elementor-container elementor-column-gap-default\">\n\t\t\t\t\t<div class=\"elementor-column elementor-col-100 elementor-top-column elementor-element elementor-element-6653fc2\" data-id=\"6653fc2\" data-element_type=\"column\">\n\t\t\t<div class=\"elementor-widget-wrap elementor-element-populated\">\n\t\t\t\t\t\t<div class=\"elementor-element elementor-element-d0e9918 elementor-widget elementor-widget-html\" data-id=\"d0e9918\" data-element_type=\"widget\" data-widget_type=\"html.default\">\n\t\t\t\t<div class=\"elementor-widget-container\">\n\t\t\t\r\n\r\n\r\n<title><b>RESOLU\u00c7\u00c3O N. 103\/1981<\/b><\/title>\r\n\r\n\r\n<div align=\"center\"><img decoding=\"async\" src=\"https:\/\/www.ufsm.br\/pro-reitorias\/proplan\/wp-content\/uploads\/sites\/344\/2019\/09\/brasao-da-republica-do-brasil-logo.png\" alt=\"Bras\u00e3o Rep\u00fablica Federativa do Brasil\" width=\"6%\" height=\"6%\"><\/div>    \r\n<h1><font color=\"blue\"><font size=\"5\"><div align=\"center\">SERVI\u00c7O P\u00daBLICO FEDERAL<\/font><\/font><\/div><\/H1>\r\n<p><div align=\"center\"><b><a href=\"https:\/\/portal.ufsm.br\/documentos\/publico\/documento.html?id=5754898\" target=\"_blank\"><font color=\"blue\"><u>RESOLU\u00c7\u00c3O N\u00ba 103, DE JUNHO DE 1981<\/u><\/font><\/a><\/b><\/div><\/p>\r\n<br>\r\n<p><strike><div align=\"right\"><font color=\"800000\">CRIA O COLEGIADO ESPECIAL DE LICENCIATURAS, NO CENTRO DE EDUCA\u00c7\u00c3O.<\/font><\/div><\/strike><\/p>\r\n<br>\r\n<p><u><a href=\"https:\/\/www.ufsm.br\/pro-reitorias\/proplan\/resolucao-n-020-2019\/\" target=\"_blank\"><font color=\"blue\">Revogada pela Resolu\u00e7\u00e3o N. 020\/2019<\/font><\/a><\/u><\/p>\r\n<br>\r\n<strike>\r\n<br><div align=\"justify\">\r\n<p>O REITOR DA UNIVERSIDADE FEDERAL DE SANTA MARIA, no uso de suas atribui\u00e7\u00f5es legais e estatut\u00e1rias, e<\/p> \r\n<p>- considerando a necessidade de tra\u00e7ar e aplicar em todos os Cursos de Licenciatura da UFSM uma filosofia e uma pol\u00edtica comuns;<\/p> \r\n<p>- considerando a necessidade de revitalizar os Cursos de Forma\u00e7\u00e3o de Professores;<\/p> \r\n<p>- considerando a necessidade de consolidar e incrementar as rela\u00e7\u00f5es entre o Ensino de 1\u00ba e 2\u00ba Graus e a Universidade, de forma sistem\u00e1tica e adequada;<\/p> \r\n<p>- considerando que o Colegiado Especial de Licenciaturas foi aprovado como \u00d3rg\u00e3o Suplementar do Centro de Educa\u00e7\u00e3o, conforme consta do Estatuto da UFSM, publicado no D.O.U., de 23 de maio de 1978, e<\/p> \r\n<p>- considerando, finalmente, o que consta do Processo n\u00ba 36.270\/81,<\/p>\r\n<br>\r\n<p><div align=\"center\">RESOLVE:<\/div><\/p>\r\n<br>\r\n<p>I - CRIAR o Colegiado Especial de Licenciaturas, \u00d3rg\u00e3o Suplementar do Centro de Educa\u00e7\u00e3o, cujos objetivos e constitui\u00e7\u00e3o s\u00e3o os seguintes:<\/p> \r\n<p>1 - OBJETIVOS<\/p> \r\n<p>- desenvolver uma reflex\u00e3o permanente sobre a forma\u00e7\u00e3o do professor-educador e seu papel como futuro agente do processo educativo;<\/p> \r\n<p>- sensibilizar o corpo docente e discente dos Cursos de Licenciatura para a necessidade de uma an\u00e1lise e de um posicionamento frente aos valores do homem contempor\u00e2neo;<\/p> \r\n<p>- imprimir uma filosofia integradora que favore\u00e7a uma unidade de a\u00e7\u00e3o em todos os Cursos de Licenciatura da UFSM com vistas \u00e0 forma\u00e7\u00e3o integral do futuro professor;<\/p> \r\n<p>- estabelecer diretrizes que operacionalizem a educa\u00e7\u00e3o do professor em termos quali quantitativos, abrangendo conhecimento, habilidades e valores;<\/p> \r\n<p>- fixar modalidades objetivas que permitam um tratamento metodol\u00f3gico e experiencial espec\u00edfico para cada \u00e1rea de conhecimento, objeto da forma\u00e7\u00e3o do futuro professor a fim de instrumentaliz\u00e1-lo para garantir a efici\u00eancia do processo educativo;<\/p> \r\n<p>- atuar como \u00f3rg\u00e3o de apoio para os colegiados de Cursos de Licenciatura;<\/p> \r\n<p>- supervisionar e avaliar o desempenho dos Cursos de Licenciatura, sugerindo as necess\u00e1rias modifica\u00e7\u00f5es para a maximiza\u00e7\u00e3o dos seus resultados;<\/p> \r\n<p>- diagnosticar a situa\u00e7\u00e3o do mercado de trabalho com vistas a propor a cria\u00e7\u00e3o, ativa\u00e7\u00e3o e\/ou desativa\u00e7\u00e3o de Licenciaturas, e<\/p> \r\n<p>- acompanhar, estudar e divulgar diretrizes e proposi\u00e7\u00f5es emanadas dos \u00f3rg\u00e3os respons\u00e1veis pelo Ensino de 1\u00ba e 2\u00ba Graus, visando a melhoria qualitativa da forma\u00e7\u00e3o de recursos humanos para a educa\u00e7\u00e3o.<\/p> \r\n<p>2 - CONSTITUI\u00c7\u00c3O<\/p> \r\n<p>- Um Presidente, que ser\u00e1 o Diretor do \u00d3rg\u00e3o suplementar, cuja designa\u00e7\u00e3o dever\u00e1 recair em um docente do Centro de Educa\u00e7\u00e3o, preferencialmente, da \u00e1rea de Pr\u00e1tica de Ensino;<\/p> \r\n<p>- O Coordenador de cada Curso de Licenciatura;<\/p> \r\n<p>- Um Representante de cada Departamento do Centro de Educa\u00e7\u00e3o que ministre disciplinas pedag\u00f3gicas;<\/p> \r\n<p>- Um Representante da 7\u00aa Coordenadoria Regional de Educa\u00e7\u00e3o da SE\/RS;<\/p> \r\n<p>- Um Acad\u00eamico, como representante dos Cursos de Licenciatura, e<\/p> \r\n<p>- \u00c0 Pr\u00f3-Reitoria de Gradua\u00e7\u00e3o, cabe organizar o Colegiado Especial de Licenciaturas, de acordo com a constitui\u00e7\u00e3o acima mencionada.<\/p> \r\n<p>II - Esta Resolu\u00e7\u00e3o entra em vigor na data de sua promulga\u00e7\u00e3o, revogadas as disposi\u00e7\u00f5es em contr\u00e1rio.<\/p> \r\n<p>GABINETE DO REITOR DA UNIVERSIDADE FEDERAL DE SANTA MARIA, 15 de junho de 1981.<\/p> \r\n<\/div>\r\n<p>Prof. Derblay Galv\u00e3o,<\/p>\r\n<p>Reitor.<\/p>\r\n<\/strike>\r\n<p><font color=\"red0000\">Este texto n\u00e3o substitui o documento original, publicado no Portal de Documentos.<\/font> Dispon\u00edvel em: <a href=\"https:\/\/portal.ufsm.br\/documentos\/publico\/documento.html?id=5754898\" target=\"_blank\"><font color=\"blue\">https:\/\/portal.ufsm.br\/documentos\/publico\/documento.html?id=5754898<\/font><\/a>\r\n\r\n\t\t<\/div>\n\t\t\t\t<\/div>\n\t\t\t\t\t<\/div>\n\t\t<\/div>\n\t\t\t\t\t<\/div>\n\t\t<\/section>\n\t\t\t\t<\/div>\n\t\t","protected":false},"excerpt":{"rendered":"<p>RESOLU\u00c7\u00c3O N. 103\/1981 SERVI\u00c7O P\u00daBLICO FEDERAL RESOLU\u00c7\u00c3O N\u00ba 103, DE JUNHO DE 1981 CRIA O COLEGIADO ESPECIAL DE LICENCIATURAS, NO CENTRO DE EDUCA\u00c7\u00c3O. Revogada pela Resolu\u00e7\u00e3o N. 020\/2019 O REITOR DA UNIVERSIDADE FEDERAL DE SANTA MARIA, no uso de suas atribui\u00e7\u00f5es legais e estatut\u00e1rias, e &#8211; considerando a necessidade de tra\u00e7ar e aplicar em todos [&hellip;]<\/p>\n","protected":false},"author":205,"featured_media":0,"parent":0,"menu_order":0,"comment_status":"closed","ping_status":"closed","template":"","meta":{"footnotes":""},"categories":[],"tags":[],"class_list":["post-3780","page","type-page","status-publish","hentry"],"acf":[],"_links":{"self":[{"href":"https:\/\/www.ufsm.br\/pro-reitorias\/proplan\/wp-json\/wp\/v2\/pages\/3780","targetHints":{"allow":["GET"]}}],"collection":[{"href":"https:\/\/www.ufsm.br\/pro-reitorias\/proplan\/wp-json\/wp\/v2\/pages"}],"about":[{"href":"https:\/\/www.ufsm.br\/pro-reitorias\/proplan\/wp-json\/wp\/v2\/types\/page"}],"author":[{"embeddable":true,"href":"https:\/\/www.ufsm.br\/pro-reitorias\/proplan\/wp-json\/wp\/v2\/users\/205"}],"replies":[{"embeddable":true,"href":"https:\/\/www.ufsm.br\/pro-reitorias\/proplan\/wp-json\/wp\/v2\/comments?post=3780"}],"version-history":[{"count":0,"href":"https:\/\/www.ufsm.br\/pro-reitorias\/proplan\/wp-json\/wp\/v2\/pages\/3780\/revisions"}],"wp:attachment":[{"href":"https:\/\/www.ufsm.br\/pro-reitorias\/proplan\/wp-json\/wp\/v2\/media?parent=3780"}],"wp:term":[{"taxonomy":"category","embeddable":true,"href":"https:\/\/www.ufsm.br\/pro-reitorias\/proplan\/wp-json\/wp\/v2\/categories?post=3780"},{"taxonomy":"post_tag","embeddable":true,"href":"https:\/\/www.ufsm.br\/pro-reitorias\/proplan\/wp-json\/wp\/v2\/tags?post=3780"}],"curies":[{"name":"wp","href":"https:\/\/api.w.org\/{rel}","templated":true}]}}