{"id":3785,"date":"2020-05-26T09:25:48","date_gmt":"2020-05-26T12:25:48","guid":{"rendered":"https:\/\/www.ufsm.br\/pro-reitorias\/proplan\/?page_id=3785"},"modified":"2021-07-01T13:28:30","modified_gmt":"2021-07-01T16:28:30","slug":"resolucao-n-102-1981","status":"publish","type":"page","link":"https:\/\/www.ufsm.br\/pro-reitorias\/proplan\/resolucao-n-102-1981","title":{"rendered":"Resolu\u00e7\u00e3o N. 102\/1981"},"content":{"rendered":"\t\t<div data-elementor-type=\"wp-page\" data-elementor-id=\"3785\" class=\"elementor elementor-3785\">\n\t\t\t\t\t\t<section class=\"elementor-section elementor-top-section elementor-element elementor-element-25df82a elementor-section-boxed elementor-section-height-default elementor-section-height-default\" data-id=\"25df82a\" data-element_type=\"section\">\n\t\t\t\t\t\t<div class=\"elementor-container elementor-column-gap-default\">\n\t\t\t\t\t<div class=\"elementor-column elementor-col-100 elementor-top-column elementor-element elementor-element-9888709\" data-id=\"9888709\" data-element_type=\"column\">\n\t\t\t<div class=\"elementor-widget-wrap elementor-element-populated\">\n\t\t\t\t\t\t<div class=\"elementor-element elementor-element-ddeb32c elementor-widget elementor-widget-html\" data-id=\"ddeb32c\" data-element_type=\"widget\" data-widget_type=\"html.default\">\n\t\t\t\t<div class=\"elementor-widget-container\">\n\t\t\t\n\n\n<title><b>RESOLU\u00c7\u00c3O N. 102\/1981<\/b><\/title>\n\n\n<div align=\"center\"><img decoding=\"async\" src=\"https:\/\/www.ufsm.br\/pro-reitorias\/proplan\/wp-content\/uploads\/sites\/344\/2019\/09\/brasao-da-republica-do-brasil-logo.png\" alt=\"Bras\u00e3o Rep\u00fablica Federativa do Brasil\" width=\"6%\" height=\"6%\"><\/div>    \n<h1><font color=\"blue\"><font size=\"5\"><div align=\"center\">MINIST\u00c9RIO DA EDUCA\u00c7\u00c3O E CULTURA<\/b><\/font><\/font><\/div><\/H1>\n<p><b><font color=\"0000blue\"><div align=\"center\">UNIVERSIDADE FEDERAL DE SANTA MARIA<\/b><\/font><\/div><\/p>\n<p><font color=\"blue\"><div align=\"center\"><b>GABINETE DO REITOR<\/b><\/font><\/font><\/div>\n<p><div align=\"center\"><b><a href=\"https:\/\/portal.ufsm.br\/documentos\/publico\/documento.html?id=5754894\" target=\"_blank\"><font color=\"blue\"><u>RESOLU\u00c7\u00c3O N\u00ba 102, de 15 de junho de 1981<\/u><\/font><\/a><\/b><\/div><\/p>\n<br>\n<p><div align=\"right\"><font color=\"800000\"><strike>INSTITUI, NO \u00c2MBITO DA UFSM, O PROGRAMA DE DESENVOLVIMENTO DE FONTES ALTERNATIVAS DE ENERGIA.<\/font><\/div><\/strike><\/p>\n<br>\n<br><div align=\"justify\">\n<p><a href=\"https:\/\/www.ufsm.br\/pro-reitorias\/proplan\/resolucao-ufsm-n-055-2021\/\"><font color=\"blue\">Revogado pela Resolu\u00e7\u00e3o N. 055\/2021<\/font><\/a><\/p><\/p>\n<br>\n<strike>\n<p>O REITOR DA UNIVERSIDADE FEDERAL DE SANTA MARIA, no uso de suas atribui\u00e7\u00f5es locais e estatut\u00e1rias, e<\/p>\n<p>- considerando que \u00e0s Universidades cabe um papel especial na busca e identifica\u00e7\u00e3o de caminhos que minimizem os efeitos da crise de energia,<\/p> \n<p>- considerando que a UFSM tem obriga\u00e7\u00e3o de desenvolver o m\u00e1ximo de esfor\u00e7os visando a diminuir sua depend\u00eancia aos combust\u00edveis derivados de petr\u00f3leo, e<\/p> \n<p>- considerando o Parecer 11\/81, aprovado pelo Egr\u00e9gio Conselho Universit\u00e1rio, em sua 298\u00aa sess\u00e3o, que d\u00e1 prioridade \u00e0s atividades que envolvam a Implanta\u00e7\u00e3o de Fontes Alternativas de Energia, de conformidade com o que consta no Processo n\u00ba 37.142\/81,<\/p>\n<br>\n<p><div align=\"center\">RESOLVE:<\/div><\/p>\n<br>\n<p>1 - Instituir, no \u00e2mbito desta Universidade, o Programa de Desenvolvimento de Fontes Alternativas de Energia, cujos objetivos gerais s\u00e3o os seguintes:<\/p> \n<p>a) identificar f\u00f3rmulas capazes de diminuir a depend\u00eancia da Universidade aos combust\u00edveis convencionais;<\/p>\n<p>b) fomentar o desenvolvimento de pesquisas aplicadas no ambiente da comunidade universit\u00e1ria; e<\/p>\n<p>c) colocar \u00e0 disposi\u00e7\u00e3o da comunidade regional os resultados das pesquisas e experimentos, fomentando a difus\u00e3o dos mesmos, bem como, suas aplica\u00e7\u00f5es.<\/p> \n<p>2 - O Programa ser\u00e1 implementado a partir da seguinte estrutura b\u00e1sica:<\/p> \n<p>a) um Grupo Coordenador, e<\/p> \n<p>b) Equipes T\u00e9cnicas por Projetos.<\/p>\n<p>3 - O Grupo Coordenador do Programa ser\u00e1 formado por um n\u00famero m\u00ednimo de profissionais t\u00e9cnicos, administrativos e de apoio, funcionando em car\u00e1ter permanente, e com o objetivo de orientar e coordenar os esfor\u00e7os das Equipes T\u00e9cnicas; facilitar o desenvolvimento das etapas dos Projetos e criar condi\u00e7\u00f5es para a integra\u00e7\u00e3o das Equipes T\u00e9cnicas com setores afins da Universidade.<\/p> \n<p>4 - Cada Projeto ter\u00e1 sua responsabilidade de execu\u00e7\u00e3o encarregada a uma Equipe T\u00e9cnica especialmente constitu\u00edda para tal.<\/p> \n<p>5 - A constitui\u00e7\u00e3o do Grupo Coordenador e das Equipes T\u00e9cnicas ser\u00e1 feita com base, principalmente, a partir da for\u00e7a de trabalho docente cedida pelos Departamentos, atrav\u00e9s de formaliza\u00e7\u00e3o competente, que destacar\u00e1 a respectiva carga hor\u00e1ria a ser alocada ao Programa.<\/p> \n<\/div>\n<p>Prof. Derblay Galv\u00e3o,<\/p>\n<p>Reitor.<\/p>\n<\/strike>\n<p><font color=\"red0000\">Este texto n\u00e3o substitui o documento original, publicado no Portal de Documentos.<\/font> Dispon\u00edvel em: <a href=\"https:\/\/portal.ufsm.br\/documentos\/publico\/documento.html?id=5754894\" target=\"_blank\"><font color=\"blue\">https:\/\/portal.ufsm.br\/documentos\/publico\/documento.html?id=5754894<\/font><\/a>\n<\/strike>\n\n\t\t<\/div>\n\t\t\t\t<\/div>\n\t\t\t\t\t<\/div>\n\t\t<\/div>\n\t\t\t\t\t<\/div>\n\t\t<\/section>\n\t\t\t\t<\/div>\n\t\t","protected":false},"excerpt":{"rendered":"<p>RESOLU\u00c7\u00c3O N. 102\/1981 MINIST\u00c9RIO DA EDUCA\u00c7\u00c3O E CULTURA UNIVERSIDADE FEDERAL DE SANTA MARIA GABINETE DO REITOR RESOLU\u00c7\u00c3O N\u00ba 102, de 15 de junho de 1981 INSTITUI, NO \u00c2MBITO DA UFSM, O PROGRAMA DE DESENVOLVIMENTO DE FONTES ALTERNATIVAS DE ENERGIA. Revogado pela Resolu\u00e7\u00e3o N. 055\/2021 O REITOR DA UNIVERSIDADE FEDERAL DE SANTA MARIA, no uso de [&hellip;]<\/p>\n","protected":false},"author":205,"featured_media":0,"parent":0,"menu_order":0,"comment_status":"closed","ping_status":"closed","template":"","meta":{"footnotes":""},"categories":[],"tags":[],"class_list":["post-3785","page","type-page","status-publish","hentry"],"acf":[],"_links":{"self":[{"href":"https:\/\/www.ufsm.br\/pro-reitorias\/proplan\/wp-json\/wp\/v2\/pages\/3785","targetHints":{"allow":["GET"]}}],"collection":[{"href":"https:\/\/www.ufsm.br\/pro-reitorias\/proplan\/wp-json\/wp\/v2\/pages"}],"about":[{"href":"https:\/\/www.ufsm.br\/pro-reitorias\/proplan\/wp-json\/wp\/v2\/types\/page"}],"author":[{"embeddable":true,"href":"https:\/\/www.ufsm.br\/pro-reitorias\/proplan\/wp-json\/wp\/v2\/users\/205"}],"replies":[{"embeddable":true,"href":"https:\/\/www.ufsm.br\/pro-reitorias\/proplan\/wp-json\/wp\/v2\/comments?post=3785"}],"version-history":[{"count":0,"href":"https:\/\/www.ufsm.br\/pro-reitorias\/proplan\/wp-json\/wp\/v2\/pages\/3785\/revisions"}],"wp:attachment":[{"href":"https:\/\/www.ufsm.br\/pro-reitorias\/proplan\/wp-json\/wp\/v2\/media?parent=3785"}],"wp:term":[{"taxonomy":"category","embeddable":true,"href":"https:\/\/www.ufsm.br\/pro-reitorias\/proplan\/wp-json\/wp\/v2\/categories?post=3785"},{"taxonomy":"post_tag","embeddable":true,"href":"https:\/\/www.ufsm.br\/pro-reitorias\/proplan\/wp-json\/wp\/v2\/tags?post=3785"}],"curies":[{"name":"wp","href":"https:\/\/api.w.org\/{rel}","templated":true}]}}