{"id":3786,"date":"2020-05-26T09:26:12","date_gmt":"2020-05-26T12:26:12","guid":{"rendered":"https:\/\/www.ufsm.br\/pro-reitorias\/proplan\/?page_id=3786"},"modified":"2020-05-26T09:29:38","modified_gmt":"2020-05-26T12:29:38","slug":"resolucao-n-106-1981","status":"publish","type":"page","link":"https:\/\/www.ufsm.br\/pro-reitorias\/proplan\/resolucao-n-106-1981","title":{"rendered":"Resolu\u00e7\u00e3o N. 106\/1981"},"content":{"rendered":"\t\t<div data-elementor-type=\"wp-page\" data-elementor-id=\"3786\" class=\"elementor elementor-3786\">\n\t\t\t\t\t\t<section class=\"elementor-section elementor-top-section elementor-element elementor-element-f71a716 elementor-section-boxed elementor-section-height-default elementor-section-height-default\" data-id=\"f71a716\" data-element_type=\"section\">\n\t\t\t\t\t\t<div class=\"elementor-container elementor-column-gap-default\">\n\t\t\t\t\t<div class=\"elementor-column elementor-col-100 elementor-top-column elementor-element elementor-element-ab3efed\" data-id=\"ab3efed\" data-element_type=\"column\">\n\t\t\t<div class=\"elementor-widget-wrap elementor-element-populated\">\n\t\t\t\t\t\t<div class=\"elementor-element elementor-element-d7ed711 elementor-widget elementor-widget-html\" data-id=\"d7ed711\" data-element_type=\"widget\" data-widget_type=\"html.default\">\n\t\t\t\t<div class=\"elementor-widget-container\">\n\t\t\t\r\n\r\n\r\n<title><b>RESOLU\u00c7\u00c3O N. 106\/1981<\/b><\/title>\r\n\r\n\r\n<div align=\"center\"><img decoding=\"async\" src=\"https:\/\/www.ufsm.br\/pro-reitorias\/proplan\/wp-content\/uploads\/sites\/344\/2019\/09\/brasao-da-republica-do-brasil-logo.png\" alt=\"Bras\u00e3o Rep\u00fablica Federativa do Brasil\" width=\"6%\" height=\"6%\"><\/div>    \r\n<h1><font color=\"blue\"><font size=\"5\"><div align=\"center\">SERVI\u00c7O P\u00daBLICO FEDERAL<\/font><\/font><\/div><\/H1>\r\n<p><div align=\"center\"><b><a href=\"https:\/\/portal.ufsm.br\/documentos\/publico\/documento.html?id=5734217\" target=\"_blank\"><font color=\"blue\"><u>RESOLU\u00c7\u00c3O N\u00ba 106, DE 03 DE JULHO DE 1981<\/u><\/font><\/a><\/b><\/div><\/p>\r\n<br>\r\n<p><strike><div align=\"right\"><font color=\"800000\">DA NOVA REDA\u00c7\u00c3O \u00c0 RESOLU\u00c7\u00c3O N\u00ba 101, DE 05 DE JUNHO DE 1.981, QUE DISP\u00d5E SOBRE AS NORMAS DISCIPLINADORAS SOBRE A DIVULGA\u00c7\u00c3O E AFIXA C\u00c3O DE MATERIAL PUBLICIT\u00c1RIO EM ESPA\u00c7OS F\u00cdSICOS DE QUALQUER NATU REZA DA UFSM.<\/font><\/div><\/strike><\/p>\r\n<br>\r\n<p><u><a href=\"https:\/\/www.ufsm.br\/pro-reitorias\/proplan\/resolucao-n-017-1983\/\" target=\"_blank\"><font color=\"blue\">Cancelada pela Resolu\u00e7\u00e3o N. 017\/1983<\/font><\/a><\/u><\/p>\r\n<br>\r\n<strike>\r\n<br><div align=\"justify\">\r\n<p>O REITOR DA UNIVERSIDADE FEDERAL DE SANTA MARIA, no uso de suas atribui\u00e7\u00f5es legais e estatut\u00e1rias, e<\/p>\r\n<p>- considerando a necessidade de disciplinar a divulga\u00e7\u00e3o de material publicit\u00e1rio em \u00e1reas da UFSM;<\/p>\r\n<p>- considerando a conveni\u00eancia de preservar e conservar os bens im\u00f3veis desta Institui\u00e7\u00e3o de Ensino Superior, e<\/p>\r\n<p>- considerando a necessidade de racionalizar a aplica\u00e7\u00e3o dos recursos destinados \u00e0 manuten\u00e7\u00e3o, recupera\u00e7\u00e3o e<\/p> conserva\u00e7\u00e3o do patrim\u00f4nio da Universidade Federal de Santa Maria,<\/p>\r\n<br>\r\n<p><div align=\"center\">RESOLVE:<\/div><\/p>\r\n<br>\r\n<p>I - Todo e qualquer material a ser divulgado e\/ou afixado em pr\u00e9dios ou quaisquer outros bens de propriedade da Universidade Federal de Santa Maria, dever\u00e1 obedecer \u00e0s normas seguintes:<\/p>\r\n<p>1 - a divulga\u00e7\u00e3o ou afixa\u00e7\u00e3o dever\u00e1 ocorrer em pain\u00e9is ou murais adequados;<\/p>\r\n<p>2 - as dimens\u00f5es e a localiza\u00e7\u00e3o dos pain\u00e9is ser\u00e3o definidas, conjuntamente, pelo dirigente universit\u00e1rio que administrar o espa\u00e7o f\u00edsico e as partes interessadas pela divulga\u00e7\u00e3o;<\/p>\r\n<p>3 - de comum acordo com a parte interessada e a crit\u00e9rio da autoridade competente quanto ao uso do espa\u00e7o f\u00edsico, poder\u00e1 ser autorizada a fixa\u00e7\u00e3o de cartazes ou assemelhados, em paredes n\u00e3o perec\u00edveis ou de vidro.<\/p>\r\n<p>II - S\u00e3o autoridades competentes quanto ao uso do espa\u00e7o f\u00edsico da UFSM:<\/p>\r\n<p>a) - o Diretor do Centro, na \u00e1rea f\u00edsica do respectivo Centro;<\/p>\r\n<p>b) - o Pr\u00f3-Reitor de Assuntos Estudantis no recinto dos Restaurantes Universit\u00e1rios e Casas de Estudantes;<\/p>\r\n<p>c) - o Prefeito da Cidade Universit\u00e1ria, nos demais pr\u00e9dios e locais da Universidade.<\/p>\r\n<p>III - S\u00e3o atribui\u00e7\u00f5es da autoridade competente aqui definida:<\/p>\r\n<p>a) - a fiscaliza\u00e7\u00e3o sobre a observ\u00e2ncia das disposi\u00e7\u00f5es desta Resolu\u00e7\u00e3o;<\/p>\r\n<p>b) - o recolhimento de qualquer material divulgado ou afixado em local impr\u00f3prio;<\/p>\r\n<p>c) - a iniciativa das medidas punitivas dos infratores dos preceitos aqui consagrados.<\/p>\r\n<p>IV - Excluem-se das proibi\u00e7\u00f5es desta Resolu\u00e7\u00e3o os peri\u00f3dicos oficiais ou n\u00e3o da UFSM, produzidos pelo Departamento de Divulga\u00e7\u00e3o.<\/p>\r\n<p>V - Fica sem efeito a <u><a href=\"https:\/\/www.ufsm.br\/pro-reitorias\/proplan\/resolucao-n-101-1981\/\" target=\"_blank\"><font color=\"blue\">Resolu\u00e7\u00e3o n\u00ba 101, de 05 de junho de 1.981<\/font><\/a><\/u>.\r\n<p>VI - Esta Resolu\u00e7\u00e3o entra em vigor na data de sua promulga\u00e7\u00e3o, revogadas as disposi\u00e7\u00f5es em contr\u00e1rio.<\/p> \r\n<\/div>\r\n<p>Prof. Derblay Galv\u00e3o,<\/p>\r\n<p>Reitor.<\/p>\r\n<\/strike>\r\n<p><font color=\"red0000\">Este texto n\u00e3o substitui o documento original, publicado no Portal de Documentos.<\/font> Dispon\u00edvel em: <a href=\"https:\/\/portal.ufsm.br\/documentos\/publico\/documento.html?id=5734217\" target=\"_blank\"><font color=\"blue\">https:\/\/portal.ufsm.br\/documentos\/publico\/documento.html?id=5734217<\/font><\/a>\r\n\r\n\t\t<\/div>\n\t\t\t\t<\/div>\n\t\t\t\t\t<\/div>\n\t\t<\/div>\n\t\t\t\t\t<\/div>\n\t\t<\/section>\n\t\t\t\t<\/div>\n\t\t","protected":false},"excerpt":{"rendered":"<p>RESOLU\u00c7\u00c3O N. 106\/1981 SERVI\u00c7O P\u00daBLICO FEDERAL RESOLU\u00c7\u00c3O N\u00ba 106, DE 03 DE JULHO DE 1981 DA NOVA REDA\u00c7\u00c3O \u00c0 RESOLU\u00c7\u00c3O N\u00ba 101, DE 05 DE JUNHO DE 1.981, QUE DISP\u00d5E SOBRE AS NORMAS DISCIPLINADORAS SOBRE A DIVULGA\u00c7\u00c3O E AFIXA C\u00c3O DE MATERIAL PUBLICIT\u00c1RIO EM ESPA\u00c7OS F\u00cdSICOS DE QUALQUER NATU REZA DA UFSM. Cancelada pela Resolu\u00e7\u00e3o [&hellip;]<\/p>\n","protected":false},"author":205,"featured_media":0,"parent":0,"menu_order":0,"comment_status":"closed","ping_status":"closed","template":"","meta":{"footnotes":""},"categories":[],"tags":[],"class_list":["post-3786","page","type-page","status-publish","hentry"],"acf":[],"_links":{"self":[{"href":"https:\/\/www.ufsm.br\/pro-reitorias\/proplan\/wp-json\/wp\/v2\/pages\/3786","targetHints":{"allow":["GET"]}}],"collection":[{"href":"https:\/\/www.ufsm.br\/pro-reitorias\/proplan\/wp-json\/wp\/v2\/pages"}],"about":[{"href":"https:\/\/www.ufsm.br\/pro-reitorias\/proplan\/wp-json\/wp\/v2\/types\/page"}],"author":[{"embeddable":true,"href":"https:\/\/www.ufsm.br\/pro-reitorias\/proplan\/wp-json\/wp\/v2\/users\/205"}],"replies":[{"embeddable":true,"href":"https:\/\/www.ufsm.br\/pro-reitorias\/proplan\/wp-json\/wp\/v2\/comments?post=3786"}],"version-history":[{"count":0,"href":"https:\/\/www.ufsm.br\/pro-reitorias\/proplan\/wp-json\/wp\/v2\/pages\/3786\/revisions"}],"wp:attachment":[{"href":"https:\/\/www.ufsm.br\/pro-reitorias\/proplan\/wp-json\/wp\/v2\/media?parent=3786"}],"wp:term":[{"taxonomy":"category","embeddable":true,"href":"https:\/\/www.ufsm.br\/pro-reitorias\/proplan\/wp-json\/wp\/v2\/categories?post=3786"},{"taxonomy":"post_tag","embeddable":true,"href":"https:\/\/www.ufsm.br\/pro-reitorias\/proplan\/wp-json\/wp\/v2\/tags?post=3786"}],"curies":[{"name":"wp","href":"https:\/\/api.w.org\/{rel}","templated":true}]}}