{"id":3787,"date":"2020-05-26T09:26:17","date_gmt":"2020-05-26T12:26:17","guid":{"rendered":"https:\/\/www.ufsm.br\/pro-reitorias\/proplan\/?page_id=3787"},"modified":"2020-05-26T09:30:31","modified_gmt":"2020-05-26T12:30:31","slug":"resolucao-n-107-1981","status":"publish","type":"page","link":"https:\/\/www.ufsm.br\/pro-reitorias\/proplan\/resolucao-n-107-1981","title":{"rendered":"Resolu\u00e7\u00e3o N. 107\/1981"},"content":{"rendered":"\t\t<div data-elementor-type=\"wp-page\" data-elementor-id=\"3787\" class=\"elementor elementor-3787\">\n\t\t\t\t\t\t<section class=\"elementor-section elementor-top-section elementor-element elementor-element-03b7651 elementor-section-boxed elementor-section-height-default elementor-section-height-default\" data-id=\"03b7651\" data-element_type=\"section\">\n\t\t\t\t\t\t<div class=\"elementor-container elementor-column-gap-default\">\n\t\t\t\t\t<div class=\"elementor-column elementor-col-100 elementor-top-column elementor-element elementor-element-c8ebad6\" data-id=\"c8ebad6\" data-element_type=\"column\">\n\t\t\t<div class=\"elementor-widget-wrap elementor-element-populated\">\n\t\t\t\t\t\t<div class=\"elementor-element elementor-element-5a91972 elementor-widget elementor-widget-html\" data-id=\"5a91972\" data-element_type=\"widget\" data-widget_type=\"html.default\">\n\t\t\t\t<div class=\"elementor-widget-container\">\n\t\t\t\r\n\r\n\r\n<title><b>RESOLU\u00c7\u00c3O N. 107\/1981<\/b><\/title>\r\n\r\n\r\n<div align=\"center\"><img decoding=\"async\" src=\"https:\/\/www.ufsm.br\/pro-reitorias\/proplan\/wp-content\/uploads\/sites\/344\/2019\/09\/brasao-da-republica-do-brasil-logo.png\" alt=\"Bras\u00e3o Rep\u00fablica Federativa do Brasil\" width=\"6%\" height=\"6%\"><\/div>    \r\n<h1><font color=\"blue\"><font size=\"5\"><div align=\"center\">SERVI\u00c7O P\u00daBLICO FEDERAL<\/font><\/font><\/div><\/H1>\r\n<p><div align=\"center\"><b><a href=\"https:\/\/portal.ufsm.br\/documentos\/publico\/documento.html?id=5754922\" target=\"_blank\"><font color=\"blue\"><u>Resolu\u00e7\u00e3o n\u00ba 107, de 15 de Julho de 1981<\/u><\/font><\/a><\/b><\/div><\/p>\r\n<br>\r\n<p><strike><div align=\"right\"><font color=\"800000\">AUTORIZA AOS SERVIDORES ENQUADRADOS NAS REFER\u00caNCIAS NM 01 A NM 14 A FAZEREM REFEI\u00c7\u00d5ES NO RU\/CAMPUS, POR PRE\u00c7OS ESPECIAIS.<\/font><\/div><\/strike><\/p>\r\n<br>\r\n<p><u><a href=\"https:\/\/www.ufsm.br\/pro-reitorias\/proplan\/resolucao-n-004-1982\/\" target=\"_blank\"><font color=\"blue\">Revogada pela Resolu\u00e7\u00e3o N. 004\/1982<\/font><\/a><\/u><\/p>\r\n<br>\r\n<strike>\r\n<br><div align=\"justify\">\r\n<p>O REITOR DA UNIVERSIDADE FEDERAL DE SANTA MARIA, no uso de suas atribui\u00e7\u00f5es legais e estatut\u00e1rias,<\/p> \r\n<p>- considerando o baixo poder aquisitivo dos servidores enquadrados nas refer\u00eancia 1 a 14, conforme consta da tabela anexa do <u><a href=\"http:\/\/www.planalto.gov.br\/ccivil_03\/decreto-lei\/1965-1988\/Del1820.htm\" target=\"_blank\"><font color=\"blue\">Decreto-lei n\u00ba 1.820\/81<\/font><\/a><\/u>;<\/p> \r\n<p>- considerando os constantes aumentos do custo de transporte, obrigando o servidor a dispender razo\u00e1vel soma do seu j\u00e1 reduzido sal\u00e1rio\/vencimento;<\/p> \r\n<p>- considerando que para alguns servidores o pagamento de quatro passagens di\u00e1rias, no deslocamento de sua resid\u00eancia at\u00e9 a Cidade Universit\u00e1ria, \u00e9 por demais oneroso;<\/p> \r\n<p>- considerando que ser\u00e1 mais econ\u00f4mico para o servidor realizar seu almo\u00e7o no Restaurante Universit\u00e1rio\/Campus, como uma alternativa para minimizar suas despesas di\u00e1rias com o transporte, e considerando, finalmente, que tem sido uma preocupa\u00e7\u00e3o da Administra\u00e7\u00e3o Superior da UFSM solucionar os problemas sociais dessa ordem,<\/p>\r\n<br>\r\n<p><div align=\"center\">RESOLVE:<\/div><\/p>\r\n<br>\r\n<p>I - Autorizar aos servidores que percebem sal\u00e1rios ou vencimentos enquadrados nas refer\u00eancia de NM 1 a NM 14, a realizarem suas refei\u00e7\u00f5es (almo\u00e7os) no Restaurante Universit\u00e1rio\/Campus nas seguintes condi\u00e7\u00f5es:<\/p> \r\n<p>- Servidores de refer\u00eancia NM 1 a NM 7 = Almo\u00e7o com pre\u00e7o equivalente ao pago pelos alunos carentes, e<\/p> \r\n<p>- Servidores de refer\u00eancia NM 8 a NM 14 = Almo\u00e7o com pre\u00e7o equivalente ao pago pelos demais universit\u00e1rios n\u00e3o enquadrados como carentes.<\/p> \r\n<p>II - Os interessados, para gozarem dessa vantagem, dever\u00e3o dirigir-se ao Departamento de Pessoal, a fim de se habilitarem com a carteira que os identifique como benefici\u00e1rios.<\/p> \r\n<\/div>\r\n<p>Prof. Derblay Galv\u00e3o,<\/p>\r\n<p>Reitor.<\/p>\r\n<\/strike>\r\n<p><font color=\"red0000\">Este texto n\u00e3o substitui o documento original, publicado no Portal de Documentos.<\/font> Dispon\u00edvel em: <a href=\"https:\/\/portal.ufsm.br\/documentos\/publico\/documento.html?id=5754922\" target=\"_blank\"><font color=\"blue\">https:\/\/portal.ufsm.br\/documentos\/publico\/documento.html?id=5754922<\/font><\/a>\r\n\r\n\t\t<\/div>\n\t\t\t\t<\/div>\n\t\t\t\t\t<\/div>\n\t\t<\/div>\n\t\t\t\t\t<\/div>\n\t\t<\/section>\n\t\t\t\t<\/div>\n\t\t","protected":false},"excerpt":{"rendered":"<p>RESOLU\u00c7\u00c3O N. 107\/1981 SERVI\u00c7O P\u00daBLICO FEDERAL Resolu\u00e7\u00e3o n\u00ba 107, de 15 de Julho de 1981 AUTORIZA AOS SERVIDORES ENQUADRADOS NAS REFER\u00caNCIAS NM 01 A NM 14 A FAZEREM REFEI\u00c7\u00d5ES NO RU\/CAMPUS, POR PRE\u00c7OS ESPECIAIS. Revogada pela Resolu\u00e7\u00e3o N. 004\/1982 O REITOR DA UNIVERSIDADE FEDERAL DE SANTA MARIA, no uso de suas atribui\u00e7\u00f5es legais e estatut\u00e1rias, [&hellip;]<\/p>\n","protected":false},"author":205,"featured_media":0,"parent":0,"menu_order":0,"comment_status":"closed","ping_status":"closed","template":"","meta":{"footnotes":""},"categories":[],"tags":[],"class_list":["post-3787","page","type-page","status-publish","hentry"],"acf":[],"_links":{"self":[{"href":"https:\/\/www.ufsm.br\/pro-reitorias\/proplan\/wp-json\/wp\/v2\/pages\/3787","targetHints":{"allow":["GET"]}}],"collection":[{"href":"https:\/\/www.ufsm.br\/pro-reitorias\/proplan\/wp-json\/wp\/v2\/pages"}],"about":[{"href":"https:\/\/www.ufsm.br\/pro-reitorias\/proplan\/wp-json\/wp\/v2\/types\/page"}],"author":[{"embeddable":true,"href":"https:\/\/www.ufsm.br\/pro-reitorias\/proplan\/wp-json\/wp\/v2\/users\/205"}],"replies":[{"embeddable":true,"href":"https:\/\/www.ufsm.br\/pro-reitorias\/proplan\/wp-json\/wp\/v2\/comments?post=3787"}],"version-history":[{"count":0,"href":"https:\/\/www.ufsm.br\/pro-reitorias\/proplan\/wp-json\/wp\/v2\/pages\/3787\/revisions"}],"wp:attachment":[{"href":"https:\/\/www.ufsm.br\/pro-reitorias\/proplan\/wp-json\/wp\/v2\/media?parent=3787"}],"wp:term":[{"taxonomy":"category","embeddable":true,"href":"https:\/\/www.ufsm.br\/pro-reitorias\/proplan\/wp-json\/wp\/v2\/categories?post=3787"},{"taxonomy":"post_tag","embeddable":true,"href":"https:\/\/www.ufsm.br\/pro-reitorias\/proplan\/wp-json\/wp\/v2\/tags?post=3787"}],"curies":[{"name":"wp","href":"https:\/\/api.w.org\/{rel}","templated":true}]}}