{"id":3792,"date":"2020-05-26T09:43:16","date_gmt":"2020-05-26T12:43:16","guid":{"rendered":"https:\/\/www.ufsm.br\/pro-reitorias\/proplan\/?page_id=3792"},"modified":"2020-07-17T15:15:53","modified_gmt":"2020-07-17T18:15:53","slug":"resolucao-n-112-1981","status":"publish","type":"page","link":"https:\/\/www.ufsm.br\/pro-reitorias\/proplan\/resolucao-n-112-1981","title":{"rendered":"Resolu\u00e7\u00e3o N. 112\/1981"},"content":{"rendered":"\t\t<div data-elementor-type=\"wp-page\" data-elementor-id=\"3792\" class=\"elementor elementor-3792\">\n\t\t\t\t\t\t<section class=\"elementor-section elementor-top-section elementor-element elementor-element-c1449ab elementor-section-boxed elementor-section-height-default elementor-section-height-default\" data-id=\"c1449ab\" data-element_type=\"section\">\n\t\t\t\t\t\t<div class=\"elementor-container elementor-column-gap-default\">\n\t\t\t\t\t<div class=\"elementor-column elementor-col-100 elementor-top-column elementor-element elementor-element-82237b3\" data-id=\"82237b3\" data-element_type=\"column\">\n\t\t\t<div class=\"elementor-widget-wrap elementor-element-populated\">\n\t\t\t\t\t\t<div class=\"elementor-element elementor-element-1a250eb elementor-widget elementor-widget-html\" data-id=\"1a250eb\" data-element_type=\"widget\" data-widget_type=\"html.default\">\n\t\t\t\t<div class=\"elementor-widget-container\">\n\t\t\t\r\n\r\n\r\n<title><b>RESOLU\u00c7\u00c3O N. 112\/1981<\/b><\/title>\r\n\r\n\r\n<div align=\"center\"><img decoding=\"async\" src=\"https:\/\/www.ufsm.br\/pro-reitorias\/proplan\/wp-content\/uploads\/sites\/344\/2019\/09\/brasao-da-republica-do-brasil-logo.png\" alt=\"Bras\u00e3o Rep\u00fablica Federativa do Brasil\" width=\"6%\" height=\"6%\"><\/div>    \r\n<h1><font color=\"blue\"><font size=\"5\"><div align=\"center\">MINIST\u00c9RIO DA EDUCA\u00c7\u00c3O E CULTURA<\/b><\/font><\/font><\/div><\/H1>\r\n<p><b><font color=\"0000blue\"><div align=\"center\">UNIVERSIDADE FEDERAL DE SANTA MARIA<\/b><\/font><\/div><\/p>\r\n<p><font color=\"blue\"><div align=\"center\"><b>GABINETE DO REITOR<\/b><\/font><\/font><\/div>\r\n<p><div align=\"center\"><b><a href=\"https:\/\/portal.ufsm.br\/documentos\/publico\/documento.html?id=5754946\" target=\"_blank\"><font color=\"blue\"><u>RESOLU\u00c7\u00c3O N\u00ba 112, DE 19 DE AGOSTO DE 1981<\/u><\/font><\/a><\/b><\/div><\/p>\r\n<br>\r\n<p><strike><div align=\"right\"><font color=\"800000\">APROVA E DIVULGA AS DIRETRIZES RELACIONADAS COM A ELABORA\u00c7\u00c3O DO PLANO OPERATIVO PICD\/UFSM\/1982 (Sub-Programa \"A\" \u2014 Brasil).<\/strike><\/font><\/div><\/p>\r\n<br>\r\n<p><a href=\"https:\/\/www.ufsm.br\/pro-reitorias\/proplan\/resolucao-n-022-2020\/\" target=\"_blank\"><font color=\"blue\">Revogada pela Resolu\u00e7\u00e3o N. 022\/2020<\/font><\/a><\/p>\r\n<br>\r\n<br><div align=\"justify\">\r\n<strike>\r\n<p>O REITOR DA UNIVERSIDADE FEDERAL DE SANTA MARIA, no uso de suas atribui\u00e7\u00f5es legais, e<\/p> \r\n<p>- considerando que a UFSM dever\u00e1 participar, mais uma vez e que ser\u00e1 o 7\u00ba ano consecutivo, do PICD\/I (Bolsas no Pa\u00eds), em 1982;<\/p> \r\n<p>- considerando que as orienta\u00e7\u00f5es-normativas recentemente recebidas da Coordena\u00e7\u00e3o Nacional do PICD\/CAPES e as disposi\u00e7\u00f5es da legisla\u00e7\u00e3o em vigor, pertinente \u00e0 carreira do Magist\u00e9rio Superior;<\/p> \r\n<p>- considerando que \u00e9 de real significado que o PICD\/UFSM\/1982 acolha candidatos indicados pelas Institui\u00e7\u00f5es de Ensino Superior do DGE-37, e<\/p> \r\n<p>- considerando o deliberado pela Comiss\u00e3o do PICD\/UFSM,<\/p>\r\n<br>\r\n<p><div align=\"center\">RESOLVE:<\/div><\/p>\r\n<br>\r\n<p>Expedir a presente Resolu\u00e7\u00e3o para aprovar e divulgar as diretrizes relacionadas com a elabora\u00e7\u00e3o do PLANO OPERATIVO PICD\/UFSM\/1982 (Sub-Programa \"A\" - Brasil), tendo por base as situa\u00e7\u00f5es - condi\u00e7\u00f5es seguintes:<\/p> \r\n<p>1. Professor Titular: somente poder\u00e1 obter licen\u00e7a de afastamento para realizar treinamento (Curso ou Est\u00e1gio) em n\u00edvel de P\u00f3s-Doutorado.<\/p> \r\n<p>2. Professor Adjunto: somente poder\u00e1 obter licen\u00e7a de afastamento para realizar Curso de Doutorado.<\/p> \r\n<p>3. Professor Assistente: somente poder\u00e1 obter licen\u00e7a de afastamento para realizar Curso de Mestrado ou de Doutorado.<\/p> \r\n<p>4. Professor Auxiliar: somente poder\u00e1 obter licen\u00e7a de afastamento para realizar Curso de Mestrado e, excepcionalmente de Doutorado.<\/p> \r\n<p>5. Docente, de qualquer n\u00edvel, portador do t\u00edtulo de Livre-Docente, somente poder\u00e1 obter licen\u00e7a de afastamento para realizar treinamento (Curso ou Est\u00e1gio) em n\u00edvel de P\u00f3s-Doutorado e, j\u00e1 excepcionalmente Curso de Doutorado.<\/p>\r\n<p>6. Ser\u00e1 considerado Rec\u00e9m-Graduado, para participa\u00e7\u00e3o no PICD\/UFSM\/1982, o candidato graduado at\u00e9 10 (dez) anos atr\u00e1s, isto \u00e9, diplomado em ou ap\u00f3s 1971.<\/p> \r\n<p>7. Os Professores Visitantes, contratados em qualquer n\u00edvel, n\u00e3o poder\u00e3o participar do PICD\/UFSM\/1982.<\/p> \r\n<p>8. O Plano Operativo PICD\/UFSM\/1982 poder\u00e1 contar com a participa\u00e7\u00e3o de Docentes e de Rec\u00e9m-Graduados indicados por Institui\u00e7\u00f5es de Ensino Superior do DGE n\u00ba 37.<\/p> \r\n<p>9. A participa\u00e7\u00e3o de Docentes da UFSM, no Plano Operativo PICD\/UFSM\/1982, n\u00e3o poder\u00e1 implicar em substitui\u00e7\u00e3o, ficando a licen\u00e7a de afastamento condicionada ao remanejamento da carga did\u00e1tica, em n\u00edvel do Departamento, ou mediante Termo de Compromisso de Substitui\u00e7\u00e3o firmado pelo(s) docente(s) Substituto(s), por igual tempo ao do afastamento.<\/p> \r\n<p>10. Os participantes do PICD\/UFSM\/1982 somente poder\u00e3o realizar Cursos recomendados pela CAPES.<\/p> \r\n<p>11. Os candidatos \u00e0 participa\u00e7\u00e3o no Plano Operativo PICD\/UFSM\/1982 dever\u00e3o se inscrever, idealmente, em cursos credenciados.<\/p> \r\n<p>12. As d\u00favidas que porventura existirem na execu\u00e7\u00e3o desta Resolu\u00e7\u00e3o ser\u00e3o dirimidas pela Comiss\u00e3o Permanente de Capacita\u00e7\u00e3o de Docentes\/UFSM, ficando, ainda, por este ato revogadas as disposi\u00e7\u00f5es normativas conflitantes.<\/p> \r\n<\/div>\r\n<p>Prof. Derblay Galv\u00e3o,<\/p>\r\n<p>Reitor.<\/p>\r\n<\/strike>\r\n<p><font color=\"red0000\">Este texto n\u00e3o substitui o documento original, publicado no Portal de Documentos.<\/font> Dispon\u00edvel em: <a href=\"https:\/\/portal.ufsm.br\/documentos\/publico\/documento.html?id=5754946\" target=\"_blank\"><font color=\"blue\">https:\/\/portal.ufsm.br\/documentos\/publico\/documento.html?id=5754946<\/font><\/a>\r\n\r\n\t\t<\/div>\n\t\t\t\t<\/div>\n\t\t\t\t\t<\/div>\n\t\t<\/div>\n\t\t\t\t\t<\/div>\n\t\t<\/section>\n\t\t\t\t<\/div>\n\t\t","protected":false},"excerpt":{"rendered":"<p>RESOLU\u00c7\u00c3O N. 112\/1981 MINIST\u00c9RIO DA EDUCA\u00c7\u00c3O E CULTURA UNIVERSIDADE FEDERAL DE SANTA MARIA GABINETE DO REITOR RESOLU\u00c7\u00c3O N\u00ba 112, DE 19 DE AGOSTO DE 1981 APROVA E DIVULGA AS DIRETRIZES RELACIONADAS COM A ELABORA\u00c7\u00c3O DO PLANO OPERATIVO PICD\/UFSM\/1982 (Sub-Programa &#8220;A&#8221; \u2014 Brasil). Revogada pela Resolu\u00e7\u00e3o N. 022\/2020 O REITOR DA UNIVERSIDADE FEDERAL DE SANTA MARIA, [&hellip;]<\/p>\n","protected":false},"author":205,"featured_media":0,"parent":0,"menu_order":0,"comment_status":"closed","ping_status":"closed","template":"","meta":{"footnotes":""},"categories":[],"tags":[],"class_list":["post-3792","page","type-page","status-publish","hentry"],"acf":[],"_links":{"self":[{"href":"https:\/\/www.ufsm.br\/pro-reitorias\/proplan\/wp-json\/wp\/v2\/pages\/3792","targetHints":{"allow":["GET"]}}],"collection":[{"href":"https:\/\/www.ufsm.br\/pro-reitorias\/proplan\/wp-json\/wp\/v2\/pages"}],"about":[{"href":"https:\/\/www.ufsm.br\/pro-reitorias\/proplan\/wp-json\/wp\/v2\/types\/page"}],"author":[{"embeddable":true,"href":"https:\/\/www.ufsm.br\/pro-reitorias\/proplan\/wp-json\/wp\/v2\/users\/205"}],"replies":[{"embeddable":true,"href":"https:\/\/www.ufsm.br\/pro-reitorias\/proplan\/wp-json\/wp\/v2\/comments?post=3792"}],"version-history":[{"count":0,"href":"https:\/\/www.ufsm.br\/pro-reitorias\/proplan\/wp-json\/wp\/v2\/pages\/3792\/revisions"}],"wp:attachment":[{"href":"https:\/\/www.ufsm.br\/pro-reitorias\/proplan\/wp-json\/wp\/v2\/media?parent=3792"}],"wp:term":[{"taxonomy":"category","embeddable":true,"href":"https:\/\/www.ufsm.br\/pro-reitorias\/proplan\/wp-json\/wp\/v2\/categories?post=3792"},{"taxonomy":"post_tag","embeddable":true,"href":"https:\/\/www.ufsm.br\/pro-reitorias\/proplan\/wp-json\/wp\/v2\/tags?post=3792"}],"curies":[{"name":"wp","href":"https:\/\/api.w.org\/{rel}","templated":true}]}}