{"id":3796,"date":"2020-05-26T10:38:49","date_gmt":"2020-05-26T13:38:49","guid":{"rendered":"https:\/\/www.ufsm.br\/pro-reitorias\/proplan\/?page_id=3796"},"modified":"2020-07-01T09:04:34","modified_gmt":"2020-07-01T12:04:34","slug":"resolucao-n-116-1981","status":"publish","type":"page","link":"https:\/\/www.ufsm.br\/pro-reitorias\/proplan\/resolucao-n-116-1981","title":{"rendered":"Resolu\u00e7\u00e3o N. 116\/1981"},"content":{"rendered":"\t\t<div data-elementor-type=\"wp-page\" data-elementor-id=\"3796\" class=\"elementor elementor-3796\">\n\t\t\t\t\t\t<section class=\"elementor-section elementor-top-section elementor-element elementor-element-4d0e59b elementor-section-boxed elementor-section-height-default elementor-section-height-default\" data-id=\"4d0e59b\" data-element_type=\"section\">\n\t\t\t\t\t\t<div class=\"elementor-container elementor-column-gap-default\">\n\t\t\t\t\t<div class=\"elementor-column elementor-col-100 elementor-top-column elementor-element elementor-element-1fa2ff9\" data-id=\"1fa2ff9\" data-element_type=\"column\">\n\t\t\t<div class=\"elementor-widget-wrap elementor-element-populated\">\n\t\t\t\t\t\t<div class=\"elementor-element elementor-element-6506a26 elementor-widget elementor-widget-html\" data-id=\"6506a26\" data-element_type=\"widget\" data-widget_type=\"html.default\">\n\t\t\t\t<div class=\"elementor-widget-container\">\n\t\t\t\r\n\r\n\r\n<title><b>RESOLU\u00c7\u00c3O N. 116\/1981<\/b><\/title>\r\n\r\n\r\n<div align=\"center\"><img decoding=\"async\" src=\"https:\/\/www.ufsm.br\/pro-reitorias\/proplan\/wp-content\/uploads\/sites\/344\/2019\/09\/brasao-da-republica-do-brasil-logo.png\" alt=\"Bras\u00e3o Rep\u00fablica Federativa do Brasil\" width=\"6%\" height=\"6%\"><\/div>    \r\n<h1><font color=\"blue\"><font size=\"5\"><div align=\"center\">MINIST\u00c9RIO DA EDUCA\u00c7\u00c3O E CULTURA<\/b><\/font><\/font><\/div><\/H1>\r\n<p><b><font color=\"0000blue\"><div align=\"center\">UNIVERSIDADE FEDERAL DE SANTA MARIA<\/b><\/font><\/div><\/p>\r\n<p><font color=\"blue\"><div align=\"center\"><b>GABINETE DO REITOR<\/b><\/font><\/font><\/div>\r\n<p><div align=\"center\"><b><a href=\"https:\/\/portal.ufsm.br\/documentos\/publico\/documento.html?id=5754963\" target=\"_blank\"><font color=\"blue\"><u>RESOLU\u00c7\u00c3O N\u00ba 116, de 21 de Outubro de 1981<\/u><\/font><\/a><\/b><\/div><\/p>\r\n<br>\r\n<p><strike><div align=\"right\"><font color=\"800000\">CRIA, JUNTO \u00c0 PR\u00d3-REITORIA DE EXTENS\u00c3O, O \"SETOR DE EMPREGOS E OPORTUNIDADES PROFISSIONAIS\".<\/font><\/div><\/strike><\/p>\r\n<br>\r\n<p><u><a href=\"https:\/\/www.ufsm.br\/pro-reitorias\/proplan\/resolucao-n-016-2020\/\" target=\"_blank\"><font color=\"blue\">Revogada pela Resolu\u00e7\u00e3o N. 016\/2020<\/font><\/a><\/u><\/p>\r\n<br>\r\n<strike>\r\n<br>\r\n<br><div align=\"justify\">\r\n<p>O REITOR DA UNIVERSIDADE FEDERAL DE SANTA MARIA, no uso de suas atribui\u00e7\u00f5es legais e estatut\u00e1rias,<\/p> \r\n<p>a) considerando a falta de informa\u00e7\u00f5es sobre o mercado de trabalho existente;<\/p> \r\n<p>b) considerando que nem sempre o empregador esta conhecendo as ofertas de profissionais;<\/p> \r\n<p>c) considerando que, cada vez mais, \u00e9 maior a concorr\u00eancia no mercado profissional;<\/p> \r\n<p>d) considerando que a Universidade deve se preocupar em orientar a coloca\u00e7\u00e3o dos profissionais oriundos de seus cursos,<\/p>\r\n<br>\r\n<p><div align=\"center\">RESOLVE:<\/div><\/p>\r\n<br>\r\n<p>Art. 1\u00ba - Criar, junto \u00e0 Pr\u00f3-Reitoria de Extens\u00e3o, o \"Setor de Empregos e Oportunidades Profissionais\", com o objetivo de servir aos alunos e ex- alunos da UFSM, na busca de mercado de trabalho.<\/p> \r\n<p>Art. 2\u00ba - O Setor de \"Empregos e Oportunidades Profissionais\" tem por finalidade:<\/p> \r\n<p>I - servir de liga\u00e7\u00e3o entre a UFSM e o mercado de trabalho;<\/p> \r\n<p>II - ampliar a intera\u00e7\u00e3o Universidade\/Comunidade;<\/p> \r\n<p>III - propiciar, a alunos e ex-alunos, a procura de ocupa\u00e7\u00e3o compat\u00edvel com o curso realizado, e<\/p> \r\n<p>IV - propiciar ao ex-aluno informa\u00e7\u00f5es sobre mercado de trabalho.<\/p> \r\n<p>Art. 3\u00ba Caber\u00e1 \u00e0 Pr\u00f3-Reitoria de Extens\u00e3o providenciar para que no prazo de 30 (trinta) dias, seja entregue \u00e0 Reitoria o plano definitivo de funcionamento do setor, que funcionar\u00e1 somente apos a sua aprova\u00e7\u00e3o.<\/p> \r\n<p>GABINETE DO REITOR DA UNIVERSIDADE FEDERAL DE SANTA MARIA, 21 DE OUTUBRO DE 1981.<\/p> \r\n<\/div>\r\n<p>Prof. Derblay Galv\u00e3o,<\/p>\r\n<p>Reitor.<\/p>\r\n<\/strike>\r\n<p><font color=\"red0000\">Este texto n\u00e3o substitui o documento original, publicado no Portal de Documentos.<\/font> Dispon\u00edvel em: <a href=\"https:\/\/portal.ufsm.br\/documentos\/publico\/documento.html?id=5754963\" target=\"_blank\"><font color=\"blue\">https:\/\/portal.ufsm.br\/documentos\/publico\/documento.html?id=5754963<\/font><\/a>\r\n\r\n\t\t<\/div>\n\t\t\t\t<\/div>\n\t\t\t\t\t<\/div>\n\t\t<\/div>\n\t\t\t\t\t<\/div>\n\t\t<\/section>\n\t\t\t\t<\/div>\n\t\t","protected":false},"excerpt":{"rendered":"<p>RESOLU\u00c7\u00c3O N. 116\/1981 MINIST\u00c9RIO DA EDUCA\u00c7\u00c3O E CULTURA UNIVERSIDADE FEDERAL DE SANTA MARIA GABINETE DO REITOR RESOLU\u00c7\u00c3O N\u00ba 116, de 21 de Outubro de 1981 CRIA, JUNTO \u00c0 PR\u00d3-REITORIA DE EXTENS\u00c3O, O &#8220;SETOR DE EMPREGOS E OPORTUNIDADES PROFISSIONAIS&#8221;. Revogada pela Resolu\u00e7\u00e3o N. 016\/2020 O REITOR DA UNIVERSIDADE FEDERAL DE SANTA MARIA, no uso de suas [&hellip;]<\/p>\n","protected":false},"author":205,"featured_media":0,"parent":0,"menu_order":0,"comment_status":"closed","ping_status":"closed","template":"","meta":{"footnotes":""},"categories":[],"tags":[],"class_list":["post-3796","page","type-page","status-publish","hentry"],"acf":[],"_links":{"self":[{"href":"https:\/\/www.ufsm.br\/pro-reitorias\/proplan\/wp-json\/wp\/v2\/pages\/3796","targetHints":{"allow":["GET"]}}],"collection":[{"href":"https:\/\/www.ufsm.br\/pro-reitorias\/proplan\/wp-json\/wp\/v2\/pages"}],"about":[{"href":"https:\/\/www.ufsm.br\/pro-reitorias\/proplan\/wp-json\/wp\/v2\/types\/page"}],"author":[{"embeddable":true,"href":"https:\/\/www.ufsm.br\/pro-reitorias\/proplan\/wp-json\/wp\/v2\/users\/205"}],"replies":[{"embeddable":true,"href":"https:\/\/www.ufsm.br\/pro-reitorias\/proplan\/wp-json\/wp\/v2\/comments?post=3796"}],"version-history":[{"count":0,"href":"https:\/\/www.ufsm.br\/pro-reitorias\/proplan\/wp-json\/wp\/v2\/pages\/3796\/revisions"}],"wp:attachment":[{"href":"https:\/\/www.ufsm.br\/pro-reitorias\/proplan\/wp-json\/wp\/v2\/media?parent=3796"}],"wp:term":[{"taxonomy":"category","embeddable":true,"href":"https:\/\/www.ufsm.br\/pro-reitorias\/proplan\/wp-json\/wp\/v2\/categories?post=3796"},{"taxonomy":"post_tag","embeddable":true,"href":"https:\/\/www.ufsm.br\/pro-reitorias\/proplan\/wp-json\/wp\/v2\/tags?post=3796"}],"curies":[{"name":"wp","href":"https:\/\/api.w.org\/{rel}","templated":true}]}}