{"id":3797,"date":"2020-05-26T10:38:56","date_gmt":"2020-05-26T13:38:56","guid":{"rendered":"https:\/\/www.ufsm.br\/pro-reitorias\/proplan\/?page_id=3797"},"modified":"2020-07-30T10:59:46","modified_gmt":"2020-07-30T13:59:46","slug":"resolucao-n-117-1981","status":"publish","type":"page","link":"https:\/\/www.ufsm.br\/pro-reitorias\/proplan\/resolucao-n-117-1981","title":{"rendered":"Resolu\u00e7\u00e3o N. 117\/1981"},"content":{"rendered":"\t\t<div data-elementor-type=\"wp-page\" data-elementor-id=\"3797\" class=\"elementor elementor-3797\">\n\t\t\t\t\t\t<section class=\"elementor-section elementor-top-section elementor-element elementor-element-82ec423 elementor-section-boxed elementor-section-height-default elementor-section-height-default\" data-id=\"82ec423\" data-element_type=\"section\">\n\t\t\t\t\t\t<div class=\"elementor-container elementor-column-gap-default\">\n\t\t\t\t\t<div class=\"elementor-column elementor-col-100 elementor-top-column elementor-element elementor-element-2c1e8df\" data-id=\"2c1e8df\" data-element_type=\"column\">\n\t\t\t<div class=\"elementor-widget-wrap elementor-element-populated\">\n\t\t\t\t\t\t<div class=\"elementor-element elementor-element-2534c51 elementor-widget elementor-widget-html\" data-id=\"2534c51\" data-element_type=\"widget\" data-widget_type=\"html.default\">\n\t\t\t\t<div class=\"elementor-widget-container\">\n\t\t\t\r\n\r\n\r\n<title><b>RESOLU\u00c7\u00c3O N. 117\/1981<\/b><\/title>\r\n\r\n\r\n<div align=\"center\"><img decoding=\"async\" src=\"https:\/\/www.ufsm.br\/pro-reitorias\/proplan\/wp-content\/uploads\/sites\/344\/2019\/09\/brasao-da-republica-do-brasil-logo.png\" alt=\"Bras\u00e3o Rep\u00fablica Federativa do Brasil\" width=\"6%\" height=\"6%\"><\/div>    \r\n<h1><font color=\"blue\"><font size=\"5\"><div align=\"center\">MINIST\u00c9RIO DA EDUCA\u00c7\u00c3O E CULTURA<\/b><\/font><\/font><\/div><\/H1>\r\n<p><b><font color=\"0000blue\"><div align=\"center\">UNIVERSIDADE FEDERAL DE SANTA MARIA<\/b><\/font><\/div><\/p>\r\n<p><font color=\"blue\"><div align=\"center\"><b>GABINETE DO REITOR<\/b><\/font><\/font><\/div>\r\n<p><div align=\"center\"><b><a href=\"https:\/\/portal.ufsm.br\/documentos\/publico\/documento.html?id=5754966\" target=\"_blank\"><font color=\"blue\"><u>RESOLU\u00c7\u00c3O N\u00ba 117, de 22 de outubro de 1981<\/u><\/font><\/a><\/b><\/div><\/p>\r\n<br>\r\n<p>Alterada pelas Resolu\u00e7\u00f5es <u><a href=\"https:\/\/www.ufsm.br\/pro-reitorias\/proplan\/resolucao-n-016-1982\/\" target=\"_blank\"><font color=\"blue\">N. 016\/1982<\/font><\/a><\/u> e <u><a href=\"https:\/\/www.ufsm.br\/pro-reitorias\/proplan\/resolucao-n-025-1987\/\" target=\"_blank\"><font color=\"blue\">N. 025\/1987<\/font><\/a><\/u><\/p>\r\n<p>Revogada pelas Resolu\u00e7\u00f5es <u><a href=\"https:\/\/www.ufsm.br\/pro-reitorias\/proplan\/resolucao-n-012-1991\/\" target=\"_blank\"><font color=\"blue\">N. 012\/1991<\/font><\/a><\/u> e <u><a href=\"https:\/\/www.ufsm.br\/pro-reitorias\/proplan\/resolucao-n-011-1994\/\" target=\"_blank\"><font color=\"blue\">N. 011\/1994<\/font><\/a><\/u><\/p>\r\n<br>\r\n<strike>\r\n<br><div align=\"justify\">\r\n<p>O REITOR DA UNIVERSIDADE FEDERAL DE SANTA MARIA, no uso de suas atribui\u00e7\u00f5es legais e estatut\u00e1rias, <\/p>\r\n<br>\r\n<p><div align=\"center\">RESOLVE:<\/div><\/p>\r\n<br>\r\n<p><strike>Art. 1\u00ba - ACRESCENTAR \u00e0 Divis\u00e3o de Imprensa do Departamento de Divulga\u00e7\u00e3o, a fun\u00e7\u00e3o Editorial.<\/strike> <a href=\"https:\/\/www.ufsm.br\/pro-reitorias\/proplan\/resolucao-n-016-1982\/\" target=\"_blank\"><font color=\"blue\"><u>(Reda\u00e7\u00e3o alterada pela Resolu\u00e7\u00e3o N. 016\/1982)<\/u><\/font><\/a><\/p>\r\n<p><strike>Art. 2\u00ba - O Setor Editorial da Divis\u00e3o de Imprensa ter\u00e1 uma organiza\u00e7\u00e3o flex\u00edvel, com a finalidade de permitir a implanta\u00e7\u00e3o da pol\u00edtica editorial, a ser definida pelo Conselho Editorial, cujos objetivos s\u00e3o os seguintes:<\/strike> <a href=\"https:\/\/www.ufsm.br\/pro-reitorias\/proplan\/resolucao-n-016-1982\/\" target=\"_blank\"><font color=\"blue\"><u>(Reda\u00e7\u00e3o alterada pela Resolu\u00e7\u00e3o N. 016\/1982)<\/u><\/font><\/a><\/p>\r\n<p><strike>a) incentivar a produ\u00e7\u00e3o; editar, co-editar e fazer a divulga\u00e7\u00e3o de trabalhos de qualquer natureza que interesse as finalidades do ensino, da pesquisa e da extens\u00e3o cultural;<\/strike> <a href=\"https:\/\/www.ufsm.br\/pro-reitorias\/proplan\/resolucao-n-016-1982\/\" target=\"_blank\"><font color=\"blue\"><u>(Reda\u00e7\u00e3o alterada pela Resolu\u00e7\u00e3o N. 016\/1982)<\/u><\/font><\/a><\/p>\r\n<p><strike>b) promover o interc\u00e2mbio bibliogr\u00e1fico com outras universidades, bibliotecas e entidades similares; e<\/strike> <a href=\"https:\/\/www.ufsm.br\/pro-reitorias\/proplan\/resolucao-n-016-1982\/\" target=\"_blank\"><font color=\"blue\"><u>(Reda\u00e7\u00e3o alterada pela Resolu\u00e7\u00e3o N. 016\/1982)<\/u><\/font><\/a><\/p>\r\n<p><strike>c) facilitar a alunos e professores o acesso a materiais bibliogr\u00e1ficos.<\/strike> <a href=\"https:\/\/www.ufsm.br\/pro-reitorias\/proplan\/resolucao-n-016-1982\/\" target=\"_blank\"><font color=\"blue\"><u>(Reda\u00e7\u00e3o alterada pela Resolu\u00e7\u00e3o N. 016\/1982)<\/u><\/font><\/a><\/p>\r\n\r\n<p>Art. 1\u00ba - Acrescentar ao Departamento de Divulga\u00e7\u00e3o a fun\u00e7\u00e3o editorial. <a href=\"https:\/\/www.ufsm.br\/pro-reitorias\/proplan\/resolucao-n-016-1982\/\" target=\"_blank\"><font color=\"blue\"><u>(Reda\u00e7\u00e3o dada pela Resolu\u00e7\u00e3o N. 016\/1982)<\/u><\/font><\/a><\/p> \r\n<p><strike>I ) desativar, temporariamente, o Departamento de Divulga\u00e7\u00e3o;<\/strike> <a href=\"https:\/\/www.ufsm.br\/pro-reitorias\/proplan\/resolucao-n-025-1987\/\" target=\"_blank\"><font color=\"blue\"><u>(Reda\u00e7\u00e3o dada pela Resolu\u00e7\u00e3o N. 025\/1987)<\/u><\/font><\/a> <a href=\"https:\/\/www.ufsm.br\/pro-reitorias\/proplan\/resolucao-n-016-1998\/\" target=\"_blank\"><font color=\"blue\"><u>(Exclu\u00eddos pela Resolu\u00e7\u00e3o N. 016\/1998)<\/u><\/font><\/a><\/p>\r\n<p><strike>II) vincular a R\u00e1dio Universidade e a se\u00e7\u00e3o de Divulga\u00e7\u00e3o \u00e0 Reitoria, sob coordena\u00e7\u00e3o e supervis\u00e3o da Pr\u00f3-Reitoria de Extens\u00e3o;<\/strike> <a href=\"https:\/\/www.ufsm.br\/pro-reitorias\/proplan\/resolucao-n-025-1987\/\" target=\"_blank\"><font color=\"blue\"><u>(Reda\u00e7\u00e3o dada pela Resolu\u00e7\u00e3o N. 025\/1987)<\/u><\/font><\/a> <a href=\"https:\/\/www.ufsm.br\/pro-reitorias\/proplan\/resolucao-n-016-1998\/\" target=\"_blank\"><font color=\"blue\"><u>(Exclu\u00eddos pela Resolu\u00e7\u00e3o N. 016\/1998)<\/u><\/font><\/a><\/p>\r\n\r\n<p>III) vincular a Imprensa Universit\u00e1ria \u00e0 Reitoria, sob coordena\u00e7\u00e3o e supervis\u00e3o da Pr\u00f3-Reitoria de Administra\u00e7\u00e3o; <a href=\"https:\/\/www.ufsm.br\/pro-reitorias\/proplan\/resolucao-n-025-1987\/\" target=\"_blank\"><font color=\"blue\"><u>(Reda\u00e7\u00e3o dada pela Resolu\u00e7\u00e3o N. 025\/1987)<\/u><\/font><\/a><\/p> \r\n<p>IV) vincular o setor Editorial \u00e0 Reitoria sob coordena\u00e7\u00e3o e supervis\u00e3o da Pr\u00f3-Reitoria de P\u00f3s-Gradua\u00e7\u00e3o e Pesquisa; <a href=\"https:\/\/www.ufsm.br\/pro-reitorias\/proplan\/resolucao-n-025-1987\/\" target=\"_blank\"><font color=\"blue\"><u>(Reda\u00e7\u00e3o dada pela Resolu\u00e7\u00e3o N. 025\/1987)<\/u><\/font><\/a><\/p> \r\n<p>V) vincular o setor Fotogr\u00e1fico e de Rela\u00e7\u00f5es P\u00fablicas ao Gabinete do Reitor; <a href=\"https:\/\/www.ufsm.br\/pro-reitorias\/proplan\/resolucao-n-025-1987\/\" target=\"_blank\"><font color=\"blue\"><u>(Reda\u00e7\u00e3o dada pela Resolu\u00e7\u00e3o N. 025\/1987)<\/u><\/font><\/a><\/p> \r\n\r\n<p>Art. 2\u00ba - O Setor Editorial da UFSM, vinculado ao Departamento de Divulga\u00e7\u00e3o, ter\u00e1 uma organiza\u00e7\u00e3o flex\u00edvel, com a finalidade de permitir a implanta\u00e7\u00e3o da pol\u00edtica editorial, a ser definida pelo Conselho Editorial, cujos objetivos s\u00e3o os seguintes:<a href=\"https:\/\/www.ufsm.br\/pro-reitorias\/proplan\/resolucao-n-016-1982\/\" target=\"_blank\"><font color=\"blue\"><u>(Reda\u00e7\u00e3o dada pela Resolu\u00e7\u00e3o N. 016\/1982)<\/u><\/font><\/a><\/p> \r\n<p>a) incrementar a produ\u00e7\u00e3o; editar; co-editar e fazer divulga\u00e7\u00f5es de trabalhos de qualquer natureza que interesse \u00e0s finalidades do ensino, da pesquisa e da extens\u00e3o cultural; <a href=\"https:\/\/www.ufsm.br\/pro-reitorias\/proplan\/resolucao-n-016-1982\/\" target=\"_blank\"><font color=\"blue\"><u>(Reda\u00e7\u00e3o dada pela Resolu\u00e7\u00e3o N. 016\/1982)<\/u><\/font><\/a><\/p>\r\n<p>b) promover o interc\u00e2mbio bibliogr\u00e1fico com ou tras Universidades, bibliotecas e entidades similares; e <a href=\"https:\/\/www.ufsm.br\/pro-reitorias\/proplan\/resolucao-n-016-1982\/\" target=\"_blank\"><font color=\"blue\"><u>(Reda\u00e7\u00e3o dada pela Resolu\u00e7\u00e3o N. 016\/1982)<\/u><\/font><\/a><\/p>\r\n<p>c) facilitar a alunos e professores o acesso a materiais bibliogr\u00e1ficos. <a href=\"https:\/\/www.ufsm.br\/pro-reitorias\/proplan\/resolucao-n-016-1982\/\" target=\"_blank\"><font color=\"blue\"><u>(Reda\u00e7\u00e3o dada pela Resolu\u00e7\u00e3o N. 016\/1982)<\/u><\/font><\/a><\/p>\r\n\r\n<p>Art. 3\u00ba - O Setor Editorial ser\u00e1 dirigido por um Conselho Editorial, que ser\u00e1 constitu\u00eddo por professores distinguidos por sua produ\u00e7\u00e3o cient\u00edfica-cultural, juntamente com o Diretor do Departamento de Divulga\u00e7\u00e3o e do Diretor da Divis\u00e3o de Imprensa.<\/p> \r\n\r\n<p><strike>Art. 4\u00ba - O Conselho Editorial ser\u00e1 constitu\u00eddo:<\/strike> <a href=\"https:\/\/www.ufsm.br\/pro-reitorias\/proplan\/resolucao-n-025-1987\/\" target=\"_blank\"><font color=\"blue\"><u>(Reda\u00e7\u00e3o alterada pela Resolu\u00e7\u00e3o N. 025\/1987)<\/u><\/font><\/a><\/p> \r\n<p><strike>a) pelo Diretor do Departamento de Divulga\u00e7\u00e3o; <\/strike> <a href=\"https:\/\/www.ufsm.br\/pro-reitorias\/proplan\/resolucao-n-025-1987\/\" target=\"_blank\"><font color=\"blue\"><u>(Reda\u00e7\u00e3o alterada pela Resolu\u00e7\u00e3o N. 025\/1987)<\/u><\/font><\/a><\/p> \r\n<p><strike>b) pelo Diretor da Divis\u00e3o de Imprensa; <\/strike> <a href=\"https:\/\/www.ufsm.br\/pro-reitorias\/proplan\/resolucao-n-025-1987\/\" target=\"_blank\"><font color=\"blue\"><u>(Reda\u00e7\u00e3o alterada pela Resolu\u00e7\u00e3o N. 025\/1987)<\/u><\/font><\/a><\/p> \r\n<p><strike>c) por mais oito (8) membros, todos professores, indicados pela Dire\u00e7\u00e3o de cada Centro e designados pelo Reitor, para um mandato de dois (2) anos, onde ser\u00e1 permitida apenas uma recondu\u00e7\u00e3o; <\/strike> <a href=\"https:\/\/www.ufsm.br\/pro-reitorias\/proplan\/resolucao-n-025-1987\/\" target=\"_blank\"><font color=\"blue\"><u>(Reda\u00e7\u00e3o alterada pela Resolu\u00e7\u00e3o N. 025\/1987)<\/u><\/font><\/a><\/p> \r\n<p><strike>d) a presid\u00eancia do Conselho Editorial ser\u00e1 exercida por um de seus membros. <\/strike> <a href=\"https:\/\/www.ufsm.br\/pro-reitorias\/proplan\/resolucao-n-025-1987\/\" target=\"_blank\"><font color=\"blue\"><u>(Reda\u00e7\u00e3o alterada pela Resolu\u00e7\u00e3o N. 025\/1987)<\/u><\/font><\/a><\/p> \r\n\r\n<p>Art. 4 - O Conselho Editorial ser\u00e1 constitu\u00eddo:<a href=\"https:\/\/www.ufsm.br\/pro-reitorias\/proplan\/resolucao-n-025-1987\/\" target=\"_blank\"><font color=\"blue\"><u>(Reda\u00e7\u00e3o dada pela Resolu\u00e7\u00e3o N. 025\/1987)<\/u><\/font><\/a><\/p> \r\n<p>a) por oito membros, docentes, indicados pela Dire\u00e7\u00e3o de cada Centro e designados pelo Reitor, para um mandato de dois (2) anos, sendo permitida uma recondu\u00e7\u00e3o;<a href=\"https:\/\/www.ufsm.br\/pro-reitorias\/proplan\/resolucao-n-025-1987\/\" target=\"_blank\"><font color=\"blue\"><u>(Reda\u00e7\u00e3o dada pela Resolu\u00e7\u00e3o N. 025\/1987)<\/u><\/font><\/a><\/p> \r\n<p>b) dois representantes do Reitor;<a href=\"https:\/\/www.ufsm.br\/pro-reitorias\/proplan\/resolucao-n-025-1987\/\" target=\"_blank\"><font color=\"blue\"><u>(Reda\u00e7\u00e3o dada pela Resolu\u00e7\u00e3o N. 025\/1987)<\/u><\/font><\/a><\/p> \r\n<p>c) a presid\u00eancia do Conselho Editorial ser\u00e1 exercida por um de seus membros. <a href=\"https:\/\/www.ufsm.br\/pro-reitorias\/proplan\/resolucao-n-025-1987\/\" target=\"_blank\"><font color=\"blue\"><u>(Reda\u00e7\u00e3o dada pela Resolu\u00e7\u00e3o N. 025\/1987)<\/u><\/font><\/a><\/p> \r\n\r\n<p>Art. 5\u00ba - Anualmente, o Departamento de Divulga\u00e7\u00e3o contar\u00e1 com recursos especificamente destinados \u00e0 implementa\u00e7\u00e3o dos planos editoriais aprovados pelo Conselho Editorial.<\/p> \r\n<p>Art. 6\u00ba - O Departamento de Divulga\u00e7\u00e3o poder\u00e1 efetivar conv\u00eanios de co-edi\u00e7\u00e3o; contratos de distribui\u00e7\u00e3o; contratos de direitos autorais; fixar pre\u00e7os de livros editados ou co-editados, definir e implementar planos de vendas e consigna\u00e7\u00f5es.<\/p> \r\n<p>Art. 7\u00ba - O Departamento de Divulga\u00e7\u00e3o, no cumprimento de suas atividades, dever\u00e1 obedecer, sempre, a legisla\u00e7\u00e3o federal, no que diz respeito a contratos, conv\u00eanios, comercializa\u00e7\u00e3o, arrecada\u00e7\u00e3o e aplica\u00e7\u00e3o de recursos financeiros.<\/p> \r\n<p>Art. 8\u00ba - A presente Resolu\u00e7\u00e3o entra em vigor na data de sua publica\u00e7\u00e3o.<\/p> \r\n<\/div>\r\n<p>Prof. Derblay Galv\u00e3o,<\/p>\r\n<p>Reitor.<\/p>\r\n<p><font color=\"red0000\">Este texto n\u00e3o substitui o documento original, publicado no Portal de Documentos.<\/font> Dispon\u00edvel em: <a href=\"https:\/\/portal.ufsm.br\/documentos\/publico\/documento.html?id=5754966\" target=\"_blank\"><font color=\"blue\">https:\/\/portal.ufsm.br\/documentos\/publico\/documento.html?id=5754966<\/font><\/a>\r\n\r\n\t\t<\/div>\n\t\t\t\t<\/div>\n\t\t\t\t\t<\/div>\n\t\t<\/div>\n\t\t\t\t\t<\/div>\n\t\t<\/section>\n\t\t\t\t<\/div>\n\t\t","protected":false},"excerpt":{"rendered":"<p>RESOLU\u00c7\u00c3O N. 117\/1981 MINIST\u00c9RIO DA EDUCA\u00c7\u00c3O E CULTURA UNIVERSIDADE FEDERAL DE SANTA MARIA GABINETE DO REITOR RESOLU\u00c7\u00c3O N\u00ba 117, de 22 de outubro de 1981 Alterada pelas Resolu\u00e7\u00f5es N. 016\/1982 e N. 025\/1987 Revogada pelas Resolu\u00e7\u00f5es N. 012\/1991 e N. 011\/1994 O REITOR DA UNIVERSIDADE FEDERAL DE SANTA MARIA, no uso de suas atribui\u00e7\u00f5es legais [&hellip;]<\/p>\n","protected":false},"author":205,"featured_media":0,"parent":0,"menu_order":0,"comment_status":"closed","ping_status":"closed","template":"","meta":{"footnotes":""},"categories":[],"tags":[],"class_list":["post-3797","page","type-page","status-publish","hentry"],"acf":[],"_links":{"self":[{"href":"https:\/\/www.ufsm.br\/pro-reitorias\/proplan\/wp-json\/wp\/v2\/pages\/3797","targetHints":{"allow":["GET"]}}],"collection":[{"href":"https:\/\/www.ufsm.br\/pro-reitorias\/proplan\/wp-json\/wp\/v2\/pages"}],"about":[{"href":"https:\/\/www.ufsm.br\/pro-reitorias\/proplan\/wp-json\/wp\/v2\/types\/page"}],"author":[{"embeddable":true,"href":"https:\/\/www.ufsm.br\/pro-reitorias\/proplan\/wp-json\/wp\/v2\/users\/205"}],"replies":[{"embeddable":true,"href":"https:\/\/www.ufsm.br\/pro-reitorias\/proplan\/wp-json\/wp\/v2\/comments?post=3797"}],"version-history":[{"count":0,"href":"https:\/\/www.ufsm.br\/pro-reitorias\/proplan\/wp-json\/wp\/v2\/pages\/3797\/revisions"}],"wp:attachment":[{"href":"https:\/\/www.ufsm.br\/pro-reitorias\/proplan\/wp-json\/wp\/v2\/media?parent=3797"}],"wp:term":[{"taxonomy":"category","embeddable":true,"href":"https:\/\/www.ufsm.br\/pro-reitorias\/proplan\/wp-json\/wp\/v2\/categories?post=3797"},{"taxonomy":"post_tag","embeddable":true,"href":"https:\/\/www.ufsm.br\/pro-reitorias\/proplan\/wp-json\/wp\/v2\/tags?post=3797"}],"curies":[{"name":"wp","href":"https:\/\/api.w.org\/{rel}","templated":true}]}}