{"id":3800,"date":"2020-05-26T11:07:18","date_gmt":"2020-05-26T14:07:18","guid":{"rendered":"https:\/\/www.ufsm.br\/pro-reitorias\/proplan\/?page_id=3800"},"modified":"2020-07-17T13:16:10","modified_gmt":"2020-07-17T16:16:10","slug":"resolucao-n-120-1981","status":"publish","type":"page","link":"https:\/\/www.ufsm.br\/pro-reitorias\/proplan\/resolucao-n-120-1981","title":{"rendered":"Resolu\u00e7\u00e3o N. 120\/1981"},"content":{"rendered":"\t\t<div data-elementor-type=\"wp-page\" data-elementor-id=\"3800\" class=\"elementor elementor-3800\">\n\t\t\t\t\t\t<section class=\"elementor-section elementor-top-section elementor-element elementor-element-689a673 elementor-section-boxed elementor-section-height-default elementor-section-height-default\" data-id=\"689a673\" data-element_type=\"section\">\n\t\t\t\t\t\t<div class=\"elementor-container elementor-column-gap-default\">\n\t\t\t\t\t<div class=\"elementor-column elementor-col-100 elementor-top-column elementor-element elementor-element-fd7b2a2\" data-id=\"fd7b2a2\" data-element_type=\"column\">\n\t\t\t<div class=\"elementor-widget-wrap elementor-element-populated\">\n\t\t\t\t\t\t<div class=\"elementor-element elementor-element-8a9ed03 elementor-widget elementor-widget-html\" data-id=\"8a9ed03\" data-element_type=\"widget\" data-widget_type=\"html.default\">\n\t\t\t\t<div class=\"elementor-widget-container\">\n\t\t\t\r\n\r\n\r\n<title><b>RESOLU\u00c7\u00c3O N. 120\/1981<\/b><\/title>\r\n\r\n\r\n<div align=\"center\"><img decoding=\"async\" src=\"https:\/\/www.ufsm.br\/pro-reitorias\/proplan\/wp-content\/uploads\/sites\/344\/2019\/09\/brasao-da-republica-do-brasil-logo.png\" alt=\"Bras\u00e3o Rep\u00fablica Federativa do Brasil\" width=\"6%\" height=\"6%\"><\/div>    \r\n<h1><font color=\"blue\"><font size=\"5\"><div align=\"center\">MINIST\u00c9RIO DA EDUCA\u00c7\u00c3O E CULTURA<\/b><\/font><\/font><\/div><\/H1>\r\n<p><b><font color=\"0000blue\"><div align=\"center\">UNIVERSIDADE FEDERAL DE SANTA MARIA<\/b><\/font><\/div><\/p>\r\n<p><font color=\"blue\"><div align=\"center\"><b>GABINETE DO REITOR<\/b><\/font><\/font><\/div>\r\n<p><div align=\"center\"><b><a href=\"https:\/\/portal.ufsm.br\/documentos\/publico\/documento.html?id=5754979\" target=\"_blank\"><font color=\"blue\"><u>RESOLU\u00c7\u00c3O N\u00ba 120, de 28 de dezembro de 1981<\/u><\/font><\/a><\/b><\/div><\/p>\r\n<br>\r\n<p><a href=\"https:\/\/www.ufsm.br\/pro-reitorias\/proplan\/resolucao-n-022-2020\/\" target=\"_blank\"><font color=\"blue\">Revogada pela Resolu\u00e7\u00e3o N. 022\/2020<\/font><\/a><\/p>\r\n<br>\r\n<br><div align=\"justify\">\r\n<strike>\r\n<p>O REITOR DA UNIVERSIDADE FEDERAL DE SANTA MARIA, no uso de suas atribui\u00e7\u00f5es legais, e<\/p> \r\n<p>- considerando a necessidade de agilizar a tramita\u00e7\u00e3o dos projetos e processos de interesse da UFSM, em Bras\u00edlia;<\/p> \r\n<p>- considerando a conveni\u00eancia de um controle de acompanhamento, na Capital Federal, com a finalidade de orientar a Institui\u00e7\u00e3o quanto \u00e0 marcha dos mesmos nos \u00d3rg\u00e3os Federais;<\/p> \r\n<p>- considerando que com tal medida n\u00e3o se pretende centralizar no Gabinete do Reitor iniciativas relacionadas com projetos e processos, antes pelo contr\u00e1rio, visa-se facilitar, tanto quanto poss\u00edvel, em favor dos interessados a obten\u00e7\u00e3o mais r\u00e1pida de solu\u00e7\u00f5es,<\/p>\r\n<br>\r\n<p><div align=\"center\">RESOLVE:<\/div><\/p>\r\n<br>\r\n<p>I - Recomendar a todos os Diretores de Centros; Coordenadores de Cursos de Gradua\u00e7\u00e3o e P\u00f3s-Gradua\u00e7\u00e3o; Chefes de Departamentos Did\u00e1ticos e Administrativos que fa\u00e7am as tramita\u00e7\u00f5es de projetos e processos atrav\u00e9s do Gabinete do Reitor, sempre que os mesmos se destinarem a \u00d3rg\u00e3os Federais em Bras\u00edlia.<\/p> \r\n<p>II - Recebidos no Gabinete do Reitor processos ou projetos estes ter\u00e3o encaminhamento especial por parte do Assessor Rainer Muller, em malote direto ao Representante da UFSM em Bras\u00edlia, Cel Milo Darci Aita, que dar\u00e1 os passos devidos no acompanhamento e obten\u00e7\u00e3o de solu\u00e7\u00f5es, assegurando a medida um perfeito servi\u00e7o de controle.<\/p>\r\n<p>III - Somente em casos excepcionais - urg\u00eancia urgent\u00edssima - projetos e processos poder\u00e3o ser levados em m\u00e3os a Bras\u00edlia. Nesses casos projetos e processos dever\u00e3o ser acompanhados de:<\/p> \r\n<p>a) Of\u00edcio de encaminhamento assinado pelo Reitor ou por quem lhe fizer as vezes;<\/p> \r\n<p>b) c\u00f3pias em xerox que dever\u00e1 ser protocolada, juntamente com o original, no \u00d3rg\u00e3o Federal, devendo ser entregue,ap\u00f3s, ao Cel Milo Darci Aita ou, na impossibilidade de tal ocorr\u00eancia por necessidade de viagem ou desencontro, ao Gabinete do Reitor diretamente ao Assessor Rainer Muller que se encarregar\u00e1 da tramita\u00e7\u00e3o posterior.<\/p> \r\n<p>Gabinete do Reitor da Universidade Federal de Santa Maria, 28 de dezembro de 1981.<\/p> \r\n<\/div>\r\n<p>Prof. Armando Vallandro,<\/p>\r\n<\/strike>\r\n<p><font color=\"red0000\">Este texto n\u00e3o substitui o documento original, publicado no Portal de Documentos.<\/font> Dispon\u00edvel em: <a href=\"https:\/\/portal.ufsm.br\/documentos\/publico\/documento.html?id=5754979\" target=\"_blank\"><font color=\"blue\">https:\/\/portal.ufsm.br\/documentos\/publico\/documento.html?id=5754979<\/font><\/a>\r\n\r\n\t\t<\/div>\n\t\t\t\t<\/div>\n\t\t\t\t\t<\/div>\n\t\t<\/div>\n\t\t\t\t\t<\/div>\n\t\t<\/section>\n\t\t\t\t<\/div>\n\t\t","protected":false},"excerpt":{"rendered":"<p>RESOLU\u00c7\u00c3O N. 120\/1981 MINIST\u00c9RIO DA EDUCA\u00c7\u00c3O E CULTURA UNIVERSIDADE FEDERAL DE SANTA MARIA GABINETE DO REITOR RESOLU\u00c7\u00c3O N\u00ba 120, de 28 de dezembro de 1981 Revogada pela Resolu\u00e7\u00e3o N. 022\/2020 O REITOR DA UNIVERSIDADE FEDERAL DE SANTA MARIA, no uso de suas atribui\u00e7\u00f5es legais, e &#8211; considerando a necessidade de agilizar a tramita\u00e7\u00e3o dos projetos [&hellip;]<\/p>\n","protected":false},"author":205,"featured_media":0,"parent":0,"menu_order":0,"comment_status":"closed","ping_status":"closed","template":"","meta":{"footnotes":""},"categories":[],"tags":[],"class_list":["post-3800","page","type-page","status-publish","hentry"],"acf":[],"_links":{"self":[{"href":"https:\/\/www.ufsm.br\/pro-reitorias\/proplan\/wp-json\/wp\/v2\/pages\/3800","targetHints":{"allow":["GET"]}}],"collection":[{"href":"https:\/\/www.ufsm.br\/pro-reitorias\/proplan\/wp-json\/wp\/v2\/pages"}],"about":[{"href":"https:\/\/www.ufsm.br\/pro-reitorias\/proplan\/wp-json\/wp\/v2\/types\/page"}],"author":[{"embeddable":true,"href":"https:\/\/www.ufsm.br\/pro-reitorias\/proplan\/wp-json\/wp\/v2\/users\/205"}],"replies":[{"embeddable":true,"href":"https:\/\/www.ufsm.br\/pro-reitorias\/proplan\/wp-json\/wp\/v2\/comments?post=3800"}],"version-history":[{"count":0,"href":"https:\/\/www.ufsm.br\/pro-reitorias\/proplan\/wp-json\/wp\/v2\/pages\/3800\/revisions"}],"wp:attachment":[{"href":"https:\/\/www.ufsm.br\/pro-reitorias\/proplan\/wp-json\/wp\/v2\/media?parent=3800"}],"wp:term":[{"taxonomy":"category","embeddable":true,"href":"https:\/\/www.ufsm.br\/pro-reitorias\/proplan\/wp-json\/wp\/v2\/categories?post=3800"},{"taxonomy":"post_tag","embeddable":true,"href":"https:\/\/www.ufsm.br\/pro-reitorias\/proplan\/wp-json\/wp\/v2\/tags?post=3800"}],"curies":[{"name":"wp","href":"https:\/\/api.w.org\/{rel}","templated":true}]}}