{"id":3804,"date":"2020-05-27T16:59:58","date_gmt":"2020-05-27T19:59:58","guid":{"rendered":"https:\/\/www.ufsm.br\/pro-reitorias\/proplan\/?page_id=3804"},"modified":"2020-07-17T10:38:29","modified_gmt":"2020-07-17T13:38:29","slug":"resolucao-n-075-1980","status":"publish","type":"page","link":"https:\/\/www.ufsm.br\/pro-reitorias\/proplan\/resolucao-n-075-1980","title":{"rendered":"Resolu\u00e7\u00e3o N. 075\/1980"},"content":{"rendered":"\t\t<div data-elementor-type=\"wp-page\" data-elementor-id=\"3804\" class=\"elementor elementor-3804\">\n\t\t\t\t\t\t<section class=\"elementor-section elementor-top-section elementor-element elementor-element-2a78f0b elementor-section-boxed elementor-section-height-default elementor-section-height-default\" data-id=\"2a78f0b\" data-element_type=\"section\">\n\t\t\t\t\t\t<div class=\"elementor-container elementor-column-gap-default\">\n\t\t\t\t\t<div class=\"elementor-column elementor-col-100 elementor-top-column elementor-element elementor-element-1a4374a\" data-id=\"1a4374a\" data-element_type=\"column\">\n\t\t\t<div class=\"elementor-widget-wrap elementor-element-populated\">\n\t\t\t\t\t\t<div class=\"elementor-element elementor-element-f760f58 elementor-widget elementor-widget-html\" data-id=\"f760f58\" data-element_type=\"widget\" data-widget_type=\"html.default\">\n\t\t\t\t<div class=\"elementor-widget-container\">\n\t\t\t\r\n\r\n\r\n<title><b>RESOLU\u00c7\u00c3O N. 075\/1980<\/b><\/title>\r\n\r\n\r\n<div align=\"center\"><img decoding=\"async\" src=\"https:\/\/www.ufsm.br\/pro-reitorias\/proplan\/wp-content\/uploads\/sites\/344\/2019\/09\/brasao-da-republica-do-brasil-logo.png\" alt=\"Bras\u00e3o Rep\u00fablica Federativa do Brasil\" width=\"6%\" height=\"6%\"><\/div>    \r\n<h1><font color=\"blue\"><font size=\"5\"><div align=\"center\">UNIVERSIDADE FEDERAL DE SANTA MARIA<\/font><\/font><\/div><\/H1>\r\n<p><div align=\"center\"><b><a href=\"https:\/\/portal.ufsm.br\/documentos\/publico\/documento.html?id=5753868\" target=\"_blank\"><font color=\"blue\"><u>RESOLU\u00c7\u00c3O N\u00ba 75, de 14 de Mar\u00e7o de 1980<\/u><\/font><\/a><\/b><\/div><\/p>\r\n<br>\r\n<p><a href=\"https:\/\/www.ufsm.br\/pro-reitorias\/proplan\/resolucao-n-022-2020\/\" target=\"_blank\"><font color=\"blue\">Revogada pela Resolu\u00e7\u00e3o N. 022\/2020<\/font><\/a><\/p>\r\n<br>\r\n<br><div align=\"justify\">\r\n<strike>\r\n<p>O REITOR DA UNIVERSIDADE FEDERAL DE SANTA MARIA, na condi\u00e7\u00e3o de Presidente do Conselho de Ensino, Pesquisa e Extens\u00e3o,<\/p> \r\n<p>- considerando o que foi aprovado na 177\u00aa Sess\u00e3o do Conselho de Ensino, Pesquisa e Extens\u00e3o, ao apreciar o Processo de n\u00ba 01527\/80 referente ao Regulamento da Prova de Defesa de TESE\/DISSERTA\u00c7\u00c3O DE MESTRADO;<\/p> \r\n<p>- considerando a necessidade de tornar p\u00fablico aquela decis\u00e3o para efeitos de direito,<\/p>\r\n<br>\r\n<p><div align=\"center\">RESOLVE:<\/div><\/p>\r\n<br>\r\n<p>1 - Expedir a presente Resolu\u00e7\u00e3o para tornar oficial e p\u00fablico, o Regulamento aprovado para a Prova de Defesa de TESE\/DISSERTA\u00c7\u00c3O DE MESTRADO, objetivando um \u00fanico sistema para Cursos de P\u00f3s-Gradua\u00e7\u00e3o, em n\u00edvel de Mestrado, da Universidade Federal de Santa Maria.<\/p> \r\n<p>2 - Caber\u00e1 \u00e0 Pr\u00f3-Reitoria de P\u00f3s-Gradua\u00e7\u00e3o e Pesquisa a orienta\u00e7\u00e3o em torno desse Regulamento e a devida divulga\u00e7\u00e3o do mesmo, na melhor forma editorial, visando a medida o cumprimento das disposi\u00e7\u00f5es aprovadas.<\/p> \r\n<p>3 - Os casos omissos ser\u00e3o dirimidos velo Conselho de Ensino, Pesquisa e Extens\u00e3o.<\/p> \r\n<\/div>\r\n<p>Derblay Galv\u00e3o<\/p> \r\n<p>Reitor.<\/p>\r\n<\/strike>\r\n<p><font color=\"red0000\">Este texto n\u00e3o substitui o documento original, publicado no Portal de Documentos.<\/font> Dispon\u00edvel em: <a href=\"https:\/\/portal.ufsm.br\/documentos\/publico\/documento.html?id=5753868\" target=\"_blank\"><font color=\"blue\">https:\/\/portal.ufsm.br\/documentos\/publico\/documento.html?id=5753868<\/font><\/a>\r\n\r\n\t\t<\/div>\n\t\t\t\t<\/div>\n\t\t\t\t\t<\/div>\n\t\t<\/div>\n\t\t\t\t\t<\/div>\n\t\t<\/section>\n\t\t\t\t<\/div>\n\t\t","protected":false},"excerpt":{"rendered":"<p>RESOLU\u00c7\u00c3O N. 075\/1980 UNIVERSIDADE FEDERAL DE SANTA MARIA RESOLU\u00c7\u00c3O N\u00ba 75, de 14 de Mar\u00e7o de 1980 Revogada pela Resolu\u00e7\u00e3o N. 022\/2020 O REITOR DA UNIVERSIDADE FEDERAL DE SANTA MARIA, na condi\u00e7\u00e3o de Presidente do Conselho de Ensino, Pesquisa e Extens\u00e3o, &#8211; considerando o que foi aprovado na 177\u00aa Sess\u00e3o do Conselho de Ensino, Pesquisa [&hellip;]<\/p>\n","protected":false},"author":205,"featured_media":0,"parent":0,"menu_order":0,"comment_status":"closed","ping_status":"closed","template":"","meta":{"footnotes":""},"categories":[],"tags":[],"class_list":["post-3804","page","type-page","status-publish","hentry"],"acf":[],"_links":{"self":[{"href":"https:\/\/www.ufsm.br\/pro-reitorias\/proplan\/wp-json\/wp\/v2\/pages\/3804","targetHints":{"allow":["GET"]}}],"collection":[{"href":"https:\/\/www.ufsm.br\/pro-reitorias\/proplan\/wp-json\/wp\/v2\/pages"}],"about":[{"href":"https:\/\/www.ufsm.br\/pro-reitorias\/proplan\/wp-json\/wp\/v2\/types\/page"}],"author":[{"embeddable":true,"href":"https:\/\/www.ufsm.br\/pro-reitorias\/proplan\/wp-json\/wp\/v2\/users\/205"}],"replies":[{"embeddable":true,"href":"https:\/\/www.ufsm.br\/pro-reitorias\/proplan\/wp-json\/wp\/v2\/comments?post=3804"}],"version-history":[{"count":0,"href":"https:\/\/www.ufsm.br\/pro-reitorias\/proplan\/wp-json\/wp\/v2\/pages\/3804\/revisions"}],"wp:attachment":[{"href":"https:\/\/www.ufsm.br\/pro-reitorias\/proplan\/wp-json\/wp\/v2\/media?parent=3804"}],"wp:term":[{"taxonomy":"category","embeddable":true,"href":"https:\/\/www.ufsm.br\/pro-reitorias\/proplan\/wp-json\/wp\/v2\/categories?post=3804"},{"taxonomy":"post_tag","embeddable":true,"href":"https:\/\/www.ufsm.br\/pro-reitorias\/proplan\/wp-json\/wp\/v2\/tags?post=3804"}],"curies":[{"name":"wp","href":"https:\/\/api.w.org\/{rel}","templated":true}]}}