{"id":3808,"date":"2020-05-27T17:00:15","date_gmt":"2020-05-27T20:00:15","guid":{"rendered":"https:\/\/www.ufsm.br\/pro-reitorias\/proplan\/?page_id=3808"},"modified":"2020-05-27T17:10:45","modified_gmt":"2020-05-27T20:10:45","slug":"resolucao-n-079-1980","status":"publish","type":"page","link":"https:\/\/www.ufsm.br\/pro-reitorias\/proplan\/resolucao-n-079-1980","title":{"rendered":"Resolu\u00e7\u00e3o N. 079\/1980"},"content":{"rendered":"\t\t<div data-elementor-type=\"wp-page\" data-elementor-id=\"3808\" class=\"elementor elementor-3808\">\n\t\t\t\t\t\t<section class=\"elementor-section elementor-top-section elementor-element elementor-element-d38555c elementor-section-boxed elementor-section-height-default elementor-section-height-default\" data-id=\"d38555c\" data-element_type=\"section\">\n\t\t\t\t\t\t<div class=\"elementor-container elementor-column-gap-default\">\n\t\t\t\t\t<div class=\"elementor-column elementor-col-100 elementor-top-column elementor-element elementor-element-b9e26a8\" data-id=\"b9e26a8\" data-element_type=\"column\">\n\t\t\t<div class=\"elementor-widget-wrap elementor-element-populated\">\n\t\t\t\t\t\t<div class=\"elementor-element elementor-element-9624e1f elementor-widget elementor-widget-html\" data-id=\"9624e1f\" data-element_type=\"widget\" data-widget_type=\"html.default\">\n\t\t\t\t<div class=\"elementor-widget-container\">\n\t\t\t\r\n\r\n\r\n<title><b>RESOLU\u00c7\u00c3O N. 079\/1980<\/b><\/title>\r\n\r\n\r\n<div align=\"center\"><img decoding=\"async\" src=\"https:\/\/www.ufsm.br\/pro-reitorias\/proplan\/wp-content\/uploads\/sites\/344\/2019\/09\/brasao-da-republica-do-brasil-logo.png\" alt=\"Bras\u00e3o Rep\u00fablica Federativa do Brasil\" width=\"6%\" height=\"6%\"><\/div>    \r\n<h1><font color=\"blue\"><font size=\"5\"><div align=\"center\">UNIVERSIDADE FEDERAL DE SANTA MARIA<\/font><\/font><\/div><\/H1>\r\n<p><div align=\"center\"><b><a href=\"https:\/\/portal.ufsm.br\/documentos\/publico\/documento.html?id=5753940\" target=\"_blank\"><font color=\"blue\"><u>RESOLU\u00c7\u00c3O N\u00ba 79, DE 14 de Abril de 1980<\/u><\/font><\/a><\/b><\/div><\/p>\r\n<br>\r\n<p><u><a href=\"https:\/\/www.ufsm.br\/pro-reitorias\/proplan\/resolucao-n-006-1995\/\" target=\"_blank\"><font color=\"blue\">Revogada pela Resolu\u00e7\u00e3o N. 006\/1995<\/font><\/a><\/u><\/p>\r\n<br>\r\n<strike>\r\n<br><div align=\"justify\">\r\n<p>O REITOR DA UNIVERSIDADE FEDERAL DE SANTA MARIA, usando de suas atribui\u00e7\u00f5es legais e estatut\u00e1rias, e<\/p> \r\n<p>- considerando o que consta do Parecer n\u00ba 08\/80 da Comiss\u00e3o de Legisla\u00e7\u00e3o e Normas, aprovado pelo Egr\u00e9gio Conselho Universit\u00e1rio, na sess\u00e3o n\u00ba 269, de 02\/04\/89,<\/p>\r\n<p>- considerando o que consta no item VI da <u><a href=\"https:\/\/www.ufsm.br\/pro-reitorias\/proplan\/resolucao-n-077-1980\/\" target=\"_blank\"><font color=\"blue\">Resolu\u00e7\u00e3o n\u00ba 77, de 02\/04\/80<\/font><\/a><\/u> - Normas para Concurso P\u00fablico de PROFESSOR ASSISTENTE, aprovadas pelo Egr\u00e9gio Conselho Universit\u00e1rio, e<\/p> \r\n<p>- considerando o que consta do Processo n\u00ba 09493\/80<\/p>\r\n<br>\r\n<p><div align=\"center\">RESOLVE:<\/div><\/p>\r\n<br>\r\n<p>Determinar que, para efeito de reconhecimento como v\u00e1lida, pelo Conselho de Ensino, Pesquisa e Extens\u00e3o, a titula\u00e7\u00e3o obtida em Curso de P\u00f3s-Gradua\u00e7\u00e3o (mestrado ou Doutorado) n\u00e3o credenciado, ou no Exterior, os interessados dever\u00e3o apresentar:<\/p> \r\n<p>1 - Solicita\u00e7\u00e3o ao Pr\u00f3-Reitor de P\u00f3s-Gradua\u00e7\u00e3o e Pesquisa, de ser reconhecida como v\u00e1lida a titula\u00e7\u00e3o anexando:<\/p> \r\n<p>a) Comprovante da titula\u00e7\u00e3o obtida;<\/p>\r\n<p>b) Hist\u00f3rico Escolar do Curso de P\u00f3s-Gradua\u00e7\u00e3o;<\/p>\r\n<p>c) Comprovante da concess\u00e3o da licen\u00e7a de afastamento ou autoriza\u00e7\u00e3o para freq\u00fcentar o Curso, quando na UFSM, e<\/p> \r\n<p>d) Comprovante de participa\u00e7\u00e3o em Programa Institucional de Capacita\u00e7\u00e3o de Docentes (se houver).<\/p> \r\n<p>2 - Os Documentos em l\u00ednguas estrangeiras dever\u00e3o ser apresentados com as devidas tradu\u00e7\u00f5es para a l\u00edngua portuguesa.<\/p>\r\n<p>3 - O Conselho de Ensino, Pesquisa e Extens\u00e3o poder\u00e1 solicitar, quando julgar necess\u00e1rio, outros documentos complementares.<\/p> \r\n<\/div>\r\n<p>Derblay Galv\u00e3o<\/p> \r\n<p>Reitor.<\/p>\r\n<\/strike>\r\n<br>\r\n<p><font color=\"red0000\">Este texto n\u00e3o substitui o documento original, publicado no Portal de Documentos.<\/font> Dispon\u00edvel em: <a href=\"https:\/\/portal.ufsm.br\/documentos\/publico\/documento.html?id=5753940\" target=\"_blank\"><font color=\"blue\">https:\/\/portal.ufsm.br\/documentos\/publico\/documento.html?id=5753940<\/font><\/a>\r\n\r\n\t\t<\/div>\n\t\t\t\t<\/div>\n\t\t\t\t\t<\/div>\n\t\t<\/div>\n\t\t\t\t\t<\/div>\n\t\t<\/section>\n\t\t\t\t<\/div>\n\t\t","protected":false},"excerpt":{"rendered":"<p>RESOLU\u00c7\u00c3O N. 079\/1980 UNIVERSIDADE FEDERAL DE SANTA MARIA RESOLU\u00c7\u00c3O N\u00ba 79, DE 14 de Abril de 1980 Revogada pela Resolu\u00e7\u00e3o N. 006\/1995 O REITOR DA UNIVERSIDADE FEDERAL DE SANTA MARIA, usando de suas atribui\u00e7\u00f5es legais e estatut\u00e1rias, e &#8211; considerando o que consta do Parecer n\u00ba 08\/80 da Comiss\u00e3o de Legisla\u00e7\u00e3o e Normas, aprovado pelo [&hellip;]<\/p>\n","protected":false},"author":205,"featured_media":0,"parent":0,"menu_order":0,"comment_status":"closed","ping_status":"closed","template":"","meta":{"footnotes":""},"categories":[],"tags":[],"class_list":["post-3808","page","type-page","status-publish","hentry"],"acf":[],"_links":{"self":[{"href":"https:\/\/www.ufsm.br\/pro-reitorias\/proplan\/wp-json\/wp\/v2\/pages\/3808","targetHints":{"allow":["GET"]}}],"collection":[{"href":"https:\/\/www.ufsm.br\/pro-reitorias\/proplan\/wp-json\/wp\/v2\/pages"}],"about":[{"href":"https:\/\/www.ufsm.br\/pro-reitorias\/proplan\/wp-json\/wp\/v2\/types\/page"}],"author":[{"embeddable":true,"href":"https:\/\/www.ufsm.br\/pro-reitorias\/proplan\/wp-json\/wp\/v2\/users\/205"}],"replies":[{"embeddable":true,"href":"https:\/\/www.ufsm.br\/pro-reitorias\/proplan\/wp-json\/wp\/v2\/comments?post=3808"}],"version-history":[{"count":0,"href":"https:\/\/www.ufsm.br\/pro-reitorias\/proplan\/wp-json\/wp\/v2\/pages\/3808\/revisions"}],"wp:attachment":[{"href":"https:\/\/www.ufsm.br\/pro-reitorias\/proplan\/wp-json\/wp\/v2\/media?parent=3808"}],"wp:term":[{"taxonomy":"category","embeddable":true,"href":"https:\/\/www.ufsm.br\/pro-reitorias\/proplan\/wp-json\/wp\/v2\/categories?post=3808"},{"taxonomy":"post_tag","embeddable":true,"href":"https:\/\/www.ufsm.br\/pro-reitorias\/proplan\/wp-json\/wp\/v2\/tags?post=3808"}],"curies":[{"name":"wp","href":"https:\/\/api.w.org\/{rel}","templated":true}]}}