{"id":3809,"date":"2020-05-27T17:16:01","date_gmt":"2020-05-27T20:16:01","guid":{"rendered":"https:\/\/www.ufsm.br\/pro-reitorias\/proplan\/?page_id=3809"},"modified":"2020-07-17T12:19:07","modified_gmt":"2020-07-17T15:19:07","slug":"resolucao-n-080-1980","status":"publish","type":"page","link":"https:\/\/www.ufsm.br\/pro-reitorias\/proplan\/resolucao-n-080-1980","title":{"rendered":"Resolu\u00e7\u00e3o N. 080\/1980"},"content":{"rendered":"\t\t<div data-elementor-type=\"wp-page\" data-elementor-id=\"3809\" class=\"elementor elementor-3809\">\n\t\t\t\t\t\t<section class=\"elementor-section elementor-top-section elementor-element elementor-element-e9c508a elementor-section-boxed elementor-section-height-default elementor-section-height-default\" data-id=\"e9c508a\" data-element_type=\"section\">\n\t\t\t\t\t\t<div class=\"elementor-container elementor-column-gap-default\">\n\t\t\t\t\t<div class=\"elementor-column elementor-col-100 elementor-top-column elementor-element elementor-element-1368bcc\" data-id=\"1368bcc\" data-element_type=\"column\">\n\t\t\t<div class=\"elementor-widget-wrap elementor-element-populated\">\n\t\t\t\t\t\t<div class=\"elementor-element elementor-element-b9329e8 elementor-widget elementor-widget-html\" data-id=\"b9329e8\" data-element_type=\"widget\" data-widget_type=\"html.default\">\n\t\t\t\t<div class=\"elementor-widget-container\">\n\t\t\t\r\n\r\n\r\n<title><b>RESOLU\u00c7\u00c3O N. 080\/1980<\/b><\/title>\r\n\r\n\r\n<div align=\"center\"><img decoding=\"async\" src=\"https:\/\/www.ufsm.br\/pro-reitorias\/proplan\/wp-content\/uploads\/sites\/344\/2019\/09\/brasao-da-republica-do-brasil-logo.png\" alt=\"Bras\u00e3o Rep\u00fablica Federativa do Brasil\" width=\"6%\" height=\"6%\"><\/div>    \r\n<h1><font color=\"blue\"><font size=\"5\"><div align=\"center\">SERVI\u00c7O P\u00daBLICO FEDERAL<\/font><\/font><\/div><\/H1>\r\n<p><div align=\"center\"><b><a href=\"https:\/\/portal.ufsm.br\/documentos\/publico\/documento.html?id=5753975\" target=\"_blank\"><font color=\"blue\"><u>RESOLU\u00c7\u00c3O N\u00ba 80, de 16 de Abril de 1980<\/u><\/font><\/a><\/b><\/div><\/p>\r\n<br>\r\n<p><a href=\"https:\/\/www.ufsm.br\/pro-reitorias\/proplan\/resolucao-n-022-2020\/\" target=\"_blank\"><font color=\"blue\">Revogada pela Resolu\u00e7\u00e3o N. 022\/2020<\/font><\/a><\/p>\r\n<br>\r\n<br><div align=\"justify\">\r\n<strike>\r\n<p>O REITOR DA UNIVERSIDADE FEDERAL DE SANTA no uso de suas atribui\u00e7\u00f5es legais e estatut\u00e1rias,<\/p>\r\n<br>\r\n<p><div align=\"center\">RESOLVE:<\/div><\/p>\r\n<br>\r\n<p>Dar nova reda\u00e7\u00e3o aos itens X, XVIII e XIX da <u><a href=\"https:\/\/www.ufsm.br\/pro-reitorias\/proplan\/resolucao-n-077-1980\/\" target=\"_blank\"><font color=\"blue\">Resolu\u00e7\u00e3o n\u00ba 77, de 02\/04\/80<\/font><\/a><\/u>, que baixa normas que reger\u00e3o os Concursos P\u00fablicos para a admiss\u00e3o aos empregos de Professor Assistente, desta Universidade:<\/p> \r\n<p>Item X \u2014 A Comiss\u00e3o Examinadora ser\u00e1 formada por docentes, designados pelo Diretor do Centro respectivo, proposta pela Chefia do Departamento e ser\u00e1 constitu\u00edda por 3 membros um Suplente, preferencialmente Titulares, Adjuntos ou Assistente pertencentes ao Departamento vinculados \u00e0 \u00e1rea de conhecimento, a qual o candidato concorre. No caso de n\u00e3o haver Titulares, Adjuntos ou Assistentes no Departamento , ser\u00e3o indicados, com a concord\u00e2ncia das Chefias, Titulares, Adjuntos de Departamentos de maior afinidade da Universidade.<\/p>\r\n<p>Item XVIII - A prova escrita versar\u00e1 sobre tema integrante do programa sorteado, imediatamente antes do in\u00edcio da mesma , de uma lista de 10 (dez) pontos, organizados pela Comiss\u00e3o Examinadora. Esta prova ter\u00e1 a dura\u00e7\u00e3o m\u00e1xima de 5 (cinco) horas e ser\u00e1 facultada a consulta pr\u00e9via, por 2 (duas) horas, de bibliografia apresentada \u00e0 Comiss\u00e3o.<\/p> \r\n<p>Item XIX - \u00c0 prova did\u00e1tica constar\u00e1 de uma aula com dura\u00e7\u00e3o aproximada de 50 (cinq\u00fcenta) minutos, acerca de tema constante de uma lista de 10 (dez) pontos, tamb\u00e9m organizada pela Comiss\u00e3o Examinadora, respeitado o programa fornecido, objetivando apurar a aptid\u00e3o do candidato para usar o conhecimento para ensino, sua capacidade para organizar e coordenar atividades que impliquem em pesquisa e explora\u00e7\u00e3o integradora de um tema. O sorteio do ponto para esta prova dever\u00e1 ser realizado com 24 (vinte e quatro) horas de anteced\u00eancia, na presen\u00e7a do candidato.<\/p> \r\n<\/div>\r\n<p>Derblay Galv\u00e3o<\/p> \r\n<p>Reitor.<\/p>\r\n<p><u>NORMAS PARA JULGAMENTO DE T\u00cdTULOS NO CONCURSO P\u00daBLICO PARA PROFESSOR ASSISTENTE DA UNIVERSIDADE FEDERAL DE SANTA MARIA - (Anexo \u00e0 Resolu\u00e7\u00e3o n\u00ba 80, de 15 de abril de 1980).<\/u><\/p> \r\n<p>01 - T\u00cdTULOS ACAD\u00caMICOS = Peso 3<\/p> \r\n<p>1.1 - Livre-Docente ou Doutor ............................................................................................................................................................................................................... at\u00e9 100%<\/p> \r\n<p>1.2 \u2013 Mestre ............................................................................................................................................................................................................................................................ at\u00e9 55%<\/p>\r\n<p>02 - ATIVIDADES DOCENTES E PARTICIPA\u00c7\u00c3O EM \u00d3RG\u00c3O UNIVERSIT\u00c1RIO = Peso 4<\/p> \r\n<p>2.1 - Doc\u00eancia em Gradua\u00e7\u00e3o ou P\u00f3s-Gradua\u00e7\u00e3o ................................................................................................................................................................... at\u00e9 55%<\/p> \r\n<p>2.2 - Participa\u00e7\u00e3o em \u00d3rg\u00e3os Colegiados (Conselho de Ensino, Pesquisa e Extens\u00e3o, Conselho Universit\u00e1rio e Conselho de Curadores) ............................................................................................................................................................................................................................................................. at\u00e9 30%<\/p>\r\n<p>2.3 - Fun\u00e7\u00e3o na Administra\u00e7\u00e3o Universit\u00e1ria ................................................................................................................................................................................ at\u00e9 25%<\/p>\r\n<p>2.4 - Participa\u00e7\u00e3o em outros Colegiados e\/ou Comiss\u00f5es Permanentes ........................................................................................................... at\u00e9 20%<\/p> \r\n<p>2.5 - Participa\u00e7\u00e3o em Bancas de Concurso Universit\u00e1rio ou em outras Comiss\u00f5es de \u00e2mbito dos Centros ou do Departamento ...................................................................................................................................................................................................................................................... at\u00e9 10%<\/p> \r\n<p>2.6 - Outras atividades magisteriais em qualquer n\u00edvel ....................................................................................................................................................... at\u00e9 10%<\/p> \r\n<p>03 - ATIVIDADES CIENT\u00cdFICAS, LITER\u00c1RIAS, ART\u00cdSTICAS OU PROFISSIONAIS, INCLUINDO SERVI\u00c7OS DE EXTENS\u00c3O = Peso 2<\/p> \r\n<p>3.1 - Trabalhos cient\u00edficos, liter\u00e1rios ou art\u00edsticos publicados ou apresentados em conclaves ........................................................... at\u00e9 80%<\/p> \r\n<p>3.2 - Trabalhos T\u00e9cnico-Profissionais ................................................................................................................................................................................................ at\u00e9 50%<\/p>\r\n<p>3.3 - Est\u00e1gios Profissionais ....................................................................................................................................................................................................................... at\u00e9 50%<\/p>\r\n<p>3.4 - Servi\u00e7os \u00e0 comunidade ou de extens\u00e3o ............................................................................................................................................................................ at\u00e9 20%<\/p>\r\n<p>3.5 - Participa\u00e7\u00e3o, a convite, como expositor em Mesas Redondas, Pain\u00e9is, Semin\u00e1rios, etc ............................................................. at\u00e9 20%<\/p> \r\n<p>04 - DISTIN\u00c7\u00d5ES PROFISSIONAIS E CIENT\u00cdFICAS = Peso 1<\/p> \r\n<p>4.1 - Distin\u00e7\u00f5es Cient\u00edficas ou Profissionais ................................................................................................................................................................................ at\u00e9 100%<\/p>\r\n<p>4.2 - Comendas, Medalhas e Distin\u00e7\u00f5es  ........................................................................................................................................................................................ at\u00e9 80%<\/p>\r\n<p><u>INSTRU\u00c7\u00d5ES:<\/u><\/p>\r\n<p>- Entende-se por:<\/p> \r\n<p>Est\u00e1gios Profissionais os realizados em estabelecimentos oficiais ou reconhecidos para esse efeito, pela institui\u00e7\u00e3o, com dura\u00e7\u00e3o m\u00ednima de 6 (seis) meses.<\/p>\r\n<\/strike>\r\n<br>\r\n<p><font color=\"red0000\">Este texto n\u00e3o substitui o documento original, publicado no Portal de Documentos.<\/font> Dispon\u00edvel em: <a href=\"https:\/\/portal.ufsm.br\/documentos\/publico\/documento.html?id=5753975\" target=\"_blank\"><font color=\"blue\">https:\/\/portal.ufsm.br\/documentos\/publico\/documento.html?id=5753975<\/font><\/a>\r\n\r\n\t\t<\/div>\n\t\t\t\t<\/div>\n\t\t\t\t\t<\/div>\n\t\t<\/div>\n\t\t\t\t\t<\/div>\n\t\t<\/section>\n\t\t\t\t<\/div>\n\t\t","protected":false},"excerpt":{"rendered":"<p>RESOLU\u00c7\u00c3O N. 080\/1980 SERVI\u00c7O P\u00daBLICO FEDERAL RESOLU\u00c7\u00c3O N\u00ba 80, de 16 de Abril de 1980 Revogada pela Resolu\u00e7\u00e3o N. 022\/2020 O REITOR DA UNIVERSIDADE FEDERAL DE SANTA no uso de suas atribui\u00e7\u00f5es legais e estatut\u00e1rias, RESOLVE: Dar nova reda\u00e7\u00e3o aos itens X, XVIII e XIX da Resolu\u00e7\u00e3o n\u00ba 77, de 02\/04\/80, que baixa normas que [&hellip;]<\/p>\n","protected":false},"author":205,"featured_media":0,"parent":0,"menu_order":0,"comment_status":"closed","ping_status":"closed","template":"","meta":{"footnotes":""},"categories":[],"tags":[],"class_list":["post-3809","page","type-page","status-publish","hentry"],"acf":[],"_links":{"self":[{"href":"https:\/\/www.ufsm.br\/pro-reitorias\/proplan\/wp-json\/wp\/v2\/pages\/3809","targetHints":{"allow":["GET"]}}],"collection":[{"href":"https:\/\/www.ufsm.br\/pro-reitorias\/proplan\/wp-json\/wp\/v2\/pages"}],"about":[{"href":"https:\/\/www.ufsm.br\/pro-reitorias\/proplan\/wp-json\/wp\/v2\/types\/page"}],"author":[{"embeddable":true,"href":"https:\/\/www.ufsm.br\/pro-reitorias\/proplan\/wp-json\/wp\/v2\/users\/205"}],"replies":[{"embeddable":true,"href":"https:\/\/www.ufsm.br\/pro-reitorias\/proplan\/wp-json\/wp\/v2\/comments?post=3809"}],"version-history":[{"count":0,"href":"https:\/\/www.ufsm.br\/pro-reitorias\/proplan\/wp-json\/wp\/v2\/pages\/3809\/revisions"}],"wp:attachment":[{"href":"https:\/\/www.ufsm.br\/pro-reitorias\/proplan\/wp-json\/wp\/v2\/media?parent=3809"}],"wp:term":[{"taxonomy":"category","embeddable":true,"href":"https:\/\/www.ufsm.br\/pro-reitorias\/proplan\/wp-json\/wp\/v2\/categories?post=3809"},{"taxonomy":"post_tag","embeddable":true,"href":"https:\/\/www.ufsm.br\/pro-reitorias\/proplan\/wp-json\/wp\/v2\/tags?post=3809"}],"curies":[{"name":"wp","href":"https:\/\/api.w.org\/{rel}","templated":true}]}}