{"id":3810,"date":"2020-05-27T17:16:06","date_gmt":"2020-05-27T20:16:06","guid":{"rendered":"https:\/\/www.ufsm.br\/pro-reitorias\/proplan\/?page_id=3810"},"modified":"2020-07-17T12:22:47","modified_gmt":"2020-07-17T15:22:47","slug":"resolucao-n-081-1980","status":"publish","type":"page","link":"https:\/\/www.ufsm.br\/pro-reitorias\/proplan\/resolucao-n-081-1980","title":{"rendered":"Resolu\u00e7\u00e3o N. 081\/1980"},"content":{"rendered":"\t\t<div data-elementor-type=\"wp-page\" data-elementor-id=\"3810\" class=\"elementor elementor-3810\">\n\t\t\t\t\t\t<section class=\"elementor-section elementor-top-section elementor-element elementor-element-3c82562 elementor-section-boxed elementor-section-height-default elementor-section-height-default\" data-id=\"3c82562\" data-element_type=\"section\">\n\t\t\t\t\t\t<div class=\"elementor-container elementor-column-gap-default\">\n\t\t\t\t\t<div class=\"elementor-column elementor-col-100 elementor-top-column elementor-element elementor-element-db8b76b\" data-id=\"db8b76b\" data-element_type=\"column\">\n\t\t\t<div class=\"elementor-widget-wrap elementor-element-populated\">\n\t\t\t\t\t\t<div class=\"elementor-element elementor-element-6bd90f1 elementor-widget elementor-widget-html\" data-id=\"6bd90f1\" data-element_type=\"widget\" data-widget_type=\"html.default\">\n\t\t\t\t<div class=\"elementor-widget-container\">\n\t\t\t\r\n\r\n\r\n<title><b>RESOLU\u00c7\u00c3O N. 081\/1980<\/b><\/title>\r\n\r\n\r\n<div align=\"center\"><img decoding=\"async\" src=\"https:\/\/www.ufsm.br\/pro-reitorias\/proplan\/wp-content\/uploads\/sites\/344\/2019\/09\/brasao-da-republica-do-brasil-logo.png\" alt=\"Bras\u00e3o Rep\u00fablica Federativa do Brasil\" width=\"6%\" height=\"6%\"><\/div>    \r\n<h1><font color=\"blue\"><font size=\"5\"><div align=\"center\">MINIST\u00c9RIO DA EDUCA\u00c7\u00c3O E CULTURA<\/b><\/font><\/font><\/div><\/H1>\r\n<p><b><font color=\"0000blue\"><div align=\"center\">UNIVERSIDADE FEDERAL DE SANTA MARIA<\/b><\/font><\/div><\/p>\r\n<p><font color=\"blue\"><div align=\"center\"><b>GABINETE DO REITOR<\/b><\/font><\/font><\/div>\r\n<p><div align=\"center\"><b><a href=\"https:\/\/portal.ufsm.br\/documentos\/publico\/documento.html?id=5753992\" target=\"_blank\"><font color=\"blue\"><u>RESOLU\u00c7\u00c3O N\u00ba 81, de 12 de JUNHO DE 1980<\/u><\/font><\/a><\/b><\/div><\/p>\r\n<br>\r\n<p><a href=\"https:\/\/www.ufsm.br\/pro-reitorias\/proplan\/resolucao-n-022-2020\/\" target=\"_blank\"><font color=\"blue\">Revogada pela Resolu\u00e7\u00e3o N. 022\/2020<\/font><\/a><\/p>\r\n<br>\r\n<br><div align=\"justify\">\r\n<strike>\r\n<p>O REITOR DA UNIVERSIDADE FEDERAL DE SANTA MARIA, no uso de suas atribui\u00e7\u00f5es legais, e<\/p> \r\n<p>- considerando que os alunos dos Cursos de Mestrado, ap\u00f3s finalizarem os cr\u00e9ditos ficam sem qualquer v\u00ednculo com o Curso realizado, o que n\u00e3o \u00e9 recomend\u00e1vel e nem funcional, acarretando o percal\u00e7o de relegarem para mais tarde a apresenta\u00e7\u00e3o e a defesa da Tese\/Disserta\u00e7\u00e3o de Mestrado;<\/p> \r\n<p>- considerando que a elabora\u00e7\u00e3o do trabalho de pesquisa, do qual resultar\u00e1 a Tese\/Disserta\u00e7\u00e3o de Mestrado, sempre ocasiona algum \u00f4nus para a institui\u00e7\u00e3o, vari\u00e1vel na depend\u00eancia do tipo de trabalho a ser executado;<\/p> \r\n<p>- considerando que a cobran\u00e7a de taxa pertinente a elabora\u00e7\u00e3o do trabalho que conduzir\u00e1 \u00e0 Tese\/Disserta\u00e7\u00e3o de Mestrado, \u00e9 fato comum e processo existente na maioria das Institui\u00e7\u00f5es que mant\u00eam Programas de P\u00f3s-Gradua\u00e7\u00e3o;<\/p> \r\n<p>- considerando o aprovado no Conselho de Curadores e o constante no Processo n\u00ba 68.088\/78,<\/p>\r\n<br>\r\n<p><div align=\"center\">RESOLVE:<\/div><\/p>\r\n<br>\r\n<p>1 - Fica institu\u00edda a Taxa de Elabora\u00e7\u00e3o de Tese\/Disserta\u00e7\u00e3o de Mestrado, cujo valor ser\u00e1 fixado, anualmente, pelo Conselho de Curadores;<\/p> \r\n<p>2 - A Taxa de Elabora\u00e7\u00e3o de Tese\/Disserta\u00e7\u00e3o de Mestrado dever\u00e1 ser paga em cada Semestre letivo, no per\u00edodo de Matr\u00edcula e ter\u00e1 validade desde o pagamento at\u00e9 o subseq\u00fcente evento Matr\u00edcula;<\/p>\r\n<p>3 - A Taxa de Elabora\u00e7\u00e3o de Tese\/Disserta\u00e7\u00e3o de Mestrado ser\u00e1 obrigat\u00f3ria, para os que tiverem conclu\u00eddo todos os cr\u00e9ditos curriculares exigidos, estabelecendo v\u00ednculo com a Universidade Federal de Santa Maria e o pagamento dever\u00e1 ser procedido at\u00e9 a realiza\u00e7\u00e3o da Prova de Defesa de Tese\/Disserta\u00e7\u00e3o de Mestrado;<\/p> \r\n<p>4 - Esta Resolu\u00e7\u00e3o entrar\u00e1 em vigor para os alunos que ingressarem a partir de 1980, e<\/p>\r\n<p>5 - Fica revogada na \u00cdntegra a <u><a href=\"https:\/\/www.ufsm.br\/pro-reitorias\/proplan\/resolucao-n-035-1979\/\" target=\"_blank\"><font color=\"blue\">Resolu\u00e7\u00e3o n\u00ba 35, de 01 de mar\u00e7o de 1979<\/font><\/a><\/u>.<\/p> \r\n<\/div>\r\n<p>Derblay Galv\u00e3o<\/p> \r\n<p>Reitor.<\/p>\r\n<\/strike>\r\n<br>\r\n<p><font color=\"red0000\">Este texto n\u00e3o substitui o documento original, publicado no Portal de Documentos.<\/font> Dispon\u00edvel em: <a href=\"https:\/\/portal.ufsm.br\/documentos\/publico\/documento.html?id=5753992\" target=\"_blank\"><font color=\"blue\">https:\/\/portal.ufsm.br\/documentos\/publico\/documento.html?id=5753992<\/font><\/a>\r\n\r\n\t\t<\/div>\n\t\t\t\t<\/div>\n\t\t\t\t\t<\/div>\n\t\t<\/div>\n\t\t\t\t\t<\/div>\n\t\t<\/section>\n\t\t\t\t<\/div>\n\t\t","protected":false},"excerpt":{"rendered":"<p>RESOLU\u00c7\u00c3O N. 081\/1980 MINIST\u00c9RIO DA EDUCA\u00c7\u00c3O E CULTURA UNIVERSIDADE FEDERAL DE SANTA MARIA GABINETE DO REITOR RESOLU\u00c7\u00c3O N\u00ba 81, de 12 de JUNHO DE 1980 Revogada pela Resolu\u00e7\u00e3o N. 022\/2020 O REITOR DA UNIVERSIDADE FEDERAL DE SANTA MARIA, no uso de suas atribui\u00e7\u00f5es legais, e &#8211; considerando que os alunos dos Cursos de Mestrado, ap\u00f3s [&hellip;]<\/p>\n","protected":false},"author":205,"featured_media":0,"parent":0,"menu_order":0,"comment_status":"closed","ping_status":"closed","template":"","meta":{"footnotes":""},"categories":[],"tags":[],"class_list":["post-3810","page","type-page","status-publish","hentry"],"acf":[],"_links":{"self":[{"href":"https:\/\/www.ufsm.br\/pro-reitorias\/proplan\/wp-json\/wp\/v2\/pages\/3810","targetHints":{"allow":["GET"]}}],"collection":[{"href":"https:\/\/www.ufsm.br\/pro-reitorias\/proplan\/wp-json\/wp\/v2\/pages"}],"about":[{"href":"https:\/\/www.ufsm.br\/pro-reitorias\/proplan\/wp-json\/wp\/v2\/types\/page"}],"author":[{"embeddable":true,"href":"https:\/\/www.ufsm.br\/pro-reitorias\/proplan\/wp-json\/wp\/v2\/users\/205"}],"replies":[{"embeddable":true,"href":"https:\/\/www.ufsm.br\/pro-reitorias\/proplan\/wp-json\/wp\/v2\/comments?post=3810"}],"version-history":[{"count":0,"href":"https:\/\/www.ufsm.br\/pro-reitorias\/proplan\/wp-json\/wp\/v2\/pages\/3810\/revisions"}],"wp:attachment":[{"href":"https:\/\/www.ufsm.br\/pro-reitorias\/proplan\/wp-json\/wp\/v2\/media?parent=3810"}],"wp:term":[{"taxonomy":"category","embeddable":true,"href":"https:\/\/www.ufsm.br\/pro-reitorias\/proplan\/wp-json\/wp\/v2\/categories?post=3810"},{"taxonomy":"post_tag","embeddable":true,"href":"https:\/\/www.ufsm.br\/pro-reitorias\/proplan\/wp-json\/wp\/v2\/tags?post=3810"}],"curies":[{"name":"wp","href":"https:\/\/api.w.org\/{rel}","templated":true}]}}