{"id":3815,"date":"2020-05-27T17:16:31","date_gmt":"2020-05-27T20:16:31","guid":{"rendered":"https:\/\/www.ufsm.br\/pro-reitorias\/proplan\/?page_id=3815"},"modified":"2020-05-27T17:24:37","modified_gmt":"2020-05-27T20:24:37","slug":"resolucao-n-086-1980","status":"publish","type":"page","link":"https:\/\/www.ufsm.br\/pro-reitorias\/proplan\/resolucao-n-086-1980","title":{"rendered":"Resolu\u00e7\u00e3o N. 086\/1980"},"content":{"rendered":"\t\t<div data-elementor-type=\"wp-page\" data-elementor-id=\"3815\" class=\"elementor elementor-3815\">\n\t\t\t\t\t\t<section class=\"elementor-section elementor-top-section elementor-element elementor-element-590f8e6 elementor-section-boxed elementor-section-height-default elementor-section-height-default\" data-id=\"590f8e6\" data-element_type=\"section\">\n\t\t\t\t\t\t<div class=\"elementor-container elementor-column-gap-default\">\n\t\t\t\t\t<div class=\"elementor-column elementor-col-100 elementor-top-column elementor-element elementor-element-0e9e89a\" data-id=\"0e9e89a\" data-element_type=\"column\">\n\t\t\t<div class=\"elementor-widget-wrap elementor-element-populated\">\n\t\t\t\t\t\t<div class=\"elementor-element elementor-element-32f010c elementor-widget elementor-widget-html\" data-id=\"32f010c\" data-element_type=\"widget\" data-widget_type=\"html.default\">\n\t\t\t\t<div class=\"elementor-widget-container\">\n\t\t\t\r\n\r\n\r\n<title><b>RESOLU\u00c7\u00c3O N. 086\/1980<\/b><\/title>\r\n\r\n\r\n<div align=\"center\"><img decoding=\"async\" src=\"https:\/\/www.ufsm.br\/pro-reitorias\/proplan\/wp-content\/uploads\/sites\/344\/2019\/09\/brasao-da-republica-do-brasil-logo.png\" alt=\"Bras\u00e3o Rep\u00fablica Federativa do Brasil\" width=\"6%\" height=\"6%\"><\/div>    \r\n<h1><font color=\"blue\"><font size=\"5\"><div align=\"center\">SERVI\u00c7O P\u00daBLICO FEDERAL<\/font><\/font><\/div><\/H1>\r\n<p><div align=\"center\"><b><a href=\"https:\/\/portal.ufsm.br\/documentos\/publico\/documento.html?id=5754795\" target=\"_blank\"><font color=\"blue\"><u>RESOLU\u00c7\u00c3O N\u00ba 86, de 20 de agosto de 1980<\/u><\/font><\/a><\/b><\/div><\/p>\r\n<br>\r\n<p><u><a href=\"https:\/\/www.ufsm.br\/pro-reitorias\/proplan\/resolucao-n-020-2019\/\" target=\"_blank\"><font color=\"blue\">Revogada pela Resolu\u00e7\u00e3o N. 020\/2019<\/font><\/a><\/u><\/p>\r\n<br>\r\n<strike>\r\n<br><div align=\"justify\">\r\n<p>O REITOR DA UNIVERSIDADE FEDERAL DE SANTA MARIA, usando de suas atribui\u00e7\u00f5es legais e estatut\u00e1rias e,<\/p> \r\n<p>- considerando o que disp\u00f5e o <u><a href=\"https:\/\/www2.camara.leg.br\/legin\/fed\/decret\/1980-1987\/decreto-84817-18-junho-1980-434045-publicacaooriginal-1-pe.html\" target=\"_blank\"><font color=\"blue\">Decreto n\u00ba 84.817, de 18.06.80<\/font><\/a><\/u>, que veda o ingresso de pessoal, a qualquer t\u00edtulo;<\/p> \r\n<p>- considerando as dificuldades que se enfrenta nos mais diversos \u00d3rg\u00e3os da Universidade Federal de Santa Maria, com a falta de pessoal t\u00e9cnico e administrativo;<\/p> \r\n<p>- considerando a necessidade de ser mensurado qualitativa e quantitativamente o volume de servi\u00e7o existente;<\/p> \r\n<p>- considerando a necessidade de determinar os servi\u00e7os em rela\u00e7\u00e3o \u00e0s atribui\u00e7\u00f5es atinentes a cada servidor;<\/p> \r\n<p>- considerando a necessidade de serem definidos par\u00e2metros para uma lota\u00e7\u00e3o real, e considerando a imperiosa necessidade de ser realizado um melhor aproveitamento da for\u00e7a de trabalho existente.<\/p>\r\n<br>\r\n<p><div align=\"center\">RESOLVE:<\/div><\/p>\r\n<br>\r\n<p>DESIGNAR o Econ. NEY RAMOS PENNA, Diretor do Departamento de Pessoal, o Prof. ELVIO RABENSCHLAG, Coordenador do Curso de Engenharia El\u00e9trica, a Profa. IEDA VALCI GALLINA KROB, Chefe do Departamento de Letras Estrangeiras Modernas do C.A.L., o Prof. JULIO CEZAR COLVERO, do Departamento de Ci\u00eancias Administrativas do C.C.S.H., a Profa. ELIANE MARFIZA MACHADO ALMEIDA, com exerc\u00edcio na Pr\u00f3-Reitoria de Planejamento, o T\u00e9c. de Adm. JOS\u00c9 CARLOS VIEIRA, Assistente do Departamento de Pessoal e o Cont. ELTON H\u00daEHR, Secret\u00e1rio Administrativo do Centro de Artes e Letras, para, em Comiss\u00e3o, sob a presid\u00eancia do primeiro, realizar os estudos e propor medidas para solucionar problemas que forem levantados.<\/p> \r\n<p>A referida Comiss\u00e3o tem amplos poderes para realizar o remanejamento de pessoal, onde, para esse fim, dever\u00e1 contar com todo o apoio dos Dirigentes dos mais diversos \u00d3rg\u00e3os da U.F.S.M.<\/p> \r\n<\/div>\r\n<p>Derblay Galv\u00e3o<\/p> \r\n<p>Reitor.<\/p>\r\n<br>\r\n<p><font color=\"red0000\">Este texto n\u00e3o substitui o documento original, publicado no Portal de Documentos.<\/font> Dispon\u00edvel em: <a href=\"https:\/\/portal.ufsm.br\/documentos\/publico\/documento.html?id=5754795\" target=\"_blank\"><font color=\"blue\">https:\/\/portal.ufsm.br\/documentos\/publico\/documento.html?id=5754795<\/font><\/a>\r\n\r\n\t\t<\/div>\n\t\t\t\t<\/div>\n\t\t\t\t\t<\/div>\n\t\t<\/div>\n\t\t\t\t\t<\/div>\n\t\t<\/section>\n\t\t\t\t<\/div>\n\t\t","protected":false},"excerpt":{"rendered":"<p>RESOLU\u00c7\u00c3O N. 086\/1980 SERVI\u00c7O P\u00daBLICO FEDERAL RESOLU\u00c7\u00c3O N\u00ba 86, de 20 de agosto de 1980 Revogada pela Resolu\u00e7\u00e3o N. 020\/2019 O REITOR DA UNIVERSIDADE FEDERAL DE SANTA MARIA, usando de suas atribui\u00e7\u00f5es legais e estatut\u00e1rias e, &#8211; considerando o que disp\u00f5e o Decreto n\u00ba 84.817, de 18.06.80, que veda o ingresso de pessoal, a qualquer [&hellip;]<\/p>\n","protected":false},"author":205,"featured_media":0,"parent":0,"menu_order":0,"comment_status":"closed","ping_status":"closed","template":"","meta":{"footnotes":""},"categories":[],"tags":[],"class_list":["post-3815","page","type-page","status-publish","hentry"],"acf":[],"_links":{"self":[{"href":"https:\/\/www.ufsm.br\/pro-reitorias\/proplan\/wp-json\/wp\/v2\/pages\/3815","targetHints":{"allow":["GET"]}}],"collection":[{"href":"https:\/\/www.ufsm.br\/pro-reitorias\/proplan\/wp-json\/wp\/v2\/pages"}],"about":[{"href":"https:\/\/www.ufsm.br\/pro-reitorias\/proplan\/wp-json\/wp\/v2\/types\/page"}],"author":[{"embeddable":true,"href":"https:\/\/www.ufsm.br\/pro-reitorias\/proplan\/wp-json\/wp\/v2\/users\/205"}],"replies":[{"embeddable":true,"href":"https:\/\/www.ufsm.br\/pro-reitorias\/proplan\/wp-json\/wp\/v2\/comments?post=3815"}],"version-history":[{"count":0,"href":"https:\/\/www.ufsm.br\/pro-reitorias\/proplan\/wp-json\/wp\/v2\/pages\/3815\/revisions"}],"wp:attachment":[{"href":"https:\/\/www.ufsm.br\/pro-reitorias\/proplan\/wp-json\/wp\/v2\/media?parent=3815"}],"wp:term":[{"taxonomy":"category","embeddable":true,"href":"https:\/\/www.ufsm.br\/pro-reitorias\/proplan\/wp-json\/wp\/v2\/categories?post=3815"},{"taxonomy":"post_tag","embeddable":true,"href":"https:\/\/www.ufsm.br\/pro-reitorias\/proplan\/wp-json\/wp\/v2\/tags?post=3815"}],"curies":[{"name":"wp","href":"https:\/\/api.w.org\/{rel}","templated":true}]}}