{"id":3818,"date":"2020-05-27T17:41:09","date_gmt":"2020-05-27T20:41:09","guid":{"rendered":"https:\/\/www.ufsm.br\/pro-reitorias\/proplan\/?page_id=3818"},"modified":"2021-07-01T13:27:12","modified_gmt":"2021-07-01T16:27:12","slug":"resolucao-n-089-1980","status":"publish","type":"page","link":"https:\/\/www.ufsm.br\/pro-reitorias\/proplan\/resolucao-n-089-1980","title":{"rendered":"Resolu\u00e7\u00e3o N. 089\/1980"},"content":{"rendered":"\t\t<div data-elementor-type=\"wp-page\" data-elementor-id=\"3818\" class=\"elementor elementor-3818\">\n\t\t\t\t\t\t<section class=\"elementor-section elementor-top-section elementor-element elementor-element-11771b5 elementor-section-boxed elementor-section-height-default elementor-section-height-default\" data-id=\"11771b5\" data-element_type=\"section\">\n\t\t\t\t\t\t<div class=\"elementor-container elementor-column-gap-default\">\n\t\t\t\t\t<div class=\"elementor-column elementor-col-100 elementor-top-column elementor-element elementor-element-4445228\" data-id=\"4445228\" data-element_type=\"column\">\n\t\t\t<div class=\"elementor-widget-wrap elementor-element-populated\">\n\t\t\t\t\t\t<div class=\"elementor-element elementor-element-88402bb elementor-widget elementor-widget-html\" data-id=\"88402bb\" data-element_type=\"widget\" data-widget_type=\"html.default\">\n\t\t\t\t<div class=\"elementor-widget-container\">\n\t\t\t\n\n\n<title><b>RESOLU\u00c7\u00c3O N. 089\/1980<\/b><\/title>\n\n\n<div align=\"center\"><img decoding=\"async\" src=\"https:\/\/www.ufsm.br\/pro-reitorias\/proplan\/wp-content\/uploads\/sites\/344\/2019\/09\/brasao-da-republica-do-brasil-logo.png\" alt=\"Bras\u00e3o Rep\u00fablica Federativa do Brasil\" width=\"6%\" height=\"6%\"><\/div>    \n<h1><font color=\"blue\"><font size=\"5\"><div align=\"center\">SERVI\u00c7O P\u00daBLICO FEDERAL<\/font><\/font><\/div><\/H1>\n<p><div align=\"center\"><b><a href=\"https:\/\/portal.ufsm.br\/documentos\/publico\/documento.html?id=5754812\" target=\"_blank\"><font color=\"blue\"><u>RESOLU\u00c7\u00c3O N\u00ba 89, de 31 de outubro de 1980<\/u><\/font><\/a><\/b><\/div><\/p>\n<br>\n<br><div align=\"justify\">\n<p><a href=\"https:\/\/www.ufsm.br\/pro-reitorias\/proplan\/resolucao-ufsm-n-055-2021\/\"><font color=\"blue\">Revogado pela Resolu\u00e7\u00e3o N. 055\/2021<\/font><\/a><\/p><\/p>\n<br>\n<strike>\n<p>O REITOR DA UNIVERSIDADE FEDERAL DE SANTA MARIA, na condi\u00e7\u00e3o de Presidente do Egr\u00e9gio Conselho Universit\u00e1rio;<\/p> \n<p>- considerando o contido no Parecer 27\/80 da Comiss\u00e3o de Legisla\u00e7\u00e3o e Regimentos - Processo 16.225\/20, e aprovado na 280\u00aa Sess\u00e3o do Egr\u00e9gio Conselho Universit\u00e1rio, realizada no dia 17\/09\/80;<\/p> \n<p>- considerando o Parecer 28\/80 - processo 20.123\/80 da mesma Comiss\u00e3o, aprovado na 282\u00aa sess\u00e3o do Egr\u00e9gio Conselho Universit\u00e1rio, realizada em 08\/19\/80:<\/p> \n<p>- considerando a defini\u00e7\u00e3o e aprova\u00e7\u00e3o do documento \u201cPOL\u00cdTICA, OS OBJETIVOS E A OPERACIONALIDADE DO HOSPITAL UNIVERSIT\u00c1RIO\", atual,<\/p>\n<br>\n<p><div align=\"center\">RESOLVE:<\/div><\/p>\n<br>\n<p>Expedir a presente Resolu\u00e7\u00e3o para tornar p\u00fablicas as seguintes altera\u00e7\u00f5es aprovadas pelo Egr\u00e9gio Conselho Universit\u00e1rio, na estrutura do Departamento de Administra\u00e7\u00e3o Hospitalar:<\/p> \n<p>1 - O Departamento de Administra\u00e7\u00e3o Hospitalar - DAH - \u00e9 reestruturado com a denomina\u00e7\u00e3o de \u201cHOSPITAL UNIVERSIT\u00c1RIO DA UNIVERSIDADE FEDERAL DE SANTA MARIA\u201d.<\/p> \n<p>2 - O \u201cHospital Universit\u00e1rio da Universidade Federal de Santa Maria\u201d ter\u00e1 como \u00f3rg\u00e3o m\u00e1ximo, deliberativo, consultivo e normativo um CONSELHO DE ADMINISTRA\u00c7\u00c3O, constitu\u00eddo pelos membros da Diretoria Executiva, mais o Diretor do Centro de Ci\u00eancias da Sa\u00fade, os Coordenadores dos Cursos de Medicina, Enfermagem e Fisioterapia, um representante estudantil da \u00e1rea de Sa\u00fade, um representante da Comunidade, e presidido pelo Diretor do Centro de Ci\u00eancias da Sa\u00fade.<\/p>\n<p>3 - A DIRETORIA EXECUTIVA ser\u00e1 constitu\u00edda pelo Diretor Geral, Diretor de Ensino, Pesquisa e Extens\u00e3o, Diretor Cl\u00ednico, Diretor de Enfermagem e Diretor Administrativo.<\/p> \n<p>4 - Todos os membros da DIRETORIA EXECUTIVA dever\u00e3o exercer seus mandatos em regime de 40 (quarenta) horas semanais de trabalho.<\/p>\n<p>5 - O mandato de cada membro da Diretoria Executiva finda no prazo de 120 (cento e vinte) dias ap\u00f3s o t\u00e9rmino do mandato do Reitor, sendo permitida a reelei\u00e7\u00e3o para apenas mais um mandato consecutivo.<\/p>\n<p>6 - Fica estabelecido o prazo de at\u00e9 05 de novembro de 1980 para a posse da Diretoria Executiva e do Conselho de Administra\u00e7\u00e3o, e<\/p> \n<p>7 - O Regimento Interno regular\u00e1 a forma de destitui\u00e7\u00e3o de membro ou membros da Diretoria Executiva.<\/p> \n<\/div>\n<p>Derblay Galv\u00e3o,<\/p> \n<p>Reitor.<\/p> \n<br>\n<p><font color=\"red0000\">Este texto n\u00e3o substitui o documento original, publicado no Portal de Documentos.<\/font> Dispon\u00edvel em: <a href=\"https:\/\/portal.ufsm.br\/documentos\/publico\/documento.html?id=5754812\" target=\"_blank\"><font color=\"blue\">https:\/\/portal.ufsm.br\/documentos\/publico\/documento.html?id=5754812<\/font><\/a>\n<\/strike>\n\n\t\t<\/div>\n\t\t\t\t<\/div>\n\t\t\t\t\t<\/div>\n\t\t<\/div>\n\t\t\t\t\t<\/div>\n\t\t<\/section>\n\t\t\t\t<\/div>\n\t\t","protected":false},"excerpt":{"rendered":"<p>RESOLU\u00c7\u00c3O N. 089\/1980 SERVI\u00c7O P\u00daBLICO FEDERAL RESOLU\u00c7\u00c3O N\u00ba 89, de 31 de outubro de 1980 Revogado pela Resolu\u00e7\u00e3o N. 055\/2021 O REITOR DA UNIVERSIDADE FEDERAL DE SANTA MARIA, na condi\u00e7\u00e3o de Presidente do Egr\u00e9gio Conselho Universit\u00e1rio; &#8211; considerando o contido no Parecer 27\/80 da Comiss\u00e3o de Legisla\u00e7\u00e3o e Regimentos &#8211; Processo 16.225\/20, e aprovado na [&hellip;]<\/p>\n","protected":false},"author":205,"featured_media":0,"parent":0,"menu_order":0,"comment_status":"closed","ping_status":"closed","template":"","meta":{"footnotes":""},"categories":[],"tags":[],"class_list":["post-3818","page","type-page","status-publish","hentry"],"acf":[],"_links":{"self":[{"href":"https:\/\/www.ufsm.br\/pro-reitorias\/proplan\/wp-json\/wp\/v2\/pages\/3818","targetHints":{"allow":["GET"]}}],"collection":[{"href":"https:\/\/www.ufsm.br\/pro-reitorias\/proplan\/wp-json\/wp\/v2\/pages"}],"about":[{"href":"https:\/\/www.ufsm.br\/pro-reitorias\/proplan\/wp-json\/wp\/v2\/types\/page"}],"author":[{"embeddable":true,"href":"https:\/\/www.ufsm.br\/pro-reitorias\/proplan\/wp-json\/wp\/v2\/users\/205"}],"replies":[{"embeddable":true,"href":"https:\/\/www.ufsm.br\/pro-reitorias\/proplan\/wp-json\/wp\/v2\/comments?post=3818"}],"version-history":[{"count":0,"href":"https:\/\/www.ufsm.br\/pro-reitorias\/proplan\/wp-json\/wp\/v2\/pages\/3818\/revisions"}],"wp:attachment":[{"href":"https:\/\/www.ufsm.br\/pro-reitorias\/proplan\/wp-json\/wp\/v2\/media?parent=3818"}],"wp:term":[{"taxonomy":"category","embeddable":true,"href":"https:\/\/www.ufsm.br\/pro-reitorias\/proplan\/wp-json\/wp\/v2\/categories?post=3818"},{"taxonomy":"post_tag","embeddable":true,"href":"https:\/\/www.ufsm.br\/pro-reitorias\/proplan\/wp-json\/wp\/v2\/tags?post=3818"}],"curies":[{"name":"wp","href":"https:\/\/api.w.org\/{rel}","templated":true}]}}