{"id":3822,"date":"2020-05-28T07:38:52","date_gmt":"2020-05-28T10:38:52","guid":{"rendered":"https:\/\/www.ufsm.br\/pro-reitorias\/proplan\/?page_id=3822"},"modified":"2025-08-28T16:40:14","modified_gmt":"2025-08-28T19:40:14","slug":"resolucao-n-013-2020","status":"publish","type":"page","link":"https:\/\/www.ufsm.br\/pro-reitorias\/proplan\/resolucao-n-013-2020","title":{"rendered":"RESOLU\u00c7\u00c3O N. 013\/2020"},"content":{"rendered":"\t\t<div data-elementor-type=\"wp-page\" data-elementor-id=\"3822\" class=\"elementor elementor-3822\">\n\t\t\t\t\t\t<section class=\"elementor-section elementor-top-section elementor-element elementor-element-89a1b6c elementor-section-boxed elementor-section-height-default elementor-section-height-default\" data-id=\"89a1b6c\" data-element_type=\"section\">\n\t\t\t\t\t\t<div class=\"elementor-container elementor-column-gap-default\">\n\t\t\t\t\t<div class=\"elementor-column elementor-col-100 elementor-top-column elementor-element elementor-element-808b76b\" data-id=\"808b76b\" data-element_type=\"column\">\n\t\t\t<div class=\"elementor-widget-wrap elementor-element-populated\">\n\t\t\t\t\t\t<div class=\"elementor-element elementor-element-ec43a9c elementor-widget elementor-widget-html\" data-id=\"ec43a9c\" data-element_type=\"widget\" data-widget_type=\"html.default\">\n\t\t\t\t<div class=\"elementor-widget-container\">\n\t\t\t\r\n\r\n\r\n<title><b>RESOLU\u00c7\u00c3O N. 013\/2020<\/b><\/title>\r\n\r\n\r\n<div align=\"center\"><img decoding=\"async\" src=\"https:\/\/www.ufsm.br\/pro-reitorias\/proplan\/wp-content\/uploads\/sites\/344\/2019\/09\/brasao-da-republica-do-brasil-logo.png\" alt=\"Bras\u00e3o Rep\u00fablica Federativa do Brasil\" width=\"6%\" height=\"6%\"><\/div>    \r\n<h1><font color=\"blue\"><font size=\"5\"><div align=\"center\">MINIST\u00c9RIO DA EDUCA\u00c7\u00c3O<\/b><\/font><\/font><\/div><\/H1>\r\n<p><b><font color=\"0000blue\"><div align=\"center\">UNIVERSIDADE FEDERAL DE SANTA MARIA<\/b><\/font><\/div><\/p>\r\n<p><div align=\"center\"><b><a href=\"https:\/\/portal.ufsm.br\/documentos\/publico\/documento.html?id=13070483\" target=\"_blank\"><font color=\"blue\">RESOLU\u00c7\u00c3O N. 013\/2020<\/font><\/a><\/b><\/div><\/p>\r\n\r\n\r\n\r\n<br>\r\n   <div style=\"color: #800000;width: 60%;margin-left: auto;margin-right: 0;text-align: justify;font-weight: normal\">Aprova o plano acad\u00eamico da empresa j\u00fanior MOTORA EMPRESA JUNIOR DE CONSULTORIA vinculada ao curso de Engenharia Mec\u00e2nica do Centro de Tecnologia (CT) da Universidade Federal de Santa Maria.<\/font><\/div><\/p>\r\n<br><div align=\"justify\">\r\n<p>O REITOR DA UNIVERSIDADE FEDERAL DE SANTA MARIA, no uso de suas atribui\u00e7\u00f5es legais e estatut\u00e1rias e considerando:\r\n<p>\u2013 a <u><a href=\"http:\/\/www.planalto.gov.br\/ccivil_03\/_ato2015-2018\/2016\/lei\/l13267.htm\" target=\"_blank\"><font color=\"blue\">Lei N. 13.267, de 06 de abril de 2016<\/font><\/a><\/u>, que disciplina a cria\u00e7\u00e3o e a organiza\u00e7\u00e3o das associa\u00e7\u00f5es denominadas empresas juniores, com funcionamento perante institui\u00e7\u00f5es de ensino superior;\r\n<p>\u2013 a <u><a href=\"https:\/\/www.ufsm.br\/pro-reitorias\/proplan\/resolucao-n-012-2017\/\" target=\"_blank\"><font color=\"blue\">Resolu\u00e7\u00e3o N. 012\/2017, de 13 de setembro de 2017<\/font><\/a><\/u>, que aprova o regulamento que normatiza a cria\u00e7\u00e3o e organiza\u00e7\u00e3o das empresas j\u00faniores na Universidade Federal de Santa Maria; e,\r\n<p>\u2013 o Parecer N. 007\/2020 da Comiss\u00e3o de Legisla\u00e7\u00e3o e Normas (CLN), aprovado na 946a Sess\u00e3o do Conselho de Ensino, Pesquisa e Extens\u00e3o, de 15 de maio de 2020, referente ao <a href=\"https:\/\/portal.ufsm.br\/documentos\/publico\/processo\/documento.html?idDocumento=12846293\" target=\"_blank\"><font color=\"blue\">Processo N. 23081.062491\/2019-43<\/font><\/a>.<\/p>\r\n<br>\r\n<p>RESOLVE:<\/p>\r\n<br>\r\n<p>Art. 1\u00ba Aprovar o plano acad\u00eamico da empresa j\u00fanior MOTORA EMPRESA JUNIOR DE CONSULTORIA vinculada ao curso de Engenharia Mec\u00e2nica do Centro de Tecnologia (CT) da Universidade Federal de Santa Maria.<\/p>\r\n<p>Art. 2\u00ba Esta resolu\u00e7\u00e3o entra em vigor uma semana ap\u00f3s a data de sua publica\u00e7\u00e3o e sempre no primeiro dia do m\u00eas ou em seu primeiro dia \u00fatil.<\/p>\r\n<p>\u00a71\u00ba O disposto neste artigo n\u00e3o se aplica \u00e0s hip\u00f3teses de urg\u00eancia justi\ufb01cada no expediente administrativo.<\/p>\r\n<p>\u00a72\u00ba Havendo qualquer modifica\u00e7\u00e3o legislativa, ou ainda, havendo qualquer situa\u00e7\u00e3o legal que impacte na legalidade da presente Resolu\u00e7\u00e3o, a mesma se aplica de imediato.<\/p>\r\n<p>GABINETE DO REITOR DA UNIVERSIDADE FEDERAL DE SANTA MARIA, aos 20 dias do m\u00eas de maio do ano 2020.<\/p>\r\n<\/div>\r\n<BR>\r\n<p>Paulo Afonso Burmann,\r\n<p>Reitor.<\/p>\r\n<BR>\r\n\r\n<p><font color=\"red0000\">Este texto n\u00e3o substitui o documento original, publicado no DOU em 28-05-2020.<\/font> Dispon\u00edvel em: <a href=\"http:\/\/www.in.gov.br\/en\/web\/dou\/-\/resolucao-n-13-de-20-de-maio-de-2020-258909733\" target=\"_blank\"><font color=\"blue\">http:\/\/www.in.gov.br\/en\/web\/dou\/-\/resolucao-n-13-de-20-de-maio-de-2020-258909733<\/font><\/a> e no Portal de Documentos.<\/font> Dispon\u00edvel em: <a href=\"https:\/\/portal.ufsm.br\/documentos\/publico\/documento.html?id=13070483\" target=\"_blank\"><font color=\"blue\">https:\/\/portal.ufsm.br\/documentos\/publico\/documento.html?id=13070483<\/font><\/a>\r\n\r\n\t\t<\/div>\n\t\t\t\t<\/div>\n\t\t\t\t\t<\/div>\n\t\t<\/div>\n\t\t\t\t\t<\/div>\n\t\t<\/section>\n\t\t\t\t<\/div>\n\t\t","protected":false},"excerpt":{"rendered":"<p>RESOLU\u00c7\u00c3O N. 013\/2020 MINIST\u00c9RIO DA EDUCA\u00c7\u00c3O UNIVERSIDADE FEDERAL DE SANTA MARIA RESOLU\u00c7\u00c3O N. 013\/2020 Aprova o plano acad\u00eamico da empresa j\u00fanior MOTORA EMPRESA JUNIOR DE CONSULTORIA vinculada ao curso de Engenharia Mec\u00e2nica do Centro de Tecnologia (CT) da Universidade Federal de Santa Maria. O REITOR DA UNIVERSIDADE FEDERAL DE SANTA MARIA, no uso de suas [&hellip;]<\/p>\n","protected":false},"author":205,"featured_media":0,"parent":0,"menu_order":0,"comment_status":"closed","ping_status":"closed","template":"","meta":{"footnotes":""},"categories":[],"tags":[],"class_list":["post-3822","page","type-page","status-publish","hentry"],"acf":[],"_links":{"self":[{"href":"https:\/\/www.ufsm.br\/pro-reitorias\/proplan\/wp-json\/wp\/v2\/pages\/3822","targetHints":{"allow":["GET"]}}],"collection":[{"href":"https:\/\/www.ufsm.br\/pro-reitorias\/proplan\/wp-json\/wp\/v2\/pages"}],"about":[{"href":"https:\/\/www.ufsm.br\/pro-reitorias\/proplan\/wp-json\/wp\/v2\/types\/page"}],"author":[{"embeddable":true,"href":"https:\/\/www.ufsm.br\/pro-reitorias\/proplan\/wp-json\/wp\/v2\/users\/205"}],"replies":[{"embeddable":true,"href":"https:\/\/www.ufsm.br\/pro-reitorias\/proplan\/wp-json\/wp\/v2\/comments?post=3822"}],"version-history":[{"count":0,"href":"https:\/\/www.ufsm.br\/pro-reitorias\/proplan\/wp-json\/wp\/v2\/pages\/3822\/revisions"}],"wp:attachment":[{"href":"https:\/\/www.ufsm.br\/pro-reitorias\/proplan\/wp-json\/wp\/v2\/media?parent=3822"}],"wp:term":[{"taxonomy":"category","embeddable":true,"href":"https:\/\/www.ufsm.br\/pro-reitorias\/proplan\/wp-json\/wp\/v2\/categories?post=3822"},{"taxonomy":"post_tag","embeddable":true,"href":"https:\/\/www.ufsm.br\/pro-reitorias\/proplan\/wp-json\/wp\/v2\/tags?post=3822"}],"curies":[{"name":"wp","href":"https:\/\/api.w.org\/{rel}","templated":true}]}}