{"id":3829,"date":"2020-06-08T08:25:08","date_gmt":"2020-06-08T11:25:08","guid":{"rendered":"https:\/\/www.ufsm.br\/pro-reitorias\/proplan\/?page_id=3829"},"modified":"2020-06-08T08:37:36","modified_gmt":"2020-06-08T11:37:36","slug":"resolucao-n-041-1979","status":"publish","type":"page","link":"https:\/\/www.ufsm.br\/pro-reitorias\/proplan\/resolucao-n-041-1979","title":{"rendered":"Resolu\u00e7\u00e3o N. 041\/1979"},"content":{"rendered":"\t\t<div data-elementor-type=\"wp-page\" data-elementor-id=\"3829\" class=\"elementor elementor-3829\">\n\t\t\t\t\t\t<section class=\"elementor-section elementor-top-section elementor-element elementor-element-d7a5d1b elementor-section-boxed elementor-section-height-default elementor-section-height-default\" data-id=\"d7a5d1b\" data-element_type=\"section\">\n\t\t\t\t\t\t<div class=\"elementor-container elementor-column-gap-default\">\n\t\t\t\t\t<div class=\"elementor-column elementor-col-100 elementor-top-column elementor-element elementor-element-0a6767a\" data-id=\"0a6767a\" data-element_type=\"column\">\n\t\t\t<div class=\"elementor-widget-wrap elementor-element-populated\">\n\t\t\t\t\t\t<div class=\"elementor-element elementor-element-4ec1fd2 elementor-widget elementor-widget-html\" data-id=\"4ec1fd2\" data-element_type=\"widget\" data-widget_type=\"html.default\">\n\t\t\t\t<div class=\"elementor-widget-container\">\n\t\t\t\r\n\r\n\r\n<title><b>RESOLU\u00c7\u00c3O N. 041\/1979<\/b><\/title>\r\n\r\n\r\n<div align=\"center\"><img decoding=\"async\" src=\"https:\/\/www.ufsm.br\/pro-reitorias\/proplan\/wp-content\/uploads\/sites\/344\/2019\/09\/brasao-da-republica-do-brasil-logo.png\" alt=\"Bras\u00e3o Rep\u00fablica Federativa do Brasil\" width=\"6%\" height=\"6%\"><\/div>    \r\n<h1><font color=\"blue\"><font size=\"5\"><div align=\"center\">UNIVERSIDADE FEDERAL DE SANTA MARIA<\/font><\/font><\/div><\/H1>\r\n<p><div align=\"center\"><b><a href=\"https:\/\/portal.ufsm.br\/documentos\/publico\/documento.html?id=5752709\" target=\"_blank\"><font color=\"blue\"><u>RESOLU\u00c7\u00c3O N\u00ba 41, DE 01 de mar\u00e7o de 1979<\/u><\/font><\/a><\/b><\/div><\/p>\r\n<br>\r\n<p><u><a href=\"https:\/\/www.ufsm.br\/pro-reitorias\/proplan\/resolucao-n-008-2020\/\" target=\"_blank\"><font color=\"blue\">Revogada pela Resolu\u00e7\u00e3o N. 008\/2020<\/font><\/a><\/u><\/p>\r\n<br>\r\n<strike>\r\n<br><div align=\"justify\">\r\n<p>O REITOR DA UNIVERSIDADE FEDERAL DE SANTA MARIA, no uso de suas atribui\u00e7\u00f5es legais, estatut\u00e1rias e, tendo em vista o disposto nas Resolu\u00e7\u00f5es de n\u00bas 07 a 14 de 30\/06\/78, bem como do trabalho elaborado pela Comiss\u00e3o Institucional, designada pela Portaria n\u00ba 11.376\/78,<\/p>\r\n<br>\r\n<p><div align=\"center\">RESOLVE:<\/div><\/p>\r\n<br>\r\n<p>Remover e lotar os docentes dos Departamentos abaixo relacionados, extintos ou n\u00e3o, que passam a integrar a lota\u00e7\u00e3o dos seguintes Departamentos:<\/p> \r\n<br>\r\n<p>CENTRO DE TECNOLOGIA<\/p>\r\n<br>\r\n<p><u>Do: Extinto Departamento de Engenharia Civil<\/u><\/p>\r\n<p><u>Para: Departamento de Estruturas e Constru\u00e7\u00e3o Civil<\/u><\/p>\r\n<p>01 \u2013 Prof. Ass. Adair Antonio Montagner Antoniazzi<\/p>\r\n<p>02 \u2013 Prof. Ass. Angela Za\u00edra Ferrari Signor<\/p>\r\n<p>03 \u2013 Aux. Ens.D\u00e9cio Bevillaque<\/p>\r\n<p>04 \u2013 Aux. Ens. Elisabeth Wendt<\/p>\r\n<p>05 \u2013 Prof. Adj. Fernando Rainz<\/p>\r\n<p>06 \u2013 Prof. Adj. Geraldo Cechella Isaia<\/p>\r\n<p>07 \u2013 Aux. Ens. Get\u00falio de Souza Picada<\/p>\r\n<p>08 \u2013 Prof Adj. Gilberto Aquino Benetti<\/p>\r\n<p>09 \u2013 Prof. Ass. Harley Arthur Scheibe<\/p>\r\n<p>10 \u2013 Aux. Ens. H\u00e9lvio Jobim Filho<\/p>\r\n<p>11 \u2013 Aux. Ens. Hor\u00e1cio Jo\u00e3o Isaia<\/p>\r\n<p>12 \u2013 Prof. Col. Hugo Martinen Maciel<\/p>\r\n<p>13 \u2013 Prof. Adj. Jos\u00e9 Antonio Brenner de Brenner<\/p> \r\n<p>14 \u2013 Aux. Ens. Jos\u00e9 Antonio do Nascimento Pinto<\/p>\r\n<p>15 \u2013 Prof. Adj. Jos\u00e9 Bas\u00edlio da Rocha Netto<\/p>\r\n<p>16 \u2013 Prof. Col. Jos\u00e9 J\u00falio Oliveira Barherena<\/p>\r\n<p>17 \u2013 Prof. Ass. Jos\u00e9 Ubirajara Martins Fl\u00f4res<\/p>\r\n<p>18 \u2013 Prof. Ass. Lacy Cecilia Martins Sarkis<\/p>\r\n<p>19 - Prof. Col. Luiz Gonzaga Binato de Almeida<\/p>\r\n<p>20 - Prof. Col. Luiz Valnei Tavares Borges<\/p>\r\n<p>21 - Prof. Col. Margaret Souza Schmidt Jobim<\/p> \r\n<p>22 - Prof, Ass. Maria Alice Theodorico Mezzomo<\/p>\r\n<p>23 - Prof. Col. Maria Izabel Pimenta Lopes<\/p>\r\n<p>24 - Prof. Ass. Marta Maria Aita de Oliveira<\/p>\r\n<p>25 \u2013 Aux Ens. Nelson Soares Gomes<\/p>\r\n<p>26 \u2013 Prof. Ass. Odilon Pancaro Cavalheiro<\/p>\r\n<p>27 \u2013 Prof. Adj. Paulo Jorge Sarkis<\/p>\r\n<p>28 -  Aux. Ens. Pedro Saurin<\/p>\r\n<br>\r\n<p><u>Do: Extinto Departamento de Engenharia El\u00e9trica<\/u><\/p> \r\n<p><u>Para: Departamento de Eletromec\u00e2nica e Sistemas de Pot\u00eancia<\/u><\/p>\r\n<p>01 - Prof. Ass. Alberto Faria de Barros<\/p>\r\n<p>02 - Aux. Ens. Amaz\u00edlio Eurico Moreira Lara<\/p>\r\n<p>03 - Prof. Adj. Arlindo Rodrigues Mayer<\/p>\r\n<p>04 \u2013 Prof. Col. Edgar Pereira<\/p>\r\n<p>05 \u2013 Prof. Ass. \u00c9lvio Rebenschlag<\/p> \r\n<p>06 \u2013 Prof. Ass. Fernando Alcione Ethur<\/p>\r\n<p>07 - Prof. Col. Joacir Vicente Dotta<\/p>\r\n<p>08 - Prof. Ass.J\u00falio C\u00e9zar Markmana Siqueira<\/p> \r\n<p>09 - Prof. Col. Lencis Bariotto<\/p> \r\n<p>10 \u2013 Prof. Col. Iviz Alberto Machado<\/p>\r\n<p>11 \u2013 Prof. Col. Maria Beatriz Bolzan de Morais<\/p> \r\n<p>12 \u2013 Aux. Ens. Nilton Fabrin<\/p>\r\n<p>13 \u2013 Aux.Ens. Renato Walter<\/p>\r\n<p>14 - Prof. Col. Rene Reinaldo Emmel<\/p>\r\n<p>15 - Prof. Vis. Sanjandra Marain Singh<\/p>\r\n<p>16 - Prof. Vis. Somohai Apsuj<\/p>\r\n<p>17 - Prof. Ass. Waldemar Correia<\/p>\r\n<p>18 - Prof. Ass. Wilson Antonio Barin<\/p> \r\n<br>\r\n<p><u>Do: Extinto Departamento de Engenharia Mec\u00e2nica<\/u><\/p>\r\n<p><u>Para: Departamento de Fabrica\u00e7\u00e3o e Projeto de M\u00e1quinas<\/u><\/p>\r\n<p>01 - Prof. Col. Aleir Antonio Fontana de Paris<\/p> \r\n<p>02 \u2013 Prof. Col. C\u00edcero Antonio Brenner Dornelles<\/p>\r\n<p>03 - Prof. Ass. Clandio Char\u00e3o<\/p>\r\n<p>04 \u2013 Prof. Ass.Edson Moraes Brasil<\/p>\r\n<p>05 - Prof. Adj. H\u00e9lio Herssteir<\/p>\r\n<p>06 - Prof. Ass. H\u00e9lio Mezzomo<\/p> \r\n<p>07 \u2013 Prof. Col. Jo\u00e3o Helvio Righi de Oliveira<\/p> \r\n<p>08 - Prof. Ass. Luiz Firmino Kirchhof<\/p> \r\n<p>09 - Aux. Ens. Reni Bertagnolli<\/p>\r\n<p>10 - Prof. Adj. Tadeu Carlos Silveira<\/p>\r\n<br>\r\n<p><u>Do: Extinto Departamento de Engenharia Civil<\/u><\/p>\r\n<p><u>Para: Departamento de Hidr\u00e1ulica e Saneamento<\/u><\/p>\r\n<p>01 - Aux. Ens. Carlos Alberto Oliveira Irion<\/p>\r\n<p>02 - Aux. Ens. Eduardo Jos\u00e9 Costa Emanuelli<\/p> \r\n<p>03 - Prof. Ass. Flavio Lucio Oliveira Rolim<\/p> \r\n<p>04 - Prof. Col. H\u00e9lio Jo\u00e3o Belinazo<\/p>      \r\n<p>05 - Prof. Ass. Jos\u00e9 Feliciano Lopes de Albuquerque<\/p> \r\n<p>06 - Prof. Adj. Paraguassu Garcia Lopes<\/p>\r\n<p>07 - Prof. Ass. Terezinha Beatriz Brum Siqueira<\/p> \r\n<p>08 - Prof. Adj. Wilson Aita<\/p>      \r\n<br>\r\n<p><u>Do: Extinto Departamento de Engenharia El\u00e9trica<\/u><\/p>\r\n<p><u>Para: Departamento de Eletr\u00f4nica e Computa\u00e7\u00e3o<\/u><\/p>\r\n<p>01 \u2013 Prof. Ass. Almoraci da Silva Algarve<\/p> \r\n<p>02 - Prof. Col. Eduardo Bragan\u00e7a de Moraes<\/p> \r\n<p>03 - Prof. Ass. F\u00e1bio Ant\u00f4nio Baldissera<\/p> \r\n<p>04 \u2013 Aux. Ens. F\u00e9lix Alberto Ferret<\/p> \r\n<p>05 - Aux. Ens. Francisco Amaral Wendt<\/p>\r\n<p>06 - Prof. Col. Guido Fleig<\/p> \r\n<p>07 - Prof. Adj. Jo\u00e3o Paulo Minussi<\/p> \r\n<p>08 \u2013 Prof. Col. Norberto Ulisses de Vasconcellos Oliveira<\/p> \r\n<p>09 - Prof. Adj. Oberon da Silva Mello<\/p> \r\n<br>\r\n<p><u>Do: Extinto Departamento de Engenharia Mec\u00e2nica<\/u><\/p>\r\n<p><u>Para: Departamento de Engenharia Industrial<\/u><\/p>\r\n<p>01 - Prof. Adj. Bugre Toropy de Oliveira<\/p> \r\n<p>02 - Prof. Col. Jo\u00e3o Antonio Leag<\/p> \r\n<p>03 - Prof. Col. Luiz Carlos Pist\u00f3ia de Oliveira<\/p> \r\n<p>04 - Prof. Vis. Prahhakar Mahdco Ghare<\/p> \r\n<p>05 - Prof. Vis. Ramachandran Radhaaramanan<\/p>    \r\n<p>06 - Prof. Vis. Pamaswami Ramaswami<\/p> \r\n<p>07 \u2013 Prof. Col. Rolando Ivan Soliz Estrada<\/p> \r\n<p>08 - Aux. Ens. Vania Maria Felkl Barchet<\/p>\r\n<br>\r\n<p><u>Do: Extinto Departamento de Engenharia Mec\u00e2nica<\/u><\/p>\r\n<p><u>Para: Departamento de Termot\u00e9cnica, Processos e Opera\u00e7\u00f5es Industriais<\/u><\/p>\r\n<p>01 - Prof. Adj. \u00c9rico Antonio Lopes Henn<\/p>\r\n<p>02 - Prof. Ass. H\u00e9lio Nonnemmacher<\/p>\r\n<p>03 - Aux. Ens. Jornandes Oliveira Almeida<\/p>\r\n<p>04 - Prof. Vis. Luiz Fernando Prestes<\/p>\r\n<p>05 - Prof. Ass. Paulo de Tarso Fontoura da Silva<\/p>\r\n<p>06 - Prof. Col. Roosewelt Bouchet<\/p>\r\n<p>07 - Prof. Ass. Sergio Sebalhos Souza<\/p>\r\n<p>08 - Prof. Ass. Vict\u00f3rio Miguel Lac<\/p> \r\n<br>\r\n<p><u>Do: Extinto Departamento de Engenharia Civil<\/u><\/p>\r\n<p><u>Para: Departamento de Transporte<\/u><\/p>\r\n<p>01 - Prof. Ass. Gilberto Tabajara Milo Moresco<\/p>\r\n<p>02 - Prof. Ass. Jos\u00e9 Camboim Ribas<\/p>\r\n<p>03 - Prof. Col. Odilon Evangelho Machado<\/p>\r\n<p>04 - Aux. Ens. Oscar Dalence Cazas<\/p>\r\n<p>05 - Aux. Ens: Sergio Renato de Medeiros<\/p>\r\n<p>06 - Prof. Ass. Tabajara Sales Ceccim<\/p> \r\n<p>07 - Prof. Col. Ronaldo Soares Gomes<\/p> \r\n<p>08 - Prof. Col. Leoni Ernesto Muller<\/p>\r\n<p>09 - Aux. Ens. Raphael Xavier Pillar<\/p>\r\n<br>\r\n<\/div>\r\n<p>Derblay Galv\u00e3o<\/p> \r\n<p>Reitor.<\/p>\r\n<\/strike>\r\n<br>\r\n<p><font color=\"red0000\">Este texto n\u00e3o substitui o documento original, publicado no Portal de Documentos.<\/font> Dispon\u00edvel em: <a href=\"https:\/\/portal.ufsm.br\/documentos\/publico\/documento.html?id=5752709\" target=\"_blank\"><font color=\"blue\">https:\/\/portal.ufsm.br\/documentos\/publico\/documento.html?id=5752709<\/font><\/a>\r\n\r\n\t\t<\/div>\n\t\t\t\t<\/div>\n\t\t\t\t\t<\/div>\n\t\t<\/div>\n\t\t\t\t\t<\/div>\n\t\t<\/section>\n\t\t\t\t<\/div>\n\t\t","protected":false},"excerpt":{"rendered":"<p>RESOLU\u00c7\u00c3O N. 041\/1979 UNIVERSIDADE FEDERAL DE SANTA MARIA RESOLU\u00c7\u00c3O N\u00ba 41, DE 01 de mar\u00e7o de 1979 Revogada pela Resolu\u00e7\u00e3o N. 008\/2020 O REITOR DA UNIVERSIDADE FEDERAL DE SANTA MARIA, no uso de suas atribui\u00e7\u00f5es legais, estatut\u00e1rias e, tendo em vista o disposto nas Resolu\u00e7\u00f5es de n\u00bas 07 a 14 de 30\/06\/78, bem como do [&hellip;]<\/p>\n","protected":false},"author":205,"featured_media":0,"parent":0,"menu_order":0,"comment_status":"closed","ping_status":"closed","template":"","meta":{"footnotes":""},"categories":[],"tags":[],"class_list":["post-3829","page","type-page","status-publish","hentry"],"acf":[],"_links":{"self":[{"href":"https:\/\/www.ufsm.br\/pro-reitorias\/proplan\/wp-json\/wp\/v2\/pages\/3829","targetHints":{"allow":["GET"]}}],"collection":[{"href":"https:\/\/www.ufsm.br\/pro-reitorias\/proplan\/wp-json\/wp\/v2\/pages"}],"about":[{"href":"https:\/\/www.ufsm.br\/pro-reitorias\/proplan\/wp-json\/wp\/v2\/types\/page"}],"author":[{"embeddable":true,"href":"https:\/\/www.ufsm.br\/pro-reitorias\/proplan\/wp-json\/wp\/v2\/users\/205"}],"replies":[{"embeddable":true,"href":"https:\/\/www.ufsm.br\/pro-reitorias\/proplan\/wp-json\/wp\/v2\/comments?post=3829"}],"version-history":[{"count":0,"href":"https:\/\/www.ufsm.br\/pro-reitorias\/proplan\/wp-json\/wp\/v2\/pages\/3829\/revisions"}],"wp:attachment":[{"href":"https:\/\/www.ufsm.br\/pro-reitorias\/proplan\/wp-json\/wp\/v2\/media?parent=3829"}],"wp:term":[{"taxonomy":"category","embeddable":true,"href":"https:\/\/www.ufsm.br\/pro-reitorias\/proplan\/wp-json\/wp\/v2\/categories?post=3829"},{"taxonomy":"post_tag","embeddable":true,"href":"https:\/\/www.ufsm.br\/pro-reitorias\/proplan\/wp-json\/wp\/v2\/tags?post=3829"}],"curies":[{"name":"wp","href":"https:\/\/api.w.org\/{rel}","templated":true}]}}