{"id":3839,"date":"2020-06-08T08:57:46","date_gmt":"2020-06-08T11:57:46","guid":{"rendered":"https:\/\/www.ufsm.br\/pro-reitorias\/proplan\/?page_id=3839"},"modified":"2020-07-17T10:24:15","modified_gmt":"2020-07-17T13:24:15","slug":"resolucao-n-054-1979","status":"publish","type":"page","link":"https:\/\/www.ufsm.br\/pro-reitorias\/proplan\/resolucao-n-054-1979","title":{"rendered":"Resolu\u00e7\u00e3o N. 054\/1979"},"content":{"rendered":"\t\t<div data-elementor-type=\"wp-page\" data-elementor-id=\"3839\" class=\"elementor elementor-3839\">\n\t\t\t\t\t\t<section class=\"elementor-section elementor-top-section elementor-element elementor-element-300bef3 elementor-section-boxed elementor-section-height-default elementor-section-height-default\" data-id=\"300bef3\" data-element_type=\"section\">\n\t\t\t\t\t\t<div class=\"elementor-container elementor-column-gap-default\">\n\t\t\t\t\t<div class=\"elementor-column elementor-col-100 elementor-top-column elementor-element elementor-element-ebdd024\" data-id=\"ebdd024\" data-element_type=\"column\">\n\t\t\t<div class=\"elementor-widget-wrap elementor-element-populated\">\n\t\t\t\t\t\t<div class=\"elementor-element elementor-element-595bcf0 elementor-widget elementor-widget-html\" data-id=\"595bcf0\" data-element_type=\"widget\" data-widget_type=\"html.default\">\n\t\t\t\t<div class=\"elementor-widget-container\">\n\t\t\t\r\n\r\n\r\n<title><b>RESOLU\u00c7\u00c3O N. 054\/1979<\/b><\/title>\r\n\r\n\r\n<div align=\"center\"><img decoding=\"async\" src=\"https:\/\/www.ufsm.br\/pro-reitorias\/proplan\/wp-content\/uploads\/sites\/344\/2019\/09\/brasao-da-republica-do-brasil-logo.png\" alt=\"Bras\u00e3o Rep\u00fablica Federativa do Brasil\" width=\"6%\" height=\"6%\"><\/div>    \r\n<h1><font color=\"blue\"><font size=\"5\"><div align=\"center\">UNIVERSIDADE FEDERAL DE SANTA MARIA<\/font><\/font><\/div><\/H1>\r\n<p><div align=\"center\"><b><a href=\"https:\/\/portal.ufsm.br\/documentos\/publico\/documento.html?id=5752979\" target=\"_blank\"><font color=\"blue\"><u>RESOLU\u00c7\u00c3O N\u00ba 54, DE 12 de Julho de 1979<\/u><\/font><\/a><\/b><\/div><\/p>\r\n<br>\r\n<p><a href=\"https:\/\/www.ufsm.br\/pro-reitorias\/proplan\/resolucao-n-022-2020\/\" target=\"_blank\"><font color=\"blue\">Revogada pela Resolu\u00e7\u00e3o N. 022\/2020<\/font><\/a><\/p>\r\n<br>\r\n<br><div align=\"justify\">\r\n<strike>\r\n<p>O REITOR DA UNIVERSIDADE FEDERAL DE SANTA MARIA, no uso de suas atribui\u00e7\u00f5es legais e,<\/p>\r\n<p>- Considerando que a execu\u00e7\u00e3o, por quatro anos consecutivos, do Programa Institucional de Capacita\u00e7\u00e3o de Docentes (PICD), na Universidade Federal de Santa Maria, levou \u00e0 conclus\u00e3o de ser necess\u00e1ria para o pr\u00f3ximo Plano Operativo disciplinar a inscri\u00e7\u00e3o de candidatos, docentes e rec\u00e9m-graduados no PICD\/UFSM\/1980;<\/p>\r\n<p>- Considerando que \u00e9 de real significa\u00e7\u00e3o que o PICD\/UFSM\/1980 abranja o Distrito Geo-Educacional n\u00ba 37, acolhendo indica\u00e7\u00f5es de candidatos pertencentes a outras Institui\u00e7\u00f5es de Ensino Superior e localizadas no referido Distrito;<\/p> \r\n<p>- Considerando o que consta do Of. Circular n\u00ba 51\/79\/CGM\/SESu que disciplina o afastamento de Professores Colaboradores; e<\/p>\r\n<p>- Considerando o contido no Proc. n\u00ba 83.364\/79.<\/p>\r\n<br>\r\n<p><div align=\"center\">RESOLVE:<\/div><\/p>\r\n<br>\r\n<p>Expedir a presente Resolu\u00e7\u00e3o para aprovar e divulgar as diretrizes relacionadas com a elabora\u00e7\u00e3o do PLANO OPERATIVO PICD\/UFSM\/1980 (Sub-Programa \"A\" - BRASIL), tendo por base as situa\u00e7\u00f5es-condi\u00e7\u00f5es seguintes:<\/p>\r\n<p>1 - Professor Titular: somente poder\u00e1 obter licen\u00e7a de afastamento para realizar treinamento (Curso ou Est\u00e1gio) em n\u00edvel de P\u00f3s-Doutorado,<\/p> \r\n<p>2 - Professor Adjunto: somente poder\u00e1 obter licen\u00e7a de afastamento para realizar Curso de Doutorado,<\/p> \r\n<p>3 - Professor Assistente: somente poder\u00e1 obter licen\u00e7a de afastamento para realizar Curso de Doutorado,<\/p> \r\n<p>4 - Auxiliar de Ensino: somente poder\u00e1 obter licen\u00e7a de afastamento para realizar Curso de Mestrado e, excepcionalmente, de Doutorado,<\/p> \r\n<p>5 \u2013 Docente de qualquer n\u00edvel, portador do t\u00edtulo de Livre-Docente: somente poder\u00e1 obter licen\u00e7a de afastamento para realizar treinamento (Curso ou Est\u00e1gio) em n\u00edvel de P\u00f3s-Doutorado e, excepcionalmente Curso de Doutorado,<\/p> \r\n<p>6 - Professor Colaborador: somente poder\u00e1 obter licen\u00e7a de afastamento para realizar Curso de Doutorado, ap\u00f3s analise rigorosa de cada caso. E, se contemplado com Bolsa de Estudo esta dever\u00e1 ser concedida por \u00d3rg\u00e3o Governamental Nacional, n\u00e3o podendo o afastamento implicar em despesa para a Institui\u00e7\u00e3o, (Of. Circular n\u00ba 51\/79\/CGM\/SESu),<\/p> \r\n<p>7 - O Professor Colaborador poder\u00e1 candidatar-se ao Plano Operativo PICD\/UFSM\/1980, na condi\u00e7\u00e3o de Rec\u00e9m-Graduado, e uma vez selecionado para o Curso pretendido, oportunamente, dever\u00e1 solicitar rescis\u00e3o do Contrato de Trabalho,<\/p>\r\n<p>8 - Ser\u00e1 considerado Rec\u00e9m-Graduado, para participa\u00e7\u00e3o no PICD\/UFSM\/1980, o candidato graduado at\u00e9 10 (dez) anos atr\u00e1s, isto \u00e9, diplomado em\/ou ap\u00f3s 1969,<\/p> \r\n<p>9 - Os Professores Visitantes, contratados em qualquer n\u00edvel, n\u00e3o poder\u00e3o participar do PICD\/UFSM\/1980,<\/p>\r\n<p>10 - O Plano Operativo PICD\/UFSM\/1980 poder\u00e1 contar com a participa\u00e7\u00e3o de Docentes e de Rec\u00e9m-Graduados indicados por Institui\u00e7\u00f5es de Ensino no Superior do DGE n\u00ba 37,<\/p> \r\n<p>11 - A participa\u00e7\u00e3o de Docentes da UFSM, no Plano Operativo PICD\/UFSM\/1980, n\u00e3o poder\u00e1 implicar em substitui\u00e7\u00e3o \u00e0 conta da \"Quota de Substitui\u00e7\u00e3o\/PICD\", ficando a vig\u00eancia de afastamento condicionada ao remanejamento da carga did\u00e1tica, em n\u00edvel do Departamento, ou mediante Termo de Compromisso de Substitui\u00e7\u00e3o firmado pelo(s) docente(s) substituto(s), por igual tempo ao do afastamento,<\/p>\r\n<p>12 - Os candidatos \u00e0 participa\u00e7\u00e3o no Plano Operativo PICD\/UFSM\/1980 dever\u00e3o se inscrever, idealmente, em cursos credenciados, sendo permitida a inscri\u00e7\u00e3o em cursos n\u00e3o credenciados, desde que n\u00e3o existam cursos credenciados na \u00e1rea, mas que sejam recomendados pela CAPES,<\/p>\r\n<p>13 \u2013 As d\u00favidas que porventura existirem na execu\u00e7\u00e3o desta Resolu\u00e7\u00e3o ser\u00e3o dirimidas pela Comiss\u00e3o Permanente de Capacita\u00e7\u00e3o de Docentes\/ UFSM, ficando, ainda, por este ato revogadas as disposi\u00e7\u00f5es normativas conflitantes,<\/p> \r\n<p>GABINETE DO REITOR DA UNIVERSIDADE FEDERAL DE SANTA MARIA aos doze dias do m\u00eas de julho do ano de hum mil novecentos e setenta e nove.<\/p> \r\n<br>\r\n<\/div>\r\n<p>Derblay Galv\u00e3o<\/p> \r\n<p>Reitor.<\/p>\r\n<\/strike>\r\n<br>\r\n<p><font color=\"red0000\">Este texto n\u00e3o substitui o documento original, publicado no Portal de Documentos.<\/font> Dispon\u00edvel em: <a href=\"https:\/\/portal.ufsm.br\/documentos\/publico\/documento.html?id=5752979\" target=\"_blank\"><font color=\"blue\">https:\/\/portal.ufsm.br\/documentos\/publico\/documento.html?id=5752979<\/font><\/a>\r\n\r\n\t\t<\/div>\n\t\t\t\t<\/div>\n\t\t\t\t\t<\/div>\n\t\t<\/div>\n\t\t\t\t\t<\/div>\n\t\t<\/section>\n\t\t\t\t<\/div>\n\t\t","protected":false},"excerpt":{"rendered":"<p>RESOLU\u00c7\u00c3O N. 054\/1979 UNIVERSIDADE FEDERAL DE SANTA MARIA RESOLU\u00c7\u00c3O N\u00ba 54, DE 12 de Julho de 1979 Revogada pela Resolu\u00e7\u00e3o N. 022\/2020 O REITOR DA UNIVERSIDADE FEDERAL DE SANTA MARIA, no uso de suas atribui\u00e7\u00f5es legais e, &#8211; Considerando que a execu\u00e7\u00e3o, por quatro anos consecutivos, do Programa Institucional de Capacita\u00e7\u00e3o de Docentes (PICD), na [&hellip;]<\/p>\n","protected":false},"author":205,"featured_media":0,"parent":0,"menu_order":0,"comment_status":"closed","ping_status":"closed","template":"","meta":{"footnotes":""},"categories":[],"tags":[],"class_list":["post-3839","page","type-page","status-publish","hentry"],"acf":[],"_links":{"self":[{"href":"https:\/\/www.ufsm.br\/pro-reitorias\/proplan\/wp-json\/wp\/v2\/pages\/3839","targetHints":{"allow":["GET"]}}],"collection":[{"href":"https:\/\/www.ufsm.br\/pro-reitorias\/proplan\/wp-json\/wp\/v2\/pages"}],"about":[{"href":"https:\/\/www.ufsm.br\/pro-reitorias\/proplan\/wp-json\/wp\/v2\/types\/page"}],"author":[{"embeddable":true,"href":"https:\/\/www.ufsm.br\/pro-reitorias\/proplan\/wp-json\/wp\/v2\/users\/205"}],"replies":[{"embeddable":true,"href":"https:\/\/www.ufsm.br\/pro-reitorias\/proplan\/wp-json\/wp\/v2\/comments?post=3839"}],"version-history":[{"count":0,"href":"https:\/\/www.ufsm.br\/pro-reitorias\/proplan\/wp-json\/wp\/v2\/pages\/3839\/revisions"}],"wp:attachment":[{"href":"https:\/\/www.ufsm.br\/pro-reitorias\/proplan\/wp-json\/wp\/v2\/media?parent=3839"}],"wp:term":[{"taxonomy":"category","embeddable":true,"href":"https:\/\/www.ufsm.br\/pro-reitorias\/proplan\/wp-json\/wp\/v2\/categories?post=3839"},{"taxonomy":"post_tag","embeddable":true,"href":"https:\/\/www.ufsm.br\/pro-reitorias\/proplan\/wp-json\/wp\/v2\/tags?post=3839"}],"curies":[{"name":"wp","href":"https:\/\/api.w.org\/{rel}","templated":true}]}}