{"id":3841,"date":"2020-06-08T08:57:59","date_gmt":"2020-06-08T11:57:59","guid":{"rendered":"https:\/\/www.ufsm.br\/pro-reitorias\/proplan\/?page_id=3841"},"modified":"2021-03-01T09:46:46","modified_gmt":"2021-03-01T12:46:46","slug":"resolucao-n-056-1979","status":"publish","type":"page","link":"https:\/\/www.ufsm.br\/pro-reitorias\/proplan\/resolucao-n-056-1979","title":{"rendered":"Resolu\u00e7\u00e3o N. 056\/1979"},"content":{"rendered":"\t\t<div data-elementor-type=\"wp-page\" data-elementor-id=\"3841\" class=\"elementor elementor-3841\">\n\t\t\t\t\t\t<section class=\"elementor-section elementor-top-section elementor-element elementor-element-f533a0a elementor-section-boxed elementor-section-height-default elementor-section-height-default\" data-id=\"f533a0a\" data-element_type=\"section\">\n\t\t\t\t\t\t<div class=\"elementor-container elementor-column-gap-default\">\n\t\t\t\t\t<div class=\"elementor-column elementor-col-100 elementor-top-column elementor-element elementor-element-c61cdc3\" data-id=\"c61cdc3\" data-element_type=\"column\">\n\t\t\t<div class=\"elementor-widget-wrap elementor-element-populated\">\n\t\t\t\t\t\t<div class=\"elementor-element elementor-element-58b474d elementor-widget elementor-widget-html\" data-id=\"58b474d\" data-element_type=\"widget\" data-widget_type=\"html.default\">\n\t\t\t\t<div class=\"elementor-widget-container\">\n\t\t\t\n\n\n<title><b>RESOLU\u00c7\u00c3O N. 056\/1979<\/b><\/title>\n\n\n<div align=\"center\"><img decoding=\"async\" src=\"https:\/\/www.ufsm.br\/pro-reitorias\/proplan\/wp-content\/uploads\/sites\/344\/2019\/09\/brasao-da-republica-do-brasil-logo.png\" alt=\"Bras\u00e3o Rep\u00fablica Federativa do Brasil\" width=\"6%\" height=\"6%\"><\/div>    \n<h1><font color=\"blue\"><font size=\"5\"><div align=\"center\">UNIVERSIDADE FEDERAL DE SANTA MARIA<\/font><\/font><\/div><\/H1>\n<p><div align=\"center\"><b><a href=\"https:\/\/portal.ufsm.br\/documentos\/publico\/documento.html?id=5753022\" target=\"_blank\"><font color=\"blue\"><u>RESOLU\u00c7\u00c3O N\u00ba 56, DE 18 de JULHO DE 1979<\/u><\/font><\/a><\/b><\/div><\/p>\n<br>\n<br>\n<p><a href=\"https:\/\/www.ufsm.br\/pro-reitorias\/proplan\/resolucao-ufsm-n-041-2021\/\" target=\"_blank\"><font color=\"blue\">Revogada pela Resolu\u00e7\u00e3o UFSM N. 041\/2021<\/a><\/font><\/p>\n<br><div align=\"justify\">\n<strike>\n<p>O REITOR DA UNIVERSIDADE FEDERAL DE SANTA MARIA, no uso de suas atribui\u00e7\u00f5es legais e estatut\u00e1rias e, de acordo com os artigos 11 e 12 do <u><a href=\"http:\/\/www.planalto.gov.br\/ccivil_03\/decreto-lei\/del0200.htm\" target=\"_blank\"><font color=\"blue\">Decreto-Lei n\u00ba 200, de 25 de fevereiro de 1967<\/font><\/a><\/u>, que instituiu a Reforma - Administrativa,<\/p>\n<br>\n<p><div align=\"center\">RESOLVE:<\/div><\/p>\n<br>\n<p>Art. 1\u00ba - DELEGAR COMPET\u00caNCIA ao Pr\u00f3-Reitor de Gradua\u00e7\u00e3o da Universidade Federal de Santa Maria, para, sem preju\u00edzo de suas atribui\u00e7\u00f5es e, dentro das normas vigentes, exercer os atos administrativos a seguir relacionados:<\/p> \n<p>a) - Estabelecer diretrizes sobre as atividades acad\u00eamicas em geral, consoante planejamento existente;<\/p>\n<p>b) - Encaminhar ao Conselho de Ensino, Pesquisa e Extens\u00e3o propostas de cursos extracurriculares;<\/p>\n<p>c) - Requisitar e utilizar os recursos humanos e materiais para a consecu\u00e7\u00e3o do Vestibular;<\/p>\n<p>d) - Propor a contrata\u00e7\u00e3o de docentes com base nas indica\u00e7\u00f5es oriundas da Pr\u00f3-Reitoria de Planejamento;<\/p>\n<p>e) - Autorizar a prorroga\u00e7\u00e3o do hor\u00e1rio de trabalho de docentes da Universidade, com recursos do Tesouro;<\/p>\n<p>f) - Coordenar e fazer publicar todos os documentos das atividades acad\u00eamicas inerentes a Gradua\u00e7\u00e3o;<\/p>\n<p>g) - Emitir, atrav\u00e9s de Portaria, os atos competentes de constitui\u00e7\u00e3o e altera\u00e7\u00e3o dos Colegiados dos Cursos de Gradua\u00e7\u00e3o, e<\/p> \n<p>h) - Baixar atos normativos na esfera de sua compet\u00eancia.<\/p> \n<p>Art. 2\u00ba - Subordina-se \u00e0 Pr\u00f3-Reitoria de Gradua\u00e7\u00e3o o Departamento de Registro e Controle Acad\u00eamico - DERCA.<\/p>   \n<p>Art. 3\u00ba - Revoga-se a Portaria n\u00ba 12.484, de 28 de maio de 1979 e demais disposi\u00e7\u00f5es que colidam com a presente resolu\u00e7\u00e3o.<\/p> \n<br>\n<\/div>\n<p>Derblay Galv\u00e3o<\/p> \n<p>Reitor.<\/p>\n<\/strike>\n<br>\n<p><font color=\"red0000\">Este texto n\u00e3o substitui o documento original, publicado no Portal de Documentos.<\/font> Dispon\u00edvel em: <a href=\"https:\/\/portal.ufsm.br\/documentos\/publico\/documento.html?id=5753022\" target=\"_blank\"><font color=\"blue\">https:\/\/portal.ufsm.br\/documentos\/publico\/documento.html?id=5753022<\/font><\/a>\n\n\t\t<\/div>\n\t\t\t\t<\/div>\n\t\t\t\t\t<\/div>\n\t\t<\/div>\n\t\t\t\t\t<\/div>\n\t\t<\/section>\n\t\t\t\t<\/div>\n\t\t","protected":false},"excerpt":{"rendered":"<p>RESOLU\u00c7\u00c3O N. 056\/1979 UNIVERSIDADE FEDERAL DE SANTA MARIA RESOLU\u00c7\u00c3O N\u00ba 56, DE 18 de JULHO DE 1979 Revogada pela Resolu\u00e7\u00e3o UFSM N. 041\/2021 O REITOR DA UNIVERSIDADE FEDERAL DE SANTA MARIA, no uso de suas atribui\u00e7\u00f5es legais e estatut\u00e1rias e, de acordo com os artigos 11 e 12 do Decreto-Lei n\u00ba 200, de 25 de [&hellip;]<\/p>\n","protected":false},"author":205,"featured_media":0,"parent":0,"menu_order":0,"comment_status":"closed","ping_status":"closed","template":"","meta":{"footnotes":""},"categories":[],"tags":[],"class_list":["post-3841","page","type-page","status-publish","hentry"],"acf":[],"_links":{"self":[{"href":"https:\/\/www.ufsm.br\/pro-reitorias\/proplan\/wp-json\/wp\/v2\/pages\/3841","targetHints":{"allow":["GET"]}}],"collection":[{"href":"https:\/\/www.ufsm.br\/pro-reitorias\/proplan\/wp-json\/wp\/v2\/pages"}],"about":[{"href":"https:\/\/www.ufsm.br\/pro-reitorias\/proplan\/wp-json\/wp\/v2\/types\/page"}],"author":[{"embeddable":true,"href":"https:\/\/www.ufsm.br\/pro-reitorias\/proplan\/wp-json\/wp\/v2\/users\/205"}],"replies":[{"embeddable":true,"href":"https:\/\/www.ufsm.br\/pro-reitorias\/proplan\/wp-json\/wp\/v2\/comments?post=3841"}],"version-history":[{"count":0,"href":"https:\/\/www.ufsm.br\/pro-reitorias\/proplan\/wp-json\/wp\/v2\/pages\/3841\/revisions"}],"wp:attachment":[{"href":"https:\/\/www.ufsm.br\/pro-reitorias\/proplan\/wp-json\/wp\/v2\/media?parent=3841"}],"wp:term":[{"taxonomy":"category","embeddable":true,"href":"https:\/\/www.ufsm.br\/pro-reitorias\/proplan\/wp-json\/wp\/v2\/categories?post=3841"},{"taxonomy":"post_tag","embeddable":true,"href":"https:\/\/www.ufsm.br\/pro-reitorias\/proplan\/wp-json\/wp\/v2\/tags?post=3841"}],"curies":[{"name":"wp","href":"https:\/\/api.w.org\/{rel}","templated":true}]}}