{"id":3849,"date":"2020-06-08T09:17:42","date_gmt":"2020-06-08T12:17:42","guid":{"rendered":"https:\/\/www.ufsm.br\/pro-reitorias\/proplan\/?page_id=3849"},"modified":"2020-06-08T10:05:14","modified_gmt":"2020-06-08T13:05:14","slug":"resolucao-n-063-1979","status":"publish","type":"page","link":"https:\/\/www.ufsm.br\/pro-reitorias\/proplan\/resolucao-n-063-1979","title":{"rendered":"Resolu\u00e7\u00e3o N. 063\/1979"},"content":{"rendered":"\t\t<div data-elementor-type=\"wp-page\" data-elementor-id=\"3849\" class=\"elementor elementor-3849\">\n\t\t\t\t\t\t<section class=\"elementor-section elementor-top-section elementor-element elementor-element-3839829 elementor-section-boxed elementor-section-height-default elementor-section-height-default\" data-id=\"3839829\" data-element_type=\"section\">\n\t\t\t\t\t\t<div class=\"elementor-container elementor-column-gap-default\">\n\t\t\t\t\t<div class=\"elementor-column elementor-col-100 elementor-top-column elementor-element elementor-element-40a5a4d\" data-id=\"40a5a4d\" data-element_type=\"column\">\n\t\t\t<div class=\"elementor-widget-wrap elementor-element-populated\">\n\t\t\t\t\t\t<div class=\"elementor-element elementor-element-e61d813 elementor-widget elementor-widget-html\" data-id=\"e61d813\" data-element_type=\"widget\" data-widget_type=\"html.default\">\n\t\t\t\t<div class=\"elementor-widget-container\">\n\t\t\t\r\n\r\n\r\n<title><b>RESOLU\u00c7\u00c3O N. 063\/1979<\/b><\/title>\r\n\r\n\r\n<div align=\"center\"><img decoding=\"async\" src=\"https:\/\/www.ufsm.br\/pro-reitorias\/proplan\/wp-content\/uploads\/sites\/344\/2019\/09\/brasao-da-republica-do-brasil-logo.png\" alt=\"Bras\u00e3o Rep\u00fablica Federativa do Brasil\" width=\"6%\" height=\"6%\"><\/div>    \r\n<h1><font color=\"blue\"><font size=\"5\"><div align=\"center\">UNIVERSIDADE FEDERAL DE SANTA MARIA<\/font><\/font><\/div><\/H1>\r\n<p><div align=\"center\"><b><a href=\"https:\/\/portal.ufsm.br\/documentos\/publico\/documento.html?id=5753082\" target=\"_blank\"><font color=\"blue\"><u>RESOLU\u00c7\u00c3O N\u00ba 63, DE 01 DE AGOSTO DE 1979<\/u><\/font><\/a><\/b><\/div><\/p>\r\n<br>\r\n<p><u><a href=\"https:\/\/www.ufsm.br\/pro-reitorias\/proplan\/resolucao-n-083-1980\/\" target=\"_blank\"><font color=\"blue\">Atualizada pela Resolu\u00e7\u00e3o N. 083\/1980<\/font><\/a><\/u><\/p>\r\n<p><u><a href=\"https:\/\/www.ufsm.br\/pro-reitorias\/proplan\/resolucao-n-092-1981\/\" target=\"_blank\"><font color=\"blue\">Revogada pela Resolu\u00e7\u00e3o N. 092\/1981<\/font><\/a><\/u><\/p>\r\n<br>\r\n<strike>\r\n<br><div align=\"justify\">\r\n<p>O REITOR DA UNIVERSIDADE FEDERAL DE SANTA MARIA, no uso de suas atribui\u00e7\u00f5es legais e;<\/p>\r\n<p>- Considerando ser da compet\u00eancia do Reitor a concess\u00e3o dos Incentivos II, III e IV, conforme determina o art. 9\u00ba do <u><a href=\"https:\/\/www2.camara.leg.br\/legin\/fed\/decret\/1970-1979\/decreto-76924-29-dezembro-1975-425621-publicacaooriginal-1-pe.html\" target=\"_blank\"><font color=\"blue\">Decreto n\u00ba 76.924, de 29\/12\/75<\/font><\/a><\/u>;<\/p>\r\n<p>- Considerando que os incentivos Il e III tem sido concedidos, atualmente, apenas aos docentes que obtiveram seus t\u00edtulos em cursos credencia dos no Pa\u00eds, ou revalidados na forma da lei quando obtidos no exterior;<\/p>\r\n<p>- Considerando que os processos de credencia\u00e7\u00e3o dos Cursos de P\u00f3s-Gradua\u00e7\u00e3o do pa\u00eds e as revalida\u00e7\u00f5es de cursos obtidos no exterior demandam algum tempo;<\/p>\r\n<p>- Considerando que a Tese de Mestrado constitui uma das principais produ\u00e7\u00f5es cientificas de docente;<\/p>\r\n<p>- Considerando a equival\u00eancia salarial do Auxiliar de Ensino com o Professor de Ensino de 1\u00ba e 2\u00ba Graus, para efeito de percep\u00e7\u00e3o de incentivos funcionais;<\/p>\r\n<p>- Considerando a eminente reformula\u00e7\u00e3o dos crit\u00e9rios de pagamento dos docentes pertencentes ao Grupo de Magist\u00e9rio (altera\u00e7\u00e3o do Art. 21 da <u><a href=\"http:\/\/www.planalto.gov.br\/ccivil_03\/LEIS\/1970-1979\/L6182.htm\" target=\"_blank\"><font color=\"blue\">Lei N\u00ba 6.182 de 21\/12\/75<\/font><\/a><\/u>);<\/p>\r\n<br>\r\n<p><div align=\"center\">RESOLVE:<\/div><\/p>\r\n<br>\r\n<p>I \u2013 Conceder, mediante requerimento formal, e pelo prazo de 01 (um) ano, os Incentivos II (Doutor) e III (Mestrado) aos docentes portadores de t\u00edtulos obtidos no exterior, n\u00e3o revalidados ou obtidos no Pa\u00eds em cursos ainda n\u00e3o credenciados. No prazo acima referido o docente devera providenciar na regulariza\u00e7\u00e3o do seu t\u00edtulo.<\/p> \r\n<p>II - Autorizar a COPERT a conceder, mediante requerimento pr\u00f3prio, em car\u00e1ter excepcional, o Incentivo V (Produ\u00e7\u00e3o Cient\u00edfica) a todos os Auxiliares de Ensino da UFSM, que percebam ou venham a perceber o Incentivo III (Mestrado), em decorr\u00eancia da defesa de Tese de Mestrado.<\/p> \r\n<p>III - A presente Resolu\u00e7\u00e3o dever\u00e1 vigorar para efeitos financeiros, a partir de 19 de agosto do corrente ano.<\/p> \r\n<br>\r\n<\/div>\r\n<p>Derblay Galv\u00e3o<\/p> \r\n<p>Reitor.<\/p>\r\n<\/strike>\r\n<br>\r\n<p><font color=\"red0000\">Este texto n\u00e3o substitui o documento original, publicado no Portal de Documentos.<\/font> Dispon\u00edvel em: <a href=\"https:\/\/portal.ufsm.br\/documentos\/publico\/documento.html?id=5753082\" target=\"_blank\"><font color=\"blue\">https:\/\/portal.ufsm.br\/documentos\/publico\/documento.html?id=5753082<\/font><\/a>\r\n\r\n\t\t<\/div>\n\t\t\t\t<\/div>\n\t\t\t\t\t<\/div>\n\t\t<\/div>\n\t\t\t\t\t<\/div>\n\t\t<\/section>\n\t\t\t\t<\/div>\n\t\t","protected":false},"excerpt":{"rendered":"<p>RESOLU\u00c7\u00c3O N. 063\/1979 UNIVERSIDADE FEDERAL DE SANTA MARIA RESOLU\u00c7\u00c3O N\u00ba 63, DE 01 DE AGOSTO DE 1979 Atualizada pela Resolu\u00e7\u00e3o N. 083\/1980 Revogada pela Resolu\u00e7\u00e3o N. 092\/1981 O REITOR DA UNIVERSIDADE FEDERAL DE SANTA MARIA, no uso de suas atribui\u00e7\u00f5es legais e; &#8211; Considerando ser da compet\u00eancia do Reitor a concess\u00e3o dos Incentivos II, III [&hellip;]<\/p>\n","protected":false},"author":205,"featured_media":0,"parent":0,"menu_order":0,"comment_status":"closed","ping_status":"closed","template":"","meta":{"footnotes":""},"categories":[],"tags":[],"class_list":["post-3849","page","type-page","status-publish","hentry"],"acf":[],"_links":{"self":[{"href":"https:\/\/www.ufsm.br\/pro-reitorias\/proplan\/wp-json\/wp\/v2\/pages\/3849","targetHints":{"allow":["GET"]}}],"collection":[{"href":"https:\/\/www.ufsm.br\/pro-reitorias\/proplan\/wp-json\/wp\/v2\/pages"}],"about":[{"href":"https:\/\/www.ufsm.br\/pro-reitorias\/proplan\/wp-json\/wp\/v2\/types\/page"}],"author":[{"embeddable":true,"href":"https:\/\/www.ufsm.br\/pro-reitorias\/proplan\/wp-json\/wp\/v2\/users\/205"}],"replies":[{"embeddable":true,"href":"https:\/\/www.ufsm.br\/pro-reitorias\/proplan\/wp-json\/wp\/v2\/comments?post=3849"}],"version-history":[{"count":0,"href":"https:\/\/www.ufsm.br\/pro-reitorias\/proplan\/wp-json\/wp\/v2\/pages\/3849\/revisions"}],"wp:attachment":[{"href":"https:\/\/www.ufsm.br\/pro-reitorias\/proplan\/wp-json\/wp\/v2\/media?parent=3849"}],"wp:term":[{"taxonomy":"category","embeddable":true,"href":"https:\/\/www.ufsm.br\/pro-reitorias\/proplan\/wp-json\/wp\/v2\/categories?post=3849"},{"taxonomy":"post_tag","embeddable":true,"href":"https:\/\/www.ufsm.br\/pro-reitorias\/proplan\/wp-json\/wp\/v2\/tags?post=3849"}],"curies":[{"name":"wp","href":"https:\/\/api.w.org\/{rel}","templated":true}]}}