{"id":3851,"date":"2020-06-08T09:17:48","date_gmt":"2020-06-08T12:17:48","guid":{"rendered":"https:\/\/www.ufsm.br\/pro-reitorias\/proplan\/?page_id=3851"},"modified":"2020-06-08T10:06:02","modified_gmt":"2020-06-08T13:06:02","slug":"resolucao-n-064-1979","status":"publish","type":"page","link":"https:\/\/www.ufsm.br\/pro-reitorias\/proplan\/resolucao-n-064-1979","title":{"rendered":"Resolu\u00e7\u00e3o N. 064\/1979"},"content":{"rendered":"\t\t<div data-elementor-type=\"wp-page\" data-elementor-id=\"3851\" class=\"elementor elementor-3851\">\n\t\t\t\t\t\t<section class=\"elementor-section elementor-top-section elementor-element elementor-element-c79722a elementor-section-boxed elementor-section-height-default elementor-section-height-default\" data-id=\"c79722a\" data-element_type=\"section\">\n\t\t\t\t\t\t<div class=\"elementor-container elementor-column-gap-default\">\n\t\t\t\t\t<div class=\"elementor-column elementor-col-100 elementor-top-column elementor-element elementor-element-91468db\" data-id=\"91468db\" data-element_type=\"column\">\n\t\t\t<div class=\"elementor-widget-wrap elementor-element-populated\">\n\t\t\t\t\t\t<div class=\"elementor-element elementor-element-e7ccbf6 elementor-widget elementor-widget-html\" data-id=\"e7ccbf6\" data-element_type=\"widget\" data-widget_type=\"html.default\">\n\t\t\t\t<div class=\"elementor-widget-container\">\n\t\t\t\r\n\r\n\r\n<title><b>RESOLU\u00c7\u00c3O N. 064\/1979<\/b><\/title>\r\n\r\n\r\n<div align=\"center\"><img decoding=\"async\" src=\"https:\/\/www.ufsm.br\/pro-reitorias\/proplan\/wp-content\/uploads\/sites\/344\/2019\/09\/brasao-da-republica-do-brasil-logo.png\" alt=\"Bras\u00e3o Rep\u00fablica Federativa do Brasil\" width=\"6%\" height=\"6%\"><\/div>    \r\n<h1><font color=\"blue\"><font size=\"5\"><div align=\"center\">UNIVERSIDADE FEDERAL DE SANTA MARIA<\/font><\/font><\/div><\/H1>\r\n<p><div align=\"center\"><b><a href=\"https:\/\/portal.ufsm.br\/documentos\/publico\/documento.html?id=5753492\" target=\"_blank\"><font color=\"blue\"><u>RESOLU\u00c7\u00c3O N\u00ba 64, de 17 de AGOSTO DE 1979<\/u><\/font><\/a><\/b><\/div><\/p>\r\n<br>\r\n<p><u><a href=\"https:\/\/www.ufsm.br\/pro-reitorias\/proplan\/resolucao-n-010-1982\/\" target=\"_blank\"><font color=\"blue\">Revogada pela Resolu\u00e7\u00e3o N. 010\/1982<\/font><\/a><\/u><\/p>\r\n<br>\r\n<strike>\r\n<br><div align=\"justify\">\r\n<p>O REITOR DA UNIVERSIDADE FEDERAL DE SANTA MARIA, no uso de suas atribui\u00e7\u00f5es e,<\/p>\r\n<p>- Considerando que a PESQUISA na Universidade Federal de Santa Maria ter\u00e1 a fun\u00e7\u00e3o espec\u00edfica de buscar novos conhecimentos e t\u00e9cnicas e ser\u00e1 ainda recurso \u00e0 Educa\u00e7\u00e3o, destinado ao cultivo da atitude cient\u00edfica indispens\u00e1vel a uma completa forma\u00e7\u00e3o a n\u00edvel superior;<\/p>\r\n<p>- Considerando que os projetos de pesquisa tomar\u00e3o, quanto poss\u00edvel, como ponto de partida, os dados da realidade local, regional ou nacional, sem contudo perder de vista as generaliza\u00e7\u00f5es, em contextos mais amplos, dos fatos descobertos e suas interpreta\u00e7\u00f5es;<\/p>\r\n<p>- Considerando que os projetos de pesquisa obedecem a uma programa\u00e7\u00e3o coordenada pela Pr\u00f3-Reitoria de P\u00f3s-Gradua\u00e7\u00e3o e Pesquisa, de linhas priorit\u00e1rias, ditadas pelos Colegiados dos Centros, consultados os respectivos Departamentos Did\u00e1ticos;<\/p>\r\n<p>- Considerando que a apresenta\u00e7\u00e3o dos projetos de pesquisa ser\u00e3o de acordo com as Normas elaboradas pela Comiss\u00e3o de Pesquisa do Conselho do Ensino, Pesquisa e Extens\u00e3o;<\/p>\r\n<p>- Considerando o aprovado na 162\u00aa sess\u00e3o do Conselho de Ensino, Pesquisa e Extens\u00e3o, atrav\u00e9s do Parecer n\u00ba 30\/79, proc.77.702\/79,<\/p>\r\n<br>\r\n<p><div align=\"center\">RESOLVE:<\/div><\/p>\r\n<br>\r\n<p>Expedir a presente Resolu\u00e7\u00e3o para racionalizar e implantar na Universidade Federal de Santa Maria, a seguinte tramita\u00e7\u00e3o dos projetos de pesquisa:<\/p> \r\n<p>1 \u2013 O projeto \u00e9 elaborado pelos(s) pesquisador(es) e enviado ao Chefe do Departamento;<\/p>\r\n<p>2 - O Chefe do Departamento apresenta o projeto em reuni\u00e3o departamental ou \u00e0 Comiss\u00e3o designada para este fim, para ser analisado e avaliado;<\/p> \r\n<p>3 - Uma vez aprovado o projeto seque a tramita\u00e7\u00e3o constante nas Normas ditadas pelo CEPE e descritas nos respectivos formul\u00e1rios;<\/p> \r\n<p>4 - O Chefe do Departamento, encaminhando o projeto de pesquisa significa que esta de acordo com a execu\u00e7\u00e3o do referido projeto;<\/p>\r\n<p>5 - Em cada Centro haver\u00e1 uma Comiss\u00e3o de Pesquisa que ter\u00e1 as seguintes finalidades:<\/p>\r\n<p>a) - Programar as linhas de pesquisa do Centro, de acordo com \u00e0 orienta\u00e7\u00e3o dos Departamentos;<\/p>\r\n<p>b) \u2013 Orientar, solicitar aux\u00edlios propostos a fim de que sejam cumpridos os projetos apresentados;<\/p>\r\n<p>c) - Auxiliar a COPERT na fiscaliza\u00e7\u00e3o dos projetos de pesquisa;<\/p>\r\n<p>d) - Emitir parecer nos projetos de pesquisa, para serem apresentados ao Conselho do Centro;<\/p>\r\n<p>e) - Assessorar o Diretor do Centro no que se refere \u00e0 Pesquisa;<\/p>\r\n<p>f) - Solicitar a pesquisadores estranhos \u00e0 Universidade, que emitam parecer em projetos de pesquisa, quando isto for julgado necess\u00e1rio;<\/p>\r\n<p>g) - Criar Sub-Comiss\u00f5es para atender as diferentes \u00e1reas do Centro;<\/p>\r\n<p>h) - Quando existir Sub-Comiss\u00f5es em um Centro, esta \u00e9 a que emite parecer nos projetos de pesquisa;<\/p>\r\n<p>i) - A Comiss\u00e3o, quando solicitada, poder\u00e1 julgar e dar parecer em trabalhos de pesquisadores que desejem publicar em outros peri\u00f3dicos;<\/p>\r\n<p>j) - Analisar e emitir parecer em trabalhos did\u00e1ticos, cuja elabora\u00e7\u00e3o esta alicer\u00e7ada em uma pesquisa bibliogr\u00e1fica e cujo(s) autor(es) deseja(m) publicar com a tutela da Comiss\u00e3o;<\/p>\r\n<p>l) - Promover, juntamente com a Pr\u00f3-Reitoria de P\u00f3s-Gradua\u00e7\u00e3o e Pesquisa, Cursos Extraordin\u00e1rios que digam respeito \u00e0 Pesquisa;<\/p>  \r\n<p>6 - A distribui\u00e7\u00e3o de formul\u00e1rios para elabora\u00e7\u00e3o de projetos de pesquisa e das Normas elaboradas pelo Conselho de Ensino, Pesquisa o Extens\u00e3o, cabe\u00e1a \u00e0 Pr\u00f3-Reitoria de P\u00f3s-Gradua\u00e7\u00e3o e Pesquisa;<\/p>\r\n<p>7 - A fiscaliza\u00e7\u00e3o da pesquisa na UFSM, caber\u00e1 a COPERT, a quem deve ser enviada duas c\u00f3pias do Relat\u00f3rio Semestral das Atividades de Pesquisa, at\u00e9 15 de julho e 15 de janeiro, de cada ano;<\/p>\r\n<p>8 - Uma das c\u00f3pias do Relat\u00f3rio a que se refere o item anterior dever\u00e1 ficar arquivada na Pr\u00f3-Reitoria de P\u00f3s-Gradua\u00e7\u00e3o o Pesquisa;<\/p> \r\n<p>9 - As duas c\u00f3pias enviadas \u00e0 Comiss\u00e3o de Pesquisa do Centro ter\u00e3o o seguinte destino:<\/p>\r\n<p>a) - Uma c\u00f3pia fica arquivada na Comiss\u00e3o para facilitar a fiscaliza\u00e7\u00e3o e poder auxiliar a COPERT; e<\/p>\r\n<p>b) - A outra \u00e9 assinada pelo Presidente da Comiss\u00e3o e devolvida ao Departamento para efeito de controle por parte da chefia;<\/p>\r\n<p>10 - Cada Centro escolher\u00e1 a Comiss\u00e3o de Pesquisa em elei\u00e7\u00e3o direta entre os representantes de cada Departamento, que obrigatoriamente n\u00e3o necessita ser o Chefe do Departamento;<\/p>\r\n<p>11 - As Sub-Comiss\u00f5es a que se refere a letra \"f \u201c do item 5, ser\u00e3o designadas pelo Diretor do Centro, ouvido o Presidente da Comiss\u00e3o de Pesquisa;<\/p>\r\n<p>12 - Os trabalhos de Pesquisa conclu\u00eddos, preferencialmente devem ser publicados nas Revistas dos respectivos Centros;<\/p>\r\n<p>13 - Ficam revogadas todas as disposi\u00e7\u00f5es que colidam com a presente resolu\u00e7\u00e3o.<\/p> \r\n<br>\r\n<\/div>\r\n<p>Derblay Galv\u00e3o<\/p> \r\n<p>Reitor.<\/p>\r\n<\/strike>\r\n<br>\r\n<p><font color=\"red0000\">Este texto n\u00e3o substitui o documento original, publicado no Portal de Documentos.<\/font> Dispon\u00edvel em: <a href=\"https:\/\/portal.ufsm.br\/documentos\/publico\/documento.html?id=5753492\" target=\"_blank\"><font color=\"blue\">https:\/\/portal.ufsm.br\/documentos\/publico\/documento.html?id=5753492<\/font><\/a>\r\n\r\n\t\t<\/div>\n\t\t\t\t<\/div>\n\t\t\t\t\t<\/div>\n\t\t<\/div>\n\t\t\t\t\t<\/div>\n\t\t<\/section>\n\t\t\t\t<\/div>\n\t\t","protected":false},"excerpt":{"rendered":"<p>RESOLU\u00c7\u00c3O N. 064\/1979 UNIVERSIDADE FEDERAL DE SANTA MARIA RESOLU\u00c7\u00c3O N\u00ba 64, de 17 de AGOSTO DE 1979 Revogada pela Resolu\u00e7\u00e3o N. 010\/1982 O REITOR DA UNIVERSIDADE FEDERAL DE SANTA MARIA, no uso de suas atribui\u00e7\u00f5es e, &#8211; Considerando que a PESQUISA na Universidade Federal de Santa Maria ter\u00e1 a fun\u00e7\u00e3o espec\u00edfica de buscar novos conhecimentos [&hellip;]<\/p>\n","protected":false},"author":205,"featured_media":0,"parent":0,"menu_order":0,"comment_status":"closed","ping_status":"closed","template":"","meta":{"footnotes":""},"categories":[],"tags":[],"class_list":["post-3851","page","type-page","status-publish","hentry"],"acf":[],"_links":{"self":[{"href":"https:\/\/www.ufsm.br\/pro-reitorias\/proplan\/wp-json\/wp\/v2\/pages\/3851","targetHints":{"allow":["GET"]}}],"collection":[{"href":"https:\/\/www.ufsm.br\/pro-reitorias\/proplan\/wp-json\/wp\/v2\/pages"}],"about":[{"href":"https:\/\/www.ufsm.br\/pro-reitorias\/proplan\/wp-json\/wp\/v2\/types\/page"}],"author":[{"embeddable":true,"href":"https:\/\/www.ufsm.br\/pro-reitorias\/proplan\/wp-json\/wp\/v2\/users\/205"}],"replies":[{"embeddable":true,"href":"https:\/\/www.ufsm.br\/pro-reitorias\/proplan\/wp-json\/wp\/v2\/comments?post=3851"}],"version-history":[{"count":0,"href":"https:\/\/www.ufsm.br\/pro-reitorias\/proplan\/wp-json\/wp\/v2\/pages\/3851\/revisions"}],"wp:attachment":[{"href":"https:\/\/www.ufsm.br\/pro-reitorias\/proplan\/wp-json\/wp\/v2\/media?parent=3851"}],"wp:term":[{"taxonomy":"category","embeddable":true,"href":"https:\/\/www.ufsm.br\/pro-reitorias\/proplan\/wp-json\/wp\/v2\/categories?post=3851"},{"taxonomy":"post_tag","embeddable":true,"href":"https:\/\/www.ufsm.br\/pro-reitorias\/proplan\/wp-json\/wp\/v2\/tags?post=3851"}],"curies":[{"name":"wp","href":"https:\/\/api.w.org\/{rel}","templated":true}]}}