{"id":3857,"date":"2020-06-08T10:14:08","date_gmt":"2020-06-08T13:14:08","guid":{"rendered":"https:\/\/www.ufsm.br\/pro-reitorias\/proplan\/?page_id=3857"},"modified":"2020-07-17T10:30:49","modified_gmt":"2020-07-17T13:30:49","slug":"resolucao-n-067-1979","status":"publish","type":"page","link":"https:\/\/www.ufsm.br\/pro-reitorias\/proplan\/resolucao-n-067-1979","title":{"rendered":"Resolu\u00e7\u00e3o N. 067\/1979"},"content":{"rendered":"\t\t<div data-elementor-type=\"wp-page\" data-elementor-id=\"3857\" class=\"elementor elementor-3857\">\n\t\t\t\t\t\t<section class=\"elementor-section elementor-top-section elementor-element elementor-element-4ce541c elementor-section-boxed elementor-section-height-default elementor-section-height-default\" data-id=\"4ce541c\" data-element_type=\"section\">\n\t\t\t\t\t\t<div class=\"elementor-container elementor-column-gap-default\">\n\t\t\t\t\t<div class=\"elementor-column elementor-col-100 elementor-top-column elementor-element elementor-element-3df391d\" data-id=\"3df391d\" data-element_type=\"column\">\n\t\t\t<div class=\"elementor-widget-wrap elementor-element-populated\">\n\t\t\t\t\t\t<div class=\"elementor-element elementor-element-6feb0a3 elementor-widget elementor-widget-html\" data-id=\"6feb0a3\" data-element_type=\"widget\" data-widget_type=\"html.default\">\n\t\t\t\t<div class=\"elementor-widget-container\">\n\t\t\t\r\n\r\n\r\n<title><b>RESOLU\u00c7\u00c3O N. 067\/1979<\/b><\/title>\r\n\r\n\r\n<div align=\"center\"><img decoding=\"async\" src=\"https:\/\/www.ufsm.br\/pro-reitorias\/proplan\/wp-content\/uploads\/sites\/344\/2019\/09\/brasao-da-republica-do-brasil-logo.png\" alt=\"Bras\u00e3o Rep\u00fablica Federativa do Brasil\" width=\"6%\" height=\"6%\"><\/div>    \r\n<h1><font color=\"blue\"><font size=\"5\"><div align=\"center\">UNIVERSIDADE FEDERAL DE SANTA MARIA<\/font><\/font><\/div><\/H1>\r\n<p><div align=\"center\"><b><a href=\"https:\/\/portal.ufsm.br\/documentos\/publico\/documento.html?id=5753672\" target=\"_blank\"><font color=\"blue\"><u>RESOLU\u00c7\u00c3O N\u00ba 67, de 11 de Setembro de 1979<\/u><\/font><\/a><\/b><\/div><\/p>\r\n<br>\r\n<p><a href=\"https:\/\/www.ufsm.br\/pro-reitorias\/proplan\/resolucao-n-022-2020\/\" target=\"_blank\"><font color=\"blue\">Revogada pela Resolu\u00e7\u00e3o N. 022\/2020<\/font><\/a><\/p>\r\n<br>\r\n<br><div align=\"justify\">\r\n<strike>\r\n<p>O Reitor da Universidade Federal de Santa Maria, na condi\u00e7\u00e3o de Presidente do Conselho de Ensino, Pesquisa e Extens\u00e3o,<p>   \r\n<p>- considerando o que foi aprovado na 164\u00aa Sess\u00e3o do Conselho de Ensino, Pesquisa e Extens\u00e3o, ao apreciar os Processos do n\u00bas 80.621\/79, 50.049\/79 e 82.200\/79, referentes, respectivamente as Normas para Apresenta\u00e7\u00e3o de Disserta\u00e7\u00f5es e Teses, Confec\u00e7\u00f5es de Monografias e Apresenta\u00e7\u00e3o e Defesa de Monografias;<p> \r\n<p>- considerando a necessidade de tornar p\u00fablicas aquelas decis\u00f5es, para os efeitos de direito,<\/p>\r\n<br>\r\n<p><div align=\"center\">RESOLVE:<\/div><\/p>\r\n<br>\r\n<p>1 - Expedir a presente Resolu\u00e7\u00e3o para tornar oficiais e p\u00fablicas as Normas aprovadas para Apresenta\u00e7\u00e3o e Disserta\u00e7\u00f5es de Teses, Confec\u00e7\u00f5es de Monografias e Apresenta\u00e7\u00e3o e Defesa de Monografias, objetivando um \u00fanico sistema para Cursos de P\u00f3s-Gradua\u00e7\u00e3o na Universidade Federal de Santa Maria, sejam aqueles em n\u00edvel de Mestrado, sejam os de Especializa\u00e7\u00e3o (permanentes ou eventuais) e a Resid\u00eancia M\u00e9dica.<p>  \r\n<p>2 - Caber\u00e1 \u00e0 Pr\u00f3-Reitoria de P\u00f3s-Gradua\u00e7\u00e3o e Pesquisa a orienta\u00e7\u00e3o em torno dessas Normas e a devida divulga\u00e7\u00e3o das mesmas, na melhor forma editorial, visando a medida o fiel cumprimento das disposi\u00e7\u00f5es aprovadas.<p>  \r\n<p>3 - Os casos omissos ser\u00e3o dirimidos pelo Conselho de Ensino, Pesquisa e Extens\u00e3o.<p> \r\n<br>\r\n<\/div>\r\n<p>Derblay Galv\u00e3o<\/p> \r\n<p>Reitor.<\/p>\r\n<\/strike>\r\n<br>\r\n<p><font color=\"red0000\">Este texto n\u00e3o substitui o documento original, publicado no Portal de Documentos.<\/font> Dispon\u00edvel em: <a href=\"https:\/\/portal.ufsm.br\/documentos\/publico\/documento.html?id=5753672\" target=\"_blank\"><font color=\"blue\">https:\/\/portal.ufsm.br\/documentos\/publico\/documento.html?id=5753672<\/font><\/a>\r\n\r\n\t\t<\/div>\n\t\t\t\t<\/div>\n\t\t\t\t\t<\/div>\n\t\t<\/div>\n\t\t\t\t\t<\/div>\n\t\t<\/section>\n\t\t\t\t<\/div>\n\t\t","protected":false},"excerpt":{"rendered":"<p>RESOLU\u00c7\u00c3O N. 067\/1979 UNIVERSIDADE FEDERAL DE SANTA MARIA RESOLU\u00c7\u00c3O N\u00ba 67, de 11 de Setembro de 1979 Revogada pela Resolu\u00e7\u00e3o N. 022\/2020 O Reitor da Universidade Federal de Santa Maria, na condi\u00e7\u00e3o de Presidente do Conselho de Ensino, Pesquisa e Extens\u00e3o, &#8211; considerando o que foi aprovado na 164\u00aa Sess\u00e3o do Conselho de Ensino, Pesquisa [&hellip;]<\/p>\n","protected":false},"author":205,"featured_media":0,"parent":0,"menu_order":0,"comment_status":"closed","ping_status":"closed","template":"","meta":{"footnotes":""},"categories":[],"tags":[],"class_list":["post-3857","page","type-page","status-publish","hentry"],"acf":[],"_links":{"self":[{"href":"https:\/\/www.ufsm.br\/pro-reitorias\/proplan\/wp-json\/wp\/v2\/pages\/3857","targetHints":{"allow":["GET"]}}],"collection":[{"href":"https:\/\/www.ufsm.br\/pro-reitorias\/proplan\/wp-json\/wp\/v2\/pages"}],"about":[{"href":"https:\/\/www.ufsm.br\/pro-reitorias\/proplan\/wp-json\/wp\/v2\/types\/page"}],"author":[{"embeddable":true,"href":"https:\/\/www.ufsm.br\/pro-reitorias\/proplan\/wp-json\/wp\/v2\/users\/205"}],"replies":[{"embeddable":true,"href":"https:\/\/www.ufsm.br\/pro-reitorias\/proplan\/wp-json\/wp\/v2\/comments?post=3857"}],"version-history":[{"count":0,"href":"https:\/\/www.ufsm.br\/pro-reitorias\/proplan\/wp-json\/wp\/v2\/pages\/3857\/revisions"}],"wp:attachment":[{"href":"https:\/\/www.ufsm.br\/pro-reitorias\/proplan\/wp-json\/wp\/v2\/media?parent=3857"}],"wp:term":[{"taxonomy":"category","embeddable":true,"href":"https:\/\/www.ufsm.br\/pro-reitorias\/proplan\/wp-json\/wp\/v2\/categories?post=3857"},{"taxonomy":"post_tag","embeddable":true,"href":"https:\/\/www.ufsm.br\/pro-reitorias\/proplan\/wp-json\/wp\/v2\/tags?post=3857"}],"curies":[{"name":"wp","href":"https:\/\/api.w.org\/{rel}","templated":true}]}}