{"id":3860,"date":"2020-06-08T10:14:36","date_gmt":"2020-06-08T13:14:36","guid":{"rendered":"https:\/\/www.ufsm.br\/pro-reitorias\/proplan\/?page_id=3860"},"modified":"2020-06-08T10:22:36","modified_gmt":"2020-06-08T13:22:36","slug":"resolucao-n-070-1979","status":"publish","type":"page","link":"https:\/\/www.ufsm.br\/pro-reitorias\/proplan\/resolucao-n-070-1979","title":{"rendered":"Resolu\u00e7\u00e3o N. 070\/1979"},"content":{"rendered":"\t\t<div data-elementor-type=\"wp-page\" data-elementor-id=\"3860\" class=\"elementor elementor-3860\">\n\t\t\t\t\t\t<section class=\"elementor-section elementor-top-section elementor-element elementor-element-788cba8 elementor-section-boxed elementor-section-height-default elementor-section-height-default\" data-id=\"788cba8\" data-element_type=\"section\">\n\t\t\t\t\t\t<div class=\"elementor-container elementor-column-gap-default\">\n\t\t\t\t\t<div class=\"elementor-column elementor-col-100 elementor-top-column elementor-element elementor-element-e3e0cf4\" data-id=\"e3e0cf4\" data-element_type=\"column\">\n\t\t\t<div class=\"elementor-widget-wrap elementor-element-populated\">\n\t\t\t\t\t\t<div class=\"elementor-element elementor-element-5bbaeb8 elementor-widget elementor-widget-html\" data-id=\"5bbaeb8\" data-element_type=\"widget\" data-widget_type=\"html.default\">\n\t\t\t\t<div class=\"elementor-widget-container\">\n\t\t\t\r\n\r\n\r\n<title><b>RESOLU\u00c7\u00c3O N. 070\/1979<\/b><\/title>\r\n\r\n\r\n<div align=\"center\"><img decoding=\"async\" src=\"https:\/\/www.ufsm.br\/pro-reitorias\/proplan\/wp-content\/uploads\/sites\/344\/2019\/09\/brasao-da-republica-do-brasil-logo.png\" alt=\"Bras\u00e3o Rep\u00fablica Federativa do Brasil\" width=\"6%\" height=\"6%\"><\/div>    \r\n<h1><font color=\"blue\"><font size=\"5\"><div align=\"center\">MINIST\u00c9RIO DA EDUCA\u00c7\u00c3O E CULTURA<\/b><\/font><\/font><\/div><\/H1>\r\n<p><b><font color=\"0000blue\"><div align=\"center\">UNIVERSIDADE FEDERAL DE SANTA MARIA<\/b><\/font><\/div><\/p>\r\n<p><font color=\"blue\"><div align=\"center\"><b>GABINETE DO REITOR<\/b><\/font><\/font><\/div>\r\n<p><div align=\"center\"><b><a href=\"https:\/\/portal.ufsm.br\/documentos\/publico\/documento.html?id=5753715\" target=\"_blank\"><font color=\"blue\"><u>RESOLUC\u00c3O N\u00ba 70, DE 16 DE NOVEMBRO DE 1979<\/u><\/font><\/a><\/b><\/div><\/p>\r\n<br>\r\n<p><u><a href=\"https:\/\/www.ufsm.br\/pro-reitorias\/proplan\/resolucao-n-014-1986\/\" target=\"_blank\"><font color=\"blue\">Revogada pela Resolu\u00e7\u00e3o N. 014\/1986<\/font><\/a><\/u><\/p>\r\n<br>\r\n<strike>\r\n<br><div align=\"justify\">\r\n<p>O REITOR DA UNIVERSIDADE FEDERAL DE SANTA MARIA, no uso de suas atribui\u00e7\u00f5es legais e estatut\u00e1rias e de acordo com os Artigos 84 a 87 da <u><a href=\"http:\/\/www.planalto.gov.br\/ccivil_03\/leis\/1950-1969\/L1711.htm\" target=\"_blank\"><font color=\"blue\">Lei 1.711, de 28 de outubro de 1952 (EFPCU)<\/font><\/a><\/u>, com os Artigos 129 a 153 da <u><a href=\"http:\/\/www.planalto.gov.br\/ccivil_03\/decreto-lei\/del5452.htm\" target=\"_blank\"><font color=\"blue\">Consolida\u00e7\u00e3o das Leis do Trabalho<\/font><\/a><\/u>, com o Artigo 80 do <u><a href=\"http:\/\/www.planalto.gov.br\/ccivil_03\/Decreto-Lei\/Del0465.htm\" target=\"_blank\"><font color=\"blue\">Decreto-Lei 465\/69<\/font><\/a><\/u> e legisla\u00e7\u00e3o complementar.<\/p>\r\n<br>\r\n<p><div align=\"center\">RESOLVE:<\/div><\/p>\r\n<br>\r\n<p>Expedir a presente Resolu\u00e7\u00e3o para fixar as seguintes normas de concess\u00e3o de f\u00e9rias aos servidores da UFSM:<\/p>\r\n<p>1. PESSOAL DOCENTE<\/p>\r\n<p>1.1 - O pessoal docente da UFSM, que n\u00e3o exer\u00e7a fun\u00e7\u00f5es de D.A.S ou D.A.I. tem direito a 45 dias de f\u00e9rias;<\/p>\r\n<p>1.2 - As f\u00e9rias destes docentes poder\u00e3o ser parceladas em m\u00f3dulos:<\/p> \r\n<p>- de 15, 30 ou 45 dias corridos;<\/p>\r\n<p>- n\u00e3o poder\u00e1 haver parcelamento das f\u00e9rias mais de 2 (duas) vezes.<\/p>\r\n<p>1.3 - N\u00e3o poder\u00e3o ser concedidas f\u00e9rias durante os per\u00edodos letivos;<\/p>\r\n<p>- Exce\u00e7\u00f5es a esta norma, somente poder\u00e3o ser concedidas, desde que n\u00e3o haja preju\u00edzo as atividades did\u00e1ticas, de pesquisa e de extens\u00e3o, mediante justificativa da Chefia Imediata e autorizada pelo Diretor do Centro.<\/p>\r\n<p>1.4 Por tratar-se de \u00e9poca mais conveniente para a Administra\u00e7\u00e3o e o Ensino, recomenda-se a todos os \u00d3rg\u00e3os desta Universidade de que concedam aos seus docentes as f\u00e9rias regulamentares a que fazem jus nos per\u00edodos de f\u00e9rias escolares, quando cessam as atividades discentes principais;<\/p>\r\n<p>1.5 - E proibido a acumula\u00e7\u00e3o de f\u00e9rias, tanto para os docentes estatut\u00e1rios como para os regidos nela CLT, ficando na inteira responsabilidade dos Chefes Imediatos o controle para que nenhum docente acumule as mesmas;<\/p>\r\n<p>1.6 - Aos docentes em cursos de P\u00f3s-Gradua\u00e7\u00e3o obedecer-se-\u00e1 o seguinte:<\/p> \r\n<p>- Professores estatut\u00e1rios: gozar\u00e3o obrigatoriamente as f\u00e9rias vencidas antes do in\u00edcio da licen\u00e7a ou da prorroga\u00e7\u00e3o;<\/p>\r\n<p>- Professores Contratados: gozar\u00e3o obrigatoriamente as f\u00e9rias vencidas antes do in\u00edcio da licen\u00e7a;<\/p>\r\n<p>- Perder\u00e3o o direito \u00e0s f\u00e9rias, quando a licen\u00e7a atingir mais de 30 dias do per\u00edodo aquisitivo das mesmas (item III do Art. 133 da <u><a href=\"http:\/\/www.planalto.gov.br\/ccivil_03\/decreto-lei\/del5452.htm\" target=\"_blank\"><font color=\"blue\">CLT<\/font><\/a><\/u>);<\/p>\r\n<p>1.7 - Os docentes que acumulam cargos ou fun\u00e7\u00f5es na Universidade devem programar as suas f\u00e9rias de maneira a coincidir, obrigatoriamente, em ambas as unidades de lota\u00e7\u00e3o;<\/p>\r\n<p>1.8 - Docentes que exer\u00e7am fun\u00e7\u00f5es D.A.S. ou D.A.I. somente far\u00e3o jus a 30 dias de f\u00e9rias (Parecer DASP processo 7.549\/76);<\/p>\r\n<p>1.9 - Os dirigentes de Unidades e Sub-unidades de ensino, dever\u00e3o programar suas f\u00e9rias de comum acordo com os seus substitutos legais ou eventuais, j\u00e1 designados ou n\u00e3o, de modo que a dire\u00e7\u00e3o do \u00f3rg\u00e3o n\u00e3o sofra solu\u00e7\u00e3o de continuidade administrativa, em per\u00edodo algum do ano, devendo o chefe titular manter-se \u00e0 disposi\u00e7\u00e3o da Universidade em casos de urg\u00eancia, comunicando o local para o(s) qual(quais) se afastar.<\/p> \r\n<p>2 - PESSOAL T\u00c9CNICO-ADMINISTRATIVO<\/p>\r\n<p>2.1 - Conceder-se-\u00e1, obrigatoriamente, 30 dias de f\u00e9rias anuais aos servidores t\u00e9cnico-administrativos;<\/p>\r\n<p>2.2 - As f\u00e9rias ser\u00e3o gozadas, ininterruptamente, em um s\u00f3 per\u00edodo;<\/p>\r\n<p>2.3 - A \u00e9poca para a concess\u00e3o das f\u00e9rias, respeitadas as necessidades do servi\u00e7o, e sempre que poss\u00edvel, ser\u00e3o nos per\u00edodos n\u00e3o letivos, isto \u00e9, nos meses de JANEIRO, FEVEREIRO, JULHO e DEZEMBRO;<\/p>\r\n<p>2.4 - \u00c9 proibido ao servidor t\u00e9cnico-administrativo acumular f\u00e9rias.<\/p> \r\n<p>3 - DISPOSI\u00c7\u00d5ES GERAIS<\/p>\r\n<p>3.1 - A presente Resolu\u00e7\u00e3o revoga a de <u><a href=\"https:\/\/www.ufsm.br\/pro-reitorias\/proplan\/resolucao-n-031-1978\/\" target=\"_blank\"><font color=\"blue\">n\u00ba  31, de 17 de novembro de 1978<\/font><\/a><\/u> e a letra \"g\" da <u><a href=\"https:\/\/www.ufsm.br\/pro-reitorias\/proplan\/resolucao-n-062-1979\/\" target=\"_blank\"><font color=\"blue\">62, de 18 de julho de 1979<\/font><\/a><\/u>.<\/p> \r\n<\/div>\r\n<p>Derblay Galv\u00e3o<\/p> \r\n<p>Reitor.<\/p>\r\n<\/strike>\r\n<br>\r\n<p><font color=\"red0000\">Este texto n\u00e3o substitui o documento original, publicado no Portal de Documentos.<\/font> Dispon\u00edvel em: <a href=\"https:\/\/portal.ufsm.br\/documentos\/publico\/documento.html?id=5753715\" target=\"_blank\"><font color=\"blue\">https:\/\/portal.ufsm.br\/documentos\/publico\/documento.html?id=5753715<\/font><\/a>\r\n\r\n\t\t<\/div>\n\t\t\t\t<\/div>\n\t\t\t\t\t<\/div>\n\t\t<\/div>\n\t\t\t\t\t<\/div>\n\t\t<\/section>\n\t\t\t\t<\/div>\n\t\t","protected":false},"excerpt":{"rendered":"<p>RESOLU\u00c7\u00c3O N. 070\/1979 MINIST\u00c9RIO DA EDUCA\u00c7\u00c3O E CULTURA UNIVERSIDADE FEDERAL DE SANTA MARIA GABINETE DO REITOR RESOLUC\u00c3O N\u00ba 70, DE 16 DE NOVEMBRO DE 1979 Revogada pela Resolu\u00e7\u00e3o N. 014\/1986 O REITOR DA UNIVERSIDADE FEDERAL DE SANTA MARIA, no uso de suas atribui\u00e7\u00f5es legais e estatut\u00e1rias e de acordo com os Artigos 84 a 87 [&hellip;]<\/p>\n","protected":false},"author":205,"featured_media":0,"parent":0,"menu_order":0,"comment_status":"closed","ping_status":"closed","template":"","meta":{"footnotes":""},"categories":[],"tags":[],"class_list":["post-3860","page","type-page","status-publish","hentry"],"acf":[],"_links":{"self":[{"href":"https:\/\/www.ufsm.br\/pro-reitorias\/proplan\/wp-json\/wp\/v2\/pages\/3860","targetHints":{"allow":["GET"]}}],"collection":[{"href":"https:\/\/www.ufsm.br\/pro-reitorias\/proplan\/wp-json\/wp\/v2\/pages"}],"about":[{"href":"https:\/\/www.ufsm.br\/pro-reitorias\/proplan\/wp-json\/wp\/v2\/types\/page"}],"author":[{"embeddable":true,"href":"https:\/\/www.ufsm.br\/pro-reitorias\/proplan\/wp-json\/wp\/v2\/users\/205"}],"replies":[{"embeddable":true,"href":"https:\/\/www.ufsm.br\/pro-reitorias\/proplan\/wp-json\/wp\/v2\/comments?post=3860"}],"version-history":[{"count":0,"href":"https:\/\/www.ufsm.br\/pro-reitorias\/proplan\/wp-json\/wp\/v2\/pages\/3860\/revisions"}],"wp:attachment":[{"href":"https:\/\/www.ufsm.br\/pro-reitorias\/proplan\/wp-json\/wp\/v2\/media?parent=3860"}],"wp:term":[{"taxonomy":"category","embeddable":true,"href":"https:\/\/www.ufsm.br\/pro-reitorias\/proplan\/wp-json\/wp\/v2\/categories?post=3860"},{"taxonomy":"post_tag","embeddable":true,"href":"https:\/\/www.ufsm.br\/pro-reitorias\/proplan\/wp-json\/wp\/v2\/tags?post=3860"}],"curies":[{"name":"wp","href":"https:\/\/api.w.org\/{rel}","templated":true}]}}