{"id":3862,"date":"2020-06-08T10:14:48","date_gmt":"2020-06-08T13:14:48","guid":{"rendered":"https:\/\/www.ufsm.br\/pro-reitorias\/proplan\/?page_id=3862"},"modified":"2020-11-11T11:28:18","modified_gmt":"2020-11-11T14:28:18","slug":"resolucao-n-072-1979","status":"publish","type":"page","link":"https:\/\/www.ufsm.br\/pro-reitorias\/proplan\/resolucao-n-072-1979","title":{"rendered":"Resolu\u00e7\u00e3o N. 072\/1979"},"content":{"rendered":"\t\t<div data-elementor-type=\"wp-page\" data-elementor-id=\"3862\" class=\"elementor elementor-3862\">\n\t\t\t\t\t\t<section class=\"elementor-section elementor-top-section elementor-element elementor-element-b7a4b61 elementor-section-boxed elementor-section-height-default elementor-section-height-default\" data-id=\"b7a4b61\" data-element_type=\"section\">\n\t\t\t\t\t\t<div class=\"elementor-container elementor-column-gap-default\">\n\t\t\t\t\t<div class=\"elementor-column elementor-col-100 elementor-top-column elementor-element elementor-element-b95931b\" data-id=\"b95931b\" data-element_type=\"column\">\n\t\t\t<div class=\"elementor-widget-wrap elementor-element-populated\">\n\t\t\t\t\t\t<div class=\"elementor-element elementor-element-d2e333b elementor-widget elementor-widget-html\" data-id=\"d2e333b\" data-element_type=\"widget\" data-widget_type=\"html.default\">\n\t\t\t\t<div class=\"elementor-widget-container\">\n\t\t\t\r\n\r\n\r\n<title><b>RESOLU\u00c7\u00c3O N. 072\/1979<\/b><\/title>\r\n\r\n\r\n<div align=\"center\"><img decoding=\"async\" src=\"https:\/\/www.ufsm.br\/pro-reitorias\/proplan\/wp-content\/uploads\/sites\/344\/2019\/09\/brasao-da-republica-do-brasil-logo.png\" alt=\"Bras\u00e3o Rep\u00fablica Federativa do Brasil\" width=\"6%\" height=\"6%\"><\/div>    \r\n<h1><font color=\"blue\"><font size=\"5\"><div align=\"center\">SERVI\u00c7O P\u00daBLICO FEDERAL<\/font><\/font><\/div><\/H1>\r\n<p><div align=\"center\"><b><a href=\"https:\/\/portal.ufsm.br\/documentos\/publico\/documento.html?id=5753797\" target=\"_blank\"><font color=\"blue\"><u>RESOLU\u00c7\u00c3O N\u00ba 72, DE 14 DE DEZEMBRO DE 1979<\/u><\/font><\/a><\/b><\/div><\/p>\r\n<br>\r\n<p><a href=\"https:\/\/www.ufsm.br\/pro-reitorias\/proplan\/resolucao-n-029-2020\/\" target=\"_blank\"><font color=\"blue\">Revogada pela Resolu\u00e7\u00e3o N. 029\/2020<\/font><\/a><\/p>\r\n<br><div align=\"justify\">\r\n<strike>\r\n<p>O REITOR DA UNIVERSIDADE FEDERAL DE SANTA MARIA, na condi\u00e7\u00e3o de Presidente do Conselho de Ensino, Pesquisa e Extens\u00e3o e,<\/p> \r\n<p>- considerando o disposto no Parecer n\u00ba 66\/79, anexo ao processo n\u00ba 62.209\/78 do Senhor Procurador Geral da UFSM;<\/p> \r\n<p>- considerando o aprovado na 174\u00aa sess\u00e3o do Conselho de Ensino, Pesquisa e Extens\u00e3o, atrav\u00e9s do Parecer n\u00ba 212\/79, da Comiss\u00e3o de Ensino e Extens\u00e3o;<\/p> \r\n<p>- considerando o contido nos processos n\u00bas 62.209\/78 e 47.154\/78,<\/p>\r\n<br>\r\n<p><div align=\"center\">RESOLVE:<\/div><\/p>\r\n<br>\r\n<p>I- Expedir a presente Resolu\u00e7\u00e3o para declarar que de acordo com o aprovado na 174\u00aa sess\u00e3o do Conselho de Ensino, Pesquisa e Extens\u00e3o, as LICENCIATURAS DE DESENHO E PL\u00c1STICA e DE M\u00daSICA foram convertidas em LICENCIATURA DE EDUCA\u00c7\u00c3O ART\u00cdSTICA, com efeitos \"ex tunc\", projetando-se tal convers\u00e3o aos primeiros dias do ano de 1974.<\/p> \r\n<p>II - Quanto ao Bacharelado em DESENHO E PL\u00c1STICA, oriundo da Licenciatura de DESENHO E PL\u00c1STICA, da ent\u00e3o FACULDA DE BELAS ARTES, criada pela <u><a href=\"http:\/\/www.planalto.gov.br\/ccivil_03\/leis\/1950-1969\/L3958.htm\" target=\"_blank\"><font color=\"blue\">Lei n\u00ba 3958, de 13\/09\/61<\/font><\/a><\/u>, foi aprovado na mencionada sess\u00e3o que o mesmo foi considerado como Curso reconhecido nos termos do Parecer n\u00ba 2.115\/76, do Conselho Federal de Educa\u00e7\u00e3o.<\/p> \r\n<br>\r\n<\/div>\r\n<p>Derblay Galv\u00e3o<\/p> \r\n<p>Reitor.<\/p>\r\n<\/strike>\r\n<br>\r\n<p><font color=\"red0000\">Este texto n\u00e3o substitui o documento original, publicado no Portal de Documentos.<\/font> Dispon\u00edvel em: <a href=\"https:\/\/portal.ufsm.br\/documentos\/publico\/documento.html?id=5753797\" target=\"_blank\"><font color=\"blue\">https:\/\/portal.ufsm.br\/documentos\/publico\/documento.html?id=5753797<\/font><\/a>\r\n\r\n\t\t<\/div>\n\t\t\t\t<\/div>\n\t\t\t\t\t<\/div>\n\t\t<\/div>\n\t\t\t\t\t<\/div>\n\t\t<\/section>\n\t\t\t\t<\/div>\n\t\t","protected":false},"excerpt":{"rendered":"<p>RESOLU\u00c7\u00c3O N. 072\/1979 SERVI\u00c7O P\u00daBLICO FEDERAL RESOLU\u00c7\u00c3O N\u00ba 72, DE 14 DE DEZEMBRO DE 1979 Revogada pela Resolu\u00e7\u00e3o N. 029\/2020 O REITOR DA UNIVERSIDADE FEDERAL DE SANTA MARIA, na condi\u00e7\u00e3o de Presidente do Conselho de Ensino, Pesquisa e Extens\u00e3o e, &#8211; considerando o disposto no Parecer n\u00ba 66\/79, anexo ao processo n\u00ba 62.209\/78 do Senhor [&hellip;]<\/p>\n","protected":false},"author":205,"featured_media":0,"parent":0,"menu_order":0,"comment_status":"closed","ping_status":"closed","template":"","meta":{"footnotes":""},"categories":[],"tags":[],"class_list":["post-3862","page","type-page","status-publish","hentry"],"acf":[],"_links":{"self":[{"href":"https:\/\/www.ufsm.br\/pro-reitorias\/proplan\/wp-json\/wp\/v2\/pages\/3862","targetHints":{"allow":["GET"]}}],"collection":[{"href":"https:\/\/www.ufsm.br\/pro-reitorias\/proplan\/wp-json\/wp\/v2\/pages"}],"about":[{"href":"https:\/\/www.ufsm.br\/pro-reitorias\/proplan\/wp-json\/wp\/v2\/types\/page"}],"author":[{"embeddable":true,"href":"https:\/\/www.ufsm.br\/pro-reitorias\/proplan\/wp-json\/wp\/v2\/users\/205"}],"replies":[{"embeddable":true,"href":"https:\/\/www.ufsm.br\/pro-reitorias\/proplan\/wp-json\/wp\/v2\/comments?post=3862"}],"version-history":[{"count":0,"href":"https:\/\/www.ufsm.br\/pro-reitorias\/proplan\/wp-json\/wp\/v2\/pages\/3862\/revisions"}],"wp:attachment":[{"href":"https:\/\/www.ufsm.br\/pro-reitorias\/proplan\/wp-json\/wp\/v2\/media?parent=3862"}],"wp:term":[{"taxonomy":"category","embeddable":true,"href":"https:\/\/www.ufsm.br\/pro-reitorias\/proplan\/wp-json\/wp\/v2\/categories?post=3862"},{"taxonomy":"post_tag","embeddable":true,"href":"https:\/\/www.ufsm.br\/pro-reitorias\/proplan\/wp-json\/wp\/v2\/tags?post=3862"}],"curies":[{"name":"wp","href":"https:\/\/api.w.org\/{rel}","templated":true}]}}