{"id":3882,"date":"2020-06-15T10:29:42","date_gmt":"2020-06-15T13:29:42","guid":{"rendered":"https:\/\/www.ufsm.br\/pro-reitorias\/proplan\/?page_id=3882"},"modified":"2020-07-24T15:30:34","modified_gmt":"2020-07-24T18:30:34","slug":"resolucao-n-017-1978","status":"publish","type":"page","link":"https:\/\/www.ufsm.br\/pro-reitorias\/proplan\/resolucao-n-017-1978","title":{"rendered":"Resolu\u00e7\u00e3o N. 017\/1978"},"content":{"rendered":"\t\t<div data-elementor-type=\"wp-page\" data-elementor-id=\"3882\" class=\"elementor elementor-3882\">\n\t\t\t\t\t\t<section class=\"elementor-section elementor-top-section elementor-element elementor-element-892e342 elementor-section-boxed elementor-section-height-default elementor-section-height-default\" data-id=\"892e342\" data-element_type=\"section\">\n\t\t\t\t\t\t<div class=\"elementor-container elementor-column-gap-default\">\n\t\t\t\t\t<div class=\"elementor-column elementor-col-100 elementor-top-column elementor-element elementor-element-bb56614\" data-id=\"bb56614\" data-element_type=\"column\">\n\t\t\t<div class=\"elementor-widget-wrap elementor-element-populated\">\n\t\t\t\t\t\t<div class=\"elementor-element elementor-element-6737cea elementor-widget elementor-widget-html\" data-id=\"6737cea\" data-element_type=\"widget\" data-widget_type=\"html.default\">\n\t\t\t\t<div class=\"elementor-widget-container\">\n\t\t\t\r\n\r\n\r\n<title><b>RESOLU\u00c7\u00c3O N. 017\/1978<\/b><\/title>\r\n\r\n\r\n<div align=\"center\"><img decoding=\"async\" src=\"https:\/\/www.ufsm.br\/pro-reitorias\/proplan\/wp-content\/uploads\/sites\/344\/2019\/09\/brasao-da-republica-do-brasil-logo.png\" alt=\"Bras\u00e3o Rep\u00fablica Federativa do Brasil\" width=\"6%\" height=\"6%\"><\/div>    \r\n<h1><font color=\"blue\"><font size=\"5\"><div align=\"center\">UNIVERSIDADE FEDERAL DE SANTA MARIA<\/font><\/font><\/div><\/H1>\r\n<p><div align=\"center\"><b><a href=\"https:\/\/portal.ufsm.br\/documentos\/publico\/documento.html?id=5749748\" target=\"_blank\"><font color=\"blue\"><u>RESOLU\u00c7\u00c3O N\u00ba 017, de 18 DE JULHO DE 1978.<\/u><\/font><\/a><\/b><\/div><\/p>\r\n<br>\r\n<p><u><a href=\"https:\/\/www.ufsm.br\/pro-reitorias\/proplan\/resolucao-n-011-1990\/\" target=\"_blank\"><font color=\"blue\">Alterada pela Resolu\u00e7\u00e3o N. 011\/1990<\/font><\/a><\/u><\/p>\r\n<p><a href=\"https:\/\/www.ufsm.br\/pro-reitorias\/proplan\/resolucao-n-022-2020\/\" target=\"_blank\"><font color=\"blue\">Revogada pela Resolu\u00e7\u00e3o N. 022\/2020<\/font><\/a><\/p>\r\n<br>\r\n<br><div align=\"justify\">\r\n<strike>\r\n<p>O REITOR DA UNIVERSIDADE FEDERAL DE SANTA MARIA, no uso de suas atribui\u00e7\u00f5es legais, e<\/p>\r\n<p>- considerando a publica\u00e7\u00e3o ocorrida no \"Di\u00e1rio Oficial da Uni\u00e3o\", de 23 de maio de 1978, do novo Estatuto da Universidade;<\/p>\r\n<p>- considerando a necessidade imediata de adapta\u00e7\u00e3o da Universidade \u00e0 nova estrutura administrativa;<\/p>\r\n<p>- considerando o que consta da manifesta\u00e7\u00e3o do Egr\u00e9gio Conselho Universit\u00e1rio, na sess\u00e3o n\u00ba 240,do dia 29 de junho de 1978;<\/p>\r\n<br>\r\n<p><div align=\"center\">RESOLVE:<\/div><\/p>\r\n<br>\r\n<p>EXPEDIR a presente RESOLU\u00c7\u00c3O para declarar que face ao disposto no \u00a7 2\u00ba, do artigo 23, do novo Estatuto da Universidade Federal de Santa Maria, a REITORIA contar\u00e1 com os seguintes \u00d3rg\u00e3os:<\/p>\r\n<p>I - <u>EXECUTIVOS DA ADMINISTRA\u00c7\u00c3O SUPERIOR<\/u>:<\/p>\r\n<p>a) Assessoria de Seguran\u00e7a e Informa\u00e7\u00f5es - ASI;<\/p>\r\n<p>b) Assessoria de Rela\u00e7\u00f5es P\u00fablicas e Assuntos Internacionais - ARPAI;<\/p>\r\n<p><strike>c) Assessoria T\u00e9cnica de Obras - ATO;<\/strike> <a href=\"https:\/\/www.ufsm.br\/pro-reitorias\/proplan\/resolucao-n-011-1990\/\" target=\"_blank\"><font color=\"blue\"><u>(Extinto pela Resolu\u00e7\u00e3o N. 011\/1990)<\/u><\/font><\/a><\/p>\r\n<p>d) Departamento de Administra\u00e7\u00e3o Hospitalar - DAH;<\/p>\r\n<p>e) Departamento de Material e Patrim\u00f4nio \u2013 DEMAPA (absorvendo a \u00e1rea de Material e Patrim\u00f4nio do extinto Departamento de Administra\u00e7\u00e3o);<\/p>\r\n<p>f) Departamento de Contabilidade e Finan\u00e7as - DCF;<\/p>\r\n<p>g) Departamento de Divulga\u00e7\u00e3o - DEDI (absorvendo a Imprensa Universit\u00e1ria e R\u00e1dio Universidade);<\/p>\r\n<p>h) Departamento de Pessoal - DP;<\/p>\r\n<p>i) Departamento de Registro e Contr\u00f4le Acad\u00eamico - DERCA;<\/p>\r\n<p>j) Prefeitura da Cidade Universit\u00e1ria; e<\/p>\r\n<p>l) Procuradoria jur\u00eddica.<\/p>\r\n<p>II - <u>SUPLEMENTARES CENTRAIS<\/u>:<\/p>\r\n<p>a) Biblioteca Central; e<\/p>\r\n<p>b) N\u00facleo de Processamento de Dados - NPD (ex Centro de Processamento de Dados).<\/p>\r\n<p>III - <u>SECRETARIAS<\/u>:<\/p>\r\n<p>a) Secretaria dos Conselhos; e<\/p>\r\n<p>b) Secretaria Executiva (Gabinete do Reitor).<\/p>\r\n<p>IV - Os \u00d3rg\u00e3os que ainda n\u00e3o tiveram criados os seus respectivos cargos, pelo Departamento Administrativo do Pessoal Civil - DASP, ser\u00e3o dirigidos por servidores designados, sem \u00f4nus para a Universidade.<\/p> \r\n<\/div>\r\n<p>Prof. Tit. Derblay Galv\u00e3o<\/p> \r\n<p>- Reitor -<\/p>\r\n<\/strike>\r\n<br>\r\n<p><font color=\"red0000\">Este texto n\u00e3o substitui o documento original, publicado no Portal de Documentos.<\/font> Dispon\u00edvel em: <a href=\"https:\/\/portal.ufsm.br\/documentos\/publico\/documento.html?id=5749748\" target=\"_blank\"><font color=\"blue\">https:\/\/portal.ufsm.br\/documentos\/publico\/documento.html?id=5749748<\/font><\/a>\r\n\r\n\t\t<\/div>\n\t\t\t\t<\/div>\n\t\t\t\t\t<\/div>\n\t\t<\/div>\n\t\t\t\t\t<\/div>\n\t\t<\/section>\n\t\t\t\t<\/div>\n\t\t","protected":false},"excerpt":{"rendered":"<p>RESOLU\u00c7\u00c3O N. 017\/1978 UNIVERSIDADE FEDERAL DE SANTA MARIA RESOLU\u00c7\u00c3O N\u00ba 017, de 18 DE JULHO DE 1978. Alterada pela Resolu\u00e7\u00e3o N. 011\/1990 Revogada pela Resolu\u00e7\u00e3o N. 022\/2020 O REITOR DA UNIVERSIDADE FEDERAL DE SANTA MARIA, no uso de suas atribui\u00e7\u00f5es legais, e &#8211; considerando a publica\u00e7\u00e3o ocorrida no &#8220;Di\u00e1rio Oficial da Uni\u00e3o&#8221;, de 23 de [&hellip;]<\/p>\n","protected":false},"author":205,"featured_media":0,"parent":0,"menu_order":0,"comment_status":"closed","ping_status":"closed","template":"","meta":{"footnotes":""},"categories":[],"tags":[],"class_list":["post-3882","page","type-page","status-publish","hentry"],"acf":[],"_links":{"self":[{"href":"https:\/\/www.ufsm.br\/pro-reitorias\/proplan\/wp-json\/wp\/v2\/pages\/3882","targetHints":{"allow":["GET"]}}],"collection":[{"href":"https:\/\/www.ufsm.br\/pro-reitorias\/proplan\/wp-json\/wp\/v2\/pages"}],"about":[{"href":"https:\/\/www.ufsm.br\/pro-reitorias\/proplan\/wp-json\/wp\/v2\/types\/page"}],"author":[{"embeddable":true,"href":"https:\/\/www.ufsm.br\/pro-reitorias\/proplan\/wp-json\/wp\/v2\/users\/205"}],"replies":[{"embeddable":true,"href":"https:\/\/www.ufsm.br\/pro-reitorias\/proplan\/wp-json\/wp\/v2\/comments?post=3882"}],"version-history":[{"count":0,"href":"https:\/\/www.ufsm.br\/pro-reitorias\/proplan\/wp-json\/wp\/v2\/pages\/3882\/revisions"}],"wp:attachment":[{"href":"https:\/\/www.ufsm.br\/pro-reitorias\/proplan\/wp-json\/wp\/v2\/media?parent=3882"}],"wp:term":[{"taxonomy":"category","embeddable":true,"href":"https:\/\/www.ufsm.br\/pro-reitorias\/proplan\/wp-json\/wp\/v2\/categories?post=3882"},{"taxonomy":"post_tag","embeddable":true,"href":"https:\/\/www.ufsm.br\/pro-reitorias\/proplan\/wp-json\/wp\/v2\/tags?post=3882"}],"curies":[{"name":"wp","href":"https:\/\/api.w.org\/{rel}","templated":true}]}}