{"id":3883,"date":"2020-06-15T10:29:46","date_gmt":"2020-06-15T13:29:46","guid":{"rendered":"https:\/\/www.ufsm.br\/pro-reitorias\/proplan\/?page_id=3883"},"modified":"2020-07-17T09:14:40","modified_gmt":"2020-07-17T12:14:40","slug":"resolucao-n-018-1978","status":"publish","type":"page","link":"https:\/\/www.ufsm.br\/pro-reitorias\/proplan\/resolucao-n-018-1978","title":{"rendered":"Resolu\u00e7\u00e3o N. 018\/1978"},"content":{"rendered":"\t\t<div data-elementor-type=\"wp-page\" data-elementor-id=\"3883\" class=\"elementor elementor-3883\">\n\t\t\t\t\t\t<section class=\"elementor-section elementor-top-section elementor-element elementor-element-af2c6b3 elementor-section-boxed elementor-section-height-default elementor-section-height-default\" data-id=\"af2c6b3\" data-element_type=\"section\">\n\t\t\t\t\t\t<div class=\"elementor-container elementor-column-gap-default\">\n\t\t\t\t\t<div class=\"elementor-column elementor-col-100 elementor-top-column elementor-element elementor-element-12ed7d3\" data-id=\"12ed7d3\" data-element_type=\"column\">\n\t\t\t<div class=\"elementor-widget-wrap elementor-element-populated\">\n\t\t\t\t\t\t<div class=\"elementor-element elementor-element-5c9395c elementor-widget elementor-widget-html\" data-id=\"5c9395c\" data-element_type=\"widget\" data-widget_type=\"html.default\">\n\t\t\t\t<div class=\"elementor-widget-container\">\n\t\t\t\r\n\r\n\r\n<title><b>RESOLU\u00c7\u00c3O N. 018\/1978<\/b><\/title>\r\n\r\n\r\n<p><div align=\"center\"><b><a href=\"https:\/\/portal.ufsm.br\/documentos\/publico\/documento.html?id=5749769\" target=\"_blank\"><font color=\"blue\"><u>RESOLU\u00c7\u00c3O N\u00ba 018, de 18 DE JULHO DE 1978.<\/u><\/font><\/a><\/b><\/div><\/p>\r\n<br>\r\n<p><a href=\"https:\/\/www.ufsm.br\/pro-reitorias\/proplan\/resolucao-n-022-2020\/\" target=\"_blank\"><font color=\"blue\">Revogada pela Resolu\u00e7\u00e3o N. 022\/2020<\/font><\/a><\/p>\r\n<br>\r\n<br><div align=\"justify\">\r\n<strike>\r\n<p>O REITOR DA UNIVERSIDADE FEDERAL DE SANTA MARIA, no uso de suas atribui\u00e7\u00f5es legais, e<\/p> \r\n<p>- considerando a publica\u00e7\u00e3o ocorrida no \"Di\u00e1rio Oficial da Uni\u00e3o\", de 23 de maio de 1978, do novo Estatuto da Universidade Federal de Santa Maria;<\/p> \r\n<p>- considerando o disposto nos artigos ll e 16 do Estatuto;<\/p> \r\n<p>- considerando o que consta da manifesta\u00e7\u00e3o do Egr\u00e9gio Conselho Universit\u00e1rio, em sua sess\u00e3o n\u00ba 240, do dia 29 de junho de 1978, conforme Processo n\u00ba 51.476\/78.<\/p>\r\n<br>\r\n<p><div align=\"center\">RESOLVE:<\/div><\/p>\r\n<br>\r\n<p>baixar as seguintes NORMAS destinadas a orientar as elei\u00e7\u00f5es dos Representantes e Suplentes das Classes Docentes da Carreira do Magist\u00e9rio Superior, junto ao Conselho Universit\u00e1rio e ao Conselho de Ensino, Pesquisa e Extens\u00e3o da Universidade Federal de Santa Maria:<\/p> \r\n<p>I - As elei\u00e7\u00f5es para a escolha dos Representantes e Suplentes dos Professores Titulares, Adjuntos e Assistentes, junto ao Conselho Universit\u00e1rio e ao Conselho de Ensino, Pesquisa e Extens\u00e3o, ser\u00e3o realizadas no pr\u00e9dio da Administra\u00e7\u00e3o Central, 2\u00ba andar, Sala 218, na Cidade Universit\u00e1ria, no dia 14 de agosto de 1978, no hor\u00e1rio compreendido entre 08:00 e as 17:00 horas.<\/p> \r\n<p>II - A vota\u00e7\u00e3o ser\u00e1 processada pelo sistema de voto secreto e ser\u00e3o distribu\u00eddas c\u00e9dulas denominadas \"C\u00e9dula-\u00danica\", onde, de forma conjugada, dever\u00e3o figurar os nomes dos Representantes e Suplentes dos Professores Titulares, Adjuntos e Assistentes.<\/p> \r\n<p>III - O eleitor, no interior da cabine, escrever\u00e1, em letra de f\u00f4rma, na C\u00e9dula-\u00danica os nomes de sua prefer\u00eancia, escolhidos entre os constantes da lista geral da Classe respectiva.<\/p> \r\n<p>IV - Os candidatos mais votados para Representante e para Suplente, na respectiva Classe, ser\u00e3o eleitos.<\/p> \r\n<p>V - Em caso de empate, no resultado final da vota\u00e7\u00e3o, ser\u00e1 eleito o Representante que possuir maior tempo de magist\u00e9rio na Classe. Persistindo o empate, o que possuir maior tempo de magist\u00e9rio na Universidade Federal de Santa Maria e, se ainda permanecer empate, ser\u00e1 escolhido o mais idoso.<\/p> \r\n<p>VI - Haver\u00e1 uma Comiss\u00e3o Eleitoral, previamente designada pelo Reitor, que se encarregar\u00e1 de todos os detalhes e provid\u00eancias cab\u00edveis, inclusive a apura\u00e7\u00e3o de votos.<\/p> \r\n<p>VII - No local da elei\u00e7\u00e3o haver\u00e1 uma Folha-de-Vota\u00e7\u00e3o, fornecida pelo N\u00facleo de Processamento de Dados, onde cada eleitor identificado colocar\u00e1 a sua assinatura.<\/p> \r\n<p>VIII - Somente poder\u00e3o votar em seus respectivos Representantes e Suplentes os Professores Titulares, Adjuntos e Assistentes pertencentes aos Quadros Permanente e Suplementar e os pertencentes \u00e0s Tabelas Permanente e Suplementar do Grupo Magist\u00e9rio, em exerc\u00edcio na data da elei\u00e7\u00e3o.<\/p> \r\n<p>IX - N\u00e3o votam e n\u00e3o podem ser votados os Auxiliares de Ensino, os Professores Colaboradores (contratados em qualquer n\u00edvel) e os Professores Visitantes (contratados em qualquer n\u00edvel).<\/p> \r\n<p>X - Os Professores Titulares, Adjuntos e Assistentes que tiverem assento, at\u00e9 a data da elei\u00e7\u00e3o, nos Conselhos Universit\u00e1rio e de Ensino, Pesquisa e Extens\u00e3o, s\u00e3o considerados ineleg\u00edveis, podendo, no entanto votar.<\/p> \r\n<p>XI - As d\u00favidas porventura existentes no tocante ao pleito, ser\u00e3o dirimidas pelo Presidente da Comiss\u00e3o Eleitoral.<\/p> \r\n<\/div>\r\n<p>Prof. Tit. Derblay Galv\u00e3o<\/p> \r\n<p>- Reitor -<\/p>\r\n<\/strike>\r\n<br>\r\n<p><font color=\"red0000\">Este texto n\u00e3o substitui o documento original, publicado no Portal de Documentos.<\/font> Dispon\u00edvel em: <a href=\"https:\/\/portal.ufsm.br\/documentos\/publico\/documento.html?id=5749769\" target=\"_blank\"><font color=\"blue\">https:\/\/portal.ufsm.br\/documentos\/publico\/documento.html?id=5749769<\/font><\/a>\r\n\r\n\t\t<\/div>\n\t\t\t\t<\/div>\n\t\t\t\t\t<\/div>\n\t\t<\/div>\n\t\t\t\t\t<\/div>\n\t\t<\/section>\n\t\t\t\t<\/div>\n\t\t","protected":false},"excerpt":{"rendered":"<p>RESOLU\u00c7\u00c3O N. 018\/1978 RESOLU\u00c7\u00c3O N\u00ba 018, de 18 DE JULHO DE 1978. Revogada pela Resolu\u00e7\u00e3o N. 022\/2020 O REITOR DA UNIVERSIDADE FEDERAL DE SANTA MARIA, no uso de suas atribui\u00e7\u00f5es legais, e &#8211; considerando a publica\u00e7\u00e3o ocorrida no &#8220;Di\u00e1rio Oficial da Uni\u00e3o&#8221;, de 23 de maio de 1978, do novo Estatuto da Universidade Federal de [&hellip;]<\/p>\n","protected":false},"author":205,"featured_media":0,"parent":0,"menu_order":0,"comment_status":"closed","ping_status":"closed","template":"","meta":{"footnotes":""},"categories":[],"tags":[],"class_list":["post-3883","page","type-page","status-publish","hentry"],"acf":[],"_links":{"self":[{"href":"https:\/\/www.ufsm.br\/pro-reitorias\/proplan\/wp-json\/wp\/v2\/pages\/3883","targetHints":{"allow":["GET"]}}],"collection":[{"href":"https:\/\/www.ufsm.br\/pro-reitorias\/proplan\/wp-json\/wp\/v2\/pages"}],"about":[{"href":"https:\/\/www.ufsm.br\/pro-reitorias\/proplan\/wp-json\/wp\/v2\/types\/page"}],"author":[{"embeddable":true,"href":"https:\/\/www.ufsm.br\/pro-reitorias\/proplan\/wp-json\/wp\/v2\/users\/205"}],"replies":[{"embeddable":true,"href":"https:\/\/www.ufsm.br\/pro-reitorias\/proplan\/wp-json\/wp\/v2\/comments?post=3883"}],"version-history":[{"count":0,"href":"https:\/\/www.ufsm.br\/pro-reitorias\/proplan\/wp-json\/wp\/v2\/pages\/3883\/revisions"}],"wp:attachment":[{"href":"https:\/\/www.ufsm.br\/pro-reitorias\/proplan\/wp-json\/wp\/v2\/media?parent=3883"}],"wp:term":[{"taxonomy":"category","embeddable":true,"href":"https:\/\/www.ufsm.br\/pro-reitorias\/proplan\/wp-json\/wp\/v2\/categories?post=3883"},{"taxonomy":"post_tag","embeddable":true,"href":"https:\/\/www.ufsm.br\/pro-reitorias\/proplan\/wp-json\/wp\/v2\/tags?post=3883"}],"curies":[{"name":"wp","href":"https:\/\/api.w.org\/{rel}","templated":true}]}}