{"id":3884,"date":"2020-06-15T10:29:50","date_gmt":"2020-06-15T13:29:50","guid":{"rendered":"https:\/\/www.ufsm.br\/pro-reitorias\/proplan\/?page_id=3884"},"modified":"2020-06-15T10:31:39","modified_gmt":"2020-06-15T13:31:39","slug":"resolucao-n-019-1978","status":"publish","type":"page","link":"https:\/\/www.ufsm.br\/pro-reitorias\/proplan\/resolucao-n-019-1978","title":{"rendered":"Resolu\u00e7\u00e3o N. 019\/1978"},"content":{"rendered":"\t\t<div data-elementor-type=\"wp-page\" data-elementor-id=\"3884\" class=\"elementor elementor-3884\">\n\t\t\t\t\t\t<section class=\"elementor-section elementor-top-section elementor-element elementor-element-86a3da6 elementor-section-boxed elementor-section-height-default elementor-section-height-default\" data-id=\"86a3da6\" data-element_type=\"section\">\n\t\t\t\t\t\t<div class=\"elementor-container elementor-column-gap-default\">\n\t\t\t\t\t<div class=\"elementor-column elementor-col-100 elementor-top-column elementor-element elementor-element-5794e5b\" data-id=\"5794e5b\" data-element_type=\"column\">\n\t\t\t<div class=\"elementor-widget-wrap elementor-element-populated\">\n\t\t\t\t\t\t<div class=\"elementor-element elementor-element-fc49485 elementor-widget elementor-widget-html\" data-id=\"fc49485\" data-element_type=\"widget\" data-widget_type=\"html.default\">\n\t\t\t\t<div class=\"elementor-widget-container\">\n\t\t\t\r\n\r\n\r\n<title><b>RESOLU\u00c7\u00c3O N. 019\/1978<\/b><\/title>\r\n\r\n\r\n<p><div align=\"center\"><b><a href=\"https:\/\/portal.ufsm.br\/documentos\/publico\/documento.html?id=5749776\" target=\"_blank\"><font color=\"blue\"><u>RESOLU\u00c7\u00c3O N\u00ba 019, de 20 DE JULHO DE 1978.<\/u><\/font><\/a><\/b><\/div><\/p>\r\n<br>\r\n<p><u><a href=\"https:\/\/www.ufsm.br\/pro-reitorias\/proplan\/resolucao-n-020-2019\/\" target=\"_blank\"><font color=\"blue\">Revogada pela Resolu\u00e7\u00e3o N. 020\/2019<\/font><\/a><\/u><\/p>\r\n<br>\r\n<strike>\r\n<br><div align=\"justify\">\r\n<p>O REITOR DA UNIVERSIDADE FEDERAL DE SANTA MARIA, no uso de suas atribui\u00e7\u00f5es legais, e<\/p>\r\n<p>- considerando o disposto no artigo 8\u00ba, do <u><a href=\"http:\/\/www.planalto.gov.br\/ccivil_03\/Decreto-Lei\/1965-1988\/Del0252.htm\" target=\"_blank\"><font color=\"blue\">Decreto-Lei n\u00ba 252, de 28 de fevereiro de 1967<\/font><\/a><\/u>, que institucionaliza o Colegiado de Curso;<\/p>\r\n<p>- considerando o que disp\u00f5e o par\u00e1grafo 29 do artigo 13, da <u><a href=\"http:\/\/www.planalto.gov.br\/ccivil_03\/leis\/L5540.htm\" target=\"_blank\"><font color=\"blue\">Lei 5.540, de 28 de novembro de 1968<\/font><\/a><\/u>;<\/p>\r\n<p>- considerando o que preconizam os artigos 55 e 56 do Estatuto da Universidade Federal de Santa Maria, recentemente aprovado pelo Conselho Federal de Educa\u00e7\u00e3o;<\/p>\r\n<p>- considerando que o processo para obter o aprimoramento somente poder\u00e1 acontecer de maneira harm\u00f4nica, integrada e bem equilibrada, contando com a participa\u00e7\u00e3o das subunidades de ensino e pesquisa;<\/p>\r\n<br>\r\n<p><div align=\"center\">RESOLVE:<\/div><\/p>\r\n<br>\r\n<p>I - Implantar os Colegiados de CURSOS DE P\u00d3S-GRADUA\u00c7\u00c3O, junto aos Centros da UFSM, ficando assim constitu\u00eddos:<\/p>\r\n<p>a) - O Coordenador do Curso, como Presidente;<\/p>\r\n<p>b) - Um docente de cada um dos Departamentos respons\u00e1veis por disciplinas obrigat\u00f3rias pertencentes ao Centro no qual est\u00e1 localizado o Curso, devendo o docente ser indicado pelo Chefe do Departamento;<\/p>\r\n<p>c) - Um representante de cada um dos demais Centros que participam do ensino do referido Curso, indicado pelo Diretor do Centro, dentre os professores que colaboram no ensino do mesmo Curso;<\/p>\r\n<p>d) - Um representante do corpo discente. Este representante ser\u00e1 um dos alunos do Curso, eleito por seus pares e em reuni\u00e3o especifica presidida pelo Coordenador do (...)<\/p>\r\n<p>II - Quando determinado Colegiado de Curso, organizado na forma acima, n\u00e3o alcan\u00e7ar o m\u00ednimo de seis membros, este n\u00famero ser\u00e1 completado por docentes de disciplinas obrigat\u00f3rias do respectivo Curso, indicados em ordem de prioridade pelos Chefes dos Departamentos respons\u00e1veis pelo ensino de maior n\u00famero de disciplinas.<\/p>\r\n<p>III - Ser\u00e1 de dois anos, renov\u00e1vel, o mandato dos representantes docentes.<\/p>\r\n<p>IV - Quando o Curso tiver a maior parte das disciplinas de seu curr\u00edculo ministradas em um s\u00f4 Departamento, o Colegiado poder\u00e1 ter mais de um docente desse Departamento.<\/p>\r\n<p>V - Os Colegiados de Cursos ter\u00e3o as fun\u00e7\u00f5es fundamentais seguintes:<\/p>\r\n<p>a) - Estudar e, constantemente, avaliar os curr\u00edculos, registrando as necess\u00e1rias modifica\u00e7\u00f5es, tomando por base o treinamento desejado, propondo-as ao Colegiado Superior, quando oportuno.<\/p>\r\n<p>b) - Estabelecer o controle did\u00e1tico-pedag\u00f3gico, atrav\u00e9s da supervis\u00e3o cont\u00ednua da ministra\u00e7\u00e3o das disciplinas do Curso.<\/p>\r\n<p>c) - Estabelecer o controle da integraliza\u00e7\u00e3o curricular, acompanhando o desempenho do estudante at\u00e9 o final dos seus estudos.<\/p>\r\n<p>d) - Definir as cargas hor\u00e1rias e os cr\u00e9ditos dos curr\u00edculos dos cursos, em articula\u00e7\u00e3o direta com os Departamentos, principalmente para compatibilizar aquelas situa\u00e7\u00f5es em que a disciplina pertence a mais de um Curso.<\/p>\r\n<p>e) - Decidir sobre a Matricula, substituindo o orientador eventual, pela fun\u00e7\u00e3o de orienta\u00e7\u00e3o permanente e em todas as fases e momentos da vida acad\u00eamica.<\/p>\r\n<p>f) Decidir sobre todos os aspectos da vida acad\u00eamica do grupo discente, tais como: \"adapta\u00e7\u00e3o curricular\", trancamentos, op\u00e7\u00f5es, dispensas e cancelamentos de matr\u00edcula.<\/p>\r\n<p>g) Zelar para que os hor\u00e1rios das disciplinas sejam adequadas \u00e0 natureza das mesmas e do Curso.<\/p>\r\n<p>VI - O Presidente do Colegiado do Curso \u00e9 o COORDENADOR, que, al\u00e9m de respons\u00e1vel pela operacionalidade do curso, deve ser principalmente o especialista-profissional no objetivo do pr\u00f3prio curr\u00edculo, sendo portanto, porta-voz da profiss\u00e3o e dever\u00e1 manter inter-rela\u00e7\u00f5es do Colegiado que preside com os Departamentos Did\u00e1ticos, com o Conselho de Ensino, Pesquisa e Extens\u00e3o, com o Departamento de Registros e Controle Acad\u00eamico, com o N\u00facleo de Assessoramento e Apoio Pedag\u00f3gico e com o Servi\u00e7o de Orienta\u00e7\u00e3o Educacional.<\/p>\r\n<p>VII - Caber\u00e1 ao Diretor de cada Centro, no prazo de 30 dias, a contar desta data, dar cumprimento \u00e0 presente Resolu\u00e7\u00e3o, comunicando ao Reitor a constitui\u00e7\u00e3o do referido Colegiado, para expedi\u00e7\u00e3o da competente Portaria.<\/p>\r\n<p>VIII - As d\u00favidas que porventura existirem ser\u00e3o dirimidas pelo Exmo. Sr. Pr\u00f3-Reitor de P\u00f3s-Gradua\u00e7\u00e3o e Pesquisa.<\/p> \r\n<\/div>\r\n<p>Prof. Tit. DERBLAY GALV\u00c3O<\/p> \r\n<p>- REITOR -<\/p>\r\n<\/strike>\r\n<br>\r\n<p><font color=\"red0000\">Este texto n\u00e3o substitui o documento original, publicado no Portal de Documentos.<\/font> Dispon\u00edvel em: <a href=\"https:\/\/portal.ufsm.br\/documentos\/publico\/documento.html?id=5749776\" target=\"_blank\"><font color=\"blue\">https:\/\/portal.ufsm.br\/documentos\/publico\/documento.html?id=5749776<\/font><\/a>\r\n\r\n\t\t<\/div>\n\t\t\t\t<\/div>\n\t\t\t\t\t<\/div>\n\t\t<\/div>\n\t\t\t\t\t<\/div>\n\t\t<\/section>\n\t\t\t\t<\/div>\n\t\t","protected":false},"excerpt":{"rendered":"<p>RESOLU\u00c7\u00c3O N. 019\/1978 RESOLU\u00c7\u00c3O N\u00ba 019, de 20 DE JULHO DE 1978. Revogada pela Resolu\u00e7\u00e3o N. 020\/2019 O REITOR DA UNIVERSIDADE FEDERAL DE SANTA MARIA, no uso de suas atribui\u00e7\u00f5es legais, e &#8211; considerando o disposto no artigo 8\u00ba, do Decreto-Lei n\u00ba 252, de 28 de fevereiro de 1967, que institucionaliza o Colegiado de Curso; [&hellip;]<\/p>\n","protected":false},"author":205,"featured_media":0,"parent":0,"menu_order":0,"comment_status":"closed","ping_status":"closed","template":"","meta":{"footnotes":""},"categories":[],"tags":[],"class_list":["post-3884","page","type-page","status-publish","hentry"],"acf":[],"_links":{"self":[{"href":"https:\/\/www.ufsm.br\/pro-reitorias\/proplan\/wp-json\/wp\/v2\/pages\/3884","targetHints":{"allow":["GET"]}}],"collection":[{"href":"https:\/\/www.ufsm.br\/pro-reitorias\/proplan\/wp-json\/wp\/v2\/pages"}],"about":[{"href":"https:\/\/www.ufsm.br\/pro-reitorias\/proplan\/wp-json\/wp\/v2\/types\/page"}],"author":[{"embeddable":true,"href":"https:\/\/www.ufsm.br\/pro-reitorias\/proplan\/wp-json\/wp\/v2\/users\/205"}],"replies":[{"embeddable":true,"href":"https:\/\/www.ufsm.br\/pro-reitorias\/proplan\/wp-json\/wp\/v2\/comments?post=3884"}],"version-history":[{"count":0,"href":"https:\/\/www.ufsm.br\/pro-reitorias\/proplan\/wp-json\/wp\/v2\/pages\/3884\/revisions"}],"wp:attachment":[{"href":"https:\/\/www.ufsm.br\/pro-reitorias\/proplan\/wp-json\/wp\/v2\/media?parent=3884"}],"wp:term":[{"taxonomy":"category","embeddable":true,"href":"https:\/\/www.ufsm.br\/pro-reitorias\/proplan\/wp-json\/wp\/v2\/categories?post=3884"},{"taxonomy":"post_tag","embeddable":true,"href":"https:\/\/www.ufsm.br\/pro-reitorias\/proplan\/wp-json\/wp\/v2\/tags?post=3884"}],"curies":[{"name":"wp","href":"https:\/\/api.w.org\/{rel}","templated":true}]}}