{"id":3888,"date":"2020-06-15T11:22:57","date_gmt":"2020-06-15T14:22:57","guid":{"rendered":"https:\/\/www.ufsm.br\/pro-reitorias\/proplan\/?page_id=3888"},"modified":"2020-07-17T09:29:40","modified_gmt":"2020-07-17T12:29:40","slug":"resolucao-n-021-1978-anexo-ii","status":"publish","type":"page","link":"https:\/\/www.ufsm.br\/pro-reitorias\/proplan\/resolucao-n-021-1978-anexo-ii","title":{"rendered":"Resolu\u00e7\u00e3o N. 021\/1978-Anexo II"},"content":{"rendered":"\t\t<div data-elementor-type=\"wp-page\" data-elementor-id=\"3888\" class=\"elementor elementor-3888\">\n\t\t\t\t\t\t<section class=\"elementor-section elementor-top-section elementor-element elementor-element-cc64174 elementor-section-boxed elementor-section-height-default elementor-section-height-default\" data-id=\"cc64174\" data-element_type=\"section\">\n\t\t\t\t\t\t<div class=\"elementor-container elementor-column-gap-default\">\n\t\t\t\t\t<div class=\"elementor-column elementor-col-100 elementor-top-column elementor-element elementor-element-b679eb6\" data-id=\"b679eb6\" data-element_type=\"column\">\n\t\t\t<div class=\"elementor-widget-wrap elementor-element-populated\">\n\t\t\t\t\t\t<div class=\"elementor-element elementor-element-7dedc40 elementor-widget elementor-widget-html\" data-id=\"7dedc40\" data-element_type=\"widget\" data-widget_type=\"html.default\">\n\t\t\t\t<div class=\"elementor-widget-container\">\n\t\t\t\r\n\r\n\r\n<title><b>RESOLU\u00c7\u00c3O N. 021\/1978-ANEXO II<\/b><\/title>\r\n\r\n\r\n<p><div align=\"center\"><b><a href=\"https:\/\/portal.ufsm.br\/documentos\/publico\/documento.html?id=13075160\" target=\"_blank\"><font color=\"blue\"><u>ANEXO II \u00c0 <u><a href=\"https:\/\/www.ufsm.br\/pro-reitorias\/proplan\/resolucao-n-021-1978\/\" target=\"_blank\"><font color=\"blue\">RESOLU\u00c7\u00c3O N\u00ba 021, de 07 de agosto de 1978<\/font><\/a><\/u>.<\/u><\/font><\/a><\/b><\/div><\/p>\r\n<br>\r\n<p><a href=\"https:\/\/www.ufsm.br\/pro-reitorias\/proplan\/resolucao-n-022-2020\/\" target=\"_blank\"><font color=\"blue\">Revogada pela Resolu\u00e7\u00e3o N. 022\/2020<\/font><\/a><\/p>\r\n<br>\r\n<br><div align=\"justify\">\r\n<strike>\r\n<table><table width=\"75%\">\r\n<tr><th colspan=\"6\"><div align=\"center\"><b><\/b><font size=\"4\">... TRIMESTRE - ANO _______ - ANEXO II \u00c0 RESOLU\u00c7\u00c3O N\u00ba 21, DE 07 DE AGOSTO DE 1978<\/b><\/font><\/div><\/th>\r\n<tr><th>NOME-DOCENTE<\/th><th>DEPARTAMENTO<\/th><th>LOCAL DO AFASTAMENTO<\/th><th>COMPARECEU A(O)<\/th><th>DURA\u00c7\u00c3O (EM DIAS)<\/th><th>OBSERVA\u00c7\u00d5ES<\/th><\/tr>\r\n<tr><th>&nbsp;<\/th><th>&nbsp;<\/th><th>&nbsp;<\/th><th>&nbsp;<\/th><th>&nbsp;<\/th><th>&nbsp;<\/th><\/tr>\r\n<tr><th>&nbsp;<\/th><th>&nbsp;<\/th><th>&nbsp;<\/th><th>&nbsp;<\/th><th>&nbsp;<\/th><th>&nbsp;<\/th><\/tr>\r\n<tr><th>&nbsp;<\/th><th>&nbsp;<\/th><th>&nbsp;<\/th><th>&nbsp;<\/th><th>&nbsp;<\/th><th>&nbsp;<\/th><\/tr>\r\n<tr><th>&nbsp;<\/th><th>&nbsp;<\/th><th>&nbsp;<\/th><th>&nbsp;<\/th><th>&nbsp;<\/th><th>&nbsp;<\/th><\/tr>\r\n<tr><th>&nbsp;<\/th><th>&nbsp;<\/th><th>&nbsp;<\/th><th>&nbsp;<\/th><th>&nbsp;<\/th><th>&nbsp;<\/th><\/tr>\r\n<tr><th>&nbsp;<\/th><th>&nbsp;<\/th><th>&nbsp;<\/th><th>&nbsp;<\/th><th>&nbsp;<\/th><th>&nbsp;<\/th><\/tr>\r\n<\/div><\/table>\r\n<br>\r\n<br><div align=\"justify\">\r\n<p>NOTA \u2013 Na coluna OBSERVA\u00c7\u00d5ES consignar, em s\u00edntese, fatos relevantes, tais como: apresenta\u00e7\u00e3o de trabalhos cient\u00edficos, dire\u00e7\u00e3o de assembleia, etc.<\/p>\r\n<\/div>\r\n<\/strike>\r\n<br>\r\n<p><font color=\"red0000\">Este texto n\u00e3o substitui o documento original, publicado no Portal de Documentos.<\/font> Dispon\u00edvel em: <a href=\"https:\/\/portal.ufsm.br\/documentos\/publico\/documento.html?id=13075160\" target=\"_blank\"><font color=\"blue\">https:\/\/portal.ufsm.br\/documentos\/publico\/documento.html?id=13075160<\/font><\/a>\r\n\r\n\t\t<\/div>\n\t\t\t\t<\/div>\n\t\t\t\t\t<\/div>\n\t\t<\/div>\n\t\t\t\t\t<\/div>\n\t\t<\/section>\n\t\t\t\t<\/div>\n\t\t","protected":false},"excerpt":{"rendered":"<p>RESOLU\u00c7\u00c3O N. 021\/1978-ANEXO II ANEXO II \u00c0 RESOLU\u00c7\u00c3O N\u00ba 021, de 07 de agosto de 1978. Revogada pela Resolu\u00e7\u00e3o N. 022\/2020 &#8230; TRIMESTRE &#8211; ANO _______ &#8211; ANEXO II \u00c0 RESOLU\u00c7\u00c3O N\u00ba 21, DE 07 DE AGOSTO DE 1978 NOME-DOCENTE DEPARTAMENTO LOCAL DO AFASTAMENTO COMPARECEU A(O) DURA\u00c7\u00c3O (EM DIAS) OBSERVA\u00c7\u00d5ES &nbsp; &nbsp; &nbsp; &nbsp; &nbsp; [&hellip;]<\/p>\n","protected":false},"author":205,"featured_media":0,"parent":0,"menu_order":0,"comment_status":"closed","ping_status":"closed","template":"","meta":{"footnotes":""},"categories":[],"tags":[],"class_list":["post-3888","page","type-page","status-publish","hentry"],"acf":[],"_links":{"self":[{"href":"https:\/\/www.ufsm.br\/pro-reitorias\/proplan\/wp-json\/wp\/v2\/pages\/3888","targetHints":{"allow":["GET"]}}],"collection":[{"href":"https:\/\/www.ufsm.br\/pro-reitorias\/proplan\/wp-json\/wp\/v2\/pages"}],"about":[{"href":"https:\/\/www.ufsm.br\/pro-reitorias\/proplan\/wp-json\/wp\/v2\/types\/page"}],"author":[{"embeddable":true,"href":"https:\/\/www.ufsm.br\/pro-reitorias\/proplan\/wp-json\/wp\/v2\/users\/205"}],"replies":[{"embeddable":true,"href":"https:\/\/www.ufsm.br\/pro-reitorias\/proplan\/wp-json\/wp\/v2\/comments?post=3888"}],"version-history":[{"count":0,"href":"https:\/\/www.ufsm.br\/pro-reitorias\/proplan\/wp-json\/wp\/v2\/pages\/3888\/revisions"}],"wp:attachment":[{"href":"https:\/\/www.ufsm.br\/pro-reitorias\/proplan\/wp-json\/wp\/v2\/media?parent=3888"}],"wp:term":[{"taxonomy":"category","embeddable":true,"href":"https:\/\/www.ufsm.br\/pro-reitorias\/proplan\/wp-json\/wp\/v2\/categories?post=3888"},{"taxonomy":"post_tag","embeddable":true,"href":"https:\/\/www.ufsm.br\/pro-reitorias\/proplan\/wp-json\/wp\/v2\/tags?post=3888"}],"curies":[{"name":"wp","href":"https:\/\/api.w.org\/{rel}","templated":true}]}}