{"id":3889,"date":"2020-06-15T11:23:05","date_gmt":"2020-06-15T14:23:05","guid":{"rendered":"https:\/\/www.ufsm.br\/pro-reitorias\/proplan\/?page_id=3889"},"modified":"2020-07-17T09:53:00","modified_gmt":"2020-07-17T12:53:00","slug":"resolucao-n-022-1978","status":"publish","type":"page","link":"https:\/\/www.ufsm.br\/pro-reitorias\/proplan\/resolucao-n-022-1978","title":{"rendered":"Resolu\u00e7\u00e3o N. 022\/1978"},"content":{"rendered":"\t\t<div data-elementor-type=\"wp-page\" data-elementor-id=\"3889\" class=\"elementor elementor-3889\">\n\t\t\t\t\t\t<section class=\"elementor-section elementor-top-section elementor-element elementor-element-51b5acf elementor-section-boxed elementor-section-height-default elementor-section-height-default\" data-id=\"51b5acf\" data-element_type=\"section\">\n\t\t\t\t\t\t<div class=\"elementor-container elementor-column-gap-default\">\n\t\t\t\t\t<div class=\"elementor-column elementor-col-100 elementor-top-column elementor-element elementor-element-9d6f75b\" data-id=\"9d6f75b\" data-element_type=\"column\">\n\t\t\t<div class=\"elementor-widget-wrap elementor-element-populated\">\n\t\t\t\t\t\t<div class=\"elementor-element elementor-element-62dbc35 elementor-widget elementor-widget-html\" data-id=\"62dbc35\" data-element_type=\"widget\" data-widget_type=\"html.default\">\n\t\t\t\t<div class=\"elementor-widget-container\">\n\t\t\t\r\n\r\n\r\n<title><b>RESOLU\u00c7\u00c3O N. 022\/1978<\/b><\/title>\r\n\r\n\r\n<p><div align=\"center\"><b><a href=\"https:\/\/portal.ufsm.br\/documentos\/publico\/documento.html?id=5749879\" target=\"_blank\"><font color=\"blue\"><u>RESOLU\u00c7\u00c3O N\u00ba 022, DE 07 DE AGOSTO DE 1978.<\/u><\/font><\/a><\/b><\/div><\/p>\r\n<br>\r\n<p><a href=\"https:\/\/www.ufsm.br\/pro-reitorias\/proplan\/resolucao-n-022-2020\/\" target=\"_blank\"><font color=\"blue\">Revogada pela Resolu\u00e7\u00e3o N. 022\/2020<\/font><\/a><\/p>\r\n<br>\r\n<br><div align=\"justify\">\r\n<strike>\r\n<p>O REITOR DA UNIVERSIDADE FEDERAL DE SANTA MARIA, no uso de suas atribui\u00e7\u00f5es legais e, tendo em vista o disposto no artigo 34 do Estatuto, desta Universidade,<\/p>\r\n<br>\r\n<p><div align=\"center\">RESOLVE:<\/div><\/p>\r\n<br>\r\n<p>Baixar as seguintes Normas Gerais que orientar\u00e3o as elei\u00e7\u00f5es para DIRETOR E VICE-DIRETOR dos Centros Universit\u00e1rios:<\/p>\r\n<p>I - O Diretor e o Vice-Diretor dos Centros Universit\u00e1rios ser\u00e3o nomeados pelo Excelent\u00edssimo Senhor Ministro da Educa\u00e7\u00e3o e Cultura, dentre os nomes indicados pelo Conselho do Centro, pelo menos 60 (sessenta) dias antes de concluir-se o mandato do titular em exerc\u00edcio.<\/p>\r\n<p>II - O mandato de Vice-Diretor poder\u00e1 ser desempenhado simultaneamente com as fun\u00e7\u00f5es de Coordenador de Curso ou Chefe de Departamento did\u00e1tico.<\/p>\r\n<p>III - Na escolha para a constitui\u00e7\u00e3o da Lista Sextupla, a vota\u00e7\u00e3o far-se-\u00e1 de forma uninominal, em escrut\u00ednios sucessivos.<\/p>\r\n<p>IV - Os escolhidos para constituirem a Lista Sextupla, dever\u00e3o manifestar, por escrito, imediatamente, sua decis\u00e3o de aceitar o mandato, se nomeados.<\/p>\r\n<p>V - Na hip\u00f3tese de recusa, proceder-se-\u00e1, imediatamente, nova vota\u00e7\u00e3o, para o preenchimento da vaga.<\/p>\r\n<p>VI - Os membros do Conselho do Centro que acumulam mais de um cargo ou fun\u00e7\u00e3o, ter\u00e3o direito, apenas, a um voto.\r\n<p>VII - O voto ser\u00e1 pessoal e n\u00e3o representativo.<\/p>\r\n<p>VIII - Qualquer docente, lotado e em exerc\u00edcio no Centro, poder\u00e1 ser votado a fim de integrar a Lista Sextupla para Diretor ou Vice-Diretor do Centro.<\/p>\r\n<p>IX - As c\u00e9dulas ser\u00e3o distribu\u00eddas, individualmente, pelo Chefe de Secretaria do Centro respectivo, momentos antes do in\u00edcio da vota\u00e7\u00e3o.<\/p>\r\n<p>X - Ap\u00f3s cada vota\u00e7\u00e3o, o Chefe de Secretaria do Centro, recolher\u00e1 de forma conveniente as c\u00e9dulas.<\/p>\r\n<p>XI - Ao final de cada vota\u00e7\u00e3o, o Senhor Diretor do Centro designar\u00e1 2 (dois) Conselheiros para escrutinar os votos, o que ser\u00e1 feito \u00e0 vista dos presentes, dando o resultado de cada escrut\u00ednio.<\/p>\r\n<p>XII - Em caso de empate na vota\u00e7\u00e3o, ser\u00e1 considerado eleito o docente que possuir maior tempo de servi\u00e7o no magist\u00e9rio da Universidade Federal de Santa Maria.<\/p>\r\n<p>XIII - Ao final do sexto escrut\u00ednio o Senhor Diretor do Centro proclamar\u00e1 a Lista Sextupla a ser por ele encaminhada ao Magn\u00edfico Reitor, para posterior nomea\u00e7\u00e3o pelo Excelent\u00edssimo Senhor Ministro da Educa\u00e7\u00e3o e Cultura, a quem caber\u00e1 a escolha.<\/p>\r\n<p>XIV - Os casos omissos ser\u00e3o resolvidos pelo Conselho do Centro respectivo.<\/p> \r\n<\/div>\r\n<p>Prof. Tit. DERBLAY GALV\u00c3O<\/p> \r\n<p>REITOR<\/p>\r\n<\/strike>\r\n<br>\r\n<p><font color=\"red0000\">Este texto n\u00e3o substitui o documento original, publicado no Portal de Documentos.<\/font> Dispon\u00edvel em: <a href=\"https:\/\/portal.ufsm.br\/documentos\/publico\/documento.html?id=5749879\" target=\"_blank\"><font color=\"blue\">https:\/\/portal.ufsm.br\/documentos\/publico\/documento.html?id=5749879<\/font><\/a>\r\n\r\n\t\t<\/div>\n\t\t\t\t<\/div>\n\t\t\t\t\t<\/div>\n\t\t<\/div>\n\t\t\t\t\t<\/div>\n\t\t<\/section>\n\t\t\t\t<\/div>\n\t\t","protected":false},"excerpt":{"rendered":"<p>RESOLU\u00c7\u00c3O N. 022\/1978 RESOLU\u00c7\u00c3O N\u00ba 022, DE 07 DE AGOSTO DE 1978. Revogada pela Resolu\u00e7\u00e3o N. 022\/2020 O REITOR DA UNIVERSIDADE FEDERAL DE SANTA MARIA, no uso de suas atribui\u00e7\u00f5es legais e, tendo em vista o disposto no artigo 34 do Estatuto, desta Universidade, RESOLVE: Baixar as seguintes Normas Gerais que orientar\u00e3o as elei\u00e7\u00f5es para [&hellip;]<\/p>\n","protected":false},"author":205,"featured_media":0,"parent":0,"menu_order":0,"comment_status":"closed","ping_status":"closed","template":"","meta":{"footnotes":""},"categories":[],"tags":[],"class_list":["post-3889","page","type-page","status-publish","hentry"],"acf":[],"_links":{"self":[{"href":"https:\/\/www.ufsm.br\/pro-reitorias\/proplan\/wp-json\/wp\/v2\/pages\/3889","targetHints":{"allow":["GET"]}}],"collection":[{"href":"https:\/\/www.ufsm.br\/pro-reitorias\/proplan\/wp-json\/wp\/v2\/pages"}],"about":[{"href":"https:\/\/www.ufsm.br\/pro-reitorias\/proplan\/wp-json\/wp\/v2\/types\/page"}],"author":[{"embeddable":true,"href":"https:\/\/www.ufsm.br\/pro-reitorias\/proplan\/wp-json\/wp\/v2\/users\/205"}],"replies":[{"embeddable":true,"href":"https:\/\/www.ufsm.br\/pro-reitorias\/proplan\/wp-json\/wp\/v2\/comments?post=3889"}],"version-history":[{"count":0,"href":"https:\/\/www.ufsm.br\/pro-reitorias\/proplan\/wp-json\/wp\/v2\/pages\/3889\/revisions"}],"wp:attachment":[{"href":"https:\/\/www.ufsm.br\/pro-reitorias\/proplan\/wp-json\/wp\/v2\/media?parent=3889"}],"wp:term":[{"taxonomy":"category","embeddable":true,"href":"https:\/\/www.ufsm.br\/pro-reitorias\/proplan\/wp-json\/wp\/v2\/categories?post=3889"},{"taxonomy":"post_tag","embeddable":true,"href":"https:\/\/www.ufsm.br\/pro-reitorias\/proplan\/wp-json\/wp\/v2\/tags?post=3889"}],"curies":[{"name":"wp","href":"https:\/\/api.w.org\/{rel}","templated":true}]}}