{"id":3891,"date":"2020-06-15T11:23:14","date_gmt":"2020-06-15T14:23:14","guid":{"rendered":"https:\/\/www.ufsm.br\/pro-reitorias\/proplan\/?page_id=3891"},"modified":"2020-07-17T09:55:28","modified_gmt":"2020-07-17T12:55:28","slug":"resolucao-n-025-1978","status":"publish","type":"page","link":"https:\/\/www.ufsm.br\/pro-reitorias\/proplan\/resolucao-n-025-1978","title":{"rendered":"Resolu\u00e7\u00e3o N. 025\/1978"},"content":{"rendered":"\t\t<div data-elementor-type=\"wp-page\" data-elementor-id=\"3891\" class=\"elementor elementor-3891\">\n\t\t\t\t\t\t<section class=\"elementor-section elementor-top-section elementor-element elementor-element-3d1b450 elementor-section-boxed elementor-section-height-default elementor-section-height-default\" data-id=\"3d1b450\" data-element_type=\"section\">\n\t\t\t\t\t\t<div class=\"elementor-container elementor-column-gap-default\">\n\t\t\t\t\t<div class=\"elementor-column elementor-col-100 elementor-top-column elementor-element elementor-element-407b858\" data-id=\"407b858\" data-element_type=\"column\">\n\t\t\t<div class=\"elementor-widget-wrap elementor-element-populated\">\n\t\t\t\t\t\t<div class=\"elementor-element elementor-element-2d5008a elementor-widget elementor-widget-html\" data-id=\"2d5008a\" data-element_type=\"widget\" data-widget_type=\"html.default\">\n\t\t\t\t<div class=\"elementor-widget-container\">\n\t\t\t\r\n\r\n\r\n<title><b>RESOLU\u00c7\u00c3O N. 025\/1978<\/b><\/title>\r\n\r\n\r\n<p><div align=\"center\"><b><a href=\"https:\/\/portal.ufsm.br\/documentos\/publico\/documento.html?id=5752387\" target=\"_blank\"><font color=\"blue\"><u>RESOLU\u00c7\u00c3O N\u00ba 025, DE 30 DE AGOSTO DE 1978.<\/u><\/font><\/a><\/b><\/div><\/p>\r\n<br>\r\n<p><a href=\"https:\/\/www.ufsm.br\/pro-reitorias\/proplan\/resolucao-n-022-2020\/\" target=\"_blank\"><font color=\"blue\">Revogada pela Resolu\u00e7\u00e3o N. 022\/2020<\/font><\/a><\/p>\r\n<br>\r\n<br><div align=\"justify\">\r\n<strike>\r\n<p>O REITOR DA UNIVERSIDADE FEDERAL DE SANTA MARIA, no uso de suas atribui\u00e7\u00f5es legais e estatut\u00e1rias,<\/p>\r\n<br>\r\n<p><div align=\"center\">RESOLVE:<\/div><\/p>\r\n<br>\r\n<p>I - Expedir a presente resolu\u00e7\u00e3o para, de acordo com o disposto no artigo 18, do Estatuto da Universidade Federal de Santa Maria, constituir o CONSELHO DE ENSINO, PESQUISA E EXTENS\u00c3O, conforme rela\u00e7\u00e3o de nomes abaixo:<\/p>\r\n<p>a - Prof. Derblay Galv\u00e3o - Reitor e Presidente;<\/p>\r\n<p>b - Prof. Armando Vallandro - Vice-Reitor e Vice-Presidente;<\/p>\r\n<p>c - Prof. Sergio Augusto Carvalho Bernardes - Pr\u00f3-Reitor de Gradua\u00e7\u00e3o;<\/p>\r\n<p>d - Prof. Zosymo Lopes dos Santos - Pr\u00f3-Reitor de P\u00f3s-Gradua\u00e7\u00e3o e Pesquisa;<\/p>\r\n<p>e - Prof. Valter Antoninho Bianchini - Pr\u00f3-Reitor de Extens\u00e3o;<\/p>\r\n<p>f - Prof. Ivo Reni Kersting - Pr\u00f3-Reitor de Assuntos Estudantis;<\/p>\r\n<p>g - Representantes dos Centros:<\/p>\r\n<p><u>Centro de Ci\u00eancias Sociais e Humanas:<\/u><\/p>\r\n<p>1 - Prof. Etelvino Signor - Chefe do Departamento de Filosofia e Psicologia.<\/p>\r\n<p>Suplente:<\/p>\r\n<p>Prof. Waldir Pires da Rosa - Chefe do Departamento de Contabilidade.<\/p>\r\n<p>2 - Prof. Jos\u00e9 Augusto Brilhante Ustra - Coordenador do Curso de Direito.<\/p>\r\n<p>Suplente:<\/p> \r\n<p>Profa. Artheniza Weinmann Rocha - Coordenadora do Curso de Hist\u00f3ria.<\/p>\r\n<p>3 - Prof. Jos\u00e9 Pereira Ritzel - Coordenador do Curso de Ci\u00eancias Cont\u00e1beis.<\/p>\r\n<p>Suplente:<\/p> \r\n<p> Prof. Eduardo Perceverando Peres Nogueira - Coordenador do Curso de Administra\u00e7\u00e3o.<\/p>\r\n<p><u>Centro de Ci\u00eancias Naturais e Exatas:<\/u><\/p>\r\n<p>1 - Prof. M\u00e1ximo Ivan Luchesi Knackfuss - Chefe do Departamento de F\u00edsica.<\/p>\r\n<p>Suplente:<\/p> \r\n<p>Prof. Romeo Ernesto Riegel - Chefe do Departamento de Qu\u00edmica.<\/p>\r\n<p>2 - Prof. Harro Ramon Scharlau - Coordenador do Curso de Matem\u00e1tica.<\/p>\r\n<p>Suplente:<\/p> \r\n<p>Prof. Armando Ad\u00e3o Ribas - Coordenador dos Cursos de Ci\u00eancias e Ci\u00eancias Biol\u00f3gicas.<\/p>\r\n<p>3 - Profa. Solange Capaverde dos Santos - Coordenadora dos Cursos de Qu\u00edmica e Qu\u00edmica Industrial.<\/p>\r\n<p>Suplente:<\/p> \r\n<p>Prof. Ivo Lauro M\u00faller Filho \u2013 Coordenador do Curso de Ge\u00f3grafo.<\/p>\r\n<p><u>Centro de Educa\u00e7\u00e3o F\u00edsica e Desportos:<\/u><\/p>\r\n<p>1 - Profa. Cecy Funck Rubin - Chefe do Departamento de Desportos Coletivos.<\/p>\r\n<p>Suplente: <\/p>\r\n<p>Prof. Renan Maximiliano Sampedro \u2013 Chefe do Departamento de Desportos Individuais.<\/p>\r\n<p>2 - Prof. Luiz Celso Giacomini - Coordenador do Curso de Educa\u00e7\u00e3o F\u00edsica.<\/p>\r\n<p><u>Centro de Educa\u00e7\u00e3o:<\/u><\/p>\r\n<p>1 - Profa. Cl\u00e9o Zulmira F. Jobim - Chefe do Departamento de Metodologia do Ensino.<\/p>\r\n<p>Suplente:<\/p> \r\n<p>Prof. Alceno Antonio Ferri - Chefe do Departamento de Fundamentos da Educa\u00e7\u00e3o.<\/p>\r\n<p>2 - Profa, Eremita Rosa do Nascimento - Coordenadora do Curso de Pedagogia.<\/p>\r\n<p>Suplente:<\/p> \r\n<p>Profa. Marieta Vianna Hoffmann - Coordenadora do Curso de Educa\u00e7\u00e3o Especial.<\/p>\r\n<p>3 - Prof, Vitor Francisco Schuch - Coordenador do Curso de Pedagogia em Roraima.<\/p>\r\n<p>Suplente:<\/p> \r\n<p>Profa. Maria Arleth Pereira - Coordenadora do Curso de P\u00f3s-Gradua\u00e7\u00e3o em Educa\u00e7\u00e3o.<\/p>\r\n<p><u>Centro de Artes e Letras:<\/u><\/p>\r\n<p>1 - Profa. Emilia Izabel Giffoni Soares - Chefe do Departamento de M\u00fasica.<\/p>\r\n<p>Suplente:<\/p> \r\n<p>Profa. Ieda Valci Gallina Krob \u2013 Chefe do Departamento de L\u00ednguas Estrangeiras e Modernas.<\/p>\r\n<p>2 - Profa. Maria Luiza Ritzel Rem\u00e9dios - Coordenadora do Curso de Letras.<\/p>\r\n<p>3 \u2013 Profa. Ana Maria Noro Grando - Coordenadora do Curso de Educa\u00e7\u00e3o Art\u00edstica.<\/p>\r\n<p><u>Centro de Tecnologia:<\/u><\/p>\r\n<p>1 - Prof. Jos\u00e9 Ubirajara Martins Flores - Chefe do Departamento de Estruturas e Constru\u00e7\u00e3o Civil.<\/p>\r\n<p>Suplente:<\/p> \r\n<p>Prof. Wilson Antonio Barin - Chefe do Departamento de Eletromec\u00e2nica e Sistemas de Pot\u00eancia.<\/p>\r\n<p>2 - Prof. Elvio Rabenschlag \u2013 Coordenador do Curso de Engenharia El\u00e9trica.<\/p>\r\n<p>Suplente:<\/p> \r\n<p>Prof. Wilson Aita - Coordenador do Curso de Engenharia Civil.<\/p>\r\n<p>3 - Prof. \u00c9rico Antonio Lopes Henn - Coordenador do Curso de P\u00f3s-Gradua\u00e7\u00e3o em Engenharia da Produ\u00e7\u00e3o.<\/p>\r\n<p>Suplente:<\/p> \r\n<p>Prof. Bugre Toropy de Oliveira - Coordenador do Curso de Engenharia Qu\u00edmica.<\/p>\r\n<p><u>Centro de Ci\u00eancias da Sa\u00fade:<\/u><\/p>\r\n<p>1 - Prof. Raul Aguirre - Chefe do Departamento de Patologia.<\/p>\r\n<p>Suplente:<\/p> \r\n<p>Prof. Clovis Silva Lima - Chefe do Departamento de Sa\u00fade da Comunidade.<\/p>\r\n<p>2 - Prof. Elias Pandonor Mothecy de Oliveira - Coordenador do Curso de Odontologia.<\/p>\r\n<p>Suplente:<\/p> \r\n<p>Profa. Leopoldina Vieira da Silva - Coordenadora do Curso de Enfermagem.<\/p>\r\n<p>3 - Prof.Walter Ritzel - Coordenador do Curso de Farm\u00e1cia e Bioqu\u00edmica.<\/p>\r\n<p>Suplente:<\/p> \r\n<p>Profa. Marilene Machado Toaldo - Coordenadora do Curso de Fonoaudiologia.<\/p>\r\n<p><u>Centro de Ci\u00eancias Rurais:<\/u><\/p>\r\n<p>1 - Prof. Manoel Fernando Sigaran Tarrago - Chefe do Departamento de Defesa Fito-Sanit\u00e1ria.<\/p>\r\n<p>Suplente:<\/p> \r\n<p>Prof. Jos\u00e9 Osvaldo Jardim Filho \u2013 Chefe do Departamento de Cl\u00ednicas de Grandes Animais.<\/p>\r\n<p>2 - Prof. Helio Post - Coordenador do Curso de Veterin\u00e1ria.<\/p>\r\n<p>Suplente:<\/p> \r\n<p>Prof. Paulo Ary Flores Moreira - Coordenador do Curso de Zootecnia.<\/p>\r\n<p>3 - Prof. Gl\u00eanio Lopes dos Santos - Coordenador do Curso de P\u00f3s-Gradua\u00e7\u00e3o em Zootecnia.<\/p>\r\n<p>Suplente:<\/p> \r\n<p>Prof. Murilo Nogueira dos Santos - Coordenador do Curso de P\u00f3s-Gradua\u00e7\u00e3o em Medicina Veterin\u00e1ria.<\/p>\r\n<p>h - Prof. Tit. Cyro Melo Schmitz - Representante dos Professores Titulares.<\/p>\r\n<p>Prof. Tit. Leogevildo Leal de Moraes \u2013 Suplente do Representante dos Professores Titulares.<\/p>\r\n<p>i \u2013 Profa .Adj. Ligia Militz da Costa \u2013 Representante dos Professores Adjuntos.<\/p>\r\n<p>Prof. Adj. Arlindo Rodrigues Mayer \u2013 Suplente do Representante dos Professores Adjuntos.<\/p>\r\n<p>j - Prof. Ass. Milton Shansis - Representante dos Professores Assistentes.<\/p>\r\n<p>Prof. Ass. Pedro Lecueder Aguirre - Suplente do Representante dos Professores Assistentes.<\/p>\r\n<p>l - Academico Danilo Vasconcellos Le\u00e3o - Representante do Corpo Discente.<\/p>\r\n<p>Acad\u00eamico Luiz Sergio Segala - Suplente do Representante do Corpo Discente.<\/p>\r\n<p>II - O mandato dos membros indicados na al\u00ednea \u201cg\" ser\u00e1 de dois anos, podendo ser renovado por mais um per\u00edodo. (\u00a7 2\u00ba do art. 18 do Estatuto da UFSM).<\/p>\r\n<p>III - Os representantes de que tratam as al\u00edneas \"h\", \"i\" e \"j\" e seus respectivos suplentes ser\u00e3o eleitos anualmente, em reuni\u00e3o presidida pelo Reitor, pelos integrantes das referidas categorias, sendo permitida uma \u00fanica recondu\u00e7\u00e3o consecutiva. (\u00a7 3\u00ba do art. 18 do Estatuto da UFSM).<\/p>\r\n<p>IV - O representante do corpo discente e seu suplente ser\u00e3o eleitos, anualmente por seus pares, de conformidade com o que preceitua a legisla\u00e7\u00e3o em vigor, vedada a reelei\u00e7\u00e3o. (\u00a7 4\u00ba do art. 18 do Estatuto da UFSM).<\/p> \r\n<\/div>\r\n<p>Prof. Tit. Derblay Galv\u00e3o<\/p>\r\n<p>Reitor<\/p>\r\n<\/strike>\r\n<br>\r\n<p><font color=\"red0000\">Este texto n\u00e3o substitui o documento original, publicado no Portal de Documentos.<\/font> Dispon\u00edvel em: <a href=\"https:\/\/portal.ufsm.br\/documentos\/publico\/documento.html?id=5752387\" target=\"_blank\"><font color=\"blue\">https:\/\/portal.ufsm.br\/documentos\/publico\/documento.html?id=5752387<\/font><\/a>\r\n\r\n\t\t<\/div>\n\t\t\t\t<\/div>\n\t\t\t\t\t<\/div>\n\t\t<\/div>\n\t\t\t\t\t<\/div>\n\t\t<\/section>\n\t\t\t\t<\/div>\n\t\t","protected":false},"excerpt":{"rendered":"<p>RESOLU\u00c7\u00c3O N. 025\/1978 RESOLU\u00c7\u00c3O N\u00ba 025, DE 30 DE AGOSTO DE 1978. Revogada pela Resolu\u00e7\u00e3o N. 022\/2020 O REITOR DA UNIVERSIDADE FEDERAL DE SANTA MARIA, no uso de suas atribui\u00e7\u00f5es legais e estatut\u00e1rias, RESOLVE: I &#8211; Expedir a presente resolu\u00e7\u00e3o para, de acordo com o disposto no artigo 18, do Estatuto da Universidade Federal de [&hellip;]<\/p>\n","protected":false},"author":205,"featured_media":0,"parent":0,"menu_order":0,"comment_status":"closed","ping_status":"closed","template":"","meta":{"footnotes":""},"categories":[],"tags":[],"class_list":["post-3891","page","type-page","status-publish","hentry"],"acf":[],"_links":{"self":[{"href":"https:\/\/www.ufsm.br\/pro-reitorias\/proplan\/wp-json\/wp\/v2\/pages\/3891","targetHints":{"allow":["GET"]}}],"collection":[{"href":"https:\/\/www.ufsm.br\/pro-reitorias\/proplan\/wp-json\/wp\/v2\/pages"}],"about":[{"href":"https:\/\/www.ufsm.br\/pro-reitorias\/proplan\/wp-json\/wp\/v2\/types\/page"}],"author":[{"embeddable":true,"href":"https:\/\/www.ufsm.br\/pro-reitorias\/proplan\/wp-json\/wp\/v2\/users\/205"}],"replies":[{"embeddable":true,"href":"https:\/\/www.ufsm.br\/pro-reitorias\/proplan\/wp-json\/wp\/v2\/comments?post=3891"}],"version-history":[{"count":0,"href":"https:\/\/www.ufsm.br\/pro-reitorias\/proplan\/wp-json\/wp\/v2\/pages\/3891\/revisions"}],"wp:attachment":[{"href":"https:\/\/www.ufsm.br\/pro-reitorias\/proplan\/wp-json\/wp\/v2\/media?parent=3891"}],"wp:term":[{"taxonomy":"category","embeddable":true,"href":"https:\/\/www.ufsm.br\/pro-reitorias\/proplan\/wp-json\/wp\/v2\/categories?post=3891"},{"taxonomy":"post_tag","embeddable":true,"href":"https:\/\/www.ufsm.br\/pro-reitorias\/proplan\/wp-json\/wp\/v2\/tags?post=3891"}],"curies":[{"name":"wp","href":"https:\/\/api.w.org\/{rel}","templated":true}]}}