{"id":3892,"date":"2020-06-15T11:23:18","date_gmt":"2020-06-15T14:23:18","guid":{"rendered":"https:\/\/www.ufsm.br\/pro-reitorias\/proplan\/?page_id=3892"},"modified":"2020-06-15T11:25:15","modified_gmt":"2020-06-15T14:25:15","slug":"resolucao-n-026-1978","status":"publish","type":"page","link":"https:\/\/www.ufsm.br\/pro-reitorias\/proplan\/resolucao-n-026-1978","title":{"rendered":"Resolu\u00e7\u00e3o N. 026\/1978"},"content":{"rendered":"\t\t<div data-elementor-type=\"wp-page\" data-elementor-id=\"3892\" class=\"elementor elementor-3892\">\n\t\t\t\t\t\t<section class=\"elementor-section elementor-top-section elementor-element elementor-element-2e26cba elementor-section-boxed elementor-section-height-default elementor-section-height-default\" data-id=\"2e26cba\" data-element_type=\"section\">\n\t\t\t\t\t\t<div class=\"elementor-container elementor-column-gap-default\">\n\t\t\t\t\t<div class=\"elementor-column elementor-col-100 elementor-top-column elementor-element elementor-element-3cbde68\" data-id=\"3cbde68\" data-element_type=\"column\">\n\t\t\t<div class=\"elementor-widget-wrap elementor-element-populated\">\n\t\t\t\t\t\t<div class=\"elementor-element elementor-element-2541626 elementor-widget elementor-widget-html\" data-id=\"2541626\" data-element_type=\"widget\" data-widget_type=\"html.default\">\n\t\t\t\t<div class=\"elementor-widget-container\">\n\t\t\t\r\n\r\n\r\n<title><b>RESOLU\u00c7\u00c3O N. 026\/1978<\/b><\/title>\r\n\r\n\r\n<p><div align=\"center\"><b><a href=\"https:\/\/portal.ufsm.br\/documentos\/publico\/documento.html?id=5752404\" target=\"_blank\"><font color=\"blue\"><u>RESOLU\u00c7\u00c3O N\u00ba 026, de 04 de setembro de 1978<\/u><\/font><\/a><\/b><\/div><\/p>\r\n<br>\r\n<p><u><a href=\"https:\/\/www.ufsm.br\/pro-reitorias\/proplan\/resolucao-n-084-1980\/\" target=\"_blank\"><font color=\"blue\">Revogada pela Resolu\u00e7\u00e3o N. 084\/1980<\/font><\/a><\/u><\/p>\r\n<p><u><a href=\"https:\/\/www.ufsm.br\/pro-reitorias\/proplan\/resolucao-n-096-1981\/\" target=\"_blank\"><font color=\"blue\">Revogada pela Resolu\u00e7\u00e3o N. 096\/1981<\/font><\/a><\/u><\/p>\r\n<br>\r\n<strike>\r\n<br><div align=\"justify\">\r\n<p>O REITOR DA UNIVERSIDADE FEDERAL DE SANTA MARIA, no uso de suas atribui\u00e7\u00f5es legais, e<\/p> \r\n<p>- considerando a necessidade de cria\u00e7\u00e3o de uma Equipes de Assessoria, junto \u00e0 Pr\u00f3-Reitoria de P\u00f3s-Gradua\u00e7\u00e3o e Pesquisa, que tenha por finalidade prec\u00edpua prestar assessoramento quanto a Pesquisa, na UFSM;<\/p> \r\n<p>- considerando que a Equipe de Assessoria deve ser constitu\u00edda de elementos entrosados com a Pesquisa, tanto a B\u00e1sico quanto a Aplicada;<\/p> \r\n<p>- considerando que todas as grandes \u00e1reas de atividades de Pesquisa, na UFSM, devem estar representadas na Equipe de Assessoria;<\/p> \r\n<p>- considerando o disposto no processo n\u00ba 49.382\/78,<\/p>\r\n<br>\r\n<p><div align=\"center\">RESOLVE:<\/div><\/p>\r\n<br>\r\n<p>I - Constituir a seguinte Equipe de Assessoria, subordinada diretamente ao Pr\u00f3-Reitor de P\u00f3s-Gradua\u00e7\u00e3o e Pesquisa, com a atribui\u00e7\u00e3o de propor uma filosofia de pesquisa, que resulte em um planejamento de metas priorit\u00e1rias de pesquisa na Institui\u00e7\u00e3o, bem como de prestar assessoramento em todo e qualquer assunto relacionado com a Pesquisa na Universidade Federal de Santa Maria:<\/p> \r\n<p>1 - Prof. Ismar Leal Barreto - Dep. Zootecnia<\/p> \r\n<p>2 - Prof. Jos\u00e9 Ubirajara M. Flores - Dep. De Engenharia Civil<\/p> \r\n<p>3 - Profa. Ladyr Anchietta da Silveira - Dep. de Educa\u00e7\u00e3o<\/p> \r\n<p>4 - Prof. Luiz Alberto Warat - Dep. de Direito<\/p> \r\n<p>5 - Prof. Marco A. Miranda Santiago - Dep. De Patologia<\/p> \r\n<p>II - A Equipe de Assessoria dever\u00e1, ainda, proceder estudos relacionados com os aspectos institucionais inerentes \u00e0s atividades de CONSULTORIA, de acordo com as caracter\u00edsticas descritas no artigo 15 e seus par\u00e1grafos, do <u><a href=\"https:\/\/www2.camara.leg.br\/legin\/fed\/decret\/1970-1979\/decreto-76924-29-dezembro-1975-425621-publicacaooriginal-1-pe.html\" target=\"_blank\"><font color=\"blue\">Decreto n\u00ba 76.924, de 29.12.75<\/font><\/a><\/u>.<\/p> \r\n<p>III - Face \u00e0 natureza dos trabalhos que a Equipe acima designada, dever\u00e1 desenvolver no cumprimento de suas atribui\u00e7\u00f5es, ficam os mesmos dispensados, das atividades normais junto aos seus respectivos Departamentos de lota\u00e7\u00e3o, por 10 (dez) horas semanais de trabalho.<\/p> \r\n<p>IV - Ficam revogados os atos que colidam com a presente Resolu\u00e7\u00e3o.<\/p> \r\n<\/div>\r\n<p>Prof. Tit. Derblay Galv\u00e3o<\/p> \r\n<p>Reitor<\/p>\r\n<\/strike>\r\n<br>\r\n<p><font color=\"red0000\">Este texto n\u00e3o substitui o documento original, publicado no Portal de Documentos.<\/font> Dispon\u00edvel em: <a href=\"https:\/\/portal.ufsm.br\/documentos\/publico\/documento.html?id=5752404\" target=\"_blank\"><font color=\"blue\">https:\/\/portal.ufsm.br\/documentos\/publico\/documento.html?id=5752404<\/font><\/a>\r\n\r\n\t\t<\/div>\n\t\t\t\t<\/div>\n\t\t\t\t\t<\/div>\n\t\t<\/div>\n\t\t\t\t\t<\/div>\n\t\t<\/section>\n\t\t\t\t<\/div>\n\t\t","protected":false},"excerpt":{"rendered":"<p>RESOLU\u00c7\u00c3O N. 026\/1978 RESOLU\u00c7\u00c3O N\u00ba 026, de 04 de setembro de 1978 Revogada pela Resolu\u00e7\u00e3o N. 084\/1980 Revogada pela Resolu\u00e7\u00e3o N. 096\/1981 O REITOR DA UNIVERSIDADE FEDERAL DE SANTA MARIA, no uso de suas atribui\u00e7\u00f5es legais, e &#8211; considerando a necessidade de cria\u00e7\u00e3o de uma Equipes de Assessoria, junto \u00e0 Pr\u00f3-Reitoria de P\u00f3s-Gradua\u00e7\u00e3o e Pesquisa, [&hellip;]<\/p>\n","protected":false},"author":205,"featured_media":0,"parent":0,"menu_order":0,"comment_status":"closed","ping_status":"closed","template":"","meta":{"footnotes":""},"categories":[],"tags":[],"class_list":["post-3892","page","type-page","status-publish","hentry"],"acf":[],"_links":{"self":[{"href":"https:\/\/www.ufsm.br\/pro-reitorias\/proplan\/wp-json\/wp\/v2\/pages\/3892","targetHints":{"allow":["GET"]}}],"collection":[{"href":"https:\/\/www.ufsm.br\/pro-reitorias\/proplan\/wp-json\/wp\/v2\/pages"}],"about":[{"href":"https:\/\/www.ufsm.br\/pro-reitorias\/proplan\/wp-json\/wp\/v2\/types\/page"}],"author":[{"embeddable":true,"href":"https:\/\/www.ufsm.br\/pro-reitorias\/proplan\/wp-json\/wp\/v2\/users\/205"}],"replies":[{"embeddable":true,"href":"https:\/\/www.ufsm.br\/pro-reitorias\/proplan\/wp-json\/wp\/v2\/comments?post=3892"}],"version-history":[{"count":0,"href":"https:\/\/www.ufsm.br\/pro-reitorias\/proplan\/wp-json\/wp\/v2\/pages\/3892\/revisions"}],"wp:attachment":[{"href":"https:\/\/www.ufsm.br\/pro-reitorias\/proplan\/wp-json\/wp\/v2\/media?parent=3892"}],"wp:term":[{"taxonomy":"category","embeddable":true,"href":"https:\/\/www.ufsm.br\/pro-reitorias\/proplan\/wp-json\/wp\/v2\/categories?post=3892"},{"taxonomy":"post_tag","embeddable":true,"href":"https:\/\/www.ufsm.br\/pro-reitorias\/proplan\/wp-json\/wp\/v2\/tags?post=3892"}],"curies":[{"name":"wp","href":"https:\/\/api.w.org\/{rel}","templated":true}]}}