{"id":3895,"date":"2020-06-15T11:23:30","date_gmt":"2020-06-15T14:23:30","guid":{"rendered":"https:\/\/www.ufsm.br\/pro-reitorias\/proplan\/?page_id=3895"},"modified":"2020-07-17T10:02:14","modified_gmt":"2020-07-17T13:02:14","slug":"resolucao-n-029-1978","status":"publish","type":"page","link":"https:\/\/www.ufsm.br\/pro-reitorias\/proplan\/resolucao-n-029-1978","title":{"rendered":"Resolu\u00e7\u00e3o N. 029\/1978"},"content":{"rendered":"\t\t<div data-elementor-type=\"wp-page\" data-elementor-id=\"3895\" class=\"elementor elementor-3895\">\n\t\t\t\t\t\t<section class=\"elementor-section elementor-top-section elementor-element elementor-element-aa41fb5 elementor-section-boxed elementor-section-height-default elementor-section-height-default\" data-id=\"aa41fb5\" data-element_type=\"section\">\n\t\t\t\t\t\t<div class=\"elementor-container elementor-column-gap-default\">\n\t\t\t\t\t<div class=\"elementor-column elementor-col-100 elementor-top-column elementor-element elementor-element-2241eab\" data-id=\"2241eab\" data-element_type=\"column\">\n\t\t\t<div class=\"elementor-widget-wrap elementor-element-populated\">\n\t\t\t\t\t\t<div class=\"elementor-element elementor-element-81e6161 elementor-widget elementor-widget-html\" data-id=\"81e6161\" data-element_type=\"widget\" data-widget_type=\"html.default\">\n\t\t\t\t<div class=\"elementor-widget-container\">\n\t\t\t\r\n\r\n\r\n<title><b>RESOLU\u00c7\u00c3O N. 029\/1978<\/b><\/title>\r\n\r\n\r\n<div align=\"center\"><img decoding=\"async\" src=\"https:\/\/www.ufsm.br\/pro-reitorias\/proplan\/wp-content\/uploads\/sites\/344\/2019\/09\/brasao-da-republica-do-brasil-logo.png\" alt=\"Bras\u00e3o Rep\u00fablica Federativa do Brasil\" width=\"6%\" height=\"6%\"><\/div>    \r\n<h1><font color=\"blue\"><font size=\"5\"><div align=\"center\">UNIVERSIDADE FEDERAL DE SANTA MARIA<\/font><\/font><\/div><\/H1>\r\n<p><div align=\"center\"><b><a href=\"https:\/\/portal.ufsm.br\/documentos\/publico\/documento.html?id=5752441\" target=\"_blank\"><font color=\"blue\"><u>RESOLU\u00c7\u00c3O N\u00ba 29, DE 8 DE OUTUBRO DE 1978<\/u><\/font><\/a><\/b><\/div><\/p>\r\n<br>\r\n<p><u><a href=\"https:\/\/www.ufsm.br\/pro-reitorias\/proplan\/resolucao-n-030-1978\/\" target=\"_blank\"><font color=\"blue\">Alterada pela Resolu\u00e7\u00e3o N. 030\/1978<\/font><\/a><\/u><\/p>\r\n<br>\r\n<p><u><a href=\"https:\/\/www.ufsm.br\/pro-reitorias\/proplan\/resolucao-n-022-2020\/\" target=\"_blank\"><font color=\"blue\">Revogada pela Resolu\u00e7\u00e3o N. 022\/2020<\/font><\/a><\/u><\/p>\r\n<br>\r\n<br><div align=\"justify\">\r\n<strike>\r\n<p>O REITOR DA UNIVERSIDADE FEDERAL DE SANTA MARIA, no uso de suas atribui\u00e7\u00f5es legias, estatut\u00e1rias, e<\/p>\r\n<p>- Considerando o disposto no artigo 2\u00ba do <u><a href=\"https:\/\/www.normasbrasil.com.br\/norma\/decreto-77787-1976_34120.html\" target=\"_blank\"><font color=\"blue\">Decreto n\u00ba 77.787, de 08\/06\/76<\/font><\/a><\/u>;<\/p>\r\n<p>- Considerando o disposto no artigo 14, par\u00e1grafo \u00fanico, da <u><a href=\"http:\/\/www.planalto.gov.br\/ccivil_03\/leis\/L5645.htm\" target=\"_blank\"><font color=\"blue\">Lei n\u00ba 5.645, de 10 de dezembro de 1970<\/font><\/a><\/u>;<\/p>\r\n<p>- Considerando a exist\u00eancia de vagas no Quadro Suplementar, criado pelo Anexo III, do <u><a href=\"https:\/\/www.normasbrasil.com.br\/norma\/decreto-77787-1976_34120.html\" target=\"_blank\"><font color=\"blue\">Decreto n\u00ba 77.787, de 08\/06\/76<\/font><\/a><\/u>, e<\/p>\r\n<p>- Considerando o aprovado na 169\u00aa sess\u00e3o, de 06\/12\/72, do Egr\u00e9gio Conselho Universit\u00e1rio,<\/p>\r\n<br>\r\n<p><div align=\"center\">RESOLVE:<\/div><\/p>\r\n<br>\r\n<p>Baixar as seguintes Normas Cerais que reger\u00e3o o CONCURSO DE ACESSO POR T\u00cdTULOS para o provimento dos cargos de PROFESSOR ADJUNTO-EC-502, DO QUADRO SUPLEMENTAR DA UNIVERSIDADE FEDERAL DE SANTA MARIA:<\/p>\r\n<p>I - O cargo de PROFESSOR ADJUNTO-EC-502, do Quadro Suplementar, ser\u00e1 provido mediante Concurso de Acesso, atrav\u00e9s de prova de t\u00edtulos e poder\u00e3o concorrer os PROFESSORES ASSISTENTES DO QUADRO SUPLEMENTAR DA UNIVERSIDADE FEDERAL DE SANTA MARIA.<\/p>\r\n<p>II - O pedido de inscri\u00e7\u00e3o ser\u00e1 requerido diretamente na COPERT \u2013 4\u00ba andar do Pr\u00e9dio da Administra\u00e7\u00e3o Central-Cidade Universit\u00e1ria, no prazo de 30 (trinta) dias, contados a partir desta data, instru\u00eddo dos seguintes documentos:<\/p>\r\n<p>a) Requerimento de inscri\u00e7\u00e3o;<\/p>\r\n<p>b) Prova de exercer a fun\u00e7\u00e3o de Professor Assistente do Quadro Suplementar da Universidade Federal de Santa Maria, em car\u00e1ter efetivo, por um per\u00edodo superior a 730 (setecentos e trinta) dias, fornecida pelo Departamento de Pessoal, desta Universidade;<\/p>\r\n<p>c) Apresenta\u00e7\u00e3o do \"Curriculum Vitae\" com a documenta\u00e7\u00e3o necess\u00e1ria para sua comprova\u00e7\u00e3o, que poder\u00e3o ser complementadas at\u00e9 a data do encerramento das inscri\u00e7\u00f5es.<\/p>\r\n<p>III - Ficam distribu\u00edda as seguintes vagas, por Departamento, utilizando-se, para isto, a nomenclatura antiga dos Departamentos, face o atual sentido de lota\u00e7\u00e3o:<\/p>\r\n<p><u>CENTRO DE CI\u00caNCIAS SOCIAIS E HUMANAS<\/u><\/p>\r\n<p>1 - Departamento de Administra\u00e7\u00e3o ....................................................................... 5 vagas<\/p>\r\n<p>2 - Departamento de Filosofia, Sociologia e Psicologia .......................... 1 vaga<\/p>\r\n<p>3 - Departamento de Direito ......................................................................................... 1 vaga<\/p>\r\n<p><u>CENTRO DE TECNOLOGIA<\/u><\/p>\r\n<p>1 - Departamento de Engenharia Civil .................................................................. 2 vagas<\/p>\r\n<p>2 - Departamento de Engenharia Mec\u00e2nica .................................................... 1 vaga<\/p> \r\n<p><u>CENTRO DE ARTES E LETRAS<\/u><\/p>\r\n<p>1 - Departamento de Artes Visuais .......................................................................... 2 vagas<\/p>\r\n<p><u>CENTRO DE CI\u00caNCIAS RURAIS<\/u><\/p>\r\n<p>1 - Departamento de Engenharia Agr\u00edcola e Florestal .............................. 1 vaga<\/p>\r\n<p>TOTAL .............................................................................................................................................. 13 vagas<\/p>\r\n<p>IV - O Concurso de Acesso realizar-se-\u00e1 no prazo de 30 (trinta) dias corridos, contados a partir do encerramento das inscri\u00e7\u00f5es.<\/p>\r\n<p>V - A avalia\u00e7\u00e3o dos t\u00edtulos caber\u00e1 a COPERT-COMISS\u00c3O PERMANENTE DOS REGIMES DE TRABALHO, da Universidade Federal de Santa Maria, a qual poder\u00e1, se assim o desejar, se assessorar de especialistas das diferentes \u00e1reas de ensino.<\/p>\r\n<p>VI - Ser\u00e3o considerados t\u00edtulos para efeito deste concurso:<\/p>\r\n<p>a) T\u00edtulos acad\u00eamicos e atividades de aperfei\u00e7oamento, especializa\u00e7\u00e3o e atualiza\u00e7\u00e3o;<\/p>\r\n<p>b) Atividade docente em n\u00edvel superior, sendo assim considerada a participa\u00e7\u00e3o em \u00f3rg\u00e3os de delibera\u00e7\u00e3o coletiva;<\/p>\r\n<p>c) Atividades cient\u00edficas, liter\u00e1rias, art\u00edsticas ou profissionais, estas \u00faltimas em Universidades e, se fora, referentes ao setor de conhecimento do candidato;<\/p>\r\n<p>d) Distin\u00e7\u00f5es e condecora\u00e7\u00f5es profissionais ou cient\u00edficas e de reconhecimento de servi\u00e7os relevantes prestados \u00e0 comunidade.<\/p>\r\n<p>VII - O julgamento dos t\u00edtulos ser\u00e1 feito consoante as Normas para o Julgamento de T\u00edtulos de Concursos ou Provas de Sele\u00e7\u00e3o, aprovadas pelo Egr\u00e9gio Conselho Universit\u00e1rio, na sess\u00e3o n\u00ba 222, realizada no dia 29\/12\/76.<\/p>\r\n<p>VIII - O parecer da COPERT, ser\u00e1 submetido ao Conselho de Ensino, Pesquisa e Extens\u00e3o. No mencionado Conselho, s\u00e3o necess\u00e1rios os votos de dois ter\u00e7os dos seus membros para rejei\u00e7\u00e3o do parecer da COPERT.<\/p>\r\n<p>IX - No prazo de 10 (dez) dias, contados da homologa\u00e7\u00e3o dos resultados pelo Conselho de Ensino, Pesquisa e Extens\u00e3o, ser\u00e1 dada vistas ao processo, na Secretaria do Conselho, ao candidato que requerer. Os recursos interpostos dentro do prazo previsto neste item, ser\u00e3o dirigidos ao Reitor, que os encaminhar\u00e1 ao Conselho de Ensino, Pesquisa e Extens\u00e3o, para aprecia\u00e7\u00e3o na primeira reuni\u00e3o ordin\u00e1ria ou em reuni\u00e3o extraordin\u00e1ria.<\/p>\r\n<p>Prof. Derblay Galv\u00e3o<\/p>\r\n<p>- Reitor -<\/p>\r\n<\/strike>\r\n<br>\r\n<p><font color=\"red0000\">Este texto n\u00e3o substitui o documento original, publicado no Portal de Documentos.<\/font> Dispon\u00edvel em: <a href=\"https:\/\/portal.ufsm.br\/documentos\/publico\/documento.html?id=5752441\" target=\"_blank\"><font color=\"blue\">https:\/\/portal.ufsm.br\/documentos\/publico\/documento.html?id=5752441<\/font><\/a>\r\n\r\n\t\t<\/div>\n\t\t\t\t<\/div>\n\t\t\t\t\t<\/div>\n\t\t<\/div>\n\t\t\t\t\t<\/div>\n\t\t<\/section>\n\t\t\t\t<\/div>\n\t\t","protected":false},"excerpt":{"rendered":"<p>RESOLU\u00c7\u00c3O N. 029\/1978 UNIVERSIDADE FEDERAL DE SANTA MARIA RESOLU\u00c7\u00c3O N\u00ba 29, DE 8 DE OUTUBRO DE 1978 Alterada pela Resolu\u00e7\u00e3o N. 030\/1978 Revogada pela Resolu\u00e7\u00e3o N. 022\/2020 O REITOR DA UNIVERSIDADE FEDERAL DE SANTA MARIA, no uso de suas atribui\u00e7\u00f5es legias, estatut\u00e1rias, e &#8211; Considerando o disposto no artigo 2\u00ba do Decreto n\u00ba 77.787, de [&hellip;]<\/p>\n","protected":false},"author":205,"featured_media":0,"parent":0,"menu_order":0,"comment_status":"closed","ping_status":"closed","template":"","meta":{"footnotes":""},"categories":[],"tags":[],"class_list":["post-3895","page","type-page","status-publish","hentry"],"acf":[],"_links":{"self":[{"href":"https:\/\/www.ufsm.br\/pro-reitorias\/proplan\/wp-json\/wp\/v2\/pages\/3895","targetHints":{"allow":["GET"]}}],"collection":[{"href":"https:\/\/www.ufsm.br\/pro-reitorias\/proplan\/wp-json\/wp\/v2\/pages"}],"about":[{"href":"https:\/\/www.ufsm.br\/pro-reitorias\/proplan\/wp-json\/wp\/v2\/types\/page"}],"author":[{"embeddable":true,"href":"https:\/\/www.ufsm.br\/pro-reitorias\/proplan\/wp-json\/wp\/v2\/users\/205"}],"replies":[{"embeddable":true,"href":"https:\/\/www.ufsm.br\/pro-reitorias\/proplan\/wp-json\/wp\/v2\/comments?post=3895"}],"version-history":[{"count":0,"href":"https:\/\/www.ufsm.br\/pro-reitorias\/proplan\/wp-json\/wp\/v2\/pages\/3895\/revisions"}],"wp:attachment":[{"href":"https:\/\/www.ufsm.br\/pro-reitorias\/proplan\/wp-json\/wp\/v2\/media?parent=3895"}],"wp:term":[{"taxonomy":"category","embeddable":true,"href":"https:\/\/www.ufsm.br\/pro-reitorias\/proplan\/wp-json\/wp\/v2\/categories?post=3895"},{"taxonomy":"post_tag","embeddable":true,"href":"https:\/\/www.ufsm.br\/pro-reitorias\/proplan\/wp-json\/wp\/v2\/tags?post=3895"}],"curies":[{"name":"wp","href":"https:\/\/api.w.org\/{rel}","templated":true}]}}